{"id":3123,"date":"2014-12-26T09:32:20","date_gmt":"2014-12-26T09:32:20","guid":{"rendered":"http:\/\/www2.unifap.br\/edfisica\/?page_id=3123"},"modified":"2018-11-29T15:34:46","modified_gmt":"2018-11-29T15:34:46","slug":"ca","status":"publish","type":"page","link":"https:\/\/www2.unifap.br\/edfisica\/centro-academico\/ca\/","title":{"rendered":"Centro Acad\u00eamico"},"content":{"rendered":"<p><span style=\"color: #000000\">Um\u00a0<b>centro acad\u00eamico<\/b>\u00a0no\u00a0Brasil\u00a0\u00e9 uma entidade estudantil que representa, normalmente, os estudantes de um curso de\u00a0n\u00edvel superior, podendo representar estudantes de diversos cursos de uma mesma faculdade. Suas fun\u00e7\u00f5es podem ser, e em geral s\u00e3o, diversas. Algumas delas s\u00e3o: a organiza\u00e7\u00e3o de atividades acad\u00eamicas extra-curriculares como debates, discuss\u00f5es, palestras, semanas tem\u00e1ticas, recep\u00e7\u00e3o de calouros e realiza\u00e7\u00e3o de projetos de\u00a0extens\u00e3o; encaminhamento, mobiliza\u00e7\u00e3o e organiza\u00e7\u00e3o de reivindica\u00e7\u00f5es e a\u00e7\u00f5es pol\u00edticas dos estudantes; media\u00e7\u00e3o de negocia\u00e7\u00f5es e conflitos individuais e coletivos entre estudantes e a faculdade; realiza\u00e7\u00e3o de atividades culturais como feiras de livros, festivais diversos, entre outros.<\/span><\/p>\n<p><span style=\"color: #000000\">Os centros acad\u00eamicos s\u00e3o formados, de maneira geral, a partir da associa\u00e7\u00e3o de estudantes, o que faz com que possam ser classificados, do ponto de vista jur\u00eddico, como associa\u00e7\u00f5es civis.<\/span><\/p>\n<p>&nbsp;<\/p>\n<h3><strong>Passos para montar um Centro Acad\u00eamico<\/strong><\/h3>\n<div class='w3eden'><!-- WPDM Link Template: Default Template -->\n\n<div class=\"link-template-default card mb-2\">\n    <div class=\"card-body\">\n        <div class=\"media\">\n            <div class=\"mr-3 img-48\"><img decoding=\"async\" class=\"wpdm_icon\" alt=\"\u00edcone\"   src=\"https:\/\/www2.unifap.br\/edfisica\/wp-content\/plugins\/download-manager\/assets\/file-type-icons\/vsd.png\" \/><\/div>\n            <div class=\"media-body\">\n                <h3 class=\"package-title\"><a href='https:\/\/www2.unifap.br\/edfisica\/download\/comunicado-2\/'>ETAPA PARA MONTAR UM CENTRO ACAD\u00caMICO<\/a><\/h3>\n                <div class=\"text-muted text-small\"><i class=\"fas fa-copy\"><\/i> 1  arquivo(s) <i class=\"fas fa-hdd ml-3\"><\/i> 15.79 KB<\/div>\n            <\/div>\n            <div class=\"ml-3\">\n                <a class='wpdm-download-link download-on-click btn btn-primary ' rel='nofollow' href='#' data-downloadurl=\"https:\/\/www2.unifap.br\/edfisica\/download\/comunicado-2\/?wpdmdl=5908&refresh=69de1a345c1d21776163380\">Download<\/a>\n            <\/div>\n        <\/div>\n    <\/div>\n<\/div>\n\n<\/div>\n<div class='w3eden'><!-- WPDM Link Template: Default Template -->\n\n<div class=\"link-template-default card mb-2\">\n    <div class=\"card-body\">\n        <div class=\"media\">\n            <div class=\"mr-3 img-48\"><img decoding=\"async\" class=\"wpdm_icon\" alt=\"\u00edcone\"   src=\"https:\/\/www2.unifap.br\/edfisica\/wp-content\/plugins\/download-manager\/assets\/file-type-icons\/docx.png\" \/><\/div>\n            <div class=\"media-body\">\n                <h3 class=\"package-title\"><a href='https:\/\/www2.unifap.br\/edfisica\/download\/modelo-de-ata-de-fundacao-do-dce\/'>Modelo de Ata de Funda\u00e7\u00e3o do DCE<\/a><\/h3>\n                <div class=\"text-muted text-small\"><i class=\"fas fa-copy\"><\/i> 1  arquivo(s) <i class=\"fas fa-hdd ml-3\"><\/i> 12.64 KB<\/div>\n            <\/div>\n            <div class=\"ml-3\">\n                <a class='wpdm-download-link download-on-click btn btn-primary ' rel='nofollow' href='#' data-downloadurl=\"https:\/\/www2.unifap.br\/edfisica\/download\/modelo-de-ata-de-fundacao-do-dce\/?wpdmdl=5909&refresh=69de1a345df881776163380\">Download<\/a>\n            <\/div>\n        <\/div>\n    <\/div>\n<\/div>\n\n<\/div>\n<div class='w3eden'><!-- WPDM Link Template: Default Template -->\n\n<div class=\"link-template-default card mb-2\">\n    <div class=\"card-body\">\n        <div class=\"media\">\n            <div class=\"mr-3 img-48\"><img decoding=\"async\" class=\"wpdm_icon\" alt=\"\u00edcone\"   src=\"https:\/\/www2.unifap.br\/edfisica\/wp-content\/plugins\/download-manager\/assets\/file-type-icons\/docx.png\" \/><\/div>\n            <div class=\"media-body\">\n                <h3 class=\"package-title\"><a href='https:\/\/www2.unifap.br\/edfisica\/download\/modelo-2\/'>Modelo de Edital<\/a><\/h3>\n                <div class=\"text-muted text-small\"><i class=\"fas fa-copy\"><\/i> 1  arquivo(s) <i class=\"fas fa-hdd ml-3\"><\/i> 11.25 KB<\/div>\n            <\/div>\n            <div class=\"ml-3\">\n                <a class='wpdm-download-link download-on-click btn btn-primary ' rel='nofollow' href='#' data-downloadurl=\"https:\/\/www2.unifap.br\/edfisica\/download\/modelo-2\/?wpdmdl=5910&refresh=69de1a345eabf1776163380\">Download<\/a>\n            <\/div>\n        <\/div>\n    <\/div>\n<\/div>\n\n<\/div>\n<div class='w3eden'><!-- WPDM Link Template: Default Template -->\n\n<div class=\"link-template-default card mb-2\">\n    <div class=\"card-body\">\n        <div class=\"media\">\n            <div class=\"mr-3 img-48\"><img decoding=\"async\" class=\"wpdm_icon\" alt=\"\u00edcone\"   src=\"https:\/\/www2.unifap.br\/edfisica\/wp-content\/plugins\/download-manager\/assets\/file-type-icons\/docx.png\" \/><\/div>\n            <div class=\"media-body\">\n                <h3 class=\"package-title\"><a href='https:\/\/www2.unifap.br\/edfisica\/download\/modelo-3\/'>Modelo de Pedido de Registro<\/a><\/h3>\n                <div class=\"text-muted text-small\"><i class=\"fas fa-copy\"><\/i> 1  arquivo(s) <i class=\"fas fa-hdd ml-3\"><\/i> 11.38 KB<\/div>\n            <\/div>\n            <div class=\"ml-3\">\n                <a class='wpdm-download-link download-on-click btn btn-primary ' rel='nofollow' href='#' data-downloadurl=\"https:\/\/www2.unifap.br\/edfisica\/download\/modelo-3\/?wpdmdl=5911&refresh=69de1a34603ec1776163380\">Download<\/a>\n            <\/div>\n        <\/div>\n    <\/div>\n<\/div>\n\n<\/div>\n<div class='w3eden'><!-- WPDM Link Template: Default Template -->\n\n<div class=\"link-template-default card mb-2\">\n    <div class=\"card-body\">\n        <div class=\"media\">\n            <div class=\"mr-3 img-48\"><img decoding=\"async\" class=\"wpdm_icon\" alt=\"\u00edcone\"   src=\"https:\/\/www2.unifap.br\/edfisica\/wp-content\/plugins\/download-manager\/assets\/file-type-icons\/docx.png\" \/><\/div>\n            <div class=\"media-body\">\n                <h3 class=\"package-title\"><a href='https:\/\/www2.unifap.br\/edfisica\/download\/modelo-ata-de-assembleia\/'>Modelo ATA DE ASSEMBL\u00c9IA<\/a><\/h3>\n                <div class=\"text-muted text-small\"><i class=\"fas fa-copy\"><\/i> 1  arquivo(s) <i class=\"fas fa-hdd ml-3\"><\/i> 13.71 KB<\/div>\n            <\/div>\n            <div class=\"ml-3\">\n                <a class='wpdm-download-link download-on-click btn btn-primary ' rel='nofollow' href='#' data-downloadurl=\"https:\/\/www2.unifap.br\/edfisica\/download\/modelo-ata-de-assembleia\/?wpdmdl=5913&refresh=69de1a3461bbd1776163380\">Download<\/a>\n            <\/div>\n        <\/div>\n    <\/div>\n<\/div>\n\n<\/div>\n","protected":false},"excerpt":{"rendered":"<p>Um\u00a0centro acad\u00eamico\u00a0no\u00a0Brasil\u00a0\u00e9 uma entidade estudantil que representa, normalmente, os estudantes de um curso de\u00a0n\u00edvel superior, podendo representar estudantes de diversos cursos de&#8230;<\/p>\n","protected":false},"author":205,"featured_media":0,"parent":10139,"menu_order":0,"comment_status":"open","ping_status":"open","template":"","meta":{"inline_featured_image":false,"ngg_post_thumbnail":0,"footnotes":""},"class_list":["post-3123","page","type-page","status-publish","hentry"],"_links":{"self":[{"href":"https:\/\/www2.unifap.br\/edfisica\/wp-json\/wp\/v2\/pages\/3123","targetHints":{"allow":["GET"]}}],"collection":[{"href":"https:\/\/www2.unifap.br\/edfisica\/wp-json\/wp\/v2\/pages"}],"about":[{"href":"https:\/\/www2.unifap.br\/edfisica\/wp-json\/wp\/v2\/types\/page"}],"author":[{"embeddable":true,"href":"https:\/\/www2.unifap.br\/edfisica\/wp-json\/wp\/v2\/users\/205"}],"replies":[{"embeddable":true,"href":"https:\/\/www2.unifap.br\/edfisica\/wp-json\/wp\/v2\/comments?post=3123"}],"version-history":[{"count":2,"href":"https:\/\/www2.unifap.br\/edfisica\/wp-json\/wp\/v2\/pages\/3123\/revisions"}],"predecessor-version":[{"id":9740,"href":"https:\/\/www2.unifap.br\/edfisica\/wp-json\/wp\/v2\/pages\/3123\/revisions\/9740"}],"up":[{"embeddable":true,"href":"https:\/\/www2.unifap.br\/edfisica\/wp-json\/wp\/v2\/pages\/10139"}],"wp:attachment":[{"href":"https:\/\/www2.unifap.br\/edfisica\/wp-json\/wp\/v2\/media?parent=3123"}],"curies":[{"name":"wp","href":"https:\/\/api.w.org\/{rel}","templated":true}]}}