{"id":3171,"date":"2015-02-12T12:07:16","date_gmt":"2015-02-12T12:07:16","guid":{"rendered":"http:\/\/www2.unifap.br\/edfisica\/?page_id=3171"},"modified":"2022-08-10T14:23:59","modified_gmt":"2022-08-10T14:23:59","slug":"3171-2-calendario","status":"publish","type":"page","link":"https:\/\/www2.unifap.br\/edfisica\/calendario-academico\/3171-2-calendario\/","title":{"rendered":"Calend\u00e1rio Acad\u00eamico"},"content":{"rendered":"<p><a href=\"http:\/\/www2.unifap.br\/edfisica\/files\/2022\/08\/calendario-academico-1.pdf\">calend\u00e1rio acad\u00eamico 2022.1 e 2022.2<\/a><\/p>\n<p><a href=\"http:\/\/www2.unifap.br\/edfisica\/files\/2015\/02\/2015-01-13-CALEND\u00c1RIO-ACAD\u00caMICO-2015.1.pdf\"> CALEND\u00c1RIO ACAD\u00caMICO 2015.1<\/a><\/p>\n","protected":false},"excerpt":{"rendered":"<p>calend\u00e1rio acad\u00eamico 2022.1 e 2022.2 CALEND\u00c1RIO ACAD\u00caMICO 2015.1<\/p>\n","protected":false},"author":205,"featured_media":0,"parent":10676,"menu_order":2,"comment_status":"open","ping_status":"open","template":"","meta":{"inline_featured_image":false,"ngg_post_thumbnail":0,"footnotes":""},"class_list":["post-3171","page","type-page","status-publish","hentry"],"_links":{"self":[{"href":"https:\/\/www2.unifap.br\/edfisica\/wp-json\/wp\/v2\/pages\/3171","targetHints":{"allow":["GET"]}}],"collection":[{"href":"https:\/\/www2.unifap.br\/edfisica\/wp-json\/wp\/v2\/pages"}],"about":[{"href":"https:\/\/www2.unifap.br\/edfisica\/wp-json\/wp\/v2\/types\/page"}],"author":[{"embeddable":true,"href":"https:\/\/www2.unifap.br\/edfisica\/wp-json\/wp\/v2\/users\/205"}],"replies":[{"embeddable":true,"href":"https:\/\/www2.unifap.br\/edfisica\/wp-json\/wp\/v2\/comments?post=3171"}],"version-history":[{"count":3,"href":"https:\/\/www2.unifap.br\/edfisica\/wp-json\/wp\/v2\/pages\/3171\/revisions"}],"predecessor-version":[{"id":11308,"href":"https:\/\/www2.unifap.br\/edfisica\/wp-json\/wp\/v2\/pages\/3171\/revisions\/11308"}],"up":[{"embeddable":true,"href":"https:\/\/www2.unifap.br\/edfisica\/wp-json\/wp\/v2\/pages\/10676"}],"wp:attachment":[{"href":"https:\/\/www2.unifap.br\/edfisica\/wp-json\/wp\/v2\/media?parent=3171"}],"curies":[{"name":"wp","href":"https:\/\/api.w.org\/{rel}","templated":true}]}}