{"id":320,"date":"2011-03-29T15:45:33","date_gmt":"2011-03-29T15:45:33","guid":{"rendered":"http:\/\/pororoca.unifap.br\/edfisica\/"},"modified":"2018-09-05T20:34:29","modified_gmt":"2018-09-05T20:34:29","slug":"nde","status":"publish","type":"page","link":"https:\/\/www2.unifap.br\/edfisica\/nucleos\/nde\/","title":{"rendered":"N\u00facleo Docente Estruturante (NDE)"},"content":{"rendered":"<p>O N\u00facleo Docente Estruturante (NDE) \u00e9 o conjunto de professores\/as, composto por pelo menos cinco docentes do curso, de elevada forma\u00e7\u00e3o e titula\u00e7\u00e3o, contratados em tempo integral ou parcial, que respondem mais diretamente pela concep\u00e7\u00e3o, implementa\u00e7\u00e3o e consolida\u00e7\u00e3o do Projeto Pedag\u00f3gico do Curso (Resolu\u00e7\u00e3o CONAES N\u00b0 1, de 17\/06\/2010).<\/p>\n<p>Professores\/as integrantes do NDE, conforme P O R T A R I AN\u00ba 2111 \/ 2016 &#8211; UNIFAP:<\/p>\n<p>&nbsp;<\/p>\n<p><b>Instituir o NDE do Curso de Educa\u00e7\u00e3o F\u00edsica &#8211; CCEF\/Marco Zero &#8211; Revoga-se a portaria n\u00b0 2111\/2016 datada de 19\/09\/2016<\/b><\/p>\n<p>&nbsp;<\/p>\n<p>Em Aten\u00e7\u00e3o a Resolu\u00e7\u00e3o n\u00ba 20\/2018 &#8211; CONSU\/UNIFAP e ainda o Parecer da Relatora, encaminhada atrav\u00e9s do MEMORANDOELETR\u00d4NICON\u00ba248\/2018-PROGRAD.<br \/>\nSegue para atualiza\u00e7\u00e3o do n\u00facleo docente estruturante \u2013 NDE,<br \/>\n1\u00ba instituir o n\u00facleo docente estruturante do curso de educa\u00e7\u00e3o f\u00edsica, composto pelos docentes, sob a presid\u00eancia do primeiro, conforme tabela abaixo.<br \/>\n2\u00ba\u00a0<b>revoga-se a portaria n\u00b0 2111\/2016 datada de 19\/09\/2016<\/b><\/p>\n<p>&nbsp;<\/p>\n<p align=\"center\"><b>Docentes que comp\u00f5em o NDE (atualmente)<\/b><\/p>\n<p>&nbsp;<\/p>\n<table width=\"0\" border=\"1\" cellspacing=\"0\" cellpadding=\"0\">\n<tbody>\n<tr>\n<td valign=\"top\" width=\"8%\">\n<p align=\"right\"><b>ORD<\/b><\/p>\n<\/td>\n<td width=\"51%\"><b>Nome<\/b><\/td>\n<td width=\"40%\"><b>Lota\u00e7\u00e3o<\/b><\/td>\n<\/tr>\n<tr>\n<td valign=\"top\" width=\"8%\">\n<p align=\"center\">01<\/p>\n<\/td>\n<td width=\"51%\">LETICIA DE CARVALHO FERREIRA<\/td>\n<td width=\"40%\">Departamento de Educa\u00e7\u00e3o -ded\/Curso de Ed. F\u00edsica<\/td>\n<\/tr>\n<tr>\n<td valign=\"top\" width=\"8%\">\n<p align=\"center\">02<\/p>\n<\/td>\n<td width=\"51%\">RONEDIA MONTEIRO BOSQUE<\/td>\n<td width=\"40%\">Departamento de Educa\u00e7\u00e3o -ded\/Curso de Ed. F\u00edsica<\/td>\n<\/tr>\n<tr>\n<td valign=\"top\" width=\"8%\">\n<p align=\"center\">03<\/p>\n<\/td>\n<td width=\"51%\">AGRIPINO ALVES LUZ JUNIOR<\/td>\n<td width=\"40%\">Departamento de Educa\u00e7\u00e3o -ded\/Curso de Ed. F\u00edsica<\/td>\n<\/tr>\n<tr>\n<td valign=\"top\" width=\"8%\">\n<p align=\"center\">04<\/p>\n<\/td>\n<td width=\"51%\">ALEXANDRE MAGNO GUIMARAES<\/td>\n<td width=\"40%\">Departamento de Educa\u00e7\u00e3o -ded\/Curso de Ed. F\u00edsica<\/td>\n<\/tr>\n<tr>\n<td valign=\"top\" width=\"8%\">\n<p align=\"center\">05<\/p>\n<\/td>\n<td width=\"51%\">ALVARO ADOLFO DUARTE ALBERTO<\/td>\n<td width=\"40%\">Departamento de Educa\u00e7\u00e3o -ded\/Curso de Ed. F\u00edsica<\/td>\n<\/tr>\n<tr>\n<td valign=\"top\" width=\"8%\">\n<p align=\"center\">06<\/p>\n<\/td>\n<td width=\"51%\">CARLOS WAGNER FERREIRA FARIAS<\/td>\n<td width=\"40%\">Departamento de Educa\u00e7\u00e3o -ded\/Curso de Ed. F\u00edsica<\/td>\n<\/tr>\n<tr>\n<td valign=\"top\" width=\"8%\">\n<p align=\"center\">07<\/p>\n<\/td>\n<td width=\"51%\">CASSIA HACK<\/td>\n<td width=\"40%\">Departamento de Educa\u00e7\u00e3o -ded\/Curso de Ed. F\u00edsica<\/td>\n<\/tr>\n<tr>\n<td valign=\"top\" width=\"8%\">\n<p align=\"center\">08<\/p>\n<\/td>\n<td width=\"51%\">DEMILTO YAMAGUCHI DA PUREZA<\/td>\n<td width=\"40%\">Departamento de Educa\u00e7\u00e3o -ded\/Curso de Ed. F\u00edsica<\/td>\n<\/tr>\n<tr>\n<td valign=\"top\" width=\"8%\">\n<p align=\"center\">09<\/p>\n<\/td>\n<td width=\"51%\">DILSON RODRIGUES BELFORT<\/td>\n<td width=\"40%\">Departamento de Educa\u00e7\u00e3o -ded\/Curso de Ed. F\u00edsica<\/td>\n<\/tr>\n<tr>\n<td valign=\"top\" width=\"8%\">\n<p align=\"center\">10<\/p>\n<\/td>\n<td width=\"51%\">JOSE ALEX CANTUARIA QUEIROZ<\/td>\n<td width=\"40%\">Departamento de Educa\u00e7\u00e3o -ded\/Curso de Ed. F\u00edsica<\/td>\n<\/tr>\n<tr>\n<td valign=\"top\" width=\"8%\">\n<p align=\"center\">11<\/p>\n<\/td>\n<td width=\"51%\">WOLLNER MATERKO<\/td>\n<td width=\"40%\">Departamento de Educa\u00e7\u00e3o -ded\/Curso de Ed. F\u00edsica<\/td>\n<\/tr>\n<\/tbody>\n<\/table>\n<p>&nbsp;<\/p>\n<p>Atenciosamente,<\/p>\n<p>&nbsp;<\/p>\n<p>Para realizar o download do arquivo em anexo, clique:<br \/>\n<a href=\"https:\/\/sipac.unifap.br\/sipac\/downloadArquivo?idArquivo=184431&amp;key=59c905916a9f49700f5e7772c60d8fc6\"><b>Docentes que comp\u00f5em o NDE.docx\u00a0<\/b><\/a><\/p>\n<p>&nbsp;<\/p>\n<div align=\"center\">\n<table border=\"0\" cellspacing=\"0\" cellpadding=\"0\">\n<tbody>\n<tr>\n<td><i>(Autenticado)\u00a0<\/i><br \/>\nLETICIA DE CARVALHO FERREIRA<br \/>\n<i>COORDENADOR DE CURSO\u00a0<\/i><\/td>\n<\/tr>\n<\/tbody>\n<\/table>\n<\/div>\n<p><span style=\"font-size: 11px;line-height: normal\"><br \/>\n<\/span><\/p>\n<p><strong>Reuni\u00f5es ampliadas <\/strong>as <span style=\"color: #ff0000\">ter\u00e7as-feiras das 15 \u00e0s 16 horas<\/span> no Bloco de Salas de Aula do Curso de Educa\u00e7\u00e3o F\u00edsica<\/p>\n<p><span style=\"font-size: 11px;line-height: normal\"><br \/>\n<\/span><\/p>\n","protected":false},"excerpt":{"rendered":"<p>O N\u00facleo Docente Estruturante (NDE) \u00e9 o conjunto de professores\/as, composto por pelo menos cinco docentes do curso, de elevada forma\u00e7\u00e3o e&#8230;<\/p>\n","protected":false},"author":205,"featured_media":0,"parent":305,"menu_order":2,"comment_status":"closed","ping_status":"closed","template":"","meta":{"inline_featured_image":false,"ngg_post_thumbnail":0,"footnotes":""},"class_list":["post-320","page","type-page","status-publish","hentry"],"_links":{"self":[{"href":"https:\/\/www2.unifap.br\/edfisica\/wp-json\/wp\/v2\/pages\/320","targetHints":{"allow":["GET"]}}],"collection":[{"href":"https:\/\/www2.unifap.br\/edfisica\/wp-json\/wp\/v2\/pages"}],"about":[{"href":"https:\/\/www2.unifap.br\/edfisica\/wp-json\/wp\/v2\/types\/page"}],"author":[{"embeddable":true,"href":"https:\/\/www2.unifap.br\/edfisica\/wp-json\/wp\/v2\/users\/205"}],"replies":[{"embeddable":true,"href":"https:\/\/www2.unifap.br\/edfisica\/wp-json\/wp\/v2\/comments?post=320"}],"version-history":[{"count":9,"href":"https:\/\/www2.unifap.br\/edfisica\/wp-json\/wp\/v2\/pages\/320\/revisions"}],"predecessor-version":[{"id":9833,"href":"https:\/\/www2.unifap.br\/edfisica\/wp-json\/wp\/v2\/pages\/320\/revisions\/9833"}],"up":[{"embeddable":true,"href":"https:\/\/www2.unifap.br\/edfisica\/wp-json\/wp\/v2\/pages\/305"}],"wp:attachment":[{"href":"https:\/\/www2.unifap.br\/edfisica\/wp-json\/wp\/v2\/media?parent=320"}],"curies":[{"name":"wp","href":"https:\/\/api.w.org\/{rel}","templated":true}]}}