{"id":345,"date":"2011-04-14T05:14:46","date_gmt":"2011-04-14T08:14:46","guid":{"rendered":"http:\/\/pororoca.unifap.br\/edfisica\/"},"modified":"2020-10-07T12:28:16","modified_gmt":"2020-10-07T12:28:16","slug":"2007-2","status":"publish","type":"page","link":"https:\/\/www2.unifap.br\/edfisica\/e-book\/tccs\/2007-2\/","title":{"rendered":"2007"},"content":{"rendered":"<p><strong><a href=\"https:\/\/docs.google.com\/viewer?a=v&amp;pid=explorer&amp;chrome=true&amp;srcid=0B3aqiHri9ewpZGNmZDBkOGItYzM1OC00NTkzLTg5MjMtY2EwYjI1MThhYzQz&amp;hl=en\">A ESPORTIVIZA\u00c7\u00c3O DAS AULAS DE EDUCA\u00c7\u00c3O F\u00cdSICA: uma an\u00e1lise na Escola Estadual Jos\u00e9 do Patroc\u00ednio<\/a><\/strong><\/p>\n<p>Manuela Silva Melo<\/p>\n<p><strong>A INSER\u00c7\u00c3O DA CAPOEIRA NAS ESCOLAS POR MEIO DO PROGRAMA MAIS EDUCA\u00c7\u00c3O<\/strong><\/p>\n<p>Helton Jose Pinheiro Inajosa<\/p>\n<p><strong><a href=\"https:\/\/docs.google.com\/viewer?a=v&amp;pid=explorer&amp;chrome=true&amp;srcid=0B3aqiHri9ewpODNlNGY2OTAtOTkwNy00NTZjLTkzZjctMjg4YzAwZmJkOGJi&amp;hl=en\">EDUCA\u00c7\u00c3O F\u00cdSICA ESCOLAR NO ENSINO INFANTIL: Tecendo pr\u00e1ticas corporais para a cultura l\u00fadica<\/a><\/strong><\/p>\n<p>Andr\u00e9ia Pinheiro de Carvalho<\/p>\n<p><strong><a href=\"https:\/\/docs.google.com\/viewer?a=v&amp;pid=explorer&amp;chrome=true&amp;srcid=0B3aqiHri9ewpYTY3ZDE5OGQtYjAyOS00OGU5LThhZjQtNWQ0NWY4OWEzNzEx&amp;hl=en\">BRINCADEIRAS DE RUA NO BAIRRO SANTA IN\u00caS NA CIDADE DE MACAP\u00c1: Uma proposta no contexto de forma\u00e7\u00e3o pedag\u00f3gica das s\u00e9ries iniciais do 1\u00ba e 2\u00ba ano do ensino fundamental<\/a><\/strong><\/p>\n<p>Maria Cristina Ramos Pereira<\/p>\n<p><strong><a href=\"https:\/\/docs.google.com\/viewer?a=v&amp;pid=explorer&amp;chrome=true&amp;srcid=0B3aqiHri9ewpN2NlZTE0MDktZGU1My00ZDhlLTgwY2YtZTk2NDFlOWQzMzY5&amp;hl=en\">TRANSTORNO DO D\u00c9FICIT DE ATEN\u00c7\u00c3O E HIPERATIVIDADE (TDAH) NAS S\u00c9RIES INICIAIS DO ENSINO FUNDAMENTAL \u2013 A COMPREENS\u00c3O DOS\/DAS PROFESSORES\/AS DE EDUCA\u00c7\u00c3O F\u00cdSICA EM ESCOLAS P\u00daBLICAS E PARTICULARES EM MACAP\u00c1 &#8211; AP<\/a><\/strong><\/p>\n<p>Raimundo Milson da Silva Costa<\/p>\n<p><strong><a href=\"https:\/\/docs.google.com\/viewer?a=v&amp;pid=explorer&amp;chrome=true&amp;srcid=0B3aqiHri9ewpMWY3ZDQ1N2MtNGRlNC00OTlkLTk1NGUtNDc5NGM0MDcxZjQ3&amp;hl=en\">PERFIL DO GRUPO DE CAPOEIRA QUILOMBO DO BRASIL: A pr\u00e1tica da capoeiracomo reflexo da cultura em Macap\u00e1<\/a><\/strong><\/p>\n<p>Michele MarrySec\u00e7u Ferreira<\/p>\n<p><strong><a href=\"https:\/\/docs.google.com\/viewer?a=v&amp;pid=explorer&amp;chrome=true&amp;srcid=0B3aqiHri9ewpNDg0NjcwZjEtZjkzMi00Zjc0LTk1OGMtMmU0ZmZmOTQzNjFj&amp;hl=en\">O TRATO PEDAG\u00d3GICO DA DAN\u00c7A DO MARABAIXO<\/a><\/strong><\/p>\n<p>Annie L\u00edvia Costa Monteiro<\/p>\n<p><strong><a href=\"https:\/\/docs.google.com\/viewer?a=v&amp;pid=explorer&amp;chrome=true&amp;srcid=0B3aqiHri9ewpMDEzZWFlMDEtYjc0Zi00YTY2LTgxYjctNzgwMDJhYzRkNzgy&amp;hl=en\">O QUE SE DIZ, SE FAZ EM DAN\u00c7A NAS ESCOLAS PUBLICAS DA CIDADE DE MACAP\u00c1<\/a><\/strong><\/p>\n<p>Jaciara Silva da Concei\u00e7\u00e3o<\/p>\n<p><strong><a href=\"https:\/\/docs.google.com\/viewer?a=v&amp;pid=explorer&amp;chrome=true&amp;srcid=0B3aqiHri9ewpNmUwZDRjOTAtMzk2MS00ZTAxLWE1NTYtZmFmOTAwOWRkNjE1&amp;hl=en\">IMPORT\u00c2NCIA DA EDUCA\u00c7\u00c3O F\u00cdSICA DE 1\u00aa A 4\u00aa S\u00c9RIE DO ENSINO FUNDAMENTAL NAS ESCOLAS MUNICIPAIS DA CIDADE DE MACAP\u00c1<\/a><\/strong><\/p>\n<p>Sabrina Guedes de Souza<\/p>\n<p><strong>JOGOS POPULARES INFANTIS: Trabalhando ol\u00fadico<\/strong><\/p>\n<p>Kal\u00e9ria Nayara Leandro Santos<\/p>\n<p><a href=\"https:\/\/docs.google.com\/viewer?a=v&amp;pid=explorer&amp;chrome=true&amp;srcid=0B3aqiHri9ewpY2M3NTRkMTYtMmQ3My00OTcxLWE0YTEtZDY2MGM1ZGU4OWVj&amp;hl=en_US\"><strong>AVALIA\u00c7\u00c3O DO CURSO DE EDUCA\u00c7\u00c3O F\u00cdSICA DA UNIFAP: uma leitura a partir do olhar de discentes e docentes<\/strong><\/a><\/p>\n<p>Fredson Lande Santos de Sousa<\/p>\n<p><strong><a href=\"https:\/\/docs.google.com\/viewer?a=v&amp;pid=explorer&amp;chrome=true&amp;srcid=0B3aqiHri9ewpNGQ3YjExMjYtNjQ3Zi00ZTUzLWE1MWMtZWJiYThkYzY5NjA0&amp;hl=en\">A PR\u00c1TICA PEDAG\u00d3GICA DEUMA PROFESSORA DE EDUCA\u00c7\u00c3O F\u00cdSICANAS SERIES INICIAIS DO ENSINO FUNDAMENTAL EM UMAESCOLA NO MUNICIPIO DE MACAP\u00c1<\/a><\/strong><\/p>\n<p>Valeria Rejane de Lima Abreu<\/p>\n<p><strong><a href=\"https:\/\/docs.google.com\/viewer?a=v&amp;pid=explorer&amp;chrome=true&amp;srcid=0B3aqiHri9ewpNWNkZmVjYTctN2Q5Yi00ZWViLWIxYzAtODVlODE0ZmI2OTAx&amp;hl=en\">A PR\u00c1TICA PEDAG\u00d3GICA NA EJA: o cotidiano da Educa\u00e7\u00e3o F\u00edsica escolar numa escola municipal de Santana\/AP<\/a><\/strong><\/p>\n<p>Osvaldina Balieiro Palheta<\/p>\n<p><strong><a href=\"https:\/\/docs.google.com\/viewer?a=v&amp;pid=explorer&amp;chrome=true&amp;srcid=0B3aqiHri9ewpNWNiZWNmYTYtYzI2OS00YzZhLTg1MTYtZTEzMzlmOWVkOGQ5&amp;hl=en\">O PAPEL DO PROFESSOR DE EDUCA\u00c7\u00c3O F\u00cdSICA NO PROCESSO EDUCACIONAL DO AUTISTA<\/a><\/strong><\/p>\n<p>Marly Ferreira Amanajas<\/p>\n<p><strong><a href=\"https:\/\/docs.google.com\/viewer?a=v&amp;pid=explorer&amp;chrome=true&amp;srcid=0B3aqiHri9ewpZTllYzhkNDAtZTYyNy00YjY2LTgxZmMtYzBhYzM4NDY0NDYz&amp;hl=en\">LAZERES NA ORLA DE MACAP\u00c1: do complexo do Arax\u00e1 ao Parque do Forte<\/a><\/strong><\/p>\n<p>Augusto Ara\u00fajo da Silva<\/p>\n<p><strong><a href=\"https:\/\/docs.google.com\/viewer?a=v&amp;pid=explorer&amp;chrome=true&amp;srcid=0B3aqiHri9ewpNWUwNDU0NmMtMjIyYS00ZWUwLWExODEtN2IwODlmYzFlODY3&amp;hl=en\">A PARTICIPA\u00c7\u00c3O P\u00daBLICA EM UM PROJETO DE LAZER NO MUNICIPIO DE MACAP\u00c1<\/a><\/strong><\/p>\n<p>Andressa Passos Sousa<\/p>\n<p><strong><a href=\"https:\/\/docs.google.com\/viewer?a=v&amp;pid=explorer&amp;chrome=true&amp;srcid=0B3aqiHri9ewpYTU2Mjk2Y2YtNmVhOS00OWMxLWI5MTYtYjJiOGRhN2Q2ZWM0&amp;hl=en\">FUTEBOL DO AMAP\u00c1:implica\u00e7\u00f5es de um profissionalismo \u201cmarrom<\/a><\/strong><a href=\"https:\/\/docs.google.com\/viewer?a=v&amp;pid=explorer&amp;chrome=true&amp;srcid=0B3aqiHri9ewpYTU2Mjk2Y2YtNmVhOS00OWMxLWI5MTYtYjJiOGRhN2Q2ZWM0&amp;hl=en\">\u201c<\/a><\/p>\n<p>Francisco Kledison Sousa da Silva<\/p>\n<p><strong><a href=\"https:\/\/docs.google.com\/viewer?a=v&amp;pid=explorer&amp;chrome=true&amp;srcid=0B3aqiHri9ewpNjVmZDkwNmYtYjhiNC00NDg0LWExNjctOGNkMmYzMjJjMDE1&amp;hl=en\">DEFICIENCIA F\u00cdSICA NA EDUCA\u00c7\u00c3O F\u00cdSICA: PRODU\u00c7\u00c3O CIENTIFICA A PARTIR DOS PROGRAMAS DE P\u00d3S-GRADUA\u00c7\u00c3O EM EDUCA\u00c7\u00c3O F\u00cdSICA (1998-2009)<\/a><\/strong><\/p>\n<p>Diego Felipe de Oliveira Pantoja<\/p>\n<p><strong><a href=\"https:\/\/docs.google.com\/viewer?a=v&amp;pid=explorer&amp;chrome=true&amp;srcid=0B3aqiHri9ewpODM1NzY4NGItMDQ2YS00N2E4LTg4MWUtYTgyOWJhNGU5ZTI4&amp;hl=en\">A HIDROGINASTICA E O ISOLAMENTO SOCIAL NA MATURIDADE<\/a><\/strong><\/p>\n<p>Carlos Cezar Nahum de Almeida<\/p>\n<p><strong><a href=\"https:\/\/docs.google.com\/viewer?a=v&amp;pid=explorer&amp;chrome=true&amp;srcid=0B3aqiHri9ewpOTk3M2UzMGMtMDEzMy00YWQzLTkzOTItNThhZDk0OTg5ODU1&amp;hl=en\">A INCLUS\u00c3O DO KARAT\u00ca NAS AULAS DE EDUCA\u00c7\u00c3O F\u00cdSICA: instrumento pedag\u00f3gico ao alcance do professor<\/a><\/strong><\/p>\n<p>Jackson Castro Amanajas<\/p>\n<p><strong><a href=\"https:\/\/docs.google.com\/viewer?a=v&amp;pid=explorer&amp;chrome=true&amp;srcid=0B3aqiHri9ewpOTBhYmEyMzgtMjA3OC00OGY0LTgxOWYtMWY4YTcwNWZjMWQw&amp;hl=en\">POLITICAS PUBLICAS DE LAZER; AN\u00c1LISE DOS PROJETOS DA SEDEL<\/a><\/strong><\/p>\n<p>Karem Barreto Farias<\/p>\n<p><strong><a href=\"https:\/\/docs.google.com\/viewer?a=v&amp;pid=explorer&amp;chrome=true&amp;srcid=0B3aqiHri9ewpZmRkNTgyMGEtYjJhZi00MTg3LTgwNjctZjJhNWMxMGE5ZTcx&amp;hl=en\">A PR\u00c1TICA DO ATLETISMO NAS AULAS DE EDUCA\u00c7\u00c3O F\u00cdSICA NO ENSINO M\u00c9DIO DE ESCOLAS PUBLICA E PARTICULAR DO MUNICIPIO DE SANTANA<\/a><\/strong><\/p>\n<p>Deuvan de Oliveira Modesto<\/p>\n<p><strong><a href=\"https:\/\/docs.google.com\/viewer?a=v&amp;pid=explorer&amp;chrome=true&amp;srcid=0B3aqiHri9ewpNzY2MzNjYjQtMWQxZi00NjY4LWI1NDgtN2E1MmE2OThmMjc5&amp;hl=en\">AVALIA\u00c7\u00c3O DE POT\u00caNCIA DE MEMBROS INFERIORES: ESTUDO COMPARATIVO ENTRE MENINOS DE ESCOLA P\u00daBLICA E PARTICULAR<\/a><\/strong><\/p>\n<p>Leonardo Miranda Coutinho<\/p>\n<p><strong>\u00a0<\/strong><\/p>\n","protected":false},"excerpt":{"rendered":"<p>A ESPORTIVIZA\u00c7\u00c3O DAS AULAS DE EDUCA\u00c7\u00c3O F\u00cdSICA: uma an\u00e1lise na Escola Estadual Jos\u00e9 do Patroc\u00ednio Manuela Silva Melo A INSER\u00c7\u00c3O DA CAPOEIRA&#8230;<\/p>\n","protected":false},"author":64,"featured_media":0,"parent":10626,"menu_order":2,"comment_status":"closed","ping_status":"closed","template":"","meta":{"inline_featured_image":false,"ngg_post_thumbnail":0,"footnotes":""},"class_list":["post-345","page","type-page","status-publish","hentry"],"_links":{"self":[{"href":"https:\/\/www2.unifap.br\/edfisica\/wp-json\/wp\/v2\/pages\/345","targetHints":{"allow":["GET"]}}],"collection":[{"href":"https:\/\/www2.unifap.br\/edfisica\/wp-json\/wp\/v2\/pages"}],"about":[{"href":"https:\/\/www2.unifap.br\/edfisica\/wp-json\/wp\/v2\/types\/page"}],"author":[{"embeddable":true,"href":"https:\/\/www2.unifap.br\/edfisica\/wp-json\/wp\/v2\/users\/64"}],"replies":[{"embeddable":true,"href":"https:\/\/www2.unifap.br\/edfisica\/wp-json\/wp\/v2\/comments?post=345"}],"version-history":[{"count":2,"href":"https:\/\/www2.unifap.br\/edfisica\/wp-json\/wp\/v2\/pages\/345\/revisions"}],"predecessor-version":[{"id":10628,"href":"https:\/\/www2.unifap.br\/edfisica\/wp-json\/wp\/v2\/pages\/345\/revisions\/10628"}],"up":[{"embeddable":true,"href":"https:\/\/www2.unifap.br\/edfisica\/wp-json\/wp\/v2\/pages\/10626"}],"wp:attachment":[{"href":"https:\/\/www2.unifap.br\/edfisica\/wp-json\/wp\/v2\/media?parent=345"}],"curies":[{"name":"wp","href":"https:\/\/api.w.org\/{rel}","templated":true}]}}