{"id":391,"date":"2015-01-30T16:53:14","date_gmt":"2015-01-30T16:53:14","guid":{"rendered":"http:\/\/pororoca.unifap.br\/edfisica\/"},"modified":"2025-11-03T14:13:47","modified_gmt":"2025-11-03T14:13:47","slug":"normatizacoes","status":"publish","type":"page","link":"https:\/\/www2.unifap.br\/edfisica\/nucleos\/nucleac\/normatizacoes\/","title":{"rendered":"Normatiza\u00e7\u00f5es e Legisla\u00e7\u00f5es (AACC; Regimento Interno)"},"content":{"rendered":"<p>Neste espa\u00e7o \u00e9 poss\u00edvel acessar as normas que regem o Est\u00e1gio Supervisionado em Educa\u00e7\u00e3o F\u00edsica, o Trabalho de Conclus\u00e3o de Curso em Educa\u00e7\u00e3o F\u00edsica e as Atividades Acad\u00eamicas, Cient\u00edficas e Culturais (AACC) da Licenciatura em Educa\u00e7\u00e3o F\u00edsica. As normas do Est\u00e1gio Supervisionado e do Trabalho de Conclus\u00e3o de Curso est\u00e3o sendo reformuladas, uma demanda que exige sua tramita\u00e7\u00e3o e aprova\u00e7\u00e3o pelo colegiado do curso de Educa\u00e7\u00e3o F\u00edsica. J\u00e1 as normas de AACC, est\u00e3o dispon\u00edveis aqui.<\/p>\n<p><span style=\"color: #ff0000\">Arquivos para Download:&nbsp;<\/span><\/p>\n<ol>\n<li><span style=\"color: #000000\"><a style=\"color: #ff4b33\" title=\"Acesso 30 de janeiro de 2015 - Resolu\u00e7\u00e3o N\u00ba 007\/2007 CONSU\/UNIFAP.pdf\" href=\"http:\/\/www2.unifap.br\/edfisica\/files\/2011\/04\/Resolucao-007-07-consu_ok.pdf\" target=\"_blank\" rel=\"noopener noreferrer\"><span style=\"color: #000000\">30 de janeiro de 2015 &#8211; Resolu\u00e7\u00e3o N\u00ba 007\/2007 CONSU\/UNIFAP.pdf<\/span><\/a><\/span><\/li>\n<li><span style=\"color: #000000\"><a href=\"http:\/\/www2.unifap.br\/edfisica\/files\/2011\/04\/LEI-No-10.793-DE-1\u00ba-DE-DEZEMBRO-DE-2003-DOU-DE-2-12-2003_DISPENSA-EDUCACAO-FISICA.pdf\" target=\"_blank\" rel=\"noopener noreferrer\"><span style=\"color: #000000\">30 de janeiro de 2015 &#8211; LEI N\u00ba 10.793 &#8211; DE 1\u00ba DE DEZEMBRO DE 2003 &#8211; DOU DE 2-12-2003 DISPENSA EDUCA\u00c7\u00c3O F\u00cdSICA (Dispensa pr\u00e1tica Desportiva).pdf <\/span><\/a><\/span><\/li>\n<li><span style=\"color: #000000\"><a title=\"Acesso ao Arquivos \" href=\"https:\/\/docs.google.com\/viewer?a=v&amp;pid=explorer&amp;chrome=true&amp;srcid=0B3aqiHri9ewpYWVkYjcyZjMtNDE1MS00YjZkLWEzYzQtMzFhZjA0N2Y1Yjlm&amp;hl=en\" target=\"_blank\" rel=\"noopener noreferrer\"><span style=\"color: #000000\">18 de abril de 2011 &#8211;&nbsp;Normas AACC<\/span><\/a><\/span><\/li>\n<li><span style=\"color: #000000\"><span style=\"color: #000000\">18 de abril de 2011 &#8211;&nbsp;Regimento interno do Curso de Licenciatura Plena em Educa\u00e7\u00e3o F\u00edsica<\/span><\/span><\/li>\n<li><span style=\"color: #000000\"><a href=\"http:\/\/www2.unifap.br\/edfisica\/files\/2011\/04\/NORMAS-DE-ESTAGIO-SUPERVISIONADO.pdf\" target=\"_blank\" rel=\"noopener noreferrer\"><span style=\"color: #000000\">18 de abril de 2011 &#8211;&nbsp;Normas de Est\u00e1gio Superviosionado<\/span><\/a><\/span><\/li>\n<li><span style=\"color: #000000\"><a href=\"http:\/\/www2.unifap.br\/edfisica\/files\/2011\/04\/NORMATIZA\u00c7\u00c3O-DOS-TCC-EM-EDUCA\u00c7\u00c3O-F\u00cdSICA-2010.pdf\"><span style=\"color: #000000\">18 de abril de 2011 &#8211;&nbsp;Normas dos Trabalhos de Conclus\u00e3o de Curso em Educa\u00e7\u00e3o F\u00edsica<\/span><\/a><\/span><\/li>\n<li><span style=\"color: #000000\"><a href=\"http:\/\/www2.unifap.br\/edfisica\/files\/2011\/04\/Normas-para-utilizacao-dos-Laboratorios-do-Curso-de-Educacao-Fisica.pdf\" target=\"_blank\" rel=\"noopener noreferrer\"><span style=\"color: #000000\">18 de abril de 2011 &#8211;&nbsp;Normas para utilizacao dos Laboratorios do Curso de Educacao Fisica<\/span><\/a><\/span><\/li>\n<li><span style=\"color: #ff0000\"><span style=\"color: #ff0000\"><a title=\"Acesso\" href=\"http:\/\/www2.unifap.br\/edfisica\/files\/2016\/10\/NOrmatizacao_1-2016_Criterios_analise_matricula_depedencia.pdf\" target=\"_blank\" rel=\"noopener noreferrer\">12 de outubro de 2016 &#8211; Normatizacao_1-2016_Criterios_analise_matricula_depedencia<\/a><\/span><\/span><\/li>\n<\/ol>\n<p>&nbsp;<\/p>\n<header>\n<h1>Legisla\u00e7\u00e3o<\/h1>\n<\/header>\n<div>\n<ol>\n<li><a href=\"http:\/\/www2.unifap.br\/direito\/files\/2013\/11\/Resolu%C3%A7a%C3%B5-de-abono-de-falta.pdf\">Orienta\u00e7\u00e3o sobre abono de falta<\/a><\/li>\n<li><a href=\"http:\/\/www2.unifap.br\/direito\/files\/2013\/11\/Decreto-Lei-715-1969.pdf\">Abono de faltas para acad\u00eamicos com afec\u00e7\u00f5es (Decreto-Lei 715-1969)<\/a><\/li>\n<li><a href=\"http:\/\/www2.unifap.br\/direito\/files\/2013\/11\/Resolu%C3%A7%C3%A3o-n-26-2011.pdf\">Sistem\u00e1tica de avalia\u00e7\u00e3o e aprendizagem (Resolu\u00e7\u00e3o n\u00ba 26-2011)<\/a><\/li>\n<li><a href=\"http:\/\/www2.unifap.br\/direito\/files\/2013\/11\/resolu%C3%A7%C3%A3o-n-15-1996.pdf\">Aproveitamento de estudos dos alunos da UNIFAP (resolu\u00e7\u00e3o n\u00ba 15-1996)<\/a><\/li>\n<li><a href=\"http:\/\/www2.unifap.br\/direito\/files\/2013\/11\/Nota-t%C3%A9cnica-sobre-a-validade-da-Resolu%C3%A7%C3%A3o-no.-15-de-1996.pdf\">Nota t\u00e9cnica sobre a validade da Resolu\u00e7\u00e3o no. 15 de 1996<\/a><\/li>\n<li><a href=\"http:\/\/www2.unifap.br\/edfisica\/files\/2016\/03\/Portaria_Renovac_Reconhc_MEC_Curso_Educ-f\u00eds.pdf\" target=\"_blank\" rel=\"noopener noreferrer\">Portaria_Renovac_Reconhc_MEC_Curso_Educ-f\u00eds(2015)<img decoding=\"async\" style=\"font-size: 1.5em;color: #333333;line-height: 1.5em\" src=\"https:\/\/depsec.unifap.br\/novo.gif\" alt=\"\"><\/a><\/li>\n<li><a title=\"Acesso ao arquivo\" href=\"http:\/\/www2.unifap.br\/dle\/pagina-exemplo\/\" target=\"_blank\" rel=\"noopener noreferrer\">Abono de Faltas e 2\u00aa Chamada de Prova (Fundamenta\u00e7\u00e3o Legal) &#8211;&nbsp;<\/a>&nbsp;<a href=\"http:\/\/www2.unifap.br\/edfisica\/files\/2016\/03\/Portaria_Renovac_Reconhc_MEC_Curso_Educ-f\u00eds.pdf\" target=\"_blank\" rel=\"noopener noreferrer\"><img decoding=\"async\" src=\"https:\/\/depsec.unifap.br\/novo.gif\" alt=\"\"><\/a><\/li>\n<\/ol>\n<\/div>\n<p>&nbsp;<\/p>\n","protected":false},"excerpt":{"rendered":"<p>Neste espa\u00e7o \u00e9 poss\u00edvel acessar as normas que regem o Est\u00e1gio Supervisionado em Educa\u00e7\u00e3o F\u00edsica, o Trabalho de Conclus\u00e3o de Curso em&#8230;<\/p>\n","protected":false},"author":205,"featured_media":0,"parent":9838,"menu_order":9,"comment_status":"closed","ping_status":"closed","template":"","meta":{"inline_featured_image":false,"ngg_post_thumbnail":0,"footnotes":""},"class_list":["post-391","page","type-page","status-publish","hentry"],"_links":{"self":[{"href":"https:\/\/www2.unifap.br\/edfisica\/wp-json\/wp\/v2\/pages\/391","targetHints":{"allow":["GET"]}}],"collection":[{"href":"https:\/\/www2.unifap.br\/edfisica\/wp-json\/wp\/v2\/pages"}],"about":[{"href":"https:\/\/www2.unifap.br\/edfisica\/wp-json\/wp\/v2\/types\/page"}],"author":[{"embeddable":true,"href":"https:\/\/www2.unifap.br\/edfisica\/wp-json\/wp\/v2\/users\/205"}],"replies":[{"embeddable":true,"href":"https:\/\/www2.unifap.br\/edfisica\/wp-json\/wp\/v2\/comments?post=391"}],"version-history":[{"count":20,"href":"https:\/\/www2.unifap.br\/edfisica\/wp-json\/wp\/v2\/pages\/391\/revisions"}],"predecessor-version":[{"id":137324,"href":"https:\/\/www2.unifap.br\/edfisica\/wp-json\/wp\/v2\/pages\/391\/revisions\/137324"}],"up":[{"embeddable":true,"href":"https:\/\/www2.unifap.br\/edfisica\/wp-json\/wp\/v2\/pages\/9838"}],"wp:attachment":[{"href":"https:\/\/www2.unifap.br\/edfisica\/wp-json\/wp\/v2\/media?parent=391"}],"curies":[{"name":"wp","href":"https:\/\/api.w.org\/{rel}","templated":true}]}}