{"id":4180,"date":"2016-01-29T12:17:30","date_gmt":"2016-01-29T12:17:30","guid":{"rendered":"http:\/\/www2.unifap.br\/edfisica\/?page_id=4180"},"modified":"2020-10-07T12:38:41","modified_gmt":"2020-10-07T12:38:41","slug":"calendar","status":"publish","type":"page","link":"https:\/\/www2.unifap.br\/edfisica\/calendar\/","title":{"rendered":"Agenda"},"content":{"rendered":"<p>&#8230;em constu\u00e7\u00e3o&#8230;<\/p>\n<p>CALEND\u00c1RIO ACAD\u00caMICO<\/p>\n<p>OFERTA DE DISCIPLINAS &#8211; ano\/semestre<\/p>\n<p>REUNI\u00d5ES<\/p>\n","protected":false},"excerpt":{"rendered":"<p>&#8230;em constu\u00e7\u00e3o&#8230; CALEND\u00c1RIO ACAD\u00caMICO OFERTA DE DISCIPLINAS &#8211; ano\/semestre REUNI\u00d5ES<\/p>\n","protected":false},"author":205,"featured_media":0,"parent":0,"menu_order":5,"comment_status":"closed","ping_status":"closed","template":"","meta":{"inline_featured_image":false,"ngg_post_thumbnail":0,"footnotes":""},"class_list":["post-4180","page","type-page","status-publish","hentry"],"_links":{"self":[{"href":"https:\/\/www2.unifap.br\/edfisica\/wp-json\/wp\/v2\/pages\/4180","targetHints":{"allow":["GET"]}}],"collection":[{"href":"https:\/\/www2.unifap.br\/edfisica\/wp-json\/wp\/v2\/pages"}],"about":[{"href":"https:\/\/www2.unifap.br\/edfisica\/wp-json\/wp\/v2\/types\/page"}],"author":[{"embeddable":true,"href":"https:\/\/www2.unifap.br\/edfisica\/wp-json\/wp\/v2\/users\/205"}],"replies":[{"embeddable":true,"href":"https:\/\/www2.unifap.br\/edfisica\/wp-json\/wp\/v2\/comments?post=4180"}],"version-history":[{"count":17,"href":"https:\/\/www2.unifap.br\/edfisica\/wp-json\/wp\/v2\/pages\/4180\/revisions"}],"predecessor-version":[{"id":11314,"href":"https:\/\/www2.unifap.br\/edfisica\/wp-json\/wp\/v2\/pages\/4180\/revisions\/11314"}],"wp:attachment":[{"href":"https:\/\/www2.unifap.br\/edfisica\/wp-json\/wp\/v2\/media?parent=4180"}],"curies":[{"name":"wp","href":"https:\/\/api.w.org\/{rel}","templated":true}]}}