{"id":4281,"date":"2016-02-25T23:41:50","date_gmt":"2016-02-25T23:41:50","guid":{"rendered":"http:\/\/www2.unifap.br\/edfisica\/?page_id=4281"},"modified":"2020-10-07T13:05:42","modified_gmt":"2020-10-07T13:05:42","slug":"educacao-fisica-escolar-e-os-esportes-de-raquetes-para-alem-dos-esportes-tradicionais","status":"publish","type":"page","link":"https:\/\/www2.unifap.br\/edfisica\/extensao_ccef\/extensao\/educacao-fisica-escolar-e-os-esportes-de-raquetes-para-alem-dos-esportes-tradicionais\/","title":{"rendered":"Educa\u00e7\u00e3o f\u00edsica Escolar e os Esportes de Raquetes: para al\u00e9m dos esportes tradicionais&#8221;"},"content":{"rendered":"<p><a href=\"http:\/\/www2.unifap.br\/edfisica\/files\/2016\/02\/Atividades-realizadas-com-as-turmas-da-UMAP.pdf\">Atividades do projeto com as turmas da UMAP &#8211; UNIFAP<\/a><\/p>\n","protected":false},"excerpt":{"rendered":"<p>Atividades do projeto com as turmas da UMAP &#8211; UNIFAP<\/p>\n","protected":false},"author":535,"featured_media":0,"parent":10659,"menu_order":0,"comment_status":"open","ping_status":"closed","template":"","meta":{"inline_featured_image":false,"ngg_post_thumbnail":0,"footnotes":""},"class_list":["post-4281","page","type-page","status-publish","hentry"],"_links":{"self":[{"href":"https:\/\/www2.unifap.br\/edfisica\/wp-json\/wp\/v2\/pages\/4281","targetHints":{"allow":["GET"]}}],"collection":[{"href":"https:\/\/www2.unifap.br\/edfisica\/wp-json\/wp\/v2\/pages"}],"about":[{"href":"https:\/\/www2.unifap.br\/edfisica\/wp-json\/wp\/v2\/types\/page"}],"author":[{"embeddable":true,"href":"https:\/\/www2.unifap.br\/edfisica\/wp-json\/wp\/v2\/users\/535"}],"replies":[{"embeddable":true,"href":"https:\/\/www2.unifap.br\/edfisica\/wp-json\/wp\/v2\/comments?post=4281"}],"version-history":[{"count":4,"href":"https:\/\/www2.unifap.br\/edfisica\/wp-json\/wp\/v2\/pages\/4281\/revisions"}],"predecessor-version":[{"id":10481,"href":"https:\/\/www2.unifap.br\/edfisica\/wp-json\/wp\/v2\/pages\/4281\/revisions\/10481"}],"up":[{"embeddable":true,"href":"https:\/\/www2.unifap.br\/edfisica\/wp-json\/wp\/v2\/pages\/10659"}],"wp:attachment":[{"href":"https:\/\/www2.unifap.br\/edfisica\/wp-json\/wp\/v2\/media?parent=4281"}],"curies":[{"name":"wp","href":"https:\/\/api.w.org\/{rel}","templated":true}]}}