{"id":448,"date":"2011-05-09T14:11:59","date_gmt":"2011-05-09T17:11:59","guid":{"rendered":"http:\/\/pororoca.unifap.br\/edfisica\/"},"modified":"2013-06-27T12:58:00","modified_gmt":"2013-06-27T12:58:00","slug":"pororoca-de-ideias","status":"publish","type":"page","link":"https:\/\/www2.unifap.br\/edfisica\/extensao_ccef\/pet\/projetos\/pororoca-de-ideias\/","title":{"rendered":"Pororoca de Ideias"},"content":{"rendered":"<p style=\"text-align: center\"><img decoding=\"async\" src=\"http:\/\/1.bp.blogspot.com\/-2BzCmOLAwow\/TayqRIpeVZI\/AAAAAAAAAE8\/PLnbLST8MQw\/s320\/cartaz.jpg\" alt=\"\" \/><\/p>\n<p>Projeto de debates:<\/p>\n<p>Primeiro Tema: Doping &#8211; Professor Dilson Belfort &#8211; 27 de abril de 2011<\/p>\n<p>Segundo Tema: Sa\u00fade e Educa\u00e7\u00e3o F\u00edsica &#8211; Professor Demilto Yamaguchi &#8211; 25 de maio de 2011<\/p>\n<p>Terceiro tema: Pr\u00e1ticas aqu\u00e1ticas na Educa\u00e7\u00e3o F\u00edsica &#8211; Professor Flavius Augusto Pinto Cunha &#8211; 14 de setembro de 2011<\/p>\n<p>Quarto tema: Conversa sobre mem\u00f3ria, inf\u00e2ncia e forma\u00e7\u00e3o &#8211; Professor M\u00e1rcio Xavier Bonorino Figueiredo &#8211; 22 de setembro de 2011<\/p>\n","protected":false},"excerpt":{"rendered":"<p>Projeto de debates: Primeiro Tema: Doping &#8211; Professor Dilson Belfort &#8211; 27 de abril de 2011 Segundo Tema: Sa\u00fade e Educa\u00e7\u00e3o F\u00edsica&#8230;<\/p>\n","protected":false},"author":64,"featured_media":0,"parent":330,"menu_order":1,"comment_status":"closed","ping_status":"closed","template":"template-twocolumns-left.php","meta":{"inline_featured_image":false,"ngg_post_thumbnail":0,"footnotes":""},"class_list":["post-448","page","type-page","status-publish","hentry"],"_links":{"self":[{"href":"https:\/\/www2.unifap.br\/edfisica\/wp-json\/wp\/v2\/pages\/448","targetHints":{"allow":["GET"]}}],"collection":[{"href":"https:\/\/www2.unifap.br\/edfisica\/wp-json\/wp\/v2\/pages"}],"about":[{"href":"https:\/\/www2.unifap.br\/edfisica\/wp-json\/wp\/v2\/types\/page"}],"author":[{"embeddable":true,"href":"https:\/\/www2.unifap.br\/edfisica\/wp-json\/wp\/v2\/users\/64"}],"replies":[{"embeddable":true,"href":"https:\/\/www2.unifap.br\/edfisica\/wp-json\/wp\/v2\/comments?post=448"}],"version-history":[{"count":1,"href":"https:\/\/www2.unifap.br\/edfisica\/wp-json\/wp\/v2\/pages\/448\/revisions"}],"predecessor-version":[{"id":861,"href":"https:\/\/www2.unifap.br\/edfisica\/wp-json\/wp\/v2\/pages\/448\/revisions\/861"}],"up":[{"embeddable":true,"href":"https:\/\/www2.unifap.br\/edfisica\/wp-json\/wp\/v2\/pages\/330"}],"wp:attachment":[{"href":"https:\/\/www2.unifap.br\/edfisica\/wp-json\/wp\/v2\/media?parent=448"}],"curies":[{"name":"wp","href":"https:\/\/api.w.org\/{rel}","templated":true}]}}