{"id":524,"date":"2009-06-02T09:57:43","date_gmt":"2009-06-02T09:57:43","guid":{"rendered":"http:\/\/pororoca.unifap.br\/edfisica\/?page_id=7"},"modified":"2018-11-29T16:32:22","modified_gmt":"2018-11-29T16:32:22","slug":"matriz_curricular","status":"publish","type":"page","link":"https:\/\/www2.unifap.br\/edfisica\/coordenacao\/matriz_curricular\/","title":{"rendered":"Matriz curricular e Ementas"},"content":{"rendered":"<h2 style=\"text-align: center\"><\/h2>\n<h3><span style=\"color: #000000;line-height: 1.5em;font-size: 1.5em\">Matriz Curricular<\/span><\/h3>\n<h3><span style=\"color: #000000\"><a title=\"Acesso ao arquivo\" href=\"http:\/\/www2.unifap.br\/edfisica\/files\/2009\/06\/relatorio_caminhocritico_Matriz_Curricu_Ed_Fisica_173-75.pdf\" target=\"_blank\"><span style=\"color: #000000\">MATRIZ &#8211; EDUCA\u00c7\u00c3O FISICA &#8211; LICENCIATURA &#8211; UNIFAP (MARCO ZERO DO EQUADOR)<\/span><\/a><\/span><\/h3>\n<h3><\/h3>\n<h2><span style=\"color: #000000\">Ementas<\/span><\/h2>\n<p><span style=\"color: #000000\">\u00a0<strong><a title=\"Acesso Gr\u00e1tis\" href=\"https:\/\/drive.google.com\/open?id=17PVSW6ivxSeFcYDYYeiU5EhjpU9t70V-\" target=\"_blank\"><span style=\"color: #000000\">\u00a0Ementas do I Semestre (ED. F\u00cdSICA) &#8211; Matriz 2015<\/span><\/a><\/strong><\/span><\/p>\n<p><span style=\"color: #000000\">\u00a0<strong><a title=\"Acesso ao arquivo para download PDF\" href=\"https:\/\/drive.google.com\/open?id=13xNNIQOlwcMo14mCYF-y9XNQPThKzw1f\" target=\"_blank\"><span style=\"color: #000000\">\u00a0Ementas do II Semestre (ED. F\u00cdSICA) &#8211; Matriz 2015<\/span><\/a><\/strong><\/span><\/p>\n<p><span style=\"color: #000000\">\u00a0<strong><a title=\"Acesso ao arquivo para download PDF\" href=\"https:\/\/drive.google.com\/open?id=18E5ARHqroI6mQ3OnsS8JiNQTi1b9toA1\" target=\"_blank\"><span style=\"color: #000000\">\u00a0Ementas do III Semestre (ED. F\u00cdSICA) &#8211; Matriz 2015<\/span><\/a><\/strong><\/span><\/p>\n<p><span style=\"color: #000000\">\u00a0<\/span><span style=\"color: #000000\"><strong>4\u00ba Ementas do VI Semestre (ED. F\u00cdSICA) &#8211; Matriz 2015<\/strong><\/span><\/p>\n<ol>\n<li><span style=\"color: #000000\"><a href=\"https:\/\/drive.google.com\/open?id=1e8uB944UIYKrFK2-ewdfQ8mQt1LBSRlx\" target=\"_blank\"><span style=\"color: #000000\">28-07-2018 17:47:53 Cinesio<\/span><\/a><\/span><\/li>\n<li><span style=\"color: #000000\"><a href=\"https:\/\/drive.google.com\/open?id=1xGc1AQ1G77Jxi9je8-05WFFGPw8f6aYj\" target=\"_blank\"><span style=\"color: #000000\">28-07-2018 17:48:05 Desenvolvimento Motor<\/span><\/a><\/span><\/li>\n<li><span style=\"color: #000000\"><a href=\"https:\/\/drive.google.com\/open?id=1jgDgKgVf-4IFRSNdyuEPIUY-SKJjt_Vh\" target=\"_blank\"><span style=\"color: #000000\">28\/07\/2018 17:48:14 Metodologia de Esportes coletivos II (voleibol)<\/span><\/a><\/span><\/li>\n<li><span style=\"color: #000000\"><a href=\"https:\/\/drive.google.com\/open?id=1GfO-Hhnc8lEXMZfHA6qsd36Z5OGDQhCN\" target=\"_blank\"><span style=\"color: #000000\">28\/07\/2018 17:47:39 Metodologia de Esportes Individuais II( nata\u00e7\u00e3o)<\/span><\/a><\/span><\/li>\n<li><span style=\"color: #000000\"><a href=\"https:\/\/drive.google.com\/open?id=19FOr-DuLVp1-Kj93tcwOqMQvl8SaxCzv\"><span style=\"color: #000000\">28\/07\/2018 17:49:38 Pol\u00edtica e Lesgila\u00e7\u00e3o Educacional Brasileira0001 POLEB<\/span><\/a><\/span><\/li>\n<li><span style=\"color: #000000\"><a href=\"https:\/\/drive.google.com\/open?id=1DFHHh8vT4NIcK78TGT5wzJPxCujp3JgF\"><span style=\"color: #000000\">28\/07\/2018 17:51:34 Recrea\u00e7\u00e3o e Lazer Integrada a Natureza<\/span><\/a><\/span><\/li>\n<\/ol>\n<p>&nbsp;<\/p>\n<p><span style=\"color: #000000\"><strong>5\u00ba Ementas do V Semestre (ED. F\u00cdSICA) &#8211; Matriz 2015<\/strong><\/span><\/p>\n<ol>\n<li><span style=\"color: #000000\"><a href=\"https:\/\/drive.google.com\/open?id=1Zjho8eEfODUizZKmLRPS3tGtpm-wowdp\" target=\"_blank\"><span style=\"color: #000000\">28\/07\/2018 18:11:19 Crescimento Desenvolvimento e Maturidade<\/span><\/a><\/span><\/li>\n<li><span style=\"color: #000000\"><a href=\"https:\/\/drive.google.com\/open?id=1BDtdV-45WET4MATvsxSMj7OW2YhA3jWI\" target=\"_blank\"><span style=\"color: #000000\">28\/07\/2018 18:12:00 Did\u00e1tica Aplicada ao Ensino da ED.f\u00edsica<\/span><\/a><\/span><\/li>\n<li><span style=\"color: #000000\"><a href=\"https:\/\/drive.google.com\/open?id=1V-0Ri_K2rtsDAec5ORHhp5YjK91xeafq\"><span style=\"color: #000000\">28\/07\/2018 18:12:06 Educa\u00e7\u00e3o F\u00edsica Especial<\/span><\/a><\/span><\/li>\n<li><span style=\"color: #000000\"><a href=\"https:\/\/drive.google.com\/open?id=155lnndcdcRo0hecHGkcQpy62Sk7j7-4R\" target=\"_blank\"><span style=\"color: #000000\">28\/07\/2018 18:12:19 Metodologia de Esportes Coletivos III(BASQUETEBOL) 0001<\/span><\/a><\/span><\/li>\n<li><span style=\"color: #000000\"><a href=\"https:\/\/drive.google.com\/open?id=1fB_hqeoxpeZqUTMbkRT1DsfECsK48a56\"><span style=\"color: #000000\">28\/07\/2018 18:12:40 Metodologia de Esportes Individuais III(atletismo)<\/span><\/a><\/span><\/li>\n<li><span style=\"color: #000000\"><a href=\"https:\/\/drive.google.com\/open?id=1Hz77mJKVdekgxJf8gpbYkpIYrJFc6blo\"><span style=\"color: #000000\">28\/07\/2018 18:12:55 Pr\u00e1tica pedag\u00f3gica V\u00a0<\/span><\/a><\/span><\/li>\n<li><span style=\"color: #000000\"><a href=\"https:\/\/drive.google.com\/open?id=1QWEz3UYe748zi2EM8EfFxdtbyRla-D5W\"><span style=\"color: #000000\">28\/07\/2018 18:13:35 Psicologia da Aprendizagem e do Ensino<\/span><\/a><\/span><\/li>\n<\/ol>\n<p><span style=\"color: #000000\">\u00a0<\/span><\/p>\n<p><span style=\"color: #000000\"><strong>6\u00ba Ementas do VI Semestre (ED. F\u00cdSICA) &#8211; Matriz 2015<\/strong><\/span><\/p>\n<ol>\n<li><span style=\"color: #000000\"><a href=\"https:\/\/drive.google.com\/open?id=10sWw7QfZlg4hGl7N6RNgvzBlGDvK6qrP\" target=\"_blank\"><span style=\"color: #000000\">28\/07\/2018 18:28:09 Dan\u00e7as em geral e artes marciais<\/span><\/a><\/span><\/li>\n<li><span style=\"color: #000000\"><a href=\"https:\/\/drive.google.com\/open?id=1g9CD3F_F4D_RaqL1dCD-UTLbD3cqGmmN\" target=\"_blank\"><span style=\"color: #000000\">28\/07\/2018 18:28:35 Estagio supervisionado I<\/span><\/a><\/span><\/li>\n<li><span style=\"color: #000000\"><a href=\"https:\/\/drive.google.com\/open?id=1LkOjeoe4ZlIRFqjrGfzLDJLbUYMcpHpy\"><span style=\"color: #000000\">28\/07\/2018 18:28:48 LIBRAS<\/span><\/a><\/span><\/li>\n<li><span style=\"color: #000000\"><a href=\"https:\/\/drive.google.com\/open?id=1EhDbnXumWYHUM4nttxkX54F8PfJT1svZ\"><span style=\"color: #000000\">28\/07\/2018 18:29:06 Metodologia da investiga\u00e7\u00e3o cientifica em ed.fisica<\/span><\/a><\/span><\/li>\n<li><span style=\"color: #000000\"><a href=\"https:\/\/drive.google.com\/open?id=1no3y79Sw9fSWS_9AJs0s5kTR7o8z4h4b\"><span style=\"color: #000000\">28\/07\/2018 18:29:21 Metodologia de esportes coletivos IV(handebol)<\/span><\/a><\/span><\/li>\n<li><span style=\"color: #000000\"><a href=\"https:\/\/drive.google.com\/open?id=1KflSFVUIqvQo1fFYti4qoMauxtc1fNoO\"><span style=\"color: #000000\">28\/07\/2018 18:29:45 Metodologia de Esportes Individuais IV<\/span><\/a><\/span><\/li>\n<li><span style=\"color: #000000\"><a href=\"https:\/\/drive.google.com\/open?id=1FifWg28ZDMm_Uf_91mw-I_gxkPSU63am\"><span style=\"color: #000000\">28\/07\/2018 18:30:15 Motricidade Humana na 3\u00b0 idade<\/span><\/a><\/span><\/li>\n<li><span style=\"color: #000000\"><a href=\"https:\/\/drive.google.com\/open?id=1dcCpeTMlSiZaeyfap7h4TFlY6zc5gPvn\"><span style=\"color: #000000\">28\/07\/2018 18:30:29 Pr\u00e1tica Pedaogica VI<\/span><\/a><\/span><\/li>\n<li><span style=\"color: #000000\"><a href=\"https:\/\/drive.google.com\/open?id=1ad79PkMLthi7dR3jXsuXJWCphyjQnYCm\"><span style=\"color: #000000\">28\/07\/2018 18:31:30 Psicologia aplicada a ed. fisica e esporte<\/span><\/a><\/span><\/li>\n<\/ol>\n<p><span style=\"color: #000000\"><strong>7\u00ba Ementas do VII Semestre (ED. F\u00cdSICA) &#8211; Matriz 2015<\/strong><\/span><\/p>\n<ol>\n<li><span style=\"color: #000000\"><a href=\"https:\/\/drive.google.com\/open?id=1_SYXth9ot6eBpinNsmVvQKn7kVr9DeZK\"><span style=\"color: #000000\">28\/07\/2018 18:39:25 Avalia\u00e7\u00f5es motoras aplicadas a aptid\u00e3o fisica0001<\/span><\/a><\/span><\/li>\n<li><span style=\"color: #000000\"><a href=\"https:\/\/drive.google.com\/open?id=1tQKsQypMRUIsGXOJUcB_dvvUNccxmClj\"><span style=\"color: #000000\">28\/07\/2018 18:46:08 Educa\u00e7\u00e3o f\u00edsica escolar(educa\u00e7\u00e3o infantil e fundamental)<\/span><\/a><\/span><\/li>\n<li><span style=\"color: #000000\"><a href=\"https:\/\/drive.google.com\/open?id=1E6ixWI3n8sBQnGvLfiwaxVAgqjJZySmC\"><span style=\"color: #000000\">28\/07\/2018 18:46:12 Educa\u00e7\u00e3o fisica escolar(educa\u00e7\u00e3o m\u00e9dio e superior)<\/span><\/a><\/span><\/li>\n<li><span style=\"color: #000000\"><a title=\"Acess\" href=\"https:\/\/drive.google.com\/open?id=1M0vNSngY0TwSmFZJvHw9p8275Z0P54Dy\"><span style=\"color: #000000\">28\/07\/2018 18:46:16 Estagio supervisionado II<\/span><\/a><\/span><\/li>\n<li><span style=\"color: #000000\"><a href=\"https:\/\/drive.google.com\/open?id=1neutAf4oYop82aBELYkGGItdmScAOpAH\"><span style=\"color: #000000\">28\/07\/2018 18:46:23 Fisiologia do exercicio<\/span><\/a><\/span><\/li>\n<li><span style=\"color: #000000\"><a href=\"https:\/\/drive.google.com\/open?id=1SlQahSUmKqBIk-yWlQexKEQ7NAC_g3mp\"><span style=\"color: #000000\">28\/07\/2018 18:46:28 Pr\u00e1tica pedag\u00f3gica VII<\/span><\/a><\/span><\/li>\n<li><span style=\"color: #000000\"><a href=\"https:\/\/drive.google.com\/open?id=1VIY4X4d-HA-a45blNB5k2KeRjzoQKFkM\"><span style=\"color: #000000\">28\/07\/2018 18:46:45 Trabalho de conclus\u00e3o de curso<\/span><\/a><\/span><\/li>\n<\/ol>\n<p><span style=\"color: #000000\"><strong>8\u00ba Ementas do VIII Semestre (ED. F\u00cdSICA) &#8211; Matriz 2015<\/strong><\/span><\/p>\n<ol>\n<li><span style=\"color: #000000\"><a title=\"Acess\" href=\"https:\/\/drive.google.com\/open?id=10-Vo9g1Pbqme-2afFnq73B5emiBXzR3Y\" target=\"_blank\"><span style=\"color: #000000\">28\/07\/2018 18:52:15 Estagio supervisionado III0001.pdf<\/span><\/a><\/span><\/li>\n<li><span style=\"color: #000000\"><a title=\"Acess\" href=\"https:\/\/drive.google.com\/open?id=1E2ax2L3bKYdMULIcXffu26JqpGGNg0Jk\" target=\"_blank\"><span style=\"color: #000000\">28\/07\/2018 18:52:21 Jogos e esportes de identidade cultural0001.pdf<\/span><\/a><\/span><\/li>\n<li><span style=\"color: #000000\"><a href=\"https:\/\/drive.google.com\/open?id=1wRBI4oRv6d6OtF4dSUvq0vDMh3h5yBFP\" target=\"_blank\"><span style=\"color: #000000\">28\/07\/2018 18:52:24 Organiza\u00e7\u00e3o,adm. e marketing em educa\u00e7\u00e3o fisica0001.pdf<\/span><\/a><\/span><\/li>\n<li><span style=\"color: #000000\"><a href=\"https:\/\/drive.google.com\/open?id=1Y9UnDDXW40fVnwcrjXd4NRa9OsX-KFgz\" target=\"_blank\"><span style=\"color: #000000\">28\/07\/2018 18:52:28 Pratica pedagogica VIII0001.pdf<\/span><\/a><\/span><\/li>\n<li><span style=\"color: #000000\"><a href=\"https:\/\/drive.google.com\/open?id=197UaEWGlE8jy5WqSgiXH9-8xcyvUolP2\"><span style=\"color: #000000\">28\/07\/2018 18:48:24 Trabalho de conclus\u00e3o de curso II0001.pdf<\/span><\/a><\/span><\/li>\n<li><span style=\"color: #000000\"><a href=\"https:\/\/drive.google.com\/open?id=1CLuOQetCfHsDS9fuKOJckSz2pVMng-6M\" target=\"_blank\"><span style=\"color: #000000\">28\/07\/2018 18:48:28 Treinamento em cicencias do esporte0001.pdf<\/span><\/a><\/span><\/li>\n<\/ol>\n","protected":false},"excerpt":{"rendered":"<p>Matriz Curricular MATRIZ &#8211; EDUCA\u00c7\u00c3O FISICA &#8211; LICENCIATURA &#8211; UNIFAP (MARCO ZERO DO EQUADOR) Ementas \u00a0\u00a0Ementas do I Semestre (ED. F\u00cdSICA) &#8211;&#8230;<\/p>\n","protected":false},"author":205,"featured_media":0,"parent":523,"menu_order":8,"comment_status":"closed","ping_status":"closed","template":"","meta":{"inline_featured_image":false,"ngg_post_thumbnail":0,"footnotes":""},"class_list":["post-524","page","type-page","status-publish","hentry"],"_links":{"self":[{"href":"https:\/\/www2.unifap.br\/edfisica\/wp-json\/wp\/v2\/pages\/524","targetHints":{"allow":["GET"]}}],"collection":[{"href":"https:\/\/www2.unifap.br\/edfisica\/wp-json\/wp\/v2\/pages"}],"about":[{"href":"https:\/\/www2.unifap.br\/edfisica\/wp-json\/wp\/v2\/types\/page"}],"author":[{"embeddable":true,"href":"https:\/\/www2.unifap.br\/edfisica\/wp-json\/wp\/v2\/users\/205"}],"replies":[{"embeddable":true,"href":"https:\/\/www2.unifap.br\/edfisica\/wp-json\/wp\/v2\/comments?post=524"}],"version-history":[{"count":15,"href":"https:\/\/www2.unifap.br\/edfisica\/wp-json\/wp\/v2\/pages\/524\/revisions"}],"predecessor-version":[{"id":11321,"href":"https:\/\/www2.unifap.br\/edfisica\/wp-json\/wp\/v2\/pages\/524\/revisions\/11321"}],"up":[{"embeddable":true,"href":"https:\/\/www2.unifap.br\/edfisica\/wp-json\/wp\/v2\/pages\/523"}],"wp:attachment":[{"href":"https:\/\/www2.unifap.br\/edfisica\/wp-json\/wp\/v2\/media?parent=524"}],"curies":[{"name":"wp","href":"https:\/\/api.w.org\/{rel}","templated":true}]}}