{"id":6208,"date":"2017-06-13T08:30:33","date_gmt":"2017-06-13T08:30:33","guid":{"rendered":"http:\/\/www2.unifap.br\/edfisica\/?page_id=6208"},"modified":"2017-09-12T05:25:15","modified_gmt":"2017-09-12T05:25:15","slug":"juaps_ind17","status":"publish","type":"page","link":"https:\/\/www2.unifap.br\/edfisica\/extensao_ccef\/extensao\/proesport\/aux_atleta_17\/juaps_ind17\/","title":{"rendered":"JUAP\u2019s 2017- Modalidade Individuais (Encerrado\/Arquivado)"},"content":{"rendered":"<p><span style=\"color: #000000;font-family: Consolas, Monaco, monospace;font-size: 12px;line-height: 18px\">\u00c0 Divis\u00e3o de Esportes, no uso de suas atribui\u00e7\u00f5es abri inscri\u00e7\u00f5es para Jogos Universit\u00e1rios Amapaenses 2017 \u2013 JUAP\u2019s (Alunos-Atletas,\u00a0modalidade individual).<\/span><\/p>\n<p><!--more--><\/p>\n<p><span style=\"color: #ff0000;font-family: verdana;font-size: small\">Per\u00edodo de Inscri\u00e7\u00e3o: <strong><span style=\"color: #000000\">08:30 de\u00a0<\/span><\/strong><\/span><strong><span style=\"font-family: Verdana;font-size: small;color: #000000\">14\/06\/2017 \u00e0s 23:59 de 20\/07\/2017<\/span><\/strong><\/p>\n<p><a title=\"Acesso ao Arquivo \" href=\"http:\/\/www2.unifap.br\/edfisica\/2017\/09\/03\/destaque-2\/\" target=\"_blank\">fotos JUD\u00d4<\/a>\u00a0<img decoding=\"async\" alt=\"novo\" src=\"http:\/\/www2.unifap.br\/edfisica\/files\/2014\/12\/novo.gif\" width=\"31\" height=\"12\" \/><\/p>\n<p><a title=\"Acesso ao Arquivo Galeria de Fotos\" href=\"http:\/\/www2.unifap.br\/edfisica\/2017\/08\/25\/destaque-3\/\" target=\"_blank\">Fotos V\u00f4lei de Praia<\/a>\u00a0<img decoding=\"async\" alt=\"novo\" src=\"http:\/\/www2.unifap.br\/edfisica\/files\/2014\/12\/novo.gif\" width=\"31\" height=\"12\" \/><\/p>\n<p><a title=\"Acesso ao CONVITE\" href=\"http:\/\/www2.unifap.br\/edfisica\/2017\/09\/04\/convite_atletas_juaps\/\" target=\"_blank\">2017\/09\/04 &#8211; INFORME DESPORT: Convite aos Alunos Atletas Campe\u00f5es no JUAP\u2019s 2017<\/a>\u00a0<img decoding=\"async\" alt=\"novo\" src=\"http:\/\/www2.unifap.br\/edfisica\/files\/2014\/12\/novo.gif\" width=\"31\" height=\"12\" \/><\/p>\n<p><!--more--><\/p>\n<p><img decoding=\"async\" class=\"wp-image-3450 aligncenter\" alt=\"Inscri\u00e7\u00f5es Encerradas\" src=\"http:\/\/www2.unifap.br\/edfisica\/files\/2015\/04\/Inscri\u00e7\u00f5es-Encerradas.gif\" width=\"347\" height=\"48\" \/><\/p>\n<p><!--more--><\/p>\n<p><span style=\"color: #ff0000;font-family: verdana;font-size: small\">Documentos para download:<\/span><\/p>\n<ol>\n<li><div class='w3eden'><!-- WPDM Link Template: Default Template -->\n\n<div class=\"link-template-default card mb-2\">\n    <div class=\"card-body\">\n        <div class=\"media\">\n            <div class=\"mr-3 img-48\"><img decoding=\"async\" class=\"wpdm_icon\" alt=\"\u00edcone\"   src=\"https:\/\/www2.unifap.br\/edfisica\/wp-content\/plugins\/download-manager\/assets\/file-type-icons\/pdf.png\" \/><\/div>\n            <div class=\"media-body\">\n                <h3 class=\"package-title\"><a href='https:\/\/www2.unifap.br\/edfisica\/download\/despcho_295-2017-ccef\/'>2017\/09\/11 - Aviso aos Alunos-Atleta Prol-JUB\u2019s 2017 - GO - DESPACHO n\u00ba 295\/2017 CCEF\/DEDU<\/a><\/h3>\n                <div class=\"text-muted text-small\"><i class=\"fas fa-copy\"><\/i> 1  arquivo(s) <i class=\"fas fa-hdd ml-3\"><\/i> 211.48 KB<\/div>\n            <\/div>\n            <div class=\"ml-3\">\n                <a class='wpdm-download-link download-on-click btn btn-primary ' rel='nofollow' href='#' data-downloadurl=\"https:\/\/www2.unifap.br\/edfisica\/download\/despcho_295-2017-ccef\/?wpdmdl=7204&refresh=69d782d96a07b1775731417\">Download<\/a>\n            <\/div>\n        <\/div>\n    <\/div>\n<\/div>\n\n<\/div>\u00a0<img decoding=\"async\" alt=\"novo\" src=\"http:\/\/www2.unifap.br\/edfisica\/files\/2014\/12\/novo.gif\" width=\"31\" height=\"12\" \/><\/li>\n<li><div class='w3eden'><!-- WPDM Link Template: Default Template -->\n\n<div class=\"link-template-default card mb-2\">\n    <div class=\"card-body\">\n        <div class=\"media\">\n            <div class=\"mr-3 img-48\"><img decoding=\"async\" class=\"wpdm_icon\" alt=\"\u00edcone\"   src=\"https:\/\/www2.unifap.br\/edfisica\/wp-content\/plugins\/download-manager\/assets\/file-type-icons\/pdf.png\" \/><\/div>\n            <div class=\"media-body\">\n                <h3 class=\"package-title\"><a href='https:\/\/www2.unifap.br\/edfisica\/download\/boletim-5\/'>2017\/09\/04 - BOLETIM n\u00ba 8 -RESULTADO  GERAL  (JUA'Ps Individual)<\/a><\/h3>\n                <div class=\"text-muted text-small\"><i class=\"fas fa-copy\"><\/i> 1  arquivo(s) <i class=\"fas fa-hdd ml-3\"><\/i> 235.03 KB<\/div>\n            <\/div>\n            <div class=\"ml-3\">\n                <a class='wpdm-download-link download-on-click btn btn-primary ' rel='nofollow' href='#' data-downloadurl=\"https:\/\/www2.unifap.br\/edfisica\/download\/boletim-5\/?wpdmdl=7135&refresh=69d782d96cd2b1775731417\">Download<\/a>\n            <\/div>\n        <\/div>\n    <\/div>\n<\/div>\n\n<\/div><\/li>\n<li><div class='w3eden'><!-- WPDM Link Template: Default Template -->\n\n<div class=\"link-template-default card mb-2\">\n    <div class=\"card-body\">\n        <div class=\"media\">\n            <div class=\"mr-3 img-48\"><img decoding=\"async\" class=\"wpdm_icon\" alt=\"\u00edcone\"   src=\"https:\/\/www2.unifap.br\/edfisica\/wp-content\/plugins\/download-manager\/assets\/file-type-icons\/url.png\" \/><\/div>\n            <div class=\"media-body\">\n                <h3 class=\"package-title\"><a href='https:\/\/www2.unifap.br\/edfisica\/download\/convite_juaps-2017\/'>2017\/09\/04 - INFORME DESPORT: Convite aos Alunos Atletas Campe\u00f5es no JUAP\u2019s 2017<\/a><\/h3>\n                <div class=\"text-muted text-small\"><i class=\"fas fa-copy\"><\/i> 1  arquivo(s) <i class=\"fas fa-hdd ml-3\"><\/i> 64.00 KB<\/div>\n            <\/div>\n            <div class=\"ml-3\">\n                <a class='wpdm-download-link download-on-click btn btn-primary ' rel='nofollow' href='#' data-downloadurl=\"https:\/\/www2.unifap.br\/edfisica\/download\/convite_juaps-2017\/?wpdmdl=7141&refresh=69d782d96f8ec1775731417\">http:\/\/www2.unifap.br\/edfisica\/2017\/09\/04\/convite_atletas_juaps\/<\/a>\n            <\/div>\n        <\/div>\n    <\/div>\n<\/div>\n\n<\/div><\/li>\n<li><div class='w3eden'><!-- WPDM Link Template: Default Template -->\n\n<div class=\"link-template-default card mb-2\">\n    <div class=\"card-body\">\n        <div class=\"media\">\n            <div class=\"mr-3 img-48\"><img decoding=\"async\" class=\"wpdm_icon\" alt=\"\u00edcone\"   src=\"https:\/\/www2.unifap.br\/edfisica\/wp-content\/plugins\/download-manager\/assets\/file-type-icons\/pdf.png\" \/><\/div>\n            <div class=\"media-body\">\n                <h3 class=\"package-title\"><a href='https:\/\/www2.unifap.br\/edfisica\/download\/destaque\/'>2017\/09\/02 - Resultado da Competi\u00e7\u00e3o de JUD\u00d4 - JUAPs 2017 (Alunos da UNIFAP levam a coloca\u00e7\u00e3o do 1\u00ba Lugar)<\/a><\/h3>\n                <div class=\"text-muted text-small\"><i class=\"fas fa-copy\"><\/i> 1  arquivo(s) <i class=\"fas fa-hdd ml-3\"><\/i> 107.56 KB<\/div>\n            <\/div>\n            <div class=\"ml-3\">\n                <a class='wpdm-download-link download-on-click btn btn-primary ' rel='nofollow' href='#' data-downloadurl=\"https:\/\/www2.unifap.br\/edfisica\/download\/destaque\/?wpdmdl=7057&refresh=69d782d97183c1775731417\">Download<\/a>\n            <\/div>\n        <\/div>\n    <\/div>\n<\/div>\n\n<\/div> &#8211; Resultado JUD\u00d4<\/li>\n<li><div class='w3eden'><!-- WPDM Link Template: Default Template -->\n\n<div class=\"link-template-default card mb-2\">\n    <div class=\"card-body\">\n        <div class=\"media\">\n            <div class=\"mr-3 img-48\"><img decoding=\"async\" class=\"wpdm_icon\" alt=\"\u00edcone\"   src=\"https:\/\/www2.unifap.br\/edfisica\/wp-content\/plugins\/download-manager\/assets\/file-type-icons\/pdf.png\" \/><\/div>\n            <div class=\"media-body\">\n                <h3 class=\"package-title\"><a href='https:\/\/www2.unifap.br\/edfisica\/download\/relacao_judo\/'>2017\/09\/01 - Rela\u00e7\u00e3o de Atletas JUD\u00d4 Competidores JUAP's<\/a><\/h3>\n                <div class=\"text-muted text-small\"><i class=\"fas fa-copy\"><\/i> 1  arquivo(s) <i class=\"fas fa-hdd ml-3\"><\/i> 139.89 KB<\/div>\n            <\/div>\n            <div class=\"ml-3\">\n                <a class='wpdm-download-link download-on-click btn btn-primary ' rel='nofollow' href='#' data-downloadurl=\"https:\/\/www2.unifap.br\/edfisica\/download\/relacao_judo\/?wpdmdl=7043&refresh=69d782d9737a91775731417\">Download<\/a>\n            <\/div>\n        <\/div>\n    <\/div>\n<\/div>\n\n<\/div> &#8211;<\/li>\n<li><div class='w3eden'><!-- WPDM Link Template: Default Template -->\n\n<div class=\"link-template-default card mb-2\">\n    <div class=\"card-body\">\n        <div class=\"media\">\n            <div class=\"mr-3 img-48\"><img decoding=\"async\" class=\"wpdm_icon\" alt=\"\u00edcone\"   src=\"https:\/\/www2.unifap.br\/edfisica\/wp-content\/plugins\/download-manager\/assets\/file-type-icons\/pdf.png\" \/><\/div>\n            <div class=\"media-body\">\n                <h3 class=\"package-title\"><a href='https:\/\/www2.unifap.br\/edfisica\/download\/programacao-4\/'>2017\/08\/17 - Programa\u00e7\u00e3o JOGOS JUAP's INDIVIDUAIS 2017<\/a><\/h3>\n                <div class=\"text-muted text-small\"><i class=\"fas fa-copy\"><\/i> 1  arquivo(s) <i class=\"fas fa-hdd ml-3\"><\/i> 229.76 KB<\/div>\n            <\/div>\n            <div class=\"ml-3\">\n                <a class='wpdm-download-link download-on-click btn btn-primary ' rel='nofollow' href='#' data-downloadurl=\"https:\/\/www2.unifap.br\/edfisica\/download\/programacao-4\/?wpdmdl=6935&refresh=69d782d97543c1775731417\">Download<\/a>\n            <\/div>\n        <\/div>\n    <\/div>\n<\/div>\n\n<\/div> &#8211;\u00a0\u00a0Prog.o JOGOS JUAP\u2019s IND. 17<\/li>\n<li><div class='w3eden'><!-- WPDM Link Template: Default Template -->\n\n<div class=\"link-template-default card mb-2\">\n    <div class=\"card-body\">\n        <div class=\"media\">\n            <div class=\"mr-3 img-48\"><img decoding=\"async\" class=\"wpdm_icon\" alt=\"\u00edcone\"   src=\"https:\/\/www2.unifap.br\/edfisica\/wp-content\/plugins\/download-manager\/assets\/file-type-icons\/pdf.png\" \/><\/div>\n            <div class=\"media-body\">\n                <h3 class=\"package-title\"><a href='https:\/\/www2.unifap.br\/edfisica\/download\/relacao-5\/'>2017-08-17 JUAP's - Rela\u00e7\u00e3o Nominal Delega\u00e7\u00e3o Geral Atletas Inscritos na CBDU<\/a><\/h3>\n                <div class=\"text-muted text-small\"><i class=\"fas fa-copy\"><\/i> 1  arquivo(s) <i class=\"fas fa-hdd ml-3\"><\/i> 26.81 KB<\/div>\n            <\/div>\n            <div class=\"ml-3\">\n                <a class='wpdm-download-link download-on-click btn btn-primary ' rel='nofollow' href='#' data-downloadurl=\"https:\/\/www2.unifap.br\/edfisica\/download\/relacao-5\/?wpdmdl=6940&refresh=69d782d976ea31775731417\">Download<\/a>\n            <\/div>\n        <\/div>\n    <\/div>\n<\/div>\n\n<\/div> Relat\u00f3rio da Delega\u00e7\u00e3o inscritos<\/li>\n<li><div class='w3eden'><!-- WPDM Link Template: Default Template -->\n\n<div class=\"link-template-default card mb-2\">\n    <div class=\"card-body\">\n        <div class=\"media\">\n            <div class=\"mr-3 img-48\"><img decoding=\"async\" class=\"wpdm_icon\" alt=\"\u00edcone\"   src=\"https:\/\/www2.unifap.br\/edfisica\/wp-content\/plugins\/download-manager\/assets\/file-type-icons\/pdf.png\" \/><\/div>\n            <div class=\"media-body\">\n                <h3 class=\"package-title\"><a href='https:\/\/www2.unifap.br\/edfisica\/download\/resultado_final-2\/'>2017-08-11_Resultado FINAL dos Candidatos Inscritos JUAP's 2017 Modalidade Individuais (Agosto - AP)<\/a><\/h3>\n                <div class=\"text-muted text-small\"><i class=\"fas fa-copy\"><\/i> 1  arquivo(s) <i class=\"fas fa-hdd ml-3\"><\/i> 722.42 KB<\/div>\n            <\/div>\n            <div class=\"ml-3\">\n                <a class='wpdm-download-link download-on-click btn btn-primary ' rel='nofollow' href='#' data-downloadurl=\"https:\/\/www2.unifap.br\/edfisica\/download\/resultado_final-2\/?wpdmdl=6853&refresh=69d782d978d4f1775731417\">Download<\/a>\n            <\/div>\n        <\/div>\n    <\/div>\n<\/div>\n\n<\/div> &#8211; Resultado Final de Inscritos<\/li>\n<li><a title=\"Informa\u00e7\u00f5es Publicadas em 12-8-2017 as 12h\" href=\"http:\/\/www2.unifap.br\/edfisica\/files\/2017\/06\/Atletismo-Masculino_CBDU-Sistema-de-Gest\u00e3o-de-Esportes-__.pdf\" target=\"_blank\">Atletismo &#8211; Masculino_CBDU\u00a0<\/a><\/li>\n<li><a title=\"Informa\u00e7\u00f5es Publicadas em 12-8-2017 as 12h\" href=\"http:\/\/www2.unifap.br\/edfisica\/files\/2017\/06\/Basquetebol-3x3-Masculino_CBDU-Sistema-de-Gest\u00e3o-de-Esportes__.pdf\" target=\"_blank\">Basquetebol 3&#215;3 &#8211; Masculino_CBDU<\/a><\/li>\n<li><a title=\"Informa\u00e7\u00f5es Publicadas em 12-8-2017 as 12h\" href=\"http:\/\/www2.unifap.br\/edfisica\/files\/2017\/06\/Judo-Masculino_CBDU-Sistema-de-Gest\u00e3o-de-Esportes__.pdf\" target=\"_blank\">Judo &#8211; Masculino_CBDU <\/a><\/li>\n<li><a title=\"Informa\u00e7\u00f5es Publicadas em 12-8-2017 as 12h\" href=\"http:\/\/www2.unifap.br\/edfisica\/files\/2017\/06\/Tenis-de-Mesa-Feminino_CBDU-Sistema-de-Gest\u00e3o-de-Esporte__.pdf\" target=\"_blank\">Tenis de Mesa &#8211; Feminino_CBDU <\/a><\/li>\n<li><a href=\"http:\/\/www2.unifap.br\/edfisica\/files\/2017\/06\/Voleibol-de-Praia-Feminino_CBDU-Sistema-de-Gest\u00e3o-de-Esporte__.pdf\">Voleibol de Praia &#8211; Feminino_CBDU <\/a><\/li>\n<li><a href=\"http:\/\/www2.unifap.br\/edfisica\/files\/2017\/06\/Voleibol-de-Praia-Masculino_CBDU-Sistema-de-Gest\u00e3o-de-Esporte__.pdf\">Voleibol de Praia &#8211; Masculino_CBDU<\/a><\/li>\n<li><a href=\"http:\/\/www2.unifap.br\/edfisica\/files\/2017\/06\/Xadrez-Feminino_CBDU-Sistema-de-Gest\u00e3o-de-Esporte__.pdf\">Xadrez &#8211; Feminino_CBDU <\/a><\/li>\n<li>\u00a0<a href=\"http:\/\/www2.unifap.br\/edfisica\/files\/2017\/06\/Xadrez-Masculino_CBDU-Sistema-de-Gest\u00e3o-de-Esportes-__.pdf\">Xadrez &#8211; Masculino_CBDU<\/a><\/li>\n<li><a href=\"http:\/\/www2.unifap.br\/edfisica\/files\/2017\/06\/Termo-de-Responsabilidades-e-Cess\u00e3o-de-Direitos-dos-Atletas.pdf\">Termo de Responsabilidades e Cess\u00e3o de Direitos dos Atletas<\/a><\/li>\n<li><a href=\"http:\/\/www2.unifap.br\/edfisica\/files\/2017\/06\/Termo-de-Responsabilidades-e-Cess\u00e3o-de-Direitos-dos-T\u00e9cnicos_Auxiliares.pdf\">Termo de Responsabilidades e CesT\u00e9cnicos_Auxiliares<\/a><\/li>\n<li><a href=\"http:\/\/www2.unifap.br\/edfisica\/files\/2017\/06\/Rela\u00e7\u00e3o-Nominal-da-Delega\u00e7\u00e3o_Geral_Atletas_e_Tecnicos_Inscritos.pdf\">Rela\u00e7\u00e3o Nominal da Delega\u00e7\u00e3o_Geral_Atletas_e_Tecnicos_Inscritos<\/a><\/li>\n<li><a href=\"http:\/\/www2.unifap.br\/edfisica\/files\/2017\/06\/Rela\u00e7\u00e3o-de-IES-Por-Modalidade.pdf\">Rela\u00e7\u00e3o de IES Por Modalidade<\/a><\/li>\n<li><div class='w3eden'><!-- WPDM Link Template: Default Template -->\n\n<div class=\"link-template-default card mb-2\">\n    <div class=\"card-body\">\n        <div class=\"media\">\n            <div class=\"mr-3 img-48\"><img decoding=\"async\" class=\"wpdm_icon\" alt=\"\u00edcone\"   src=\"https:\/\/www2.unifap.br\/edfisica\/wp-content\/plugins\/download-manager\/assets\/file-type-icons\/pdf.png\" \/><\/div>\n            <div class=\"media-body\">\n                <h3 class=\"package-title\"><a href='https:\/\/www2.unifap.br\/edfisica\/download\/inscricoes-2\/'>2017-07-21_Inscricoes_homologas__IndivJUAPs 2017(aptos_Fase2)<\/a><\/h3>\n                <div class=\"text-muted text-small\"><i class=\"fas fa-copy\"><\/i> 1  arquivo(s) <i class=\"fas fa-hdd ml-3\"><\/i> 940.46 KB<\/div>\n            <\/div>\n            <div class=\"ml-3\">\n                <a class='wpdm-download-link download-on-click btn btn-primary ' rel='nofollow' href='#' data-downloadurl=\"https:\/\/www2.unifap.br\/edfisica\/download\/inscricoes-2\/?wpdmdl=6705&refresh=69d782d97af331775731417\">Download<\/a>\n            <\/div>\n        <\/div>\n    <\/div>\n<\/div>\n\n<\/div> &#8211; Resultado Fase 1 (ATEN\u00c7\u00c3O NOS PRAZOS E CRONOGRAMA para Fase 2\u00a0)<\/li>\n<li><div class='w3eden'><!-- WPDM Link Template: Default Template -->\n\n<div class=\"link-template-default card mb-2\">\n    <div class=\"card-body\">\n        <div class=\"media\">\n            <div class=\"mr-3 img-48\"><img decoding=\"async\" class=\"wpdm_icon\" alt=\"\u00edcone\"   src=\"https:\/\/www2.unifap.br\/edfisica\/wp-content\/plugins\/download-manager\/assets\/file-type-icons\/pdf.png\" \/><\/div>\n            <div class=\"media-body\">\n                <h3 class=\"package-title\"><a href='https:\/\/www2.unifap.br\/edfisica\/download\/aviso-5\/'>2017-07-21_AVISO_retificacao_2_cronograma_ADICAO_Basquete_3x3<\/a><\/h3>\n                <div class=\"text-muted text-small\"><i class=\"fas fa-copy\"><\/i> 1  arquivo(s) <i class=\"fas fa-hdd ml-3\"><\/i> 432.11 KB<\/div>\n            <\/div>\n            <div class=\"ml-3\">\n                <a class='wpdm-download-link download-on-click btn btn-primary ' rel='nofollow' href='#' data-downloadurl=\"https:\/\/www2.unifap.br\/edfisica\/download\/aviso-5\/?wpdmdl=6709&refresh=69d782d97d4891775731417\">Download<\/a>\n            <\/div>\n        <\/div>\n    <\/div>\n<\/div>\n\n<\/div><\/li>\n<li><span style=\"line-height: 1.5em\"><div class='w3eden'><!-- WPDM Link Template: Default Template -->\n\n<div class=\"link-template-default card mb-2\">\n    <div class=\"card-body\">\n        <div class=\"media\">\n            <div class=\"mr-3 img-48\"><img decoding=\"async\" class=\"wpdm_icon\" alt=\"\u00edcone\"   src=\"https:\/\/www2.unifap.br\/edfisica\/wp-content\/plugins\/download-manager\/assets\/file-type-icons\/docx.png\" \/><\/div>\n            <div class=\"media-body\">\n                <h3 class=\"package-title\"><a href='https:\/\/www2.unifap.br\/edfisica\/download\/aviso-4\/'>2017-07-17_AVISO_aos_Estudantes_UNIFAP (Retificando o Cronograma)<\/a><\/h3>\n                <div class=\"text-muted text-small\"><i class=\"fas fa-copy\"><\/i> 1  arquivo(s) <i class=\"fas fa-hdd ml-3\"><\/i> 408.40 KB<\/div>\n            <\/div>\n            <div class=\"ml-3\">\n                <a class='wpdm-download-link download-on-click btn btn-primary ' rel='nofollow' href='#' data-downloadurl=\"https:\/\/www2.unifap.br\/edfisica\/download\/aviso-4\/?wpdmdl=6682&refresh=69d782d97f1c01775731417\">Download<\/a>\n            <\/div>\n        <\/div>\n    <\/div>\n<\/div>\n\n<\/div><\/span><\/li>\n<li><span style=\"line-height: 1.5em\"><div class='w3eden'><!-- WPDM Link Template: Default Template -->\n\n<div class=\"link-template-default card mb-2\">\n    <div class=\"card-body\">\n        <div class=\"media\">\n            <div class=\"mr-3 img-48\"><img decoding=\"async\" class=\"wpdm_icon\" alt=\"\u00edcone\"   src=\"https:\/\/www2.unifap.br\/edfisica\/wp-content\/plugins\/download-manager\/assets\/file-type-icons\/docx.png\" \/><\/div>\n            <div class=\"media-body\">\n                <h3 class=\"package-title\"><a href='https:\/\/www2.unifap.br\/edfisica\/download\/fichas-5\/'>2017-07-14_FICHAS_CADASTRAL_Atleta__JUAPs_2017<\/a><\/h3>\n                <div class=\"text-muted text-small\"><i class=\"fas fa-copy\"><\/i> 1  arquivo(s) <i class=\"fas fa-hdd ml-3\"><\/i> 279.00 KB<\/div>\n            <\/div>\n            <div class=\"ml-3\">\n                <a class='wpdm-download-link download-on-click btn btn-primary ' rel='nofollow' href='#' data-downloadurl=\"https:\/\/www2.unifap.br\/edfisica\/download\/fichas-5\/?wpdmdl=6652&refresh=69d782d9823101775731417\">Download<\/a>\n            <\/div>\n        <\/div>\n    <\/div>\n<\/div>\n\n<\/div>\u00a0<\/span><a style=\"line-height: 1.5em\" href=\"http:\/\/sigu.unifap.br\/instance\/sigu\/titan.php?target=body&amp;toSection=administrativo.postagens&amp;toAction=editArquivo&amp;itemId=16842\"><span>Ficha de Inscri\u00e7\u00e3o Individual (Confirma\u00e7\u00e3o PRESENCIAL)<\/span><\/a><\/li>\n<li><span style=\"line-height: 1.5em\"><div class='w3eden'><!-- WPDM Link Template: Default Template -->\n\n<div class=\"link-template-default card mb-2\">\n    <div class=\"card-body\">\n        <div class=\"media\">\n            <div class=\"mr-3 img-48\"><img decoding=\"async\" class=\"wpdm_icon\" alt=\"\u00edcone\"   src=\"https:\/\/www2.unifap.br\/edfisica\/wp-content\/plugins\/download-manager\/assets\/file-type-icons\/pdf.png\" \/><\/div>\n            <div class=\"media-body\">\n                <h3 class=\"package-title\"><a href='https:\/\/www2.unifap.br\/edfisica\/download\/juaps-17\/'>2017\/07\/14_INFORMA\u00c7\u00d5ES JUAPS 17 - MODALIDADES INDIVIDUAIS<\/a><\/h3>\n                <div class=\"text-muted text-small\"><i class=\"fas fa-copy\"><\/i> 1  arquivo(s) <i class=\"fas fa-hdd ml-3\"><\/i> 218.98 KB<\/div>\n            <\/div>\n            <div class=\"ml-3\">\n                <a class='wpdm-download-link download-on-click btn btn-primary ' rel='nofollow' href='#' data-downloadurl=\"https:\/\/www2.unifap.br\/edfisica\/download\/juaps-17\/?wpdmdl=6639&refresh=69d782d984a7d1775731417\">Download<\/a>\n            <\/div>\n        <\/div>\n    <\/div>\n<\/div>\n\n<\/div> Infor. JUAP&#8217;s Indiv\u00a0<\/span><\/li>\n<li><div class='w3eden'><!-- WPDM Link Template: Default Template -->\n\n<div class=\"link-template-default card mb-2\">\n    <div class=\"card-body\">\n        <div class=\"media\">\n            <div class=\"mr-3 img-48\"><img decoding=\"async\" class=\"wpdm_icon\" alt=\"\u00edcone\"   src=\"https:\/\/www2.unifap.br\/edfisica\/wp-content\/plugins\/download-manager\/assets\/file-type-icons\/pdf.png\" \/><\/div>\n            <div class=\"media-body\">\n                <h3 class=\"package-title\"><a href='https:\/\/www2.unifap.br\/edfisica\/download\/regulamento-2\/'>2017-07-14_RegulamentoGeralJUAP__seletiva jubs2017_Individuais<\/a><\/h3>\n                <div class=\"text-muted text-small\"><i class=\"fas fa-copy\"><\/i> 1  arquivo(s) <i class=\"fas fa-hdd ml-3\"><\/i> 767.35 KB<\/div>\n            <\/div>\n            <div class=\"ml-3\">\n                <a class='wpdm-download-link download-on-click btn btn-primary ' rel='nofollow' href='#' data-downloadurl=\"https:\/\/www2.unifap.br\/edfisica\/download\/regulamento-2\/?wpdmdl=6642&refresh=69d782d98694e1775731417\">Download<\/a>\n            <\/div>\n        <\/div>\n    <\/div>\n<\/div>\n\n<\/div>\u00a0Reg. Geral JUAP Selet. Indiv.<\/li>\n<li><div class='w3eden'><!-- WPDM Link Template: Default Template -->\n\n<div class=\"link-template-default card mb-2\">\n    <div class=\"card-body\">\n        <div class=\"media\">\n            <div class=\"mr-3 img-48\"><img decoding=\"async\" class=\"wpdm_icon\" alt=\"\u00edcone\"   src=\"https:\/\/www2.unifap.br\/edfisica\/wp-content\/plugins\/download-manager\/assets\/file-type-icons\/pdf.png\" \/><\/div>\n            <div class=\"media-body\">\n                <h3 class=\"package-title\"><a href='https:\/\/www2.unifap.br\/edfisica\/download\/regulamento\/'>20170630 - JUB's 2017 Regulamento Geral <\/a><\/h3>\n                <div class=\"text-muted text-small\"><i class=\"fas fa-copy\"><\/i> 1  arquivo(s) <i class=\"fas fa-hdd ml-3\"><\/i> 2.55 MB<\/div>\n            <\/div>\n            <div class=\"ml-3\">\n                <a class='wpdm-download-link download-on-click btn btn-primary ' rel='nofollow' href='#' data-downloadurl=\"https:\/\/www2.unifap.br\/edfisica\/download\/regulamento\/?wpdmdl=6510&refresh=69d782d988f7b1775731417\">Download<\/a>\n            <\/div>\n        <\/div>\n    <\/div>\n<\/div>\n\n<\/div> &#8211; Reg. Ger. JUBs17<\/li>\n<li><a title=\"Informa\u00e7\u00f5es e Inscri\u00e7\u00f5es no JUAP's Individuais \" href=\"http:\/\/www2.unifap.br\/edfisica\/2017\/06\/12\/informe-80\/\" target=\"_blank\">INFORME n\u00ba 80\/2017 &#8211; DESPORT<\/a><\/li>\n<li><a href=\"http:\/\/www2.unifap.br\/edfisica\/files\/2017\/06\/2017-07-14_AVISO_aos_Estudantes_UNIFAP_RETIFICADO.pdf\">2017-07-17_AVISO_aos_Estudantes_UNIFAP_RETIFICADO<\/a><\/li>\n<li><a title=\"Acesso ao arquivo para download retificado em 17\/07\/2017\" href=\"http:\/\/www2.unifap.br\/edfisica\/files\/2017\/06\/CRONOGRAMA_RETIFICADO_atendimento-Altetas_JUAPs_Indivi.jpg\" target=\"_blank\">CRONOGRAMA_RETIFICADO_atendimento-Altetas_JUAPs_Indivi.jpg<\/a><\/li>\n<\/ol>\n<p>&nbsp;<\/p>\n<p>&nbsp;<\/p>\n<p><b><img fetchpriority=\"high\" decoding=\"async\" class=\"aligncenter\" alt=\"JUAPS_17\" src=\"http:\/\/www2.unifap.br\/edfisica\/files\/2017\/04\/JUAPS_17.jpg\" width=\"380\" height=\"370\" \/><\/b><\/p>\n<figure id=\"attachment_6683\" aria-describedby=\"caption-attachment-6683\" style=\"width: 640px\" class=\"wp-caption aligncenter\"><a href=\"http:\/\/www2.unifap.br\/edfisica\/files\/2017\/06\/CRONOGRAMA_RETIFICADO_atendimento-Altetas_JUAPs_Indivi.jpg\"><img loading=\"lazy\" decoding=\"async\" class=\"size-large wp-image-6683\" alt=\"Cronograma De Atendimento E Confirma\u00e7\u00e3o Das Inscri\u00e7\u00f5es dos Alunos \u2013 Atletas. \" src=\"http:\/\/www2.unifap.br\/edfisica\/files\/2017\/06\/CRONOGRAMA_RETIFICADO_atendimento-Altetas_JUAPs_Indivi-1024x603.jpg\" width=\"640\" height=\"376\" srcset=\"https:\/\/www2.unifap.br\/edfisica\/files\/2017\/06\/CRONOGRAMA_RETIFICADO_atendimento-Altetas_JUAPs_Indivi-1024x603.jpg 1024w, https:\/\/www2.unifap.br\/edfisica\/files\/2017\/06\/CRONOGRAMA_RETIFICADO_atendimento-Altetas_JUAPs_Indivi-300x176.jpg 300w, https:\/\/www2.unifap.br\/edfisica\/files\/2017\/06\/CRONOGRAMA_RETIFICADO_atendimento-Altetas_JUAPs_Indivi.jpg 1304w\" sizes=\"(max-width: 640px) 100vw, 640px\" \/><\/a><figcaption id=\"caption-attachment-6683\" class=\"wp-caption-text\">Cronograma De Atendimento E Confirma\u00e7\u00e3o Das Inscri\u00e7\u00f5es dos Alunos \u2013 Atletas.<\/figcaption><\/figure>\n<p>&nbsp;<\/p>\n<p>&nbsp;<\/p>\n<p>&nbsp;<\/p>\n","protected":false},"excerpt":{"rendered":"<p>\u00c0 Divis\u00e3o de Esportes, no uso de suas atribui\u00e7\u00f5es abri inscri\u00e7\u00f5es para Jogos Universit\u00e1rios Amapaenses 2017 \u2013 JUAP\u2019s (Alunos-Atletas,\u00a0modalidade individual).<\/p>\n","protected":false},"author":205,"featured_media":0,"parent":5075,"menu_order":1,"comment_status":"closed","ping_status":"closed","template":"page-template-full.php","meta":{"inline_featured_image":false,"ngg_post_thumbnail":0,"footnotes":""},"class_list":["post-6208","page","type-page","status-publish","hentry"],"_links":{"self":[{"href":"https:\/\/www2.unifap.br\/edfisica\/wp-json\/wp\/v2\/pages\/6208","targetHints":{"allow":["GET"]}}],"collection":[{"href":"https:\/\/www2.unifap.br\/edfisica\/wp-json\/wp\/v2\/pages"}],"about":[{"href":"https:\/\/www2.unifap.br\/edfisica\/wp-json\/wp\/v2\/types\/page"}],"author":[{"embeddable":true,"href":"https:\/\/www2.unifap.br\/edfisica\/wp-json\/wp\/v2\/users\/205"}],"replies":[{"embeddable":true,"href":"https:\/\/www2.unifap.br\/edfisica\/wp-json\/wp\/v2\/comments?post=6208"}],"version-history":[{"count":33,"href":"https:\/\/www2.unifap.br\/edfisica\/wp-json\/wp\/v2\/pages\/6208\/revisions"}],"predecessor-version":[{"id":7211,"href":"https:\/\/www2.unifap.br\/edfisica\/wp-json\/wp\/v2\/pages\/6208\/revisions\/7211"}],"up":[{"embeddable":true,"href":"https:\/\/www2.unifap.br\/edfisica\/wp-json\/wp\/v2\/pages\/5075"}],"wp:attachment":[{"href":"https:\/\/www2.unifap.br\/edfisica\/wp-json\/wp\/v2\/media?parent=6208"}],"curies":[{"name":"wp","href":"https:\/\/api.w.org\/{rel}","templated":true}]}}