{"id":6788,"date":"2017-08-07T01:16:15","date_gmt":"2017-08-07T01:16:15","guid":{"rendered":"http:\/\/www2.unifap.br\/edfisica\/?page_id=6788"},"modified":"2018-09-05T20:30:34","modified_gmt":"2018-09-05T20:30:34","slug":"proespol","status":"publish","type":"page","link":"https:\/\/www2.unifap.br\/edfisica\/extensao_ccef\/extensao\/proesport\/proespol\/","title":{"rendered":"PROESPOL &#8211; PR\u00d3-ESTUDANTE ESPORTE E LAZER"},"content":{"rendered":"<p><img fetchpriority=\"high\" decoding=\"async\" class=\"aligncenter size-full wp-image-6789\" alt=\"logo_PROESPOL_2017\" src=\"http:\/\/www2.unifap.br\/edfisica\/files\/2017\/08\/logo_PROESPOL_2017.jpg\" width=\"583\" height=\"203\" srcset=\"https:\/\/www2.unifap.br\/edfisica\/files\/2017\/08\/logo_PROESPOL_2017.jpg 583w, https:\/\/www2.unifap.br\/edfisica\/files\/2017\/08\/logo_PROESPOL_2017-300x104.jpg 300w\" sizes=\"(max-width: 583px) 100vw, 583px\" \/><\/p>\n<p><span style=\"color: #000000\">A UNIVERSIDADE FEDERAL DO AMAP\u00c1, por meio do Departamento de Educa\u00e7\u00e3o \u2013 DEDU em parceria com a Pr\u00f3-Reitoria de Extens\u00e3o e A\u00e7\u00f5es Comunit\u00e1rias &#8211; PROEAC, por interm\u00e9dio da Coordena\u00e7\u00e3o do Pr\u00f3 Estudante Esporte e Lazer &#8211; PROESPOL em conjunto com a Divis\u00e3o de Esportes &#8211; DESPORT, e no uso de suas atribui\u00e7\u00f5es legais, torna p\u00fablica as defini\u00e7\u00f5es, abertura de inscri\u00e7\u00f5es e estabelece as normas, condi\u00e7\u00f5es de participa\u00e7\u00e3o e perman\u00eancia, para o PR\u00d3-ESTUDANTE Esporte e Lazer, nos termos detalhados neste edital, futuros comunicados, avisos e seus anexos.\u00a0<\/span><\/p>\n<p><!--more--><\/p>\n<p><strong><span style=\"color: #ff0000;font-family: verdana;font-size: small\">Per\u00edodo de Inscri\u00e7\u00e3o:\u00a0<\/span><span style=\"font-family: verdana;font-size: small;color: #000000\">07\/08\/2017 \u00e0 21\/08\/2017 at\u00e9 \u00e0s\u00a009h59min<\/span><\/strong><\/p>\n<p style=\"text-align: center\"><img decoding=\"async\" class=\"aligncenter  wp-image-3450\" alt=\"Inscri\u00e7\u00f5es Encerradas\" src=\"http:\/\/www2.unifap.br\/edfisica\/files\/2015\/04\/Inscri\u00e7\u00f5es-Encerradas.gif\" width=\"434\" height=\"60\" \/><\/p>\n<p><a title=\"Informa\u00e7\u00f5es  ( edital, futuros comunicados, avisos e seus anexos)\" href=\"http:\/\/www2.unifap.br\/edfisica\/2017\/08\/04\/edital\/\" target=\"_blank\"><!--more--><\/a><br \/>\n<span style=\"color: #ff0000;font-family: verdana;font-size: small\">Documentos para download:<\/span><\/p>\n<p><span style=\"color: #000000;line-height: 1.5em\"><div class='w3eden'><!-- WPDM Link Template: Default Template -->\n\n<div class=\"link-template-default card mb-2\">\n    <div class=\"card-body\">\n        <div class=\"media\">\n            <div class=\"mr-3 img-48\"><img decoding=\"async\" class=\"wpdm_icon\" alt=\"\u00edcone\"   src=\"https:\/\/www2.unifap.br\/edfisica\/wp-content\/plugins\/download-manager\/assets\/file-type-icons\/pdf.png\" \/><\/div>\n            <div class=\"media-body\">\n                <h3 class=\"package-title\"><a href='https:\/\/www2.unifap.br\/edfisica\/download\/edital-5\/'>2017\/08\/05 - Edital n\u00ba 02\/2017 - DEDU\/UNIFAP - PROESPOL - Escolas de Esporte e Lutas Adulto<\/a><\/h3>\n                <div class=\"text-muted text-small\"><i class=\"fas fa-copy\"><\/i> 1  arquivo(s) <i class=\"fas fa-hdd ml-3\"><\/i> 501.23 KB<\/div>\n            <\/div>\n            <div class=\"ml-3\">\n                <a class='wpdm-download-link download-on-click btn btn-primary ' rel='nofollow' href='#' data-downloadurl=\"https:\/\/www2.unifap.br\/edfisica\/download\/edital-5\/?wpdmdl=6790&refresh=69e649a3dc53e1776699811\">Download<\/a>\n            <\/div>\n        <\/div>\n    <\/div>\n<\/div>\n\n<\/div> \u00a0&#8211;\u00a0ED 02\/2017 -DEDU<\/span><\/p>\n<p>&nbsp;<\/p>\n<p>&nbsp;<\/p>\n","protected":false},"excerpt":{"rendered":"<p>A UNIVERSIDADE FEDERAL DO AMAP\u00c1, por meio do Departamento de Educa\u00e7\u00e3o \u2013 DEDU em parceria com a Pr\u00f3-Reitoria de Extens\u00e3o e A\u00e7\u00f5es&#8230;<\/p>\n","protected":false},"author":205,"featured_media":0,"parent":300,"menu_order":4,"comment_status":"closed","ping_status":"closed","template":"","meta":{"inline_featured_image":false,"ngg_post_thumbnail":0,"footnotes":""},"class_list":["post-6788","page","type-page","status-publish","hentry"],"_links":{"self":[{"href":"https:\/\/www2.unifap.br\/edfisica\/wp-json\/wp\/v2\/pages\/6788","targetHints":{"allow":["GET"]}}],"collection":[{"href":"https:\/\/www2.unifap.br\/edfisica\/wp-json\/wp\/v2\/pages"}],"about":[{"href":"https:\/\/www2.unifap.br\/edfisica\/wp-json\/wp\/v2\/types\/page"}],"author":[{"embeddable":true,"href":"https:\/\/www2.unifap.br\/edfisica\/wp-json\/wp\/v2\/users\/205"}],"replies":[{"embeddable":true,"href":"https:\/\/www2.unifap.br\/edfisica\/wp-json\/wp\/v2\/comments?post=6788"}],"version-history":[{"count":18,"href":"https:\/\/www2.unifap.br\/edfisica\/wp-json\/wp\/v2\/pages\/6788\/revisions"}],"predecessor-version":[{"id":6989,"href":"https:\/\/www2.unifap.br\/edfisica\/wp-json\/wp\/v2\/pages\/6788\/revisions\/6989"}],"up":[{"embeddable":true,"href":"https:\/\/www2.unifap.br\/edfisica\/wp-json\/wp\/v2\/pages\/300"}],"wp:attachment":[{"href":"https:\/\/www2.unifap.br\/edfisica\/wp-json\/wp\/v2\/media?parent=6788"}],"curies":[{"name":"wp","href":"https:\/\/api.w.org\/{rel}","templated":true}]}}