{"id":9838,"date":"2018-09-05T20:40:59","date_gmt":"2018-09-05T20:40:59","guid":{"rendered":"http:\/\/www2.unifap.br\/edfisica\/?page_id=9838"},"modified":"2019-10-23T00:26:20","modified_gmt":"2019-10-23T00:26:20","slug":"nucleac","status":"publish","type":"page","link":"https:\/\/www2.unifap.br\/edfisica\/nucleos\/nucleac\/","title":{"rendered":"N\u00facleo de AACC"},"content":{"rendered":"<p>N\u00facleo de Atividade Complementar<\/p>\n<div>\n<p>Coordenador do N\u00facleo: Let\u00edcia C. Ferreira<\/p>\n<p>Local:\u00a0Coordena\u00e7\u00e3o do Curso<\/p>\n<\/div>\n","protected":false},"excerpt":{"rendered":"<p>N\u00facleo de Atividade Complementar Coordenador do N\u00facleo: Let\u00edcia C. Ferreira Local:\u00a0Coordena\u00e7\u00e3o do Curso<\/p>\n","protected":false},"author":205,"featured_media":0,"parent":305,"menu_order":1,"comment_status":"closed","ping_status":"closed","template":"","meta":{"inline_featured_image":false,"ngg_post_thumbnail":0,"footnotes":""},"class_list":["post-9838","page","type-page","status-publish","hentry"],"_links":{"self":[{"href":"https:\/\/www2.unifap.br\/edfisica\/wp-json\/wp\/v2\/pages\/9838","targetHints":{"allow":["GET"]}}],"collection":[{"href":"https:\/\/www2.unifap.br\/edfisica\/wp-json\/wp\/v2\/pages"}],"about":[{"href":"https:\/\/www2.unifap.br\/edfisica\/wp-json\/wp\/v2\/types\/page"}],"author":[{"embeddable":true,"href":"https:\/\/www2.unifap.br\/edfisica\/wp-json\/wp\/v2\/users\/205"}],"replies":[{"embeddable":true,"href":"https:\/\/www2.unifap.br\/edfisica\/wp-json\/wp\/v2\/comments?post=9838"}],"version-history":[{"count":2,"href":"https:\/\/www2.unifap.br\/edfisica\/wp-json\/wp\/v2\/pages\/9838\/revisions"}],"predecessor-version":[{"id":10489,"href":"https:\/\/www2.unifap.br\/edfisica\/wp-json\/wp\/v2\/pages\/9838\/revisions\/10489"}],"up":[{"embeddable":true,"href":"https:\/\/www2.unifap.br\/edfisica\/wp-json\/wp\/v2\/pages\/305"}],"wp:attachment":[{"href":"https:\/\/www2.unifap.br\/edfisica\/wp-json\/wp\/v2\/media?parent=9838"}],"curies":[{"name":"wp","href":"https:\/\/api.w.org\/{rel}","templated":true}]}}