{"id":32,"date":"2014-12-05T13:15:19","date_gmt":"2014-12-05T13:15:19","guid":{"rendered":"http:\/\/www2.unifap.br\/editora\/?page_id=32"},"modified":"2026-03-02T14:46:20","modified_gmt":"2026-03-02T14:46:20","slug":"editais","status":"publish","type":"page","link":"https:\/\/www2.unifap.br\/editora\/editais\/","title":{"rendered":"Editais"},"content":{"rendered":"<h1 class=\"entry-title\">EDITAL DE CHAMAMENTO P\u00daBLICO (EDITORA\/PROPESPG\/UNIFAP n\u00ba 01\/2026, de 03\/02\/2026)<\/h1>\n<p>EDITAL DE CHAMAMENTO P\u00daBLICO (EDITORA\/PROPESPG\/UNIFAP n\u00ba01\/2026, de 03\/02\/2026)<\/p>\n<p>A Editora da Universidade Federal do Amap\u00e1 (EDIT\/UNIFAP), por meio da Pr\u00f3-Reitoria de Pesquisa e P\u00f3s-Gradua\u00e7\u00e3o (PROPESPG), torna p\u00fablico o presente Edital de Chamamento P\u00fablico para credenciamento de editoras interessadas em firmar parcerias para publica\u00e7\u00e3o conjunta e\/ou comercializa\u00e7\u00e3o\/distribui\u00e7\u00e3o de livros, em regime de fluxo cont\u00ednuo, sem exclusividade, conforme as condi\u00e7\u00f5es e exig\u00eancias estabelecidas neste instrumento.<\/p>\n<p><a href=\"http:\/\/www2.unifap.br\/editora\/files\/2026\/03\/EDITAL_DE_CHAMAMENTO_PBLICO.pdf\">EDITAL DE CHAMAMENTO P\u00daBLICO<\/a><\/p>\n<p><a href=\"http:\/\/www2.unifap.br\/editora\/files\/2026\/03\/ANEXO_I_FORMULRIO_DE_INSCRIO-1.pdf\">ANEXO I FORMUL\u00c1RIO DE INSCRI\u00c7\u00c3O<\/a><\/p>\n<p>&nbsp;<\/p>\n<p><strong>AN\u00daNCIO DE LAN\u00c7AMENTO DO EDITAL 01\/2024<\/strong><\/p>\n<p>Retifica\u00e7\u00e3o Edital 01\/2024 &#8211; Novas datas para submiss\u00e3o<\/p>\n<p><strong>Para saber sobre as novas datas <span style=\"color: #ff0000\"><a style=\"color: #ff0000\" href=\"http:\/\/www2.unifap.br\/editora\/files\/2024\/12\/Edital_Editora_retificado.pdf\" target=\"_blank\" rel=\"noopener\">Clique aqui<\/a><\/span><\/strong><\/p>\n<p>&nbsp;<\/p>\n<p>&#8211;<\/p>\n<p>&nbsp;<\/p>\n<p>A Editora da Universidade Federal do Amap\u00e1 (EDITUNIFAP), em parceria com a PROPESPG, tem o prazer de anunciar o lan\u00e7amento do <strong>Edital 01\/2024<\/strong> para a chamada de cap\u00edtulos de livro digital (e-book) com o tema: <strong>&#8220;Abordagens Sustent\u00e1veis nas Ci\u00eancias Contempor\u00e2neas&#8221;<\/strong>.<\/p>\n<p>Este edital convida pesquisadores, professores, artistas e acad\u00eamicos a contribu\u00edrem com cap\u00edtulos que investiguem pr\u00e1ticas e teorias sustent\u00e1veis dentro das diversas \u00e1reas das ci\u00eancias contempor\u00e2neas.<\/p>\n<p><strong>Cronograma do Edital:<\/strong><\/p>\n<ul>\n<li><strong>23\/08\/2024:<\/strong> Lan\u00e7amento do Edital<\/li>\n<li><strong>28\/08\/2024:<\/strong> Prazo final para impugna\u00e7\u00e3o do edital<\/li>\n<li><strong>26\/08\/2024 a 01\/12\/2024:<\/strong> Prazo de submiss\u00e3o das obras<\/li>\n<li><strong>04\/12\/2024:<\/strong> Homologa\u00e7\u00e3o das propostas submetidas<\/li>\n<li><strong>07\/12\/2024:<\/strong> Prazo para recurso do resultado da homologa\u00e7\u00e3o das propostas<\/li>\n<li><strong>08\/12\/2024:<\/strong> Publica\u00e7\u00e3o do resultado de an\u00e1lise dos recursos<\/li>\n<li><strong>09\/12\/2024 a 31\/03\/2025:<\/strong> Per\u00edodo de avalia\u00e7\u00e3o e classifica\u00e7\u00e3o das obras<\/li>\n<li><strong>01\/04\/2025:<\/strong> Publica\u00e7\u00e3o do resultado da avalia\u00e7\u00e3o e classifica\u00e7\u00e3o das obras submetidas<\/li>\n<li><strong>03\/04\/2025:<\/strong> Prazo para recurso do resultado final<\/li>\n<li><strong>04\/04\/2025:<\/strong> Publica\u00e7\u00e3o do resultado de an\u00e1lise dos recursos<\/li>\n<li><strong>A partir de 15\/04\/2025:<\/strong> Publica\u00e7\u00e3o* do E-book<\/li>\n<\/ul>\n<p>*Previs\u00e3o de publica\u00e7\u00e3o &#8211; Calend\u00e1rio sujeito a altera\u00e7\u00f5es.<\/p>\n<p>Convidamos todos os interessados a participar desta iniciativa, que busca promover o conhecimento e pr\u00e1ticas sustent\u00e1veis.<\/p>\n<p>Para mais informa\u00e7\u00f5es e acesso ao edital completo, visite <a href=\"http:\/\/www2.unifap.br\/artes\/files\/2024\/08\/Edital-0124_EDITUNIFAP_PROPESPG.pdf\" target=\"_blank\" rel=\"noopener\">Este Link <\/a>&nbsp;ou entre em contato pelo e-mail editora@unifap.br<\/p>\n<p>Participe e colabore para o avan\u00e7o das ci\u00eancias sustent\u00e1veis!<\/p>\n<p>&#8211;<\/p>\n<p>&#8211;<\/p>\n<h2><a href=\"http:\/\/www.unifap.br\/public\/index\/view\/id\/5236\" target=\"_blank\" rel=\"noopener\">Edital de Publica\u00e7\u00e3o de Livros da Editora da UNIFAP<\/a><\/h2>\n<p><a href=\"http:\/\/www.unifap.br\/public\/index\/view\/id\/5236\" target=\"_blank\" rel=\"noopener\">06\/12\/2013<\/a><\/p>\n<p><a href=\"http:\/\/www2.unifap.br\/editora\/files\/2014\/12\/resultado_final_edital_012013_edunifap.pdf\" target=\"_blank\" rel=\"noopener\">RESULTADO FINAL DE LIVROS SELECIONADOS (Atualizado em 18 de Junho de 2015)<\/a><\/p>\n<p><a href=\"http:\/\/www2.unifap.br\/editora\/files\/2014\/12\/resultadoedital012013preliminar.pdf\" target=\"_blank\" rel=\"noopener\">RESULTADO PRELIMINAR DE LIVROS SELECIONADOS (Atualizado em 02 de Junho de 2015)<\/a><\/p>\n<p><a style=\"line-height: 1.5em\" href=\"http:\/\/www2.unifap.br\/editora\/files\/2014\/12\/complementacaoedital012013.pdf\" target=\"_blank\" rel=\"noopener\"><span style=\"line-height: 1.5em\">COMPLEMENTA\u00c7\u00c3O AO EDITAL (Atualizado em 01 de Junho de 2015)<\/span><\/a><\/p>\n<p>&nbsp;<\/p>\n<p>A Editora da Universidade Federal do Amap\u00e1 (UNIFAP) informa que receber\u00e1 originais de livros para publica\u00e7\u00e3o de acordo com as orienta\u00e7\u00f5es apresentadas nesta chamada.<\/p>\n<p>Podem encaminhar originais para esta chamada: a) docentes efetivos da UNIFAP, b) servidores t\u00e9cnico-administrativos da UNIFAP e c) p\u00f3s-graduados em Programas de Mestrado e\/ou Doutorado da Institui\u00e7\u00e3o<\/p>\n<p>Ser\u00e3o publicados 15 livros.<\/p>\n<p>Per\u00edodo de submiss\u00e3o de propostas:&nbsp;De 20 de janeiro de 2014 a 21 de fevereiro de 2014<\/p>\n<p>Os originais devem ter no m\u00e1ximo 200 p\u00e1ginas e no m\u00ednimo 80 p\u00e1ginas, utilizando-se como contagem de p\u00e1ginas o arquivo digital do livro entregue no momento da inscri\u00e7\u00e3o<\/p>\n<p>As inscri\u00e7\u00f5es dever\u00e3o ser efetuadas pessoalmente por pelo menos um do\/s proponente\/s autor\/es ou organizador\/es, no per\u00edodo de 20 de janeiro de 2014 at\u00e9 \u00e0s 17h00min do dia 21 de fevereiro de 2014, na sala da Editora da UNIFAP ou na sala da Dire\u00e7\u00e3o da R\u00e1dio, Tv e Editora Universit\u00e1ria, localizada no pr\u00e9dio da R\u00e1dio e TV e Editora Universit\u00e1ria, Campus Marco Zero, Rodovia JK, km 02, CEP: 68.903-419, Macap\u00e1 \u2013 AP<\/p>\n","protected":false},"excerpt":{"rendered":"<p>EDITAL DE CHAMAMENTO P\u00daBLICO (EDITORA\/PROPESPG\/UNIFAP n\u00ba 01\/2026, de 03\/02\/2026) EDITAL DE CHAMAMENTO P\u00daBLICO (EDITORA\/PROPESPG\/UNIFAP n\u00ba01\/2026, de 03\/02\/2026) A Editora da Universidade Federal do Amap\u00e1 (EDIT\/UNIFAP), por meio da Pr\u00f3-Reitoria de Pesquisa e P\u00f3s-Gradua\u00e7\u00e3o (PROPESPG), torna p\u00fablico o presente Edital de Chamamento P\u00fablico para credenciamento de editoras interessadas em firmar parcerias para publica\u00e7\u00e3o conjunta e\/ou comercializa\u00e7\u00e3o\/distribui\u00e7\u00e3o&#8230;<\/p>\n","protected":false},"author":626,"featured_media":0,"parent":0,"menu_order":4,"comment_status":"open","ping_status":"open","template":"","meta":{"inline_featured_image":false,"ngg_post_thumbnail":0,"footnotes":""},"class_list":["post-32","page","type-page","status-publish","hentry","entry"],"_links":{"self":[{"href":"https:\/\/www2.unifap.br\/editora\/wp-json\/wp\/v2\/pages\/32","targetHints":{"allow":["GET"]}}],"collection":[{"href":"https:\/\/www2.unifap.br\/editora\/wp-json\/wp\/v2\/pages"}],"about":[{"href":"https:\/\/www2.unifap.br\/editora\/wp-json\/wp\/v2\/types\/page"}],"author":[{"embeddable":true,"href":"https:\/\/www2.unifap.br\/editora\/wp-json\/wp\/v2\/users\/626"}],"replies":[{"embeddable":true,"href":"https:\/\/www2.unifap.br\/editora\/wp-json\/wp\/v2\/comments?post=32"}],"version-history":[{"count":11,"href":"https:\/\/www2.unifap.br\/editora\/wp-json\/wp\/v2\/pages\/32\/revisions"}],"predecessor-version":[{"id":1367,"href":"https:\/\/www2.unifap.br\/editora\/wp-json\/wp\/v2\/pages\/32\/revisions\/1367"}],"wp:attachment":[{"href":"https:\/\/www2.unifap.br\/editora\/wp-json\/wp\/v2\/media?parent=32"}],"curies":[{"name":"wp","href":"https:\/\/api.w.org\/{rel}","templated":true}]}}