{"id":106,"date":"2018-04-05T23:27:14","date_gmt":"2018-04-06T02:27:14","guid":{"rendered":"http:\/\/www2.unifap.br\/educacaodocampo\/?page_id=106"},"modified":"2024-10-09T20:42:35","modified_gmt":"2024-10-09T23:42:35","slug":"nde","status":"publish","type":"page","link":"https:\/\/www2.unifap.br\/educacaodocampo\/nde\/","title":{"rendered":"NDE"},"content":{"rendered":"<p>O N\u00facleo Docente Estruturante (NDE) \u00e9 constitu\u00eddo por docentes efetivos da UNIFAP, que trabalham em regime de Dedica\u00e7\u00e3o Exclusiva. Este N\u00facleo se re\u00fane periodicamente de maneira ordin\u00e1ria e, se necess\u00e1rio, extraordinariamente, para deliberar sobre a concep\u00e7\u00e3o, o acompanhamento, a consolida\u00e7\u00e3o e a avalia\u00e7\u00e3o do PPC do Curso.<\/p>\n<p>O NDE funciona conforme prescreve a Resolu\u00e7\u00e3o CONAES N.\u00ba 1 de 2010, que normatiza o N\u00facleo Docente Estruturante e d\u00e1 outras provid\u00eancias, e a <span class=\"fontstyle0\">Resolu\u00e7\u00e3o CONSU N.\u00ba 20 de 15 de maio de 2018, que regulamenta o N\u00facleo <\/span><span class=\"fontstyle0\">Docente Estruturante no \u00e2mbito da UNIFAP.<\/span><\/p>\n<p><span class=\"fontstyle0\">PORTARIA N.\u00ba 1622\/2023: Galdino Xavier de Paula Filho, Ricardo Marcelo dos Anjos Ferreira, Elizabeth Machado Barbosa, D\u00e9bora Mate Mendes, Kalyne Sonale Arruda de Brito, Mellissa Sousa Sobrinho, Rosimeire Lopes da Trindade&nbsp;<\/span><\/p>\n<p><span class=\"fontstyle0\">PORTARIA N.\u00ba 2098\/2022: Elizabeth Machado Barbosa, D\u00e9bora Mate Mendes, Daniel Sousa dos Santos, Dem\u00f3sthenes Arabutan Travassos da Silva, Galdino Xavier de Paula Filho, Janivan Fernandes Suassuna, Kalyne Sonale Arruda de Brito, Mellissa Sousa Sobrinho, Ricardo Marcelo dos Anjos Ferreira, Raildo de Sousa Machado, Rosimeire Lopes da Trindade.<br \/>\n<\/span><\/p>\n<p><span class=\"fontstyle0\">PORTARIA N.\u00ba 0558\/2021: Daniel Sousa dos Santos, D\u00e9bora Mate Mendes, Dem\u00f3sthenes Arabutan Travassos da Silva, Elizabeth Machado Barbosa, Galdino Xavier de Paula Filho, Janivan Fernandes Suassuna, Kalyne Sonale Arruda de Brito, Mellissa Sousa Sobrinho, Ricardo Marcelo dos Anjos Ferreira, Raildo de Sousa Machado<\/span><\/p>\n<p><span class=\"fontstyle0\">PORTARIA N.\u00ba 0735\/2019: Fl\u00e1vio da Silva Costa, Janivan Fernandes Suassuna, Elizabeth Machado Barbosa, Kalyne Sonale Arruda de Brito, Mellissa Sousa Sobrinho<\/span><\/p>\n<p><span class=\"fontstyle0\">PORTARIA N.\u00ba 0711\/2018: <\/span>Fl\u00e1vio da Silva Costa, Elizabeth Machado Barbosa, Kalyne <span class=\"fontstyle0\">Sonale Arruda de <\/span>Brito, Mellissa Sousa Sobrinho, Marlo dos Reis<\/p>\n<p><span class=\"fontstyle0\">PORTARIAS N.\u00ba 1416\/2016 e N.\u00ba 1378\/2016: Fl\u00e1vio da Silva Costa, Alder de Sousa Dias, Daniel Sousa dos Santos, Dem\u00f3sthenes Arabutan Travassos da Silva, Ricardo Marcelo dos Anjos Ferreira,&nbsp;<\/span>Marlo dos Reis, Kalyne Sonale Arruda de Brito, Elizabeth Machado Barbosa, <span class=\"fontstyle0\">Janivan Fernandes Suassuna, <\/span>Mellissa Sousa Sobrinho&nbsp;<\/p>\n<p>2016\/2017: Me. Alder Dias, Esp. Daniel dos Santos, Me. Dem\u00f3sthenes da Silva, Dra.&nbsp;Elizabeth Barbosa, Dr. Flavio Costa, Dr. Janivan Suassuna, Ma. Kalyne Brito, Esp. Marlo dos Reis e Dra. Mellissa Sobrinho<\/p>\n","protected":false},"excerpt":{"rendered":"<p>O N\u00facleo Docente Estruturante (NDE) \u00e9 constitu\u00eddo por docentes efetivos da UNIFAP, que trabalham em regime de Dedica\u00e7\u00e3o Exclusiva. Este N\u00facleo se re\u00fane periodicamente de maneira ordin\u00e1ria e, se necess\u00e1rio, extraordinariamente, para deliberar sobre a concep\u00e7\u00e3o, o acompanhamento, a consolida\u00e7\u00e3o&hellip; <\/p>\n<p><a href=\"https:\/\/www2.unifap.br\/educacaodocampo\/nde\/\" class=\"readmore-button\">Continue Reading<\/a><\/p>\n","protected":false},"author":2426,"featured_media":0,"parent":0,"menu_order":0,"comment_status":"closed","ping_status":"closed","template":"","meta":{"inline_featured_image":false,"ngg_post_thumbnail":0,"footnotes":""},"class_list":["post-106","page","type-page","status-publish","hentry"],"_links":{"self":[{"href":"https:\/\/www2.unifap.br\/educacaodocampo\/wp-json\/wp\/v2\/pages\/106","targetHints":{"allow":["GET"]}}],"collection":[{"href":"https:\/\/www2.unifap.br\/educacaodocampo\/wp-json\/wp\/v2\/pages"}],"about":[{"href":"https:\/\/www2.unifap.br\/educacaodocampo\/wp-json\/wp\/v2\/types\/page"}],"author":[{"embeddable":true,"href":"https:\/\/www2.unifap.br\/educacaodocampo\/wp-json\/wp\/v2\/users\/2426"}],"replies":[{"embeddable":true,"href":"https:\/\/www2.unifap.br\/educacaodocampo\/wp-json\/wp\/v2\/comments?post=106"}],"version-history":[{"count":8,"href":"https:\/\/www2.unifap.br\/educacaodocampo\/wp-json\/wp\/v2\/pages\/106\/revisions"}],"predecessor-version":[{"id":109,"href":"https:\/\/www2.unifap.br\/educacaodocampo\/wp-json\/wp\/v2\/pages\/106\/revisions\/109"}],"wp:attachment":[{"href":"https:\/\/www2.unifap.br\/educacaodocampo\/wp-json\/wp\/v2\/media?parent=106"}],"curies":[{"name":"wp","href":"https:\/\/api.w.org\/{rel}","templated":true}]}}