{"id":115,"date":"2018-04-09T17:23:36","date_gmt":"2018-04-09T20:23:36","guid":{"rendered":"http:\/\/www2.unifap.br\/educacaodocampo\/?page_id=115"},"modified":"2024-09-12T15:56:59","modified_gmt":"2024-09-12T18:56:59","slug":"formularioderequerimento","status":"publish","type":"page","link":"https:\/\/www2.unifap.br\/educacaodocampo\/formularioderequerimento\/","title":{"rendered":"FORMUL\u00c1RIO DE REQUERIMENTO"},"content":{"rendered":"<p>FORMUL\u00c1RIO DE REQUERIMENTO DO CURSO DE EDUCA\u00c7\u00c3O DO CAMPO<\/p>\n<p>Preencha o formul\u00e1rio e encaminhe para a coordena\u00e7\u00e3o de curso<\/p>\n<p><a href=\"https:\/\/forms.gle\/C958yovs1Hg225cs6\">https:\/\/forms.gle\/C958yovs1Hg225cs6<\/a><\/p>\n<p>&nbsp;<\/p>\n","protected":false},"excerpt":{"rendered":"<p>FORMUL\u00c1RIO DE REQUERIMENTO DO CURSO DE EDUCA\u00c7\u00c3O DO CAMPO Preencha o formul\u00e1rio e encaminhe para a coordena\u00e7\u00e3o de curso https:\/\/forms.gle\/C958yovs1Hg225cs6 &nbsp;<\/p>\n","protected":false},"author":2426,"featured_media":0,"parent":0,"menu_order":0,"comment_status":"open","ping_status":"open","template":"","meta":{"inline_featured_image":false,"ngg_post_thumbnail":0,"footnotes":""},"class_list":["post-115","page","type-page","status-publish","hentry"],"_links":{"self":[{"href":"https:\/\/www2.unifap.br\/educacaodocampo\/wp-json\/wp\/v2\/pages\/115","targetHints":{"allow":["GET"]}}],"collection":[{"href":"https:\/\/www2.unifap.br\/educacaodocampo\/wp-json\/wp\/v2\/pages"}],"about":[{"href":"https:\/\/www2.unifap.br\/educacaodocampo\/wp-json\/wp\/v2\/types\/page"}],"author":[{"embeddable":true,"href":"https:\/\/www2.unifap.br\/educacaodocampo\/wp-json\/wp\/v2\/users\/2426"}],"replies":[{"embeddable":true,"href":"https:\/\/www2.unifap.br\/educacaodocampo\/wp-json\/wp\/v2\/comments?post=115"}],"version-history":[{"count":12,"href":"https:\/\/www2.unifap.br\/educacaodocampo\/wp-json\/wp\/v2\/pages\/115\/revisions"}],"predecessor-version":[{"id":2147,"href":"https:\/\/www2.unifap.br\/educacaodocampo\/wp-json\/wp\/v2\/pages\/115\/revisions\/2147"}],"wp:attachment":[{"href":"https:\/\/www2.unifap.br\/educacaodocampo\/wp-json\/wp\/v2\/media?parent=115"}],"curies":[{"name":"wp","href":"https:\/\/api.w.org\/{rel}","templated":true}]}}