{"id":119,"date":"2018-04-09T18:32:29","date_gmt":"2018-04-09T21:32:29","guid":{"rendered":"http:\/\/www2.unifap.br\/educacaodocampo\/?page_id=119"},"modified":"2024-10-09T09:10:47","modified_gmt":"2024-10-09T12:10:47","slug":"nea-unifapmzg","status":"publish","type":"page","link":"https:\/\/www2.unifap.br\/educacaodocampo\/nea-unifapmzg\/","title":{"rendered":"LABORAT\u00d3RIOS"},"content":{"rendered":"<p><strong><a href=\"http:\/\/www2.unifap.br\/neamzg\">N\u00facleo de Estudo em Agroecologia e Produ\u00e7\u00e3o Org\u00e2nica da Universidade Federal do Amap\u00e1 \u2013 <em>Campus<\/em> Mazag\u00e3o (NEA \u2013 UNIFAP\/MZG)<\/a><\/strong><\/p>\n<p><strong><a href=\"https:\/\/www2.unifap.br\/educacaodocampo\/nea-unifapmzg\/laboratorio-de-entomologia-agricola-unifap-campus-mazagao-ap\/\">Laborat\u00f3rio de Entomologia Agr\u00edcola &#8211; UNIFAP\/<em>Campus<\/em> Mazag\u00e3o-AP<\/a><\/strong><\/p>\n<p><strong><a href=\"https:\/\/www2.unifap.br\/educacaodocampo\/?page_id=4553&amp;preview=true\">Laborat\u00f3rio de Biologia e Ecologia Vegetal da Universidade Federal do Amap\u00e1 <em>Campus<\/em> Mazag\u00e3o &#8211; FLOREM<\/a><\/strong><\/p>\n<p><strong><a href=\"https:\/\/www2.unifap.br\/educacaodocampo\/nea-unifapmzg\/laboratorio-de-ensino\/\">Laborat\u00f3rio de Ensino da Universidade Federal do Amap\u00e1 &#8211; <em>Campus<\/em> Mazag\u00e3o<\/a><\/strong><\/p>\n<p>&nbsp;<\/p>\n","protected":false},"excerpt":{"rendered":"<p>N\u00facleo de Estudo em Agroecologia e Produ\u00e7\u00e3o Org\u00e2nica da Universidade Federal do Amap\u00e1 \u2013 Campus Mazag\u00e3o (NEA \u2013 UNIFAP\/MZG) Laborat\u00f3rio de Entomologia Agr\u00edcola &#8211; UNIFAP\/Campus Mazag\u00e3o-AP Laborat\u00f3rio de Biologia e Ecologia Vegetal da Universidade Federal do Amap\u00e1 Campus Mazag\u00e3o &#8211;&hellip; <\/p>\n<p><a href=\"https:\/\/www2.unifap.br\/educacaodocampo\/nea-unifapmzg\/\" class=\"readmore-button\">Continue Reading<\/a><\/p>\n","protected":false},"author":2426,"featured_media":0,"parent":0,"menu_order":0,"comment_status":"open","ping_status":"open","template":"","meta":{"inline_featured_image":false,"ngg_post_thumbnail":0,"footnotes":""},"class_list":["post-119","page","type-page","status-publish","hentry"],"_links":{"self":[{"href":"https:\/\/www2.unifap.br\/educacaodocampo\/wp-json\/wp\/v2\/pages\/119","targetHints":{"allow":["GET"]}}],"collection":[{"href":"https:\/\/www2.unifap.br\/educacaodocampo\/wp-json\/wp\/v2\/pages"}],"about":[{"href":"https:\/\/www2.unifap.br\/educacaodocampo\/wp-json\/wp\/v2\/types\/page"}],"author":[{"embeddable":true,"href":"https:\/\/www2.unifap.br\/educacaodocampo\/wp-json\/wp\/v2\/users\/2426"}],"replies":[{"embeddable":true,"href":"https:\/\/www2.unifap.br\/educacaodocampo\/wp-json\/wp\/v2\/comments?post=119"}],"version-history":[{"count":14,"href":"https:\/\/www2.unifap.br\/educacaodocampo\/wp-json\/wp\/v2\/pages\/119\/revisions"}],"predecessor-version":[{"id":4644,"href":"https:\/\/www2.unifap.br\/educacaodocampo\/wp-json\/wp\/v2\/pages\/119\/revisions\/4644"}],"wp:attachment":[{"href":"https:\/\/www2.unifap.br\/educacaodocampo\/wp-json\/wp\/v2\/media?parent=119"}],"curies":[{"name":"wp","href":"https:\/\/api.w.org\/{rel}","templated":true}]}}