{"id":1302,"date":"2021-12-21T15:57:49","date_gmt":"2021-12-21T18:57:49","guid":{"rendered":"http:\/\/www2.unifap.br\/educacaodocampo\/?page_id=1302"},"modified":"2021-12-27T10:03:41","modified_gmt":"2021-12-27T13:03:41","slug":"atas-de-reuniao-de-colegiado-2019","status":"publish","type":"page","link":"https:\/\/www2.unifap.br\/educacaodocampo\/atas-de-reunioes\/atas-de-reuniao-de-colegiado-2019\/","title":{"rendered":"ATA DE REUNI\u00c3O DE COLEGIADO &#8211; 2019"},"content":{"rendered":"<p style=\"text-align: left\"><a href=\"http:\/\/www2.unifap.br\/educacaodocampo\/files\/2021\/12\/ATA-DE-REUNI\u00c3O-DE-COLEGIADO-13.02.2019.pdf\">ATA DE REUNI\u00c3O DE COLEGIADO 13.02.2019<\/a><\/p>\n<p><a href=\"http:\/\/www2.unifap.br\/educacaodocampo\/files\/2021\/12\/ATA-DE-REUNI\u00c3O-DE-COLEGIADO-22.03.2019.pdf\">ATA DE REUNI\u00c3O DE COLEGIADO 22.03.2019<\/a><\/p>\n<p><a href=\"http:\/\/www2.unifap.br\/educacaodocampo\/files\/2021\/12\/ATA-DE-REUNI\u00c3O-DE-COLEGIADO-15.04.2019.pdf\">ATA DE REUNI\u00c3O DE COLEGIADO 15.04.2019<\/a><\/p>\n<p><a href=\"http:\/\/www2.unifap.br\/educacaodocampo\/files\/2021\/12\/ATA-DE-REUNI\u00c3O-DE-COLEGIADO-21.06.2019.pdf\">ATA DE REUNI\u00c3O DE COLEGIADO 21.06.2019<\/a><\/p>\n<p><a href=\"http:\/\/www2.unifap.br\/educacaodocampo\/files\/2021\/12\/ATA-DE-REUNI\u00c3O-DE-COLEGIADO-24.08.2019.pdf\">ATA DE REUNI\u00c3O DE COLEGIADO 24.08.2019<\/a><\/p>\n<p><a href=\"http:\/\/www2.unifap.br\/educacaodocampo\/files\/2021\/12\/ATA-DE-REUNI\u00c3O-DE-COLEGIADO-23.09.2019.pdf\">ATA DE REUNI\u00c3O DE COLEGIADO 23.09.2019<\/a><\/p>\n<p><a href=\"http:\/\/www2.unifap.br\/educacaodocampo\/files\/2021\/12\/ATA_REUNIAO_COLEGIADO_07_10_2019_ComAlteracoesSolicitadas.pdf\">ATA DE REUNI\u00c3O DE COLEGIADO 07.10.2019<\/a><\/p>\n<p><a href=\"http:\/\/www2.unifap.br\/educacaodocampo\/files\/2021\/12\/ATA-DE-REUNI\u00c3O-DE-COLEGIADO-05.12.2019.pdf\">ATA DE REUNI\u00c3O DE COLEGIADO 05.12.2019<\/a><\/p>\n","protected":false},"excerpt":{"rendered":"<p>ATA DE REUNI\u00c3O DE COLEGIADO 13.02.2019 ATA DE REUNI\u00c3O DE COLEGIADO 22.03.2019 ATA DE REUNI\u00c3O DE COLEGIADO 15.04.2019 ATA DE REUNI\u00c3O DE COLEGIADO 21.06.2019 ATA DE REUNI\u00c3O DE COLEGIADO 24.08.2019 ATA DE REUNI\u00c3O DE COLEGIADO 23.09.2019 ATA DE REUNI\u00c3O DE&hellip; <\/p>\n<p><a href=\"https:\/\/www2.unifap.br\/educacaodocampo\/atas-de-reunioes\/atas-de-reuniao-de-colegiado-2019\/\" class=\"readmore-button\">Continue Reading<\/a><\/p>\n","protected":false},"author":3829,"featured_media":0,"parent":1295,"menu_order":1,"comment_status":"closed","ping_status":"closed","template":"","meta":{"inline_featured_image":false,"ngg_post_thumbnail":0,"footnotes":""},"class_list":["post-1302","page","type-page","status-publish","hentry"],"_links":{"self":[{"href":"https:\/\/www2.unifap.br\/educacaodocampo\/wp-json\/wp\/v2\/pages\/1302","targetHints":{"allow":["GET"]}}],"collection":[{"href":"https:\/\/www2.unifap.br\/educacaodocampo\/wp-json\/wp\/v2\/pages"}],"about":[{"href":"https:\/\/www2.unifap.br\/educacaodocampo\/wp-json\/wp\/v2\/types\/page"}],"author":[{"embeddable":true,"href":"https:\/\/www2.unifap.br\/educacaodocampo\/wp-json\/wp\/v2\/users\/3829"}],"replies":[{"embeddable":true,"href":"https:\/\/www2.unifap.br\/educacaodocampo\/wp-json\/wp\/v2\/comments?post=1302"}],"version-history":[{"count":7,"href":"https:\/\/www2.unifap.br\/educacaodocampo\/wp-json\/wp\/v2\/pages\/1302\/revisions"}],"predecessor-version":[{"id":1420,"href":"https:\/\/www2.unifap.br\/educacaodocampo\/wp-json\/wp\/v2\/pages\/1302\/revisions\/1420"}],"up":[{"embeddable":true,"href":"https:\/\/www2.unifap.br\/educacaodocampo\/wp-json\/wp\/v2\/pages\/1295"}],"wp:attachment":[{"href":"https:\/\/www2.unifap.br\/educacaodocampo\/wp-json\/wp\/v2\/media?parent=1302"}],"curies":[{"name":"wp","href":"https:\/\/api.w.org\/{rel}","templated":true}]}}