{"id":1336,"date":"2021-12-21T17:19:27","date_gmt":"2021-12-21T20:19:27","guid":{"rendered":"http:\/\/www2.unifap.br\/educacaodocampo\/?page_id=1336"},"modified":"2022-11-28T22:09:07","modified_gmt":"2022-11-29T01:09:07","slug":"ata-de-reuniao-2020","status":"publish","type":"page","link":"https:\/\/www2.unifap.br\/educacaodocampo\/atas-de-reunioes\/ata-de-reuniao-2020\/","title":{"rendered":"ATA DE REUNI\u00c3O DE COLEGIADO &#8211; 2020"},"content":{"rendered":"<p><a href=\"http:\/\/www2.unifap.br\/educacaodocampo\/files\/2021\/12\/ATA-DE-REUNI\u00c3O-DE-COLEGIADO-14.03.2020.pdf\">ATA DE REUNI\u00c3O DE COLEGIADO 14.03.2020<\/a><\/p>\n<p><a href=\"http:\/\/www2.unifap.br\/educacaodocampo\/files\/2021\/12\/ATA-DE-REUNI\u00c3O-DE-COLEGIADO-23.06.2020.pdf\">ATA DE REUNI\u00c3O DE COLEGIADO 23.06.2020<\/a><\/p>\n<p><a href=\"http:\/\/www2.unifap.br\/educacaodocampo\/files\/2021\/12\/ATA-DE-REUNI\u00c3O-DE-COLEGIADO-21.08.2020.pdf\">ATA DE REUNI\u00c3O DE COLEGIADO 21.08.2020<\/a><\/p>\n<p><a href=\"http:\/\/www2.unifap.br\/educacaodocampo\/files\/2021\/12\/ATA-DE-REUNI\u00c3O-DE-COLEGIADO-26.08.2020.pdf\">ATA DE REUNI\u00c3O DE COLEGIADO 26.08.2020<\/a><\/p>\n<p><a href=\"http:\/\/www2.unifap.br\/educacaodocampo\/files\/2021\/12\/ATA-DE-REUNI\u00c3O-DE-COLEGIADO-30.10.2020.pdf\">ATA DE REUNI\u00c3O DE COLEGIADO 30.10.2020<\/a><\/p>\n<h2>&nbsp;<\/h2>\n","protected":false},"excerpt":{"rendered":"<p>ATA DE REUNI\u00c3O DE COLEGIADO 14.03.2020 ATA DE REUNI\u00c3O DE COLEGIADO 23.06.2020 ATA DE REUNI\u00c3O DE COLEGIADO 21.08.2020 ATA DE REUNI\u00c3O DE COLEGIADO 26.08.2020 ATA DE REUNI\u00c3O DE COLEGIADO 30.10.2020 &nbsp;<\/p>\n","protected":false},"author":3829,"featured_media":0,"parent":1295,"menu_order":0,"comment_status":"closed","ping_status":"closed","template":"","meta":{"inline_featured_image":false,"ngg_post_thumbnail":0,"footnotes":""},"class_list":["post-1336","page","type-page","status-publish","hentry"],"_links":{"self":[{"href":"https:\/\/www2.unifap.br\/educacaodocampo\/wp-json\/wp\/v2\/pages\/1336","targetHints":{"allow":["GET"]}}],"collection":[{"href":"https:\/\/www2.unifap.br\/educacaodocampo\/wp-json\/wp\/v2\/pages"}],"about":[{"href":"https:\/\/www2.unifap.br\/educacaodocampo\/wp-json\/wp\/v2\/types\/page"}],"author":[{"embeddable":true,"href":"https:\/\/www2.unifap.br\/educacaodocampo\/wp-json\/wp\/v2\/users\/3829"}],"replies":[{"embeddable":true,"href":"https:\/\/www2.unifap.br\/educacaodocampo\/wp-json\/wp\/v2\/comments?post=1336"}],"version-history":[{"count":5,"href":"https:\/\/www2.unifap.br\/educacaodocampo\/wp-json\/wp\/v2\/pages\/1336\/revisions"}],"predecessor-version":[{"id":1569,"href":"https:\/\/www2.unifap.br\/educacaodocampo\/wp-json\/wp\/v2\/pages\/1336\/revisions\/1569"}],"up":[{"embeddable":true,"href":"https:\/\/www2.unifap.br\/educacaodocampo\/wp-json\/wp\/v2\/pages\/1295"}],"wp:attachment":[{"href":"https:\/\/www2.unifap.br\/educacaodocampo\/wp-json\/wp\/v2\/media?parent=1336"}],"curies":[{"name":"wp","href":"https:\/\/api.w.org\/{rel}","templated":true}]}}