{"id":1409,"date":"2021-12-23T00:40:46","date_gmt":"2021-12-23T03:40:46","guid":{"rendered":"http:\/\/www2.unifap.br\/educacaodocampo\/?page_id=1409"},"modified":"2023-06-06T09:53:40","modified_gmt":"2023-06-06T12:53:40","slug":"ata-de-reuniao-de-colegiado-2022","status":"publish","type":"page","link":"https:\/\/www2.unifap.br\/educacaodocampo\/atas-de-reunioes\/ata-de-reuniao-de-colegiado-2022\/","title":{"rendered":"ATA DE REUNI\u00c3O DE COLEGIADO &#8211; 2022"},"content":{"rendered":"<p><a href=\"http:\/\/www2.unifap.br\/educacaodocampo\/files\/2022\/03\/ATA-DE-REUNI\u00c3O-DE-COLEGIADO-05.01.2022.pdf\">ATA DE REUNI\u00c3O DE COLEGIADO 05.01.2022 &#8211; EXTRA<\/a><\/p>\n<p><a href=\"http:\/\/www2.unifap.br\/educacaodocampo\/files\/2022\/03\/ATA-DE-REUNI\u00c3O-DE-COLEGIADO-26.01.2022.pdf\">ATA DE REUNI\u00c3O DE COLEGIADO 26.01.2022<\/a><\/p>\n<p><a href=\"http:\/\/www2.unifap.br\/educacaodocampo\/files\/2022\/04\/ATA-DE-REUNIAO-DE-COLEGIADO-7.02.22.pdf\">ATA DE REUNI\u00c3O DE COLEGIADO 07.02.22<\/a><\/p>\n<p><a href=\"http:\/\/www2.unifap.br\/educacaodocampo\/files\/2023\/06\/ATA-DE-REUNIAO-DE-COLEGIADO-21.03.2022.pdf\">ATA DE REUNI\u00c3O DE COLEGIADO &#8211; 21.03.2022<\/a><\/p>\n<p><a href=\"http:\/\/www2.unifap.br\/educacaodocampo\/files\/2023\/06\/ATA-DE-REUNIAO-DE-COLEGIADO-22.03.2022-EXTRA.pdf\">ATA DE REUNI\u00c3O DE COLEGIADO &#8211; 22.03.2022 (EXTRA)<\/a><\/p>\n<p><a href=\"http:\/\/www2.unifap.br\/educacaodocampo\/files\/2023\/06\/ATA-DE-REUNIAAO-DE-COLEGIADO-30.03.2022.pdf\">ATA DE REUNIA\u00c3O DE COLEGIADO &#8211; 30.03.2022<\/a><\/p>\n<p><a href=\"http:\/\/www2.unifap.br\/educacaodocampo\/files\/2023\/06\/ATA-DE-REUNIAAO-DE-COLEGIADO-13.08.2022.pdf\">ATA DE REUNIA\u00c3O DE COLEGIADO &#8211; 13.08.2022<\/a><\/p>\n<p><a href=\"http:\/\/www2.unifap.br\/educacaodocampo\/files\/2023\/06\/ATA-DE-REUNIAAO-DE-COLEGIADO-09.11.2022.pdf\">ATA DE REUNIA\u00c3O DE COLEGIADO &#8211; 09.11.2022<\/a><\/p>\n<p>&nbsp;<\/p>\n<p><a href=\"http:\/\/www2.unifap.br\/educacaodocampo\/files\/2023\/06\/ATA-DE-REUNIAO-DE-NDE-13.04.2023.pdf\">ATA DE REUNI\u00c3O DE NDE &#8211; 13.04.2023<\/a><\/p>\n<p>&nbsp;<\/p>\n","protected":false},"excerpt":{"rendered":"<p>ATA DE REUNI\u00c3O DE COLEGIADO 05.01.2022 &#8211; EXTRA ATA DE REUNI\u00c3O DE COLEGIADO 26.01.2022 ATA DE REUNI\u00c3O DE COLEGIADO 07.02.22 ATA DE REUNI\u00c3O DE COLEGIADO &#8211; 21.03.2022 ATA DE REUNI\u00c3O DE COLEGIADO &#8211; 22.03.2022 (EXTRA) ATA DE REUNIA\u00c3O DE COLEGIADO&hellip; <\/p>\n<p><a href=\"https:\/\/www2.unifap.br\/educacaodocampo\/atas-de-reunioes\/ata-de-reuniao-de-colegiado-2022\/\" class=\"readmore-button\">Continue Reading<\/a><\/p>\n","protected":false},"author":3829,"featured_media":0,"parent":1295,"menu_order":0,"comment_status":"closed","ping_status":"closed","template":"","meta":{"inline_featured_image":false,"ngg_post_thumbnail":0,"footnotes":""},"class_list":["post-1409","page","type-page","status-publish","hentry"],"_links":{"self":[{"href":"https:\/\/www2.unifap.br\/educacaodocampo\/wp-json\/wp\/v2\/pages\/1409","targetHints":{"allow":["GET"]}}],"collection":[{"href":"https:\/\/www2.unifap.br\/educacaodocampo\/wp-json\/wp\/v2\/pages"}],"about":[{"href":"https:\/\/www2.unifap.br\/educacaodocampo\/wp-json\/wp\/v2\/types\/page"}],"author":[{"embeddable":true,"href":"https:\/\/www2.unifap.br\/educacaodocampo\/wp-json\/wp\/v2\/users\/3829"}],"replies":[{"embeddable":true,"href":"https:\/\/www2.unifap.br\/educacaodocampo\/wp-json\/wp\/v2\/comments?post=1409"}],"version-history":[{"count":6,"href":"https:\/\/www2.unifap.br\/educacaodocampo\/wp-json\/wp\/v2\/pages\/1409\/revisions"}],"predecessor-version":[{"id":1726,"href":"https:\/\/www2.unifap.br\/educacaodocampo\/wp-json\/wp\/v2\/pages\/1409\/revisions\/1726"}],"up":[{"embeddable":true,"href":"https:\/\/www2.unifap.br\/educacaodocampo\/wp-json\/wp\/v2\/pages\/1295"}],"wp:attachment":[{"href":"https:\/\/www2.unifap.br\/educacaodocampo\/wp-json\/wp\/v2\/media?parent=1409"}],"curies":[{"name":"wp","href":"https:\/\/api.w.org\/{rel}","templated":true}]}}