{"id":1727,"date":"2023-06-06T09:56:05","date_gmt":"2023-06-06T12:56:05","guid":{"rendered":"https:\/\/www2.unifap.br\/educacaodocampo\/?page_id=1727"},"modified":"2024-02-23T08:42:41","modified_gmt":"2024-02-23T11:42:41","slug":"ata-de-reuniao-de-colegiado-2023","status":"publish","type":"page","link":"https:\/\/www2.unifap.br\/educacaodocampo\/atas-de-reunioes\/ata-de-reuniao-de-colegiado-2023\/","title":{"rendered":"ATA DE REUNI\u00d5ES 2023"},"content":{"rendered":"<p><strong>REUNI\u00c3O DE&nbsp;COLEGIADO<\/strong><\/p>\n<p><strong><a href=\"http:\/\/www2.unifap.br\/educacaodocampo\/files\/2023\/06\/ATA-DE-REUNIAO-DE-COLEGIADO-18.01.2023.pdf\">ATA 18.01.2023<\/a><\/strong><\/p>\n<p><strong><a href=\"http:\/\/www2.unifap.br\/educacaodocampo\/files\/2023\/06\/ATA-DE-REUNIAO-DE-COLEGIADO-12.04.2023.pdf\">ATA 12.04.2023<\/a><\/strong><\/p>\n<p><strong><a href=\"http:\/\/www2.unifap.br\/educacaodocampo\/files\/2023\/06\/ATA-DE-REUNIAO-DE-PEDAGOGICA-E-NDE-14.04.2023.pdf\">ATA DE REUNI\u00c3O DE PEDAG\u00d3GICA E NDE &#8211; 14.04.2023<\/a><\/strong><\/p>\n<p><strong><a href=\"http:\/\/www2.unifap.br\/educacaodocampo\/files\/2023\/06\/ATA-DE-REUNIAO-DE-COLEGIADO-26.04.2023.pdf\">ATA 26.04.2023<\/a><\/strong><\/p>\n<p><strong><a href=\"http:\/\/www2.unifap.br\/educacaodocampo\/files\/2023\/08\/ata-colegiado-26-07-2023.pdf\">ATA 26.07.2023<\/a><\/strong><\/p>\n<p><strong><a href=\"http:\/\/www2.unifap.br\/educacaodocampo\/files\/2023\/08\/ata-final-publicada-1.pdf\">Ata 09.08.2023<\/a><\/strong><\/p>\n<p><strong><a href=\"http:\/\/www2.unifap.br\/educacaodocampo\/files\/2023\/09\/ata_final_assinada.pdf\">Ata 30.08.2023<\/a><\/strong><\/p>\n<p><strong><a href=\"http:\/\/www2.unifap.br\/educacaodocampo\/files\/2023\/09\/ata-publicada.pdf\">Ata 06.09.2023<\/a><\/strong><\/p>\n<p><strong><a href=\"http:\/\/www2.unifap.br\/educacaodocampo\/files\/2023\/10\/ata-final-assinada.pdf\">Ata 27.09.2023<\/a><\/strong><\/p>\n<p><strong><a href=\"http:\/\/www2.unifap.br\/educacaodocampo\/files\/2023\/11\/ata-final.pdf\">Ata 11.10.2023<\/a><\/strong><\/p>\n<p><strong><a href=\"http:\/\/www2.unifap.br\/educacaodocampo\/files\/2024\/02\/ATA-16-11.pdf\">ATA 16.11.2023<\/a><\/strong><\/p>\n<p><strong>REUNI\u00c3O EXTRAORDIN\u00c1RIA DE COLEGIADO<\/strong><\/p>\n<p><strong><a href=\"http:\/\/www2.unifap.br\/educacaodocampo\/files\/2024\/02\/Ata-21-de-junho-de-2023.pdf\">ATA 21.06. 2023<\/a><\/strong><\/p>\n<p><strong><a href=\"http:\/\/www2.unifap.br\/educacaodocampo\/files\/2024\/02\/ATA-REUNIAO-EXTRAORDINARIADE-COLEGIADO-24-11.pdf\">ATA 24. 11.2023<\/a><\/strong><\/p>\n<p><strong>REUNI\u00c3O DE NDE<\/strong><\/p>\n<p><strong><a href=\"http:\/\/www2.unifap.br\/educacaodocampo\/files\/2023\/06\/ATA-DE-REUNIAO-DE-NDE-13.04.2023.pdf\">ATA 13.04.2023<\/a><\/strong><\/p>\n<p><strong><a href=\"http:\/\/www2.unifap.br\/educacaodocampo\/files\/2024\/02\/ata-reuniao-ampliada-21_06.pdf\">ATA 21.06.2023<\/a><\/strong><\/p>\n<p><strong><a href=\"http:\/\/www2.unifap.br\/educacaodocampo\/files\/2023\/08\/ata-NDE-26-07-2023.pdf\">Ata 26.07.2023<\/a>&nbsp;<\/strong><\/p>\n<p><strong><a href=\"http:\/\/www2.unifap.br\/educacaodocampo\/files\/2023\/10\/Ata-nde-26-09-2023-1-1.pdf\">Ata 26.09.2023<\/a><\/strong><\/p>\n<p><strong>REUNI\u00c3O DE COORDENA\u00c7\u00c3O DE CURSO<\/strong><\/p>\n<p><strong><a href=\"http:\/\/www2.unifap.br\/educacaodocampo\/files\/2023\/12\/ATA-DE-REUNIAO-COORDENACAO-CURSO-E-CAMPUS.pdf\">ATA 12.09.2023<\/a><\/strong><\/p>\n<p><strong><a href=\"http:\/\/www2.unifap.br\/educacaodocampo\/files\/2024\/02\/ata-30-10-2023-final.pdf\">ATA 30.10.2023<\/a><\/strong><\/p>\n<p><strong><a href=\"http:\/\/www2.unifap.br\/educacaodocampo\/files\/2024\/02\/ATA-DE-REUNIAO-DA-COORDENACAO-05-12.pdf\">ATA 05.12.2023<\/a><\/strong><!--more--><\/p>\n<p>&nbsp;<\/p>\n","protected":false},"excerpt":{"rendered":"<p>REUNI\u00c3O DE&nbsp;COLEGIADO ATA 18.01.2023 ATA 12.04.2023 ATA DE REUNI\u00c3O DE PEDAG\u00d3GICA E NDE &#8211; 14.04.2023 ATA 26.04.2023 ATA 26.07.2023 Ata 09.08.2023 Ata 30.08.2023 Ata 06.09.2023 Ata 27.09.2023 Ata 11.10.2023 ATA 16.11.2023 REUNI\u00c3O EXTRAORDIN\u00c1RIA DE COLEGIADO ATA 21.06. 2023 ATA 24.&hellip; <\/p>\n<p><a href=\"https:\/\/www2.unifap.br\/educacaodocampo\/atas-de-reunioes\/ata-de-reuniao-de-colegiado-2023\/\" class=\"readmore-button\">Continue Reading<\/a><\/p>\n","protected":false},"author":3829,"featured_media":0,"parent":1295,"menu_order":0,"comment_status":"closed","ping_status":"closed","template":"","meta":{"inline_featured_image":false,"ngg_post_thumbnail":0,"footnotes":""},"class_list":["post-1727","page","type-page","status-publish","hentry"],"_links":{"self":[{"href":"https:\/\/www2.unifap.br\/educacaodocampo\/wp-json\/wp\/v2\/pages\/1727","targetHints":{"allow":["GET"]}}],"collection":[{"href":"https:\/\/www2.unifap.br\/educacaodocampo\/wp-json\/wp\/v2\/pages"}],"about":[{"href":"https:\/\/www2.unifap.br\/educacaodocampo\/wp-json\/wp\/v2\/types\/page"}],"author":[{"embeddable":true,"href":"https:\/\/www2.unifap.br\/educacaodocampo\/wp-json\/wp\/v2\/users\/3829"}],"replies":[{"embeddable":true,"href":"https:\/\/www2.unifap.br\/educacaodocampo\/wp-json\/wp\/v2\/comments?post=1727"}],"version-history":[{"count":24,"href":"https:\/\/www2.unifap.br\/educacaodocampo\/wp-json\/wp\/v2\/pages\/1727\/revisions"}],"predecessor-version":[{"id":2038,"href":"https:\/\/www2.unifap.br\/educacaodocampo\/wp-json\/wp\/v2\/pages\/1727\/revisions\/2038"}],"up":[{"embeddable":true,"href":"https:\/\/www2.unifap.br\/educacaodocampo\/wp-json\/wp\/v2\/pages\/1295"}],"wp:attachment":[{"href":"https:\/\/www2.unifap.br\/educacaodocampo\/wp-json\/wp\/v2\/media?parent=1727"}],"curies":[{"name":"wp","href":"https:\/\/api.w.org\/{rel}","templated":true}]}}