{"id":2034,"date":"2024-02-20T16:29:23","date_gmt":"2024-02-20T19:29:23","guid":{"rendered":"https:\/\/www2.unifap.br\/educacaodocampo\/?page_id=2034"},"modified":"2024-12-26T10:55:22","modified_gmt":"2024-12-26T13:55:22","slug":"ata-ano-2024","status":"publish","type":"page","link":"https:\/\/www2.unifap.br\/educacaodocampo\/atas-de-reunioes\/ata-ano-2024\/","title":{"rendered":"ATAS &#8211; ANO 2024"},"content":{"rendered":"<p><strong>REUNI\u00c3O DE COLEGIADO<\/strong><\/p>\n<p><strong><a href=\"http:\/\/www2.unifap.br\/educacaodocampo\/files\/2024\/02\/ATA-24.01.2024.pdf\">ATA 24.01.2024<\/a><\/strong><\/p>\n<p><strong><a href=\"http:\/\/www2.unifap.br\/educacaodocampo\/files\/2024\/09\/ATA-21.02.2024.pdf\">ATA 21.02.2024<\/a><\/strong><\/p>\n<p><strong><a href=\"http:\/\/www2.unifap.br\/educacaodocampo\/files\/2024\/09\/ATA-21.03.2024.pdf\">ATA 21.03.2024<\/a>&nbsp;<\/strong><\/p>\n<p><strong><a href=\"http:\/\/www2.unifap.br\/educacaodocampo\/files\/2024\/08\/ata-publicada.pdf\">ATA 17.07.2024<\/a><\/strong><\/p>\n<p><strong><a href=\"http:\/\/www2.unifap.br\/educacaodocampo\/files\/2024\/09\/ata-11.09.pdf\">ATA 11.09.2024<\/a><\/strong><\/p>\n<p><strong><a href=\"http:\/\/www2.unifap.br\/educacaodocampo\/files\/2024\/11\/ATA-23.10.2024.pdf\">ATA 23.10.2024<\/a><\/strong><\/p>\n<p><a href=\"http:\/\/www2.unifap.br\/educacaodocampo\/files\/2024\/12\/Ata-11.12.2024.pdf\"><b>ATA 11.12.2024<\/b><\/a><\/p>\n<p><strong>REUNI\u00c3O EXTRAORDIN\u00c1RIA DE COLEGIADO<\/strong><\/p>\n<p><a href=\"http:\/\/www2.unifap.br\/educacaodocampo\/files\/2024\/05\/16.04.2024.pdf\"><strong>ATA 16.04.2024<\/strong><\/a><\/p>\n<p><a href=\"http:\/\/www2.unifap.br\/educacaodocampo\/files\/2024\/07\/ata-final-10-05-2024.pdf\"><strong>ATA 10.05.2024<\/strong><\/a><\/p>\n<p><a href=\"http:\/\/www2.unifap.br\/educacaodocampo\/files\/2024\/09\/ata-final.pdf\"><strong>ATA 23.09.2024<\/strong><\/a><\/p>\n<p><strong>REUNI\u00c3O DE NDE<\/strong><\/p>\n<p><strong><a href=\"http:\/\/www2.unifap.br\/educacaodocampo\/files\/2024\/09\/ATA-31.01.2024.pdf\">ATA 31.01.2024<\/a><\/strong><\/p>\n<p><strong><a href=\"http:\/\/www2.unifap.br\/educacaodocampo\/files\/2024\/09\/ATA-22.01.2024.pdf\">ATA 22.01.2024<\/a><\/strong><\/p>\n<p><strong><a href=\"http:\/\/www2.unifap.br\/educacaodocampo\/files\/2024\/09\/ATA-10.-02.2024.pdf\">ATA 10. 02.2024<\/a><\/strong><\/p>\n<p><strong><a href=\"http:\/\/www2.unifap.br\/educacaodocampo\/files\/2024\/09\/ATA-14.02.2024.pdf\">ATA 14.02.2024<\/a><\/strong><\/p>\n<p><strong><a href=\"http:\/\/www2.unifap.br\/educacaodocampo\/files\/2024\/09\/ATA-16.04.2024.pdf\">ATA 16.04.2024<\/a><\/strong><\/p>\n<p><strong><a href=\"http:\/\/www2.unifap.br\/educacaodocampo\/files\/2024\/09\/ATA-26.04.2024.pdf\">ATA 26.04.2024<\/a><\/strong><\/p>\n<p><strong><a href=\"http:\/\/www2.unifap.br\/educacaodocampo\/files\/2024\/09\/ATA-07.08.2024.pdf\">ATA 07.08.2024<\/a><\/strong><\/p>\n<p><strong> <a href=\"http:\/\/www2.unifap.br\/educacaodocampo\/files\/2024\/09\/ATA-14.08.2024.pdf\">ATA 14.08.2024<\/a><\/strong><\/p>\n<p><strong> <a href=\"http:\/\/www2.unifap.br\/educacaodocampo\/files\/2024\/09\/ATA-21.08.2024.pdf\">ATA 21.08.2024<\/a> <\/strong><\/p>\n<p><strong><a href=\"http:\/\/www2.unifap.br\/educacaodocampo\/files\/2024\/09\/ATA-09.09.2024.pdf\">ATA 09.09.2024<\/a><\/strong><\/p>\n<p><strong><a href=\"http:\/\/www2.unifap.br\/educacaodocampo\/files\/2024\/09\/ATA-23.09.2024.pdf\">ATA 23.09.2024<\/a><\/strong><\/p>\n<p><strong>REUNI\u00c3O DA COORDENA\u00c7\u00c3O LEDOC<\/strong><\/p>\n<p><strong><a href=\"http:\/\/www2.unifap.br\/educacaodocampo\/files\/2024\/02\/ATA-1a-REUNIAO-DA-COORDENACAO-2024-1.pdf\">ATA 14.02. 2024<\/a><\/strong><\/p>\n<p><strong><a href=\"http:\/\/www2.unifap.br\/educacaodocampo\/files\/2024\/05\/ATA-25.-03.-2024.pdf\">ATA 13. 03. 2024<\/a><\/strong><\/p>\n<p><strong><a href=\"http:\/\/www2.unifap.br\/educacaodocampo\/files\/2024\/08\/08.07.2024.pdf\">ATA 08.07.2024<\/a><\/strong><\/p>\n<p><a href=\"http:\/\/www2.unifap.br\/educacaodocampo\/files\/2024\/09\/ATA-26.08.2024.pdf\"><strong>ATA 26.08.2024<\/strong><\/a><\/p>\n<p><strong><a href=\"http:\/\/www2.unifap.br\/educacaodocampo\/files\/2024\/11\/Ata_reuniao_Coordenacao_assinado.pdf\">ATA 16.10.2024<\/a><\/strong><\/p>\n","protected":false},"excerpt":{"rendered":"<p>REUNI\u00c3O DE COLEGIADO ATA 24.01.2024 ATA 21.02.2024 ATA 21.03.2024&nbsp; ATA 17.07.2024 ATA 11.09.2024 ATA 23.10.2024 ATA 11.12.2024 REUNI\u00c3O EXTRAORDIN\u00c1RIA DE COLEGIADO ATA 16.04.2024 ATA 10.05.2024 ATA 23.09.2024 REUNI\u00c3O DE NDE ATA 31.01.2024 ATA 22.01.2024 ATA 10. 02.2024 ATA 14.02.2024 ATA&hellip; <\/p>\n<p><a href=\"https:\/\/www2.unifap.br\/educacaodocampo\/atas-de-reunioes\/ata-ano-2024\/\" class=\"readmore-button\">Continue Reading<\/a><\/p>\n","protected":false},"author":3997,"featured_media":0,"parent":1295,"menu_order":0,"comment_status":"closed","ping_status":"closed","template":"","meta":{"inline_featured_image":false,"ngg_post_thumbnail":0,"footnotes":""},"class_list":["post-2034","page","type-page","status-publish","hentry"],"_links":{"self":[{"href":"https:\/\/www2.unifap.br\/educacaodocampo\/wp-json\/wp\/v2\/pages\/2034","targetHints":{"allow":["GET"]}}],"collection":[{"href":"https:\/\/www2.unifap.br\/educacaodocampo\/wp-json\/wp\/v2\/pages"}],"about":[{"href":"https:\/\/www2.unifap.br\/educacaodocampo\/wp-json\/wp\/v2\/types\/page"}],"author":[{"embeddable":true,"href":"https:\/\/www2.unifap.br\/educacaodocampo\/wp-json\/wp\/v2\/users\/3997"}],"replies":[{"embeddable":true,"href":"https:\/\/www2.unifap.br\/educacaodocampo\/wp-json\/wp\/v2\/comments?post=2034"}],"version-history":[{"count":18,"href":"https:\/\/www2.unifap.br\/educacaodocampo\/wp-json\/wp\/v2\/pages\/2034\/revisions"}],"predecessor-version":[{"id":4755,"href":"https:\/\/www2.unifap.br\/educacaodocampo\/wp-json\/wp\/v2\/pages\/2034\/revisions\/4755"}],"up":[{"embeddable":true,"href":"https:\/\/www2.unifap.br\/educacaodocampo\/wp-json\/wp\/v2\/pages\/1295"}],"wp:attachment":[{"href":"https:\/\/www2.unifap.br\/educacaodocampo\/wp-json\/wp\/v2\/media?parent=2034"}],"curies":[{"name":"wp","href":"https:\/\/api.w.org\/{rel}","templated":true}]}}