{"id":2137,"date":"2024-08-27T11:45:01","date_gmt":"2024-08-27T14:45:01","guid":{"rendered":"https:\/\/www2.unifap.br\/educacaodocampo\/?page_id=2137"},"modified":"2024-08-27T11:45:01","modified_gmt":"2024-08-27T14:45:01","slug":"horario-de-atendimento-2","status":"publish","type":"page","link":"https:\/\/www2.unifap.br\/educacaodocampo\/horario-de-atendimento-2\/","title":{"rendered":"HOR\u00c1RIO DE ATENDIMENTO"},"content":{"rendered":"<p style=\"text-align: left\"><strong>HOR\u00c1RIO DE ATENDIMENTO DA COORDENA\u00c7\u00c3O DE CURSO<\/strong><\/p>\n<p>Segunda a sexta<\/p>\n<p>08h \u00e0s 17h<\/p>\n","protected":false},"excerpt":{"rendered":"<p>HOR\u00c1RIO DE ATENDIMENTO DA COORDENA\u00c7\u00c3O DE CURSO Segunda a sexta 08h \u00e0s 17h<\/p>\n","protected":false},"author":3997,"featured_media":0,"parent":0,"menu_order":0,"comment_status":"closed","ping_status":"closed","template":"","meta":{"inline_featured_image":false,"ngg_post_thumbnail":0,"footnotes":""},"class_list":["post-2137","page","type-page","status-publish","hentry"],"_links":{"self":[{"href":"https:\/\/www2.unifap.br\/educacaodocampo\/wp-json\/wp\/v2\/pages\/2137","targetHints":{"allow":["GET"]}}],"collection":[{"href":"https:\/\/www2.unifap.br\/educacaodocampo\/wp-json\/wp\/v2\/pages"}],"about":[{"href":"https:\/\/www2.unifap.br\/educacaodocampo\/wp-json\/wp\/v2\/types\/page"}],"author":[{"embeddable":true,"href":"https:\/\/www2.unifap.br\/educacaodocampo\/wp-json\/wp\/v2\/users\/3997"}],"replies":[{"embeddable":true,"href":"https:\/\/www2.unifap.br\/educacaodocampo\/wp-json\/wp\/v2\/comments?post=2137"}],"version-history":[{"count":1,"href":"https:\/\/www2.unifap.br\/educacaodocampo\/wp-json\/wp\/v2\/pages\/2137\/revisions"}],"predecessor-version":[{"id":2138,"href":"https:\/\/www2.unifap.br\/educacaodocampo\/wp-json\/wp\/v2\/pages\/2137\/revisions\/2138"}],"wp:attachment":[{"href":"https:\/\/www2.unifap.br\/educacaodocampo\/wp-json\/wp\/v2\/media?parent=2137"}],"curies":[{"name":"wp","href":"https:\/\/api.w.org\/{rel}","templated":true}]}}