{"id":22,"date":"2018-03-28T00:53:46","date_gmt":"2018-03-28T03:53:46","guid":{"rendered":"http:\/\/www2.unifap.br\/educacaodocampo\/?page_id=22"},"modified":"2026-02-04T14:24:59","modified_gmt":"2026-02-04T17:24:59","slug":"corpo-docente","status":"publish","type":"page","link":"https:\/\/www2.unifap.br\/educacaodocampo\/apresentacao\/corpo-docente\/","title":{"rendered":"CORPO DOCENTE"},"content":{"rendered":"<p><a href=\"http:\/\/lattes.cnpq.br\/5899287727176275\" target=\"_blank\" rel=\"noopener\">Daniel dos Santos<\/a><\/p>\n<p>Doutor em Biodiversidade e Biotecnologia<\/p>\n<p>danielsousa@unifap.br<\/p>\n<p><a href=\"http:\/\/lattes.cnpq.br\/4647043467052642\" target=\"_blank\" rel=\"noopener\">D\u00e9bora Mendes<\/a><\/p>\n<p>Doutora em Educa\u00e7\u00e3o<\/p>\n<p>bedamate@hotmail.com<\/p>\n<p><a href=\"http:\/\/lattes.cnpq.br\/8294617648816608\" target=\"_blank\" rel=\"noopener\">Dem\u00f3sthenes da Silva<\/a><\/p>\n<p>Mestre em Zootecnia<\/p>\n<p>demosthenes.silva@unifap.br<\/p>\n<p><a href=\"http:\/\/lattes.cnpq.br\/0218115498772722\" target=\"_blank\" rel=\"noopener\">Elizabeth Barbosa<\/a><\/p>\n<p>Doutora em&nbsp;Ci\u00eancia Animal<\/p>\n<p>elizabeth.barbosa@unifap.br<\/p>\n<p><a href=\"http:\/\/lattes.cnpq.br\/2677468267811515\" target=\"_blank\" rel=\"noopener\">Flaviana Gon\u00e7alves<\/a><\/p>\n<p>Doutora em Ci\u00eancias (Agricultura e Biodiversidade)<\/p>\n<p>flaviana@unifap.br<\/p>\n<p><a href=\"http:\/\/lattes.cnpq.br\/2039199186002079\" target=\"_blank\" rel=\"noopener\">Fl\u00e1vio Costa<\/a><\/p>\n<p>Doutor em&nbsp;Engenharia Agr\u00edcola<\/p>\n<p>flaviocostapb@yahoo.com.br<\/p>\n<p><a href=\"http:\/\/lattes.cnpq.br\/6248205173437879\" target=\"_blank\" rel=\"noopener\">Galdino de Paula Filho<\/a><\/p>\n<p>Doutor em Fitotecnia<\/p>\n<p>galdino.filho@unifap.br<\/p>\n<p><a href=\"http:\/\/lattes.cnpq.br\/0632053294384328\" target=\"_blank\" rel=\"noopener\">Janivan Suassuna<\/a><\/p>\n<p>Doutor em&nbsp;Engenharia Agr\u00edcola<\/p>\n<p>janivan.suassuna@unifap.br<\/p>\n<p><a href=\"http:\/\/lattes.cnpq.br\/4329763474442768\" target=\"_blank\" rel=\"noopener\">Kalyne Brito<\/a><\/p>\n<p>Doutora em&nbsp;Engenharia Agr\u00edcola<\/p>\n<p>kalyne.brito@unifap.br<\/p>\n<p><a href=\"http:\/\/lattes.cnpq.br\/7692139468802520\" target=\"_blank\" rel=\"noopener\">Lailson Lemos<\/a><\/p>\n<p>Doutor em&nbsp;Biodiversidade Tropical<\/p>\n<p>lailson.lemos@unifap.br<\/p>\n<p><a href=\"http:\/\/lattes.cnpq.br\/1643271107076137\" target=\"_blank\" rel=\"noopener\">Marlo dos Reis<\/a><\/p>\n<p>Doutor em Educa\u00e7\u00e3o<\/p>\n<p>marloreis@unifap.br<\/p>\n<p><a href=\"http:\/\/lattes.cnpq.br\/5815663270393648\" target=\"_blank\" rel=\"noopener\">Mellissa Sobrinho<\/a><\/p>\n<p>Doutora em Biologia Vegetal<\/p>\n<p>mellissasobrinho@unifap.br<\/p>\n<p><a href=\"http:\/\/lattes.cnpq.br\/6232004360941231\" target=\"_blank\" rel=\"noopener\">Ricardo Ferreira<\/a><\/p>\n<p>Doutor em Biodiversidade Tropical<\/p>\n<p>rmaferreira@unifap.br<\/p>\n<p><a href=\"http:\/\/lattes.cnpq.br\/8775000063612915\" target=\"_blank\" rel=\"noopener\">Rosimeire Lopes<\/a><\/p>\n<p>Doutora em&nbsp;Zoologia<\/p>\n<p>rositrindade@unifap.br<\/p>\n","protected":false},"excerpt":{"rendered":"<p>Daniel dos Santos Doutor em Biodiversidade e Biotecnologia danielsousa@unifap.br D\u00e9bora Mendes Doutora em Educa\u00e7\u00e3o bedamate@hotmail.com Dem\u00f3sthenes da Silva Mestre em Zootecnia demosthenes.silva@unifap.br Elizabeth Barbosa Doutora em&nbsp;Ci\u00eancia Animal elizabeth.barbosa@unifap.br Flaviana Gon\u00e7alves Doutora em Ci\u00eancias (Agricultura e Biodiversidade) flaviana@unifap.br Fl\u00e1vio Costa Doutor&hellip; <\/p>\n<p><a href=\"https:\/\/www2.unifap.br\/educacaodocampo\/apresentacao\/corpo-docente\/\" class=\"readmore-button\">Continue Reading<\/a><\/p>\n","protected":false},"author":2426,"featured_media":0,"parent":27,"menu_order":1,"comment_status":"closed","ping_status":"closed","template":"","meta":{"inline_featured_image":false,"ngg_post_thumbnail":0,"footnotes":""},"class_list":["post-22","page","type-page","status-publish","hentry"],"_links":{"self":[{"href":"https:\/\/www2.unifap.br\/educacaodocampo\/wp-json\/wp\/v2\/pages\/22","targetHints":{"allow":["GET"]}}],"collection":[{"href":"https:\/\/www2.unifap.br\/educacaodocampo\/wp-json\/wp\/v2\/pages"}],"about":[{"href":"https:\/\/www2.unifap.br\/educacaodocampo\/wp-json\/wp\/v2\/types\/page"}],"author":[{"embeddable":true,"href":"https:\/\/www2.unifap.br\/educacaodocampo\/wp-json\/wp\/v2\/users\/2426"}],"replies":[{"embeddable":true,"href":"https:\/\/www2.unifap.br\/educacaodocampo\/wp-json\/wp\/v2\/comments?post=22"}],"version-history":[{"count":17,"href":"https:\/\/www2.unifap.br\/educacaodocampo\/wp-json\/wp\/v2\/pages\/22\/revisions"}],"predecessor-version":[{"id":5632,"href":"https:\/\/www2.unifap.br\/educacaodocampo\/wp-json\/wp\/v2\/pages\/22\/revisions\/5632"}],"up":[{"embeddable":true,"href":"https:\/\/www2.unifap.br\/educacaodocampo\/wp-json\/wp\/v2\/pages\/27"}],"wp:attachment":[{"href":"https:\/\/www2.unifap.br\/educacaodocampo\/wp-json\/wp\/v2\/media?parent=22"}],"curies":[{"name":"wp","href":"https:\/\/api.w.org\/{rel}","templated":true}]}}