{"id":27,"date":"2018-03-28T01:07:08","date_gmt":"2018-03-28T04:07:08","guid":{"rendered":"http:\/\/www2.unifap.br\/educacaodocampo\/?page_id=27"},"modified":"2024-09-16T13:34:54","modified_gmt":"2024-09-16T16:34:54","slug":"apresentacao","status":"publish","type":"page","link":"https:\/\/www2.unifap.br\/educacaodocampo\/apresentacao\/","title":{"rendered":"APRESENTA\u00c7\u00c3O"},"content":{"rendered":"<p>O Curso de Licenciatura em Educa\u00e7\u00e3o do Campo emerge da necessidade de uma nova forma de compreender e fazer a educa\u00e7\u00e3o, a partir das necessidades e anseios dos povos do campo. Esses povos, formados por agricultores familiares, ribeirinhos, quilombolas, camponeses e assentados da reforma agr\u00e1ria, dentre outros, possuem uma identidade e lutam para que a educa\u00e7\u00e3o seja pensada reconhecendo suas especificidades, a maneira pr\u00f3pria de conceber o mundo e seu modo de vida.&nbsp;O curso tem como caracter\u00edstica fundamental a busca pela afirma\u00e7\u00e3o da identidade da Educa\u00e7\u00e3o do Campo na Amaz\u00f4nia, profundamente marcada pela heterogeneidade e pelas identidades culturais do seu povo, presente em suas rela\u00e7\u00f5es cotidianas.<br \/>\nOs povos do campo s\u00e3o compreendidos como sujeitos de direito e atores da sua educa\u00e7\u00e3o; possuidores de saberes, mem\u00f3rias coletivas, valores e modos de vida peculiares, que s\u00e3o ratificadas nas suas viv\u00eancias e pela sua produ\u00e7\u00e3o material de exist\u00eancia. Esses aspectos s\u00e3o valorizados na produ\u00e7\u00e3o e constru\u00e7\u00e3o do conhecimento acad\u00eamico, atrav\u00e9s das atividades de ensino, pesquisa e extens\u00e3o, que buscam valorizar a diversidade do campo em todos os seus aspectos: sociais, culturais, pol\u00edticos, econ\u00f4micos, de g\u00eanero, gera\u00e7\u00e3o e etnia, seja atrav\u00e9s dos conte\u00fados de natureza cient\u00edfico-culturais, das pr\u00e1ticas pedag\u00f3gicas, dos est\u00e1gios supervisionados e\/ou das atividades complementares, que constituem o curr\u00edculo do curso.<br \/>\nA Educa\u00e7\u00e3o do Campo n\u00e3o se restringe \u00e0 escolariza\u00e7\u00e3o, ela se relaciona com educa\u00e7\u00e3o, cultura, economia, politica, novas rela\u00e7\u00f5es com a terra, entre as pessoas, na produ\u00e7\u00e3o e com a vida. Assim, o Curso de Licenciatura em Educa\u00e7\u00e3o do Campo tem a finalidade de formar educadores do campo que tenham uma vis\u00e3o integral da realidade e do ser humano que a comp\u00f5e. Portanto, com o intuito de contribuir com a forma\u00e7\u00e3o dos povos do campo, apresenta-se o&nbsp;<b>Curso de Licenciatura em Educa\u00e7\u00e3o do Campo &#8211; Ci\u00eancias Agr\u00e1rias e Biologia, voltado para a forma\u00e7\u00e3o de docentes das s\u00e9ries finais do Ensino Fundamental e do Ensino M\u00e9dio.<\/b><\/p>\n<p><a href=\"http:\/\/www2.unifap.br\/educacaodocampo\/coordenacao\/\">Coordena\u00e7\u00e3o<\/a><br \/>\n<a href=\"http:\/\/www2.unifap.br\/educacaodocampo\/nde\/\">NDE<\/a><br \/>\n<a href=\"http:\/\/www2.unifap.br\/educacaodocampo\/apresentacao\/processos-seletivos\/\">Processos Seletivos<\/a><br \/>\n<a href=\"https:\/\/educloud.unifap.br\/index.php\/s\/L7Rcf24tNFa6YAp#pdfviewer\">Guia do Calouro 2019 &#8211; UNIFAP<\/a>&nbsp;<br \/>\n&nbsp;<\/p>\n","protected":false},"excerpt":{"rendered":"<p>O Curso de Licenciatura em Educa\u00e7\u00e3o do Campo emerge da necessidade de uma nova forma de compreender e fazer a educa\u00e7\u00e3o, a partir das necessidades e anseios dos povos do campo. Esses povos, formados por agricultores familiares, ribeirinhos, quilombolas, camponeses&hellip; <\/p>\n<p><a href=\"https:\/\/www2.unifap.br\/educacaodocampo\/apresentacao\/\" class=\"readmore-button\">Continue Reading<\/a><\/p>\n","protected":false},"author":2426,"featured_media":0,"parent":0,"menu_order":0,"comment_status":"closed","ping_status":"closed","template":"","meta":{"inline_featured_image":false,"ngg_post_thumbnail":0,"footnotes":""},"class_list":["post-27","page","type-page","status-publish","hentry"],"_links":{"self":[{"href":"https:\/\/www2.unifap.br\/educacaodocampo\/wp-json\/wp\/v2\/pages\/27","targetHints":{"allow":["GET"]}}],"collection":[{"href":"https:\/\/www2.unifap.br\/educacaodocampo\/wp-json\/wp\/v2\/pages"}],"about":[{"href":"https:\/\/www2.unifap.br\/educacaodocampo\/wp-json\/wp\/v2\/types\/page"}],"author":[{"embeddable":true,"href":"https:\/\/www2.unifap.br\/educacaodocampo\/wp-json\/wp\/v2\/users\/2426"}],"replies":[{"embeddable":true,"href":"https:\/\/www2.unifap.br\/educacaodocampo\/wp-json\/wp\/v2\/comments?post=27"}],"version-history":[{"count":13,"href":"https:\/\/www2.unifap.br\/educacaodocampo\/wp-json\/wp\/v2\/pages\/27\/revisions"}],"predecessor-version":[{"id":2154,"href":"https:\/\/www2.unifap.br\/educacaodocampo\/wp-json\/wp\/v2\/pages\/27\/revisions\/2154"}],"wp:attachment":[{"href":"https:\/\/www2.unifap.br\/educacaodocampo\/wp-json\/wp\/v2\/media?parent=27"}],"curies":[{"name":"wp","href":"https:\/\/api.w.org\/{rel}","templated":true}]}}