{"id":31,"date":"2018-03-28T01:07:55","date_gmt":"2018-03-28T04:07:55","guid":{"rendered":"http:\/\/www2.unifap.br\/educacaodocampo\/?page_id=31"},"modified":"2024-09-16T13:58:42","modified_gmt":"2024-09-16T16:58:42","slug":"extensao","status":"publish","type":"page","link":"https:\/\/www2.unifap.br\/educacaodocampo\/extensao\/","title":{"rendered":"EXTENS\u00c3O"},"content":{"rendered":"<p>No Curso Educa\u00e7\u00e3o do Campo, s\u00e3o realizadas a\u00e7\u00f5es extensionista, junto \u00e0s comunidades do campo do Amap\u00e1, atrav\u00e9s de projetos desenvolvidos por membros do corpo docente e discente do curso. Todas as propostas foram submetidos a editais de apoio \u00e0 extens\u00e3o internos e externos \u00e0 IFES, tendo sido alguns projetos aprovados em editais da UNIFAP, do CNPq e da FAPEAP. Na UNIFAP, as a\u00e7\u00f5es contam com a orienta\u00e7\u00e3o e apoio da Pr\u00f3-Reitoria de Extens\u00e3o e A\u00e7\u00f5es Comunit\u00e1rias\/<a href=\"http:\/\/www2.unifap.br\/dex\/\" target=\"_blank\" rel=\"noopener\">Departamento de Extens\u00e3o<\/a> que, ao longo dos anos, vem gerenciando projetos de extens\u00e3o desenvolvidos por diversos cursos, com vista ao cumprimento de suas atribui\u00e7\u00f5es.<\/p>\n<p><a href=\"http:\/\/www2.unifap.br\/educacaodocampo\/2015-3\/\">2015<\/a><\/p>\n<p><a href=\"http:\/\/www2.unifap.br\/educacaodocampo\/2016-3\/\">2016<\/a><\/p>\n<p><a href=\"http:\/\/www2.unifap.br\/educacaodocampo\/2017-3\/\">2017<\/a><\/p>\n<p><a href=\"http:\/\/www2.unifap.br\/educacaodocampo\/2018-2\/\">2018<\/a><\/p>\n<p><a href=\"http:\/\/www2.unifap.br\/educacaodocampo\/2019-2\/\">2019<\/a><\/p>\n<p>&nbsp;<\/p>\n","protected":false},"excerpt":{"rendered":"<p>No Curso Educa\u00e7\u00e3o do Campo, s\u00e3o realizadas a\u00e7\u00f5es extensionista, junto \u00e0s comunidades do campo do Amap\u00e1, atrav\u00e9s de projetos desenvolvidos por membros do corpo docente e discente do curso. Todas as propostas foram submetidos a editais de apoio \u00e0 extens\u00e3o&hellip; <\/p>\n<p><a href=\"https:\/\/www2.unifap.br\/educacaodocampo\/extensao\/\" class=\"readmore-button\">Continue Reading<\/a><\/p>\n","protected":false},"author":2426,"featured_media":0,"parent":0,"menu_order":0,"comment_status":"closed","ping_status":"closed","template":"","meta":{"inline_featured_image":false,"ngg_post_thumbnail":0,"footnotes":""},"class_list":["post-31","page","type-page","status-publish","hentry"],"_links":{"self":[{"href":"https:\/\/www2.unifap.br\/educacaodocampo\/wp-json\/wp\/v2\/pages\/31","targetHints":{"allow":["GET"]}}],"collection":[{"href":"https:\/\/www2.unifap.br\/educacaodocampo\/wp-json\/wp\/v2\/pages"}],"about":[{"href":"https:\/\/www2.unifap.br\/educacaodocampo\/wp-json\/wp\/v2\/types\/page"}],"author":[{"embeddable":true,"href":"https:\/\/www2.unifap.br\/educacaodocampo\/wp-json\/wp\/v2\/users\/2426"}],"replies":[{"embeddable":true,"href":"https:\/\/www2.unifap.br\/educacaodocampo\/wp-json\/wp\/v2\/comments?post=31"}],"version-history":[{"count":7,"href":"https:\/\/www2.unifap.br\/educacaodocampo\/wp-json\/wp\/v2\/pages\/31\/revisions"}],"predecessor-version":[{"id":2159,"href":"https:\/\/www2.unifap.br\/educacaodocampo\/wp-json\/wp\/v2\/pages\/31\/revisions\/2159"}],"wp:attachment":[{"href":"https:\/\/www2.unifap.br\/educacaodocampo\/wp-json\/wp\/v2\/media?parent=31"}],"curies":[{"name":"wp","href":"https:\/\/api.w.org\/{rel}","templated":true}]}}