{"id":399,"date":"2019-03-30T23:33:43","date_gmt":"2019-03-31T02:33:43","guid":{"rendered":"http:\/\/www2.unifap.br\/educacaodocampo\/?page_id=399"},"modified":"2019-04-05T17:13:46","modified_gmt":"2019-04-05T20:13:46","slug":"i-mostra-maquete-das-instalacoes-agricolas","status":"publish","type":"page","link":"https:\/\/www2.unifap.br\/educacaodocampo\/i-mostra-maquete-das-instalacoes-agricolas\/","title":{"rendered":"I Mostra Maquete das Instala\u00e7\u00f5es Agr\u00edcolas"},"content":{"rendered":"<p>O evento realizado na \u00faltima quarta-feira, dia 27 de mar\u00e7o de 2019, trouxe como resultado visual e pr\u00e1tico, relativo aos variados assuntos abordados em sala de aula na disciplina Constru\u00e7\u00f5es e Instala\u00e7\u00f5es Agr\u00edcolas, a exposi\u00e7\u00e3o de maquetes.<\/p>\n<p>Sob orienta\u00e7\u00e3o da Profa. Dra. Kalyne Sonale Arruda de Brito, 39 alunos do 8\u00ba per\u00edodo do curso de Licenciatura em Educa\u00e7\u00e3o do Campo (2014.2 B) confeccionaram nove maquetes com os seguintes temas: Sirgaria (bicho-da-seda), Abatedouro, Curral de Manejo (Bovinos), Pocilga (porcos), Avi\u00e1rio (galinhas), Aprisco (caprinos), Melipon\u00e1rio (abelhas), um prot\u00f3tipo de Tanque-rede para produ\u00e7\u00e3o de peixes, Silos (Elevado e Trincheira) e Galp\u00e3o de Armazenamento. Antes da exposi\u00e7\u00e3o, um grupo de alunos apresentou an\u00e1lise \u00e1udio visual de uma instala\u00e7\u00e3o agr\u00edcola da regi\u00e3o, indicando os aspectos construtivos e produtivos, material de constru\u00e7\u00e3o, al\u00e9m de destacar pontos a serem melhorados no local.<\/p>\n<p>Segundo a professora respons\u00e1vel pela disciplina, a ideia surgiu da necessidade de p\u00f4r em pr\u00e1tica a teoria discutida ao longo das aulas, incentivando os alunos a criarem croquis e desenvolverem fisicamente as instala\u00e7\u00f5es, mesmo que em um tamanho reduzido, respeitando as caracter\u00edsticas e especifica\u00e7\u00f5es construtivas de cada instala\u00e7\u00e3o agr\u00edcola. A professora tamb\u00e9m destaca o empenho e a criatividade dos alunos em reutilizar diversos materiais para a confec\u00e7\u00e3o das maquetes, preocupando-se com detalhes de porteiras, telados, cobertura, comedouros e bebedouros, dentre outros.<\/p>\n<p>Esta primeira edi\u00e7\u00e3o do evento foi aberta ao p\u00fablico acad\u00eamico da UNIFAP\/MZG e contou com a presen\u00e7a da coordena\u00e7\u00e3o do curso e do <em>campus<\/em>, al\u00e9m de diversos professores e cerca de 160 alunos dos demais per\u00edodos.<br \/>\nTodos os trabalhos expostos foram devidamente apresentados, com esclarecimento de d\u00favidas e curiosidades, pelos alunos respons\u00e1veis.<\/p>\n<p>Ao final, os trabalhos foram doados \u00e0 biblioteca do <em>Campus<\/em>&nbsp;Mazag\u00e3o para aprecia\u00e7\u00e3o ininterrupta e de car\u00e1ter did\u00e1tico.<\/p>\n<p><a href=\"http:\/\/www2.unifap.br\/educacaodocampo\/files\/2019\/03\/I-MOSTRA-MAQUETE...TURMA-2014.B-1-2.jpg\"><img fetchpriority=\"high\" decoding=\"async\" class=\"aligncenter size-medium wp-image-426\" src=\"http:\/\/www2.unifap.br\/educacaodocampo\/files\/2019\/03\/I-MOSTRA-MAQUETE...TURMA-2014.B-1-2-300x225.jpg\" alt=\"\" width=\"300\" height=\"225\"><\/a><a href=\"http:\/\/www2.unifap.br\/educacaodocampo\/files\/2019\/03\/TURMA-2014B-1.jpg\"><img decoding=\"async\" class=\"size-medium wp-image-428 alignleft\" src=\"http:\/\/www2.unifap.br\/educacaodocampo\/files\/2019\/03\/TURMA-2014B-1-300x225.jpg\" alt=\"\" width=\"300\" height=\"225\" srcset=\"https:\/\/www2.unifap.br\/educacaodocampo\/files\/2019\/03\/TURMA-2014B-1-300x225.jpg 300w, https:\/\/www2.unifap.br\/educacaodocampo\/files\/2019\/03\/TURMA-2014B-1-768x576.jpg 768w, https:\/\/www2.unifap.br\/educacaodocampo\/files\/2019\/03\/TURMA-2014B-1-1024x768.jpg 1024w\" sizes=\"(max-width: 300px) 100vw, 300px\" \/><\/a><a href=\"http:\/\/www2.unifap.br\/educacaodocampo\/files\/2019\/03\/VISITAS.jpg\"><img decoding=\"async\" class=\"size-medium wp-image-429 alignleft\" src=\"http:\/\/www2.unifap.br\/educacaodocampo\/files\/2019\/03\/VISITAS-300x225.jpg\" alt=\"\" width=\"300\" height=\"225\" srcset=\"https:\/\/www2.unifap.br\/educacaodocampo\/files\/2019\/03\/VISITAS-300x225.jpg 300w, https:\/\/www2.unifap.br\/educacaodocampo\/files\/2019\/03\/VISITAS-768x576.jpg 768w, https:\/\/www2.unifap.br\/educacaodocampo\/files\/2019\/03\/VISITAS-1024x768.jpg 1024w\" sizes=\"(max-width: 300px) 100vw, 300px\" \/><\/a><\/p>\n<p><a href=\"http:\/\/www2.unifap.br\/educacaodocampo\/files\/2019\/03\/I-MOSTRA-MAQUETE...TURMA-2014.B-1-1.jpg\"><img loading=\"lazy\" decoding=\"async\" class=\"aligncenter size-medium wp-image-423\" src=\"http:\/\/www2.unifap.br\/educacaodocampo\/files\/2019\/03\/I-MOSTRA-MAQUETE...TURMA-2014.B-1-1-300x225.jpg\" alt=\"\" width=\"300\" height=\"225\"><\/a> <a href=\"http:\/\/www2.unifap.br\/educacaodocampo\/files\/2019\/03\/I-MOSTRA-MAQUETE...VISITA.jpg\"><img loading=\"lazy\" decoding=\"async\" class=\"aligncenter size-medium wp-image-424\" src=\"http:\/\/www2.unifap.br\/educacaodocampo\/files\/2019\/03\/I-MOSTRA-MAQUETE...VISITA-300x225.jpg\" alt=\"\" width=\"300\" height=\"225\"><\/a> <a href=\"http:\/\/www2.unifap.br\/educacaodocampo\/files\/2019\/03\/POCILGA-7.jpg\"><img loading=\"lazy\" decoding=\"async\" class=\"size-medium wp-image-425 alignleft\" src=\"http:\/\/www2.unifap.br\/educacaodocampo\/files\/2019\/03\/POCILGA-7-300x225.jpg\" alt=\"\" width=\"300\" height=\"225\" srcset=\"https:\/\/www2.unifap.br\/educacaodocampo\/files\/2019\/03\/POCILGA-7-300x225.jpg 300w, https:\/\/www2.unifap.br\/educacaodocampo\/files\/2019\/03\/POCILGA-7-768x576.jpg 768w, https:\/\/www2.unifap.br\/educacaodocampo\/files\/2019\/03\/POCILGA-7-1024x768.jpg 1024w\" sizes=\"(max-width: 300px) 100vw, 300px\" \/><\/a><\/p>\n<p><a href=\"http:\/\/www2.unifap.br\/educacaodocampo\/files\/2019\/03\/ABATEDOURO-1.jpg\"><img loading=\"lazy\" decoding=\"async\" class=\"size-medium wp-image-406 alignleft\" src=\"http:\/\/www2.unifap.br\/educacaodocampo\/files\/2019\/03\/ABATEDOURO-1-300x225.jpg\" alt=\"\" width=\"300\" height=\"225\" srcset=\"https:\/\/www2.unifap.br\/educacaodocampo\/files\/2019\/03\/ABATEDOURO-1-300x225.jpg 300w, https:\/\/www2.unifap.br\/educacaodocampo\/files\/2019\/03\/ABATEDOURO-1-768x576.jpg 768w, https:\/\/www2.unifap.br\/educacaodocampo\/files\/2019\/03\/ABATEDOURO-1-1024x768.jpg 1024w\" sizes=\"(max-width: 300px) 100vw, 300px\" \/><\/a> <a href=\"http:\/\/www2.unifap.br\/educacaodocampo\/files\/2019\/03\/AN\u00c1LISE-AUDIOVISUAL-DE-UMA-INSTALA\u00c7\u00c3O-AGR\u00cdCOLA-1.jpg\"><img loading=\"lazy\" decoding=\"async\" class=\"size-medium wp-image-407 alignleft\" src=\"http:\/\/www2.unifap.br\/educacaodocampo\/files\/2019\/03\/AN\u00c1LISE-AUDIOVISUAL-DE-UMA-INSTALA\u00c7\u00c3O-AGR\u00cdCOLA-1-300x225.jpg\" alt=\"\" width=\"300\" height=\"225\" srcset=\"https:\/\/www2.unifap.br\/educacaodocampo\/files\/2019\/03\/AN\u00c1LISE-AUDIOVISUAL-DE-UMA-INSTALA\u00c7\u00c3O-AGR\u00cdCOLA-1-300x225.jpg 300w, https:\/\/www2.unifap.br\/educacaodocampo\/files\/2019\/03\/AN\u00c1LISE-AUDIOVISUAL-DE-UMA-INSTALA\u00c7\u00c3O-AGR\u00cdCOLA-1-768x576.jpg 768w, https:\/\/www2.unifap.br\/educacaodocampo\/files\/2019\/03\/AN\u00c1LISE-AUDIOVISUAL-DE-UMA-INSTALA\u00c7\u00c3O-AGR\u00cdCOLA-1-1024x768.jpg 1024w\" sizes=\"(max-width: 300px) 100vw, 300px\" \/><\/a> <a href=\"http:\/\/www2.unifap.br\/educacaodocampo\/files\/2019\/03\/APRISCO-1.jpg\"><img loading=\"lazy\" decoding=\"async\" class=\"size-medium wp-image-408 alignleft\" src=\"http:\/\/www2.unifap.br\/educacaodocampo\/files\/2019\/03\/APRISCO-1-300x225.jpg\" alt=\"\" width=\"300\" height=\"225\" srcset=\"https:\/\/www2.unifap.br\/educacaodocampo\/files\/2019\/03\/APRISCO-1-300x225.jpg 300w, https:\/\/www2.unifap.br\/educacaodocampo\/files\/2019\/03\/APRISCO-1-768x576.jpg 768w, https:\/\/www2.unifap.br\/educacaodocampo\/files\/2019\/03\/APRISCO-1-1024x768.jpg 1024w\" sizes=\"(max-width: 300px) 100vw, 300px\" \/><\/a> <a href=\"http:\/\/www2.unifap.br\/educacaodocampo\/files\/2019\/03\/AVI\u00c1RIO-2-1.jpg\"><img loading=\"lazy\" decoding=\"async\" class=\"size-medium wp-image-409 alignleft\" src=\"http:\/\/www2.unifap.br\/educacaodocampo\/files\/2019\/03\/AVI\u00c1RIO-2-1-300x225.jpg\" alt=\"\" width=\"300\" height=\"225\" srcset=\"https:\/\/www2.unifap.br\/educacaodocampo\/files\/2019\/03\/AVI\u00c1RIO-2-1-300x225.jpg 300w, https:\/\/www2.unifap.br\/educacaodocampo\/files\/2019\/03\/AVI\u00c1RIO-2-1-768x576.jpg 768w, https:\/\/www2.unifap.br\/educacaodocampo\/files\/2019\/03\/AVI\u00c1RIO-2-1-1024x768.jpg 1024w\" sizes=\"(max-width: 300px) 100vw, 300px\" \/><\/a> <a href=\"http:\/\/www2.unifap.br\/educacaodocampo\/files\/2019\/03\/CURRAL-DE-MANEJO-7-1.jpg\"><img loading=\"lazy\" decoding=\"async\" class=\"size-medium wp-image-410 alignleft\" src=\"http:\/\/www2.unifap.br\/educacaodocampo\/files\/2019\/03\/CURRAL-DE-MANEJO-7-1-300x225.jpg\" alt=\"\" width=\"300\" height=\"225\" srcset=\"https:\/\/www2.unifap.br\/educacaodocampo\/files\/2019\/03\/CURRAL-DE-MANEJO-7-1-300x225.jpg 300w, https:\/\/www2.unifap.br\/educacaodocampo\/files\/2019\/03\/CURRAL-DE-MANEJO-7-1-768x576.jpg 768w, https:\/\/www2.unifap.br\/educacaodocampo\/files\/2019\/03\/CURRAL-DE-MANEJO-7-1-1024x768.jpg 1024w\" sizes=\"(max-width: 300px) 100vw, 300px\" \/><\/a> <a href=\"http:\/\/www2.unifap.br\/educacaodocampo\/files\/2019\/03\/CURRAL-DE-MANEJO-1.jpg\"><img loading=\"lazy\" decoding=\"async\" class=\"size-medium wp-image-411 alignleft\" src=\"http:\/\/www2.unifap.br\/educacaodocampo\/files\/2019\/03\/CURRAL-DE-MANEJO-1-300x225.jpg\" alt=\"\" width=\"300\" height=\"225\" srcset=\"https:\/\/www2.unifap.br\/educacaodocampo\/files\/2019\/03\/CURRAL-DE-MANEJO-1-300x225.jpg 300w, https:\/\/www2.unifap.br\/educacaodocampo\/files\/2019\/03\/CURRAL-DE-MANEJO-1-768x576.jpg 768w, https:\/\/www2.unifap.br\/educacaodocampo\/files\/2019\/03\/CURRAL-DE-MANEJO-1-1024x768.jpg 1024w\" sizes=\"(max-width: 300px) 100vw, 300px\" \/><\/a> <a href=\"http:\/\/www2.unifap.br\/educacaodocampo\/files\/2019\/03\/I-MOSTRA-MAQUETE...TURMA-2014.B-1.jpg\"><img loading=\"lazy\" decoding=\"async\" class=\"aligncenter size-medium wp-image-412\" src=\"http:\/\/www2.unifap.br\/educacaodocampo\/files\/2019\/03\/I-MOSTRA-MAQUETE...TURMA-2014.B-1-300x225.jpg\" alt=\"\" width=\"300\" height=\"225\"><\/a> <a href=\"http:\/\/www2.unifap.br\/educacaodocampo\/files\/2019\/03\/MELIPON\u00c1RIO-2-1.jpg\"><img loading=\"lazy\" decoding=\"async\" class=\"size-medium wp-image-413 alignleft\" src=\"http:\/\/www2.unifap.br\/educacaodocampo\/files\/2019\/03\/MELIPON\u00c1RIO-2-1-300x225.jpg\" alt=\"\" width=\"300\" height=\"225\" srcset=\"https:\/\/www2.unifap.br\/educacaodocampo\/files\/2019\/03\/MELIPON\u00c1RIO-2-1-300x225.jpg 300w, https:\/\/www2.unifap.br\/educacaodocampo\/files\/2019\/03\/MELIPON\u00c1RIO-2-1-768x576.jpg 768w, https:\/\/www2.unifap.br\/educacaodocampo\/files\/2019\/03\/MELIPON\u00c1RIO-2-1-1024x768.jpg 1024w\" sizes=\"(max-width: 300px) 100vw, 300px\" \/><\/a> <a href=\"http:\/\/www2.unifap.br\/educacaodocampo\/files\/2019\/03\/MELIPON\u00c1RIO-1.jpg\"><img loading=\"lazy\" decoding=\"async\" class=\"size-medium wp-image-414 alignleft\" src=\"http:\/\/www2.unifap.br\/educacaodocampo\/files\/2019\/03\/MELIPON\u00c1RIO-1-300x225.jpg\" alt=\"\" width=\"300\" height=\"225\" srcset=\"https:\/\/www2.unifap.br\/educacaodocampo\/files\/2019\/03\/MELIPON\u00c1RIO-1-300x225.jpg 300w, https:\/\/www2.unifap.br\/educacaodocampo\/files\/2019\/03\/MELIPON\u00c1RIO-1-768x576.jpg 768w, https:\/\/www2.unifap.br\/educacaodocampo\/files\/2019\/03\/MELIPON\u00c1RIO-1-1024x768.jpg 1024w\" sizes=\"(max-width: 300px) 100vw, 300px\" \/><\/a> <a href=\"http:\/\/www2.unifap.br\/educacaodocampo\/files\/2019\/03\/POCILGA-3-1.jpg\"><img loading=\"lazy\" decoding=\"async\" class=\"size-medium wp-image-415 alignleft\" src=\"http:\/\/www2.unifap.br\/educacaodocampo\/files\/2019\/03\/POCILGA-3-1-300x225.jpg\" alt=\"\" width=\"300\" height=\"225\" srcset=\"https:\/\/www2.unifap.br\/educacaodocampo\/files\/2019\/03\/POCILGA-3-1-300x225.jpg 300w, https:\/\/www2.unifap.br\/educacaodocampo\/files\/2019\/03\/POCILGA-3-1-768x576.jpg 768w, https:\/\/www2.unifap.br\/educacaodocampo\/files\/2019\/03\/POCILGA-3-1-1024x768.jpg 1024w\" sizes=\"(max-width: 300px) 100vw, 300px\" \/><\/a> <a href=\"http:\/\/www2.unifap.br\/educacaodocampo\/files\/2019\/03\/POCILGA-1.jpg\"><img loading=\"lazy\" decoding=\"async\" class=\"size-medium wp-image-416 alignleft\" src=\"http:\/\/www2.unifap.br\/educacaodocampo\/files\/2019\/03\/POCILGA-1-300x225.jpg\" alt=\"\" width=\"300\" height=\"225\" srcset=\"https:\/\/www2.unifap.br\/educacaodocampo\/files\/2019\/03\/POCILGA-1-300x225.jpg 300w, https:\/\/www2.unifap.br\/educacaodocampo\/files\/2019\/03\/POCILGA-1-768x576.jpg 768w, https:\/\/www2.unifap.br\/educacaodocampo\/files\/2019\/03\/POCILGA-1-1024x768.jpg 1024w\" sizes=\"(max-width: 300px) 100vw, 300px\" \/><\/a> <a href=\"http:\/\/www2.unifap.br\/educacaodocampo\/files\/2019\/03\/SILOS-4-1.jpg\"><img loading=\"lazy\" decoding=\"async\" class=\"size-medium wp-image-417 alignleft\" src=\"http:\/\/www2.unifap.br\/educacaodocampo\/files\/2019\/03\/SILOS-4-1-300x225.jpg\" alt=\"\" width=\"300\" height=\"225\" srcset=\"https:\/\/www2.unifap.br\/educacaodocampo\/files\/2019\/03\/SILOS-4-1-300x225.jpg 300w, https:\/\/www2.unifap.br\/educacaodocampo\/files\/2019\/03\/SILOS-4-1-768x576.jpg 768w, https:\/\/www2.unifap.br\/educacaodocampo\/files\/2019\/03\/SILOS-4-1-1024x768.jpg 1024w\" sizes=\"(max-width: 300px) 100vw, 300px\" \/><\/a> <a href=\"http:\/\/www2.unifap.br\/educacaodocampo\/files\/2019\/03\/SILOS-1.jpg\"><img loading=\"lazy\" decoding=\"async\" class=\"size-medium wp-image-418 alignleft\" src=\"http:\/\/www2.unifap.br\/educacaodocampo\/files\/2019\/03\/SILOS-1-300x225.jpg\" alt=\"\" width=\"300\" height=\"225\" srcset=\"https:\/\/www2.unifap.br\/educacaodocampo\/files\/2019\/03\/SILOS-1-300x225.jpg 300w, https:\/\/www2.unifap.br\/educacaodocampo\/files\/2019\/03\/SILOS-1-768x576.jpg 768w, https:\/\/www2.unifap.br\/educacaodocampo\/files\/2019\/03\/SILOS-1-1024x768.jpg 1024w\" sizes=\"(max-width: 300px) 100vw, 300px\" \/><\/a> <a href=\"http:\/\/www2.unifap.br\/educacaodocampo\/files\/2019\/03\/SIRGARIA-3-1.jpg\"><img loading=\"lazy\" decoding=\"async\" class=\"size-medium wp-image-419 alignleft\" src=\"http:\/\/www2.unifap.br\/educacaodocampo\/files\/2019\/03\/SIRGARIA-3-1-300x225.jpg\" alt=\"\" width=\"300\" height=\"225\" srcset=\"https:\/\/www2.unifap.br\/educacaodocampo\/files\/2019\/03\/SIRGARIA-3-1-300x225.jpg 300w, https:\/\/www2.unifap.br\/educacaodocampo\/files\/2019\/03\/SIRGARIA-3-1-768x576.jpg 768w, https:\/\/www2.unifap.br\/educacaodocampo\/files\/2019\/03\/SIRGARIA-3-1-1024x768.jpg 1024w\" sizes=\"(max-width: 300px) 100vw, 300px\" \/><\/a> <a href=\"http:\/\/www2.unifap.br\/educacaodocampo\/files\/2019\/03\/TANQUE-REDE-3-1.jpg\"><img loading=\"lazy\" decoding=\"async\" class=\"size-medium wp-image-420 alignleft\" src=\"http:\/\/www2.unifap.br\/educacaodocampo\/files\/2019\/03\/TANQUE-REDE-3-1-300x225.jpg\" alt=\"\" width=\"300\" height=\"225\" srcset=\"https:\/\/www2.unifap.br\/educacaodocampo\/files\/2019\/03\/TANQUE-REDE-3-1-300x225.jpg 300w, https:\/\/www2.unifap.br\/educacaodocampo\/files\/2019\/03\/TANQUE-REDE-3-1-768x576.jpg 768w, https:\/\/www2.unifap.br\/educacaodocampo\/files\/2019\/03\/TANQUE-REDE-3-1-1024x768.jpg 1024w\" sizes=\"(max-width: 300px) 100vw, 300px\" \/><\/a> <a href=\"http:\/\/www2.unifap.br\/educacaodocampo\/files\/2019\/03\/TANQUE-REDE-1.jpg\"><img loading=\"lazy\" decoding=\"async\" class=\"size-medium wp-image-421 alignleft\" src=\"http:\/\/www2.unifap.br\/educacaodocampo\/files\/2019\/03\/TANQUE-REDE-1-300x225.jpg\" alt=\"\" width=\"300\" height=\"225\" srcset=\"https:\/\/www2.unifap.br\/educacaodocampo\/files\/2019\/03\/TANQUE-REDE-1-300x225.jpg 300w, https:\/\/www2.unifap.br\/educacaodocampo\/files\/2019\/03\/TANQUE-REDE-1-768x576.jpg 768w, https:\/\/www2.unifap.br\/educacaodocampo\/files\/2019\/03\/TANQUE-REDE-1-1024x768.jpg 1024w\" sizes=\"(max-width: 300px) 100vw, 300px\" \/><\/a><\/p>\n","protected":false},"excerpt":{"rendered":"<p>O evento realizado na \u00faltima quarta-feira, dia 27 de mar\u00e7o de 2019, trouxe como resultado visual e pr\u00e1tico, relativo aos variados assuntos abordados em sala de aula na disciplina Constru\u00e7\u00f5es e Instala\u00e7\u00f5es Agr\u00edcolas, a exposi\u00e7\u00e3o de maquetes. Sob orienta\u00e7\u00e3o da&hellip; <\/p>\n<p><a href=\"https:\/\/www2.unifap.br\/educacaodocampo\/i-mostra-maquete-das-instalacoes-agricolas\/\" class=\"readmore-button\">Continue Reading<\/a><\/p>\n","protected":false},"author":2426,"featured_media":0,"parent":0,"menu_order":0,"comment_status":"closed","ping_status":"closed","template":"","meta":{"inline_featured_image":false,"ngg_post_thumbnail":0,"footnotes":""},"class_list":["post-399","page","type-page","status-publish","hentry"],"_links":{"self":[{"href":"https:\/\/www2.unifap.br\/educacaodocampo\/wp-json\/wp\/v2\/pages\/399","targetHints":{"allow":["GET"]}}],"collection":[{"href":"https:\/\/www2.unifap.br\/educacaodocampo\/wp-json\/wp\/v2\/pages"}],"about":[{"href":"https:\/\/www2.unifap.br\/educacaodocampo\/wp-json\/wp\/v2\/types\/page"}],"author":[{"embeddable":true,"href":"https:\/\/www2.unifap.br\/educacaodocampo\/wp-json\/wp\/v2\/users\/2426"}],"replies":[{"embeddable":true,"href":"https:\/\/www2.unifap.br\/educacaodocampo\/wp-json\/wp\/v2\/comments?post=399"}],"version-history":[{"count":7,"href":"https:\/\/www2.unifap.br\/educacaodocampo\/wp-json\/wp\/v2\/pages\/399\/revisions"}],"predecessor-version":[{"id":452,"href":"https:\/\/www2.unifap.br\/educacaodocampo\/wp-json\/wp\/v2\/pages\/399\/revisions\/452"}],"wp:attachment":[{"href":"https:\/\/www2.unifap.br\/educacaodocampo\/wp-json\/wp\/v2\/media?parent=399"}],"curies":[{"name":"wp","href":"https:\/\/api.w.org\/{rel}","templated":true}]}}