{"id":4318,"date":"2024-03-28T14:53:45","date_gmt":"2024-03-28T17:53:45","guid":{"rendered":"https:\/\/www2.unifap.br\/educacaodocampo\/?page_id=4318"},"modified":"2026-03-27T19:36:48","modified_gmt":"2026-03-27T22:36:48","slug":"bolsa-monitoria","status":"publish","type":"page","link":"https:\/\/www2.unifap.br\/educacaodocampo\/bolsa-monitoria\/","title":{"rendered":"BOLSA MONITORIA"},"content":{"rendered":"<header class=\"entry-header\">\n<h3>EDITAL N\u00ba 001\/2026 &#8211; <em>CAMPUS<\/em> MAZAG\u00c3O UNIFAP DE 05 DE MAR\u00c7O DE 2026<\/h3>\n<p>A Coordena\u00e7\u00e3o do Campus Mazag\u00e3o, da Universidade Federal do Amap\u00e1 (UNIFAP), torna p\u00fablico e convoca os discentes do Curso de Licenciatura em Educa\u00e7\u00e3o do Campo, para participar do Processo de Sele\u00e7\u00e3o para o Programa de Bolsa Monitoria, com base no disposto no Regimento da UNIFAP, artigos 211 a 214, na Resolu\u00e7\u00e3o CONSU n. 028, de 13\/10\/1994, e demais regras institucionais aplic\u00e1veis, que se rege pelas normas contidas neste Edital.<\/p>\n<p>Segue link do Edital:<\/p>\n<p><a href=\"http:\/\/www2.unifap.br\/educacaodocampo\/files\/2026\/03\/Edital-N\u00b0001_2026_-Bolsa-monitoria-.pdf\">Edital N\u00b0001_2026_ Bolsa monitoria<\/a><\/p>\n<p><a href=\"http:\/\/www2.unifap.br\/educacaodocampo\/files\/2026\/03\/COMUNICADO-BOLSA-MONITORIA.pdf\">COMUNICADO BOLSA MONITORIA<\/a><\/p>\n<p><a href=\"http:\/\/www2.unifap.br\/educacaodocampo\/files\/2026\/03\/LISTA-DE-INSCRITOs-bolsa-monitoria-2026.1.pdf\">LISTA-DE-INSCRITOS-Bolsa-Monitoria-2026.1<\/a><\/p>\n<p><a href=\"http:\/\/www2.unifap.br\/educacaodocampo\/files\/2026\/03\/UNIVERSIDADE-FEDERAL-DO-AMAPA-PRO.pdf\">RETIFICA\u00c7\u00c3O DO EDITAL N\u00ba 001\/2026<\/a><\/p>\n<p><a href=\"http:\/\/www2.unifap.br\/educacaodocampo\/files\/2026\/03\/RETIFICACAO-CRONOGRAMA.pdf\">RETIFICA\u00c7\u00c3O CRONOGRAMA<\/a><\/p>\n<p><a href=\"http:\/\/www2.unifap.br\/educacaodocampo\/files\/2026\/03\/SORTEIO-DE-TEMAS-PROVA-DIDATICA.pdf\">SORTEIO DE TEMAS ( PROVA DID\u00c1TICA)<\/a><\/p>\n<p><a href=\"http:\/\/www2.unifap.br\/educacaodocampo\/files\/2026\/03\/RESULTADO-PRELIMINAR-Bolsa-Monitoria-2026.1.pdf\">RESULTADO PRELIMINAR- Bolsa Monitoria 2026.1<\/a><\/p>\n<p><a href=\"http:\/\/www2.unifap.br\/educacaodocampo\/files\/2026\/03\/RESULTADO-FINAL-Bolsa-Monitoria-2026.1-1.pdf\">RESULTADO FINAL- Bolsa Monitoria 2026.1 (1)<\/a><\/p>\n<p><a href=\"http:\/\/www2.unifap.br\/educacaodocampo\/files\/2026\/03\/Comunicado-bolsa-monitoria-2026.1.pdf\">Comunicado-bolsa-monitoria-2026.1<\/a><\/p>\n<p><a href=\"http:\/\/www2.unifap.br\/educacaodocampo\/files\/2026\/03\/COMUNICADO-BOLSA-MONITORIA-1.pdf\">COMUNICADO BOLSA MONITORIA 1<\/a><\/p>\n<h3 class=\"entry-title\"><span style=\"font-size: 16px\">EDITAL N.\u00ba 003\/2025 \u2013 CAMPUS MAZAG\u00c3O\/UNIFAP<\/span><\/h3>\n<\/header>\n<h4>A Coordena\u00e7\u00e3o do Campus Mazag\u00e3o, da Universidade Federal do Amap\u00e1 (UNIFAP), torna p\u00fablico e convoca os discentes do Curso de Licenciatura em Educa\u00e7\u00e3o do Campo, para participar do Processo de Sele\u00e7\u00e3o para o Programa de Bolsa Monitoria, com base no disposto no Regimento da UNIFAP, artigos 211 a 214, na Resolu\u00e7\u00e3o CONSU n. 028, de 13\/10\/1994, e demais regras institucionais aplic\u00e1veis, que se rege pelas normas contidas neste Edital.<\/h4>\n<h4><a href=\"http:\/\/www2.unifap.br\/educacaodocampo\/files\/2025\/10\/EDITAL-N.-003_2025-BOLSA-MONITORIA-CCLECAGBIO-UNIFAP-MAZAGAO-2025_2.pdf\">EDITAL N. 003_2025 BOLSA MONITORIA- CCLECAGBIO-UNIFAP-MAZAG\u00c3O 2025_2<\/a><\/h4>\n<p><a href=\"http:\/\/www2.unifap.br\/educacaodocampo\/files\/2025\/10\/RESULTADO-PRELIMINAR-Bolsa-Monitoria-2025.2-1.pdf\">RESULTADO PRELIMINAR- Bolsa Monitoria 2025.2<\/a><\/p>\n<h4><a href=\"http:\/\/www2.unifap.br\/educacaodocampo\/files\/2025\/10\/EDITAL-N.-003_2025-Bolsa-Monitoria-CCLECAGBIO-UNIFAP-MZG-Alteracao-do-Cronograma-x-2025-2.pdf\">EDITAL N. 003_2025 Bolsa Monitoria- CCLECAGBIO -UNIFAP MZG Altera\u00e7\u00e3o do Cronograma x 2025-2<\/a><\/h4>\n<h4><a href=\"http:\/\/www2.unifap.br\/educacaodocampo\/files\/2025\/10\/RESULTADO-FINAL-Bolsa-Monitoria-2025.2.pdf\">RESULTADO FINAL- Bolsa Monitoria 2025.2<\/a><\/h4>\n<h4><a href=\"http:\/\/www2.unifap.br\/educacaodocampo\/files\/2025\/10\/Comunicado-bolsa-monitoria-2025.2.pdf\">Comunicado-bolsa-monitoria-2025.2<\/a><\/h4>\n<h4>EDITAL N.\u00ba 002\/2025 \u2013 CAMPUS MAZAG\u00c3O\/UNIFAP<\/h4>\n<h4>A Coordena\u00e7\u00e3o do Campus Mazag\u00e3o, da Universidade Federal do Amap\u00e1 (UNIFAP), torna p\u00fablico e convoca os discentes do Curso de Licenciatura em Educa\u00e7\u00e3o do Campo, para participar do Processo de Sele\u00e7\u00e3o para o Programa de Bolsa Monitoria, com base no disposto no Regimento da UNIFAP, artigos 211 a 214, na Resolu\u00e7\u00e3o CONSU n. 028, de 13\/10\/1994, e demais regras institucionais aplic\u00e1veis, que se rege pelas normas contidas neste Edital.<\/h4>\n<p><a href=\"http:\/\/www2.unifap.br\/educacaodocampo\/files\/2025\/06\/EDITAL-N.002_2025-Bolsa-Monitoria-CCLECAGBIO-UNIFAP-MAZAGAO.pdf\">EDITAL N.002_2025- Bolsa Monitoria- CCLECAGBIO-UNIFAP MAZAG\u00c3O<\/a><\/p>\n<h4><a href=\"http:\/\/www2.unifap.br\/educacaodocampo\/files\/2025\/06\/LISTA-DE-INSCRITOs-bolsa-monitoria-2025.1.pdf\">LISTA-DE-INSCRITOs-bolsa-monitoria-2025.1<\/a><\/h4>\n<h4><a href=\"http:\/\/www2.unifap.br\/educacaodocampo\/files\/2025\/06\/RESULTADO-PRELIMINAR-Bolsa-Monitoria-2025.1.pdf\">RESULTADO PRELIMINAR- Bolsa Monitoria 2025.1<\/a><\/h4>\n<h4><a href=\"http:\/\/www2.unifap.br\/educacaodocampo\/files\/2025\/06\/RESULTADO-FINAL-Bolsa-Monitoria-2025.1.pdf\">RESULTADO FINAL &#8211; Bolsa Monitoria 2025.1<\/a><\/h4>\n<h4><a href=\"http:\/\/www2.unifap.br\/educacaodocampo\/files\/2025\/06\/RESULTADO-REDISTRIBUICAO-Bolsa-Monitoria-2025.1.pdf\">RESULTADO REDISTRIBUI\u00c7\u00c3O &#8211; Bolsa Monitoria 2025.1<\/a><\/h4>\n<h4 class=\"entry-title\">EDITAL N.\u00ba 002\/2024 \u2013 CAMPUS MAZAG\u00c3O\/UNIFAP<\/h4>\n<h4 style=\"text-align: left\">A Coordena\u00e7\u00e3o do Campus Mazag\u00e3o, da Universidade Federal do Amap\u00e1 (UNIFAP), torna p\u00fablico e convoca os discentes do Curso de Licenciatura em Educa\u00e7\u00e3o do Campo, para participar do Processo de Sele\u00e7\u00e3o para o Programa de Bolsa Monitoria, com base no disposto no Regimento da UNIFAP, artigos 211 a 214, na Resolu\u00e7\u00e3o CONSU n. 028, de 13\/10\/1994, e demais regras institucionais aplic\u00e1veis, que se rege pelas normas contidas neste Edital.<\/h4>\n<h4><a href=\"http:\/\/www2.unifap.br\/educacaodocampo\/files\/2024\/11\/EDITAL-002_merged.pdf\">EDITAL 002<\/a><\/h4>\n<h4><a href=\"http:\/\/www2.unifap.br\/educacaodocampo\/files\/2024\/11\/ANEXO-III.pdf\">ANEXO III<\/a><\/h4>\n<h4><a href=\"http:\/\/www2.unifap.br\/educacaodocampo\/files\/2024\/11\/ANEXO-IV.pdf\">ANEXO IV<\/a><\/h4>\n<h4><a href=\"http:\/\/www2.unifap.br\/educacaodocampo\/files\/2024\/11\/ANEXO-V.pdf\">ANEXO V<\/a>&nbsp;<\/h4>\n<h4><a href=\"http:\/\/www2.unifap.br\/educacaodocampo\/files\/2024\/11\/ANEXO-VI.pdf\">ANEXO VI<\/a><\/h4>\n<h4><a href=\"http:\/\/www2.unifap.br\/educacaodocampo\/files\/2024\/11\/ANEXO-VII.pdf\">ANEXO VII<\/a><\/h4>\n<h4><a href=\"http:\/\/www2.unifap.br\/educacaodocampo\/files\/2024\/11\/LISTA-DE-INSCRITOs-bolsa-monitoria-2024.1.pdf\">LISTA DE INSCRITOs &#8211; Bolsa Monitoria<\/a><\/h4>\n<h4><a href=\"http:\/\/www2.unifap.br\/educacaodocampo\/files\/2024\/11\/RETIFICACAO-1-EDITAL-BOLSA-MONITORIA.pdf\">RETIFICACAO-1-EDITAL-BOLSA-MONITORIA<\/a><\/h4>\n<h4><a href=\"http:\/\/www2.unifap.br\/educacaodocampo\/files\/2024\/11\/RETIFICACAO-DA-LISTA-DE-INSCRITOs-bolsa-monitoria-2024.2.pdf\">RETIFICA\u00c7AO DA LISTA-DE-INSCRITOS-bolsa-monitoria-2024.2<\/a><\/h4>\n<h4><a href=\"http:\/\/www2.unifap.br\/educacaodocampo\/files\/2024\/11\/SORTEIO-RESULTADO-13.11.2024.pdf\">SORTEIO &#8211; RESULTADO 13.11.2024<\/a><\/h4>\n<h4><a href=\"http:\/\/www2.unifap.br\/educacaodocampo\/files\/2024\/11\/RESULTADO-PARCIAL-BM-002.pdf\">RESULTADO PARCIAL &#8211; Bolsa Monitoria<\/a><\/h4>\n<h4><a href=\"http:\/\/www2.unifap.br\/educacaodocampo\/files\/2024\/11\/HOMOLOGACAO-DO-RESULTADO-FINAL.pdf\">HOMOLOGA\u00c7\u00c3O DO RESULTADO FINAL<\/a><\/h4>\n<h4><a href=\"http:\/\/www2.unifap.br\/educacaodocampo\/files\/2024\/12\/EDITAL-002_merged-2-1.docx-1.pdf\">EDITAL-002_vagas remanescente<\/a><\/h4>\n<h4><a href=\"http:\/\/www2.unifap.br\/educacaodocampo\/files\/2025\/01\/LISTA-DE-INSCRITOs-bolsa-monitoria-2024.2-1.pdf\">LISTA-DE-INSCRITOs-bolsa-monitoria-2024.2 (1)<\/a><\/h4>\n<h4><a href=\"http:\/\/www2.unifap.br\/educacaodocampo\/files\/2025\/01\/RESULTADO-BM-002-2024.2-REOFERTA.pdf\">RESULTADO BM 002 2024.2 REOFERTA<\/a><\/h4>\n<h4><a href=\"http:\/\/www2.unifap.br\/educacaodocampo\/files\/2025\/01\/CONVOCACAO-2-CHAMADA-BOLSA-MONITORIA.pdf\">CONVOCACAO-2-CHAMADA-BOLSA-MONITORIA<\/a><\/h4>\n<h4 class=\"entry-title\">EDITAL N.\u00ba 001\/2024 \u2013 CAMPUS MAZAG\u00c3O\/UNIFAP<\/h4>\n<h4 style=\"text-align: left\">A Coordena\u00e7\u00e3o do Campus Mazag\u00e3o, da Universidade Federal do Amap\u00e1 (UNIFAP), torna p\u00fablico e convoca os discentes do Curso de Licenciatura em Educa\u00e7\u00e3o do Campo, para participar do Processo de Sele\u00e7\u00e3o para o Programa de Bolsa Monitoria, com base no disposto no Regimento da UNIFAP, artigos 211 a 214, na Resolu\u00e7\u00e3o CONSU n. 028, de 13\/10\/1994, e demais regras institucionais aplic\u00e1veis, que se rege pelas normas contidas neste Edital.<\/h4>\n<h4><a href=\"http:\/\/www2.unifap.br\/educacaodocampo\/files\/2024\/09\/EDITAL-001-2024-BOLSA-MONITORIA.pdf\">EDITAL-001-2024-BOLSA-MONITORIA<\/a><\/h4>\n<h4><a href=\"http:\/\/www2.unifap.br\/educacaodocampo\/files\/2024\/09\/ANEXO-I-FICHA-DE-INSCRICAO.pdf\">ANEXO-I-FICHA-DE-INSCRICAO<\/a><\/h4>\n<h4><a href=\"http:\/\/www2.unifap.br\/educacaodocampo\/files\/2024\/09\/LISTA-DE-INSCRITOs-Bolsa-Monitoria-2024.1.pdf\">LISTA-DE-INSCRITOs-Bolsa-Monitoria-2024.1<\/a><\/h4>\n<h4><a href=\"http:\/\/www2.unifap.br\/educacaodocampo\/files\/2024\/09\/RETIFICACAO-1-EDITAL-BOLSA-MONITORIA.pdf\">RETIFICACAO-1-EDITAL-BOLSA-MONITORIA<\/a><\/h4>\n<h4><a href=\"http:\/\/www2.unifap.br\/educacaodocampo\/files\/2024\/09\/SORTEIO.12.04.2023.pdf\">SORTEIO.12.04.2023<\/a><\/h4>\n<h4><a href=\"http:\/\/www2.unifap.br\/educacaodocampo\/files\/2024\/09\/RESULTADO-PRELIMINAR-BOLSA-MONITORIA.pdf\">RESULTADO-PRELIMINAR-BOLSA-MONITORIA<\/a><\/h4>\n<h4><a href=\"http:\/\/www2.unifap.br\/educacaodocampo\/files\/2024\/09\/RESULTADO-DEFINITIVO-BOLSA-MONITORIA.pdf\">RESULTADO-DEFINITIVO-BOLSA-MONITORIA<\/a><\/h4>\n<h4><a href=\"http:\/\/www2.unifap.br\/educacaodocampo\/files\/2024\/09\/CONVOCACAO-2-CHAMADA-BOLSA-MONITORIA.pdf\">CONVOCACAO-2-CHAMADA-BOLSA-MONITORIA<\/a><\/h4>\n<h4>&nbsp;<\/h4>\n<p>&nbsp;<\/p>\n","protected":false},"excerpt":{"rendered":"<p>EDITAL N\u00ba 001\/2026 &#8211; CAMPUS MAZAG\u00c3O UNIFAP DE 05 DE MAR\u00c7O DE 2026 A Coordena\u00e7\u00e3o do Campus Mazag\u00e3o, da Universidade Federal do Amap\u00e1 (UNIFAP), torna p\u00fablico e convoca os discentes do Curso de Licenciatura em Educa\u00e7\u00e3o do Campo, para participar&hellip; <\/p>\n<p><a href=\"https:\/\/www2.unifap.br\/educacaodocampo\/bolsa-monitoria\/\" class=\"readmore-button\">Continue Reading<\/a><\/p>\n","protected":false},"author":3997,"featured_media":0,"parent":0,"menu_order":0,"comment_status":"closed","ping_status":"closed","template":"","meta":{"inline_featured_image":false,"ngg_post_thumbnail":0,"footnotes":""},"class_list":["post-4318","page","type-page","status-publish","hentry"],"_links":{"self":[{"href":"https:\/\/www2.unifap.br\/educacaodocampo\/wp-json\/wp\/v2\/pages\/4318","targetHints":{"allow":["GET"]}}],"collection":[{"href":"https:\/\/www2.unifap.br\/educacaodocampo\/wp-json\/wp\/v2\/pages"}],"about":[{"href":"https:\/\/www2.unifap.br\/educacaodocampo\/wp-json\/wp\/v2\/types\/page"}],"author":[{"embeddable":true,"href":"https:\/\/www2.unifap.br\/educacaodocampo\/wp-json\/wp\/v2\/users\/3997"}],"replies":[{"embeddable":true,"href":"https:\/\/www2.unifap.br\/educacaodocampo\/wp-json\/wp\/v2\/comments?post=4318"}],"version-history":[{"count":42,"href":"https:\/\/www2.unifap.br\/educacaodocampo\/wp-json\/wp\/v2\/pages\/4318\/revisions"}],"predecessor-version":[{"id":5788,"href":"https:\/\/www2.unifap.br\/educacaodocampo\/wp-json\/wp\/v2\/pages\/4318\/revisions\/5788"}],"wp:attachment":[{"href":"https:\/\/www2.unifap.br\/educacaodocampo\/wp-json\/wp\/v2\/media?parent=4318"}],"curies":[{"name":"wp","href":"https:\/\/api.w.org\/{rel}","templated":true}]}}