{"id":4495,"date":"2024-10-04T16:40:19","date_gmt":"2024-10-04T19:40:19","guid":{"rendered":"https:\/\/www2.unifap.br\/educacaodocampo\/?page_id=4495"},"modified":"2024-10-09T10:06:16","modified_gmt":"2024-10-09T13:06:16","slug":"laboratorio-de-entomologia-agricola-unifap-campus-mazagao-ap","status":"publish","type":"page","link":"https:\/\/www2.unifap.br\/educacaodocampo\/nea-unifapmzg\/laboratorio-de-entomologia-agricola-unifap-campus-mazagao-ap\/","title":{"rendered":"Laborat\u00f3rio de Entomologia Agr\u00edcola \u2013 UNIFAP\/Campus Mazag\u00e3o-AP"},"content":{"rendered":"<p align=\"justify\"><strong><a href=\"http:\/\/www2.unifap.br\/educacaodocampo\/files\/2024\/10\/Normas-de-Seguranca-do-Laboratorio-de-Entomologia-Agricola.docx\">Normas de Seguran\u00e7a do Laborat\u00f3rio de Entomologia Agr\u00edcola<\/a> <\/strong><\/p>\n<p align=\"justify\"><strong><a href=\"http:\/\/www2.unifap.br\/educacaodocampo\/files\/2024\/10\/Normativas-de-Funcionamento-Laboratorio-de-Entomologia-Agricola.docx\">Normativas de Funcionamento Laborat\u00f3rio de Entomologia Agr\u00edcola<\/a><\/strong><\/p>\n<p style=\"text-align: center\" align=\"justify\"><span style=\"font-family: Times New Roman, serif\"><span style=\"font-size: medium\"><b>Pesquisador do Laborat\u00f3rio de Entomologia agr\u00edcola da UNIFAP, Campus Mazag\u00e3o em parceria com pesquisadores da Embrapa Amap\u00e1, da Esalq-USP e Instituto Biol\u00f3gico de S\u00e3o Paulo, descobrem a entrada de uma nova praga do abacaxi, no Brasil<\/b><\/span><\/span><\/p>\n<p align=\"justify\"><span style=\"font-family: Times New Roman, serif\"><span style=\"font-size: medium\">O professor Dr. Lailson Lemos, coordenador do Laborat\u00f3rio de Entomologia Agr\u00edcola da UNIFAP, <i>Campus<\/i> Mazag\u00e3o, seus colaboradores, acad\u00eamicos e egressos do curso de Licenciatura em Educa\u00e7\u00e3o do Campo: Ci\u00eancias Agr\u00e1rias e Biologia, juntamente com pesquisadores parceiros da Embrapa Amap\u00e1, da Escola Superior de Agricultura Luiz de Queiroz (Esalq\/USP) e do Instituto Biol\u00f3gico de S\u00e3o Paulo, Unidade de Campinas, SP, descobriram e relataram entre a comunidade cient\u00edfica, a entrada de uma esp\u00e9cie de mosca, popularmente conhecida como mosca-do-abacaxi (<i>Melanoloma viatrix<\/i>) na sua regi\u00e3o de origem (Colombia, Peru, Bol\u00edvia, Venezuela, etc.). A praga foi reportada infestando frutos de abacaxi na regi\u00e3o do munic\u00edpio de Porto Grande, estado do Amap\u00e1. <\/span><\/span><\/p>\n<p align=\"justify\"><span style=\"font-family: Times New Roman, serif\"><span style=\"font-size: medium\">A esp\u00e9cie <\/span><\/span><span style=\"font-family: Times New Roman, serif\"><span style=\"font-size: medium\"><i>Melanoloma viatrix<\/i><\/span><\/span><span style=\"font-family: Times New Roman, serif\"><span style=\"font-size: medium\"> \u00e9 uma mosca negra que mede de 5 a 6, 5 mm de comprimento. <\/span><\/span><span style=\"font-family: Times New Roman, serif\"><span style=\"font-size: medium\"><span lang=\"pt-PT\">O abacaxi \u00e9 o \u00fanico hospedeiro conhecido de <\/span><\/span><\/span><span style=\"font-family: Times New Roman, serif\"><span style=\"font-size: medium\"><span lang=\"pt-PT\"><i>M. viatrix<\/i><\/span><\/span><\/span><span style=\"font-family: Times New Roman, serif\"><span style=\"font-size: medium\"><span lang=\"pt-PT\">, mas \u00e9 prov\u00e1vel que o inseto tamb\u00e9m se desenvolva em outras brom\u00e9lias. Os <\/span><\/span><\/span><span style=\"font-family: Times New Roman, serif\"><span style=\"font-size: medium\">danos diretos s\u00e3o decorrentes da presen\u00e7a das larvas dentro dos frutos. As f\u00eameas adultas colocam seus ovos entre as fendas das br\u00e1cteas florais e os \u201colhos\u201d ou frutilhos. As larvas, ao eclodirem penetram nos frutos e se alimentam da polpa do abacaxi para completarem o seu desenvolvimento promovendo a forma\u00e7\u00e3o de galerias e manchas marrons entre a casca e a polpa. Os d<\/span><\/span><span style=\"font-family: Times New Roman, serif\"><span style=\"font-size: medium\">anos indiretos s\u00e3o consider\u00e1veis, pois em \u00e1reas de cultivos comerciais as perdas podem chegar at\u00e9 70% dos frutos produzidos.<\/span><\/span><\/p>\n<p align=\"justify\"><span style=\"font-family: Times New Roman, serif\"><span style=\"font-size: medium\">De acordo com Lailson Lemos, para combater a praga \u00e9 necess\u00e1rio conhecer melhor a sua biologia, o comportamento e se h\u00e1 inimigos naturais. Al\u00e9m disso, se faz <\/span><\/span><span style=\"font-family: Times New Roman, serif\"><span style=\"font-size: medium\"><span lang=\"pt-PT\">necess\u00e1rio conhecer e explorar v\u00e1rios m\u00e9todos de controle para desenvolver programas de manejo integrado. Para<\/span><\/span><\/span><span style=\"font-family: Times New Roman, serif\"><span style=\"font-size: medium\"> prevenir que a praga se dissemine d<\/span><\/span><span style=\"font-family: Times New Roman, serif\"><span style=\"font-size: medium\"><span lang=\"pt-PT\">eve-se evitar o<\/span><\/span><\/span><span style=\"font-family: Times New Roman, serif\"><span style=\"font-size: medium\"> transporte de frutos das \u00e1reas de produ\u00e7\u00e3o para \u00e1reas n\u00e3o infestadas. Al\u00e9m disso, ao final da colheita, \u00e9 necess\u00e1rio recolher os frutos remanescentes e enterr\u00e1-los em covas de um metro de profundidade cobertas com terra, para evitar que os insetos completem o seu ciclo de vida, indo infestar frutos sadios. Essas informa\u00e7\u00f5es refor\u00e7am a import\u00e2ncia da pesquisa cient\u00edfica desenvolvida no Laborat\u00f3rio de Entomologia da UNIFAP, <em>Campus<\/em> Mazag\u00e3o e do estabelecimento das parcerias com outras Universidades, Institutos de Pesquisa para proporcionar o avan\u00e7o do conhecimento cient\u00edfico sobre as pragas agr\u00edcolas que geram problemas aos produtores.<\/span><\/span><\/p>\n<p align=\"justify\"><a href=\"http:\/\/www2.unifap.br\/educacaodocampo\/files\/2024\/10\/WhatsApp-Image-2024-10-07-at-14.18.21.jpeg\"><img fetchpriority=\"high\" decoding=\"async\" class=\"size-medium wp-image-4662 alignleft\" src=\"http:\/\/www2.unifap.br\/educacaodocampo\/files\/2024\/10\/WhatsApp-Image-2024-10-07-at-14.18.21-225x300.jpeg\" alt=\"\" width=\"225\" height=\"300\" srcset=\"https:\/\/www2.unifap.br\/educacaodocampo\/files\/2024\/10\/WhatsApp-Image-2024-10-07-at-14.18.21-225x300.jpeg 225w, https:\/\/www2.unifap.br\/educacaodocampo\/files\/2024\/10\/WhatsApp-Image-2024-10-07-at-14.18.21-768x1023.jpeg 768w, https:\/\/www2.unifap.br\/educacaodocampo\/files\/2024\/10\/WhatsApp-Image-2024-10-07-at-14.18.21-1153x1536.jpeg 1153w, https:\/\/www2.unifap.br\/educacaodocampo\/files\/2024\/10\/WhatsApp-Image-2024-10-07-at-14.18.21.jpeg 1200w\" sizes=\"(max-width: 225px) 100vw, 225px\" \/><\/a><\/p>\n<p align=\"justify\">&nbsp;<\/p>\n<p align=\"justify\">&nbsp;<\/p>\n<p align=\"justify\">&nbsp;<\/p>\n<p align=\"justify\">&nbsp;<\/p>\n<p align=\"justify\">&nbsp;<\/p>\n<p align=\"justify\">&nbsp;<\/p>\n<p align=\"justify\">&nbsp;<\/p>\n<p align=\"justify\">&nbsp;<\/p>\n<p align=\"justify\"><a href=\"http:\/\/www2.unifap.br\/educacaodocampo\/files\/2024\/10\/WhatsApp-Image-2024-10-07-at-14.18.21-3.jpeg\"><img decoding=\"async\" class=\"alignnone size-medium wp-image-4659\" src=\"http:\/\/www2.unifap.br\/educacaodocampo\/files\/2024\/10\/WhatsApp-Image-2024-10-07-at-14.18.21-3-170x300.jpeg\" alt=\"\" width=\"170\" height=\"300\" srcset=\"https:\/\/www2.unifap.br\/educacaodocampo\/files\/2024\/10\/WhatsApp-Image-2024-10-07-at-14.18.21-3-170x300.jpeg 170w, https:\/\/www2.unifap.br\/educacaodocampo\/files\/2024\/10\/WhatsApp-Image-2024-10-07-at-14.18.21-3-580x1024.jpeg 580w, https:\/\/www2.unifap.br\/educacaodocampo\/files\/2024\/10\/WhatsApp-Image-2024-10-07-at-14.18.21-3.jpeg 725w\" sizes=\"(max-width: 170px) 100vw, 170px\" \/><\/a><\/p>\n<p align=\"justify\"><a href=\"http:\/\/www2.unifap.br\/educacaodocampo\/files\/2024\/10\/WhatsApp-Image-2024-10-07-at-14.18.21-2.jpeg\"><img decoding=\"async\" class=\"alignnone size-medium wp-image-4660\" src=\"http:\/\/www2.unifap.br\/educacaodocampo\/files\/2024\/10\/WhatsApp-Image-2024-10-07-at-14.18.21-2-300x221.jpeg\" alt=\"\" width=\"300\" height=\"221\" srcset=\"https:\/\/www2.unifap.br\/educacaodocampo\/files\/2024\/10\/WhatsApp-Image-2024-10-07-at-14.18.21-2-300x221.jpeg 300w, https:\/\/www2.unifap.br\/educacaodocampo\/files\/2024\/10\/WhatsApp-Image-2024-10-07-at-14.18.21-2-1024x754.jpeg 1024w, https:\/\/www2.unifap.br\/educacaodocampo\/files\/2024\/10\/WhatsApp-Image-2024-10-07-at-14.18.21-2-768x566.jpeg 768w, https:\/\/www2.unifap.br\/educacaodocampo\/files\/2024\/10\/WhatsApp-Image-2024-10-07-at-14.18.21-2.jpeg 1200w\" sizes=\"(max-width: 300px) 100vw, 300px\" \/><\/a><\/p>\n<p align=\"justify\"><a href=\"http:\/\/www2.unifap.br\/educacaodocampo\/files\/2024\/10\/WhatsApp-Image-2024-10-07-at-14.18.21-1.jpeg\"><img loading=\"lazy\" decoding=\"async\" class=\"alignnone size-medium wp-image-4661\" src=\"http:\/\/www2.unifap.br\/educacaodocampo\/files\/2024\/10\/WhatsApp-Image-2024-10-07-at-14.18.21-1-300x225.jpeg\" alt=\"\" width=\"300\" height=\"225\" srcset=\"https:\/\/www2.unifap.br\/educacaodocampo\/files\/2024\/10\/WhatsApp-Image-2024-10-07-at-14.18.21-1-300x225.jpeg 300w, https:\/\/www2.unifap.br\/educacaodocampo\/files\/2024\/10\/WhatsApp-Image-2024-10-07-at-14.18.21-1-1024x768.jpeg 1024w, https:\/\/www2.unifap.br\/educacaodocampo\/files\/2024\/10\/WhatsApp-Image-2024-10-07-at-14.18.21-1-768x576.jpeg 768w, https:\/\/www2.unifap.br\/educacaodocampo\/files\/2024\/10\/WhatsApp-Image-2024-10-07-at-14.18.21-1-1536x1152.jpeg 1536w, https:\/\/www2.unifap.br\/educacaodocampo\/files\/2024\/10\/WhatsApp-Image-2024-10-07-at-14.18.21-1.jpeg 1600w\" sizes=\"(max-width: 300px) 100vw, 300px\" \/><\/a><\/p>\n<p align=\"justify\"><a href=\"http:\/\/www2.unifap.br\/educacaodocampo\/files\/2024\/10\/WhatsApp-Image-2024-10-07-at-14.25.07.jpeg\"><img loading=\"lazy\" decoding=\"async\" class=\"alignnone size-medium wp-image-4658\" src=\"http:\/\/www2.unifap.br\/educacaodocampo\/files\/2024\/10\/WhatsApp-Image-2024-10-07-at-14.25.07-300x120.jpeg\" alt=\"\" width=\"300\" height=\"120\" srcset=\"https:\/\/www2.unifap.br\/educacaodocampo\/files\/2024\/10\/WhatsApp-Image-2024-10-07-at-14.25.07-300x120.jpeg 300w, https:\/\/www2.unifap.br\/educacaodocampo\/files\/2024\/10\/WhatsApp-Image-2024-10-07-at-14.25.07-768x306.jpeg 768w, https:\/\/www2.unifap.br\/educacaodocampo\/files\/2024\/10\/WhatsApp-Image-2024-10-07-at-14.25.07.jpeg 886w\" sizes=\"(max-width: 300px) 100vw, 300px\" \/><\/a><\/p>\n<p align=\"justify\">&nbsp;<\/p>\n<p align=\"justify\">&nbsp;<\/p>\n<h3 class=\"western\" style=\"text-align: center\" align=\"justify\"><strong><span style=\"font-family: Times New Roman, serif\"><span style=\"font-size: medium\">XIX Congresso Brasileiro de Entomologia 2024<\/span><\/span><\/strong><\/h3>\n<p align=\"justify\"><span style=\"font-family: Times New Roman, serif\"><span style=\"font-size: medium\">O professor Lailson Lemos, coordenador do Laborat\u00f3rio de Entomologia Agr\u00edcola do curso de Licenciatura em Educa\u00e7\u00e3o do Campo: Ci\u00eancias Agr\u00e1rias e Biologia da UNIFAP, <i>Campus<\/i> Mazag\u00e3o juntamente com sete acad\u00eamicos e uma egressa do curso, participaram do XIX Congresso Brasileiro de Entomologia, e Congresso Latino Americano de Entomologia, que aconteceu na cidade de Uberl\u00e2ndia, Minas Gerais, no per\u00edodo de 22 a 26 de setembro de 2024. <\/span><\/span><\/p>\n<p align=\"justify\"><span style=\"font-family: Times New Roman, serif\"><span style=\"font-size: medium\">Na oportunidade, o grupo levou e apresentou 10 trabalhos referentes as pesquisas entomol\u00f3gicas realizadas pelo grupo de Pesquisa Bioecologia de Moscas-das-frutas e seus inimigos naturais, desenvolvidas no estado do Amap\u00e1, que versavam sobre aspectos biol\u00f3gicos e ecol\u00f3gicos aplicados ao conhecimento do manejo de esp\u00e9cies de moscas-das-frutas que s\u00e3o pragas agr\u00edcolas e de parasitoides, inimigos naturais das esp\u00e9cies de moscas-das-frutas. <\/span><\/span><\/p>\n<p align=\"justify\"><span style=\"font-family: Times New Roman, serif\"><span style=\"font-size: medium\">Dentre a relev\u00e2ncia dos trabalhos apresentados, o grupo fez a divulga\u00e7\u00e3o cient\u00edfica da DESCOBERTA de <b>duas novas esp\u00e9cies de plantas hospedeiras de esp\u00e9cies de moscas-das-frutas no Brasil.<\/b> Trata-se das plantas <i>Garcinia gardneriana <\/i>(bacupari) e <i>Bellucia egensis <\/i>(verde-peludo) que foram reportadas como novas hospedeiras de <i>Anastrepha hastata<\/i> e <i>Anastrepha<\/i> <i>sororcula, <\/i>respectivamente, para o pa\u00eds. Al\u00e9m disso, 5 dos trabalhos apresentados relataram a infesta\u00e7\u00e3o pela mosca-da-carambola (<i>Bactrocera carambolae<\/i>) em diferentes plantas frut\u00edferas que servir\u00e3o de base para melhorar o controle desta esp\u00e9cie ex\u00f3tica, de import\u00e2ncia econ\u00f4mica para o pa\u00eds, por ser uma praga quarenten\u00e1ria presente e sob controle oficial, pelo Minist\u00e9rio da Agricultura e Pecu\u00e1ria.<\/span><\/span><\/p>\n<p align=\"justify\"><span style=\"font-family: Times New Roman, serif\"><span style=\"font-size: medium\">Os resultados dessas pesquisas demonstram a relev\u00e2ncia da pesquisa cient\u00edfica acad\u00eamica, da inicia\u00e7\u00e3o cient\u00edfica e da capacita\u00e7\u00e3o profissional para os acad\u00eamicos bem como despertam a aten\u00e7\u00e3o para conceitos biol\u00f3gicos como a conserva\u00e7\u00e3o da vegeta\u00e7\u00e3o nativa para assegurar a manuten\u00e7\u00e3o das popula\u00e7\u00f5es das esp\u00e9cies de moscas-das-frutas sem import\u00e2ncia econ\u00f4mica e de seus parasitoides que podem ter aplica\u00e7\u00e3o na agricultura convencional.<\/span><\/span><\/p>\n<p align=\"justify\"><span style=\"font-family: Times New Roman, serif\"><span style=\"font-size: medium\">A participa\u00e7\u00e3o em Congressos possibilita ampliar e atualizar o conhecimento dos participantes sobre o tema Entomologia no Brasil e no mundo, bem como ampliar a rede de contatos profissionais e estabelecer novas parcerias para diversos estudos entomol\u00f3gicos a serem desenvolvidos futuramente, na Amaz\u00f4nia, sendo, portanto, de relevante do ponto de vista da capacita\u00e7\u00e3o profissional e para a divulga\u00e7\u00e3o cient\u00edfica dos trabalhos realizados.<\/span><\/span><\/p>\n<p align=\"justify\"><a href=\"http:\/\/www2.unifap.br\/educacaodocampo\/files\/2024\/10\/WhatsApp-Image-2024-10-04-at-08.41.54-scaled.jpeg\"><img loading=\"lazy\" decoding=\"async\" class=\"alignnone size-medium wp-image-4505\" src=\"http:\/\/www2.unifap.br\/educacaodocampo\/files\/2024\/10\/WhatsApp-Image-2024-10-04-at-08.41.54-300x169.jpeg\" alt=\"\" width=\"300\" height=\"169\" srcset=\"https:\/\/www2.unifap.br\/educacaodocampo\/files\/2024\/10\/WhatsApp-Image-2024-10-04-at-08.41.54-300x169.jpeg 300w, https:\/\/www2.unifap.br\/educacaodocampo\/files\/2024\/10\/WhatsApp-Image-2024-10-04-at-08.41.54-1024x576.jpeg 1024w, https:\/\/www2.unifap.br\/educacaodocampo\/files\/2024\/10\/WhatsApp-Image-2024-10-04-at-08.41.54-768x432.jpeg 768w, https:\/\/www2.unifap.br\/educacaodocampo\/files\/2024\/10\/WhatsApp-Image-2024-10-04-at-08.41.54-1536x864.jpeg 1536w, https:\/\/www2.unifap.br\/educacaodocampo\/files\/2024\/10\/WhatsApp-Image-2024-10-04-at-08.41.54-2048x1152.jpeg 2048w\" sizes=\"(max-width: 300px) 100vw, 300px\" \/><\/a><\/p>\n<p align=\"justify\"><a href=\"http:\/\/www2.unifap.br\/educacaodocampo\/files\/2024\/10\/WhatsApp-Image-2024-10-04-at-08.45.23.jpeg\"><img loading=\"lazy\" decoding=\"async\" class=\"alignnone size-medium wp-image-4496\" src=\"http:\/\/www2.unifap.br\/educacaodocampo\/files\/2024\/10\/WhatsApp-Image-2024-10-04-at-08.45.23-300x135.jpeg\" alt=\"\" width=\"300\" height=\"135\" srcset=\"https:\/\/www2.unifap.br\/educacaodocampo\/files\/2024\/10\/WhatsApp-Image-2024-10-04-at-08.45.23-300x135.jpeg 300w, https:\/\/www2.unifap.br\/educacaodocampo\/files\/2024\/10\/WhatsApp-Image-2024-10-04-at-08.45.23-1024x461.jpeg 1024w, https:\/\/www2.unifap.br\/educacaodocampo\/files\/2024\/10\/WhatsApp-Image-2024-10-04-at-08.45.23-768x346.jpeg 768w, https:\/\/www2.unifap.br\/educacaodocampo\/files\/2024\/10\/WhatsApp-Image-2024-10-04-at-08.45.23-1536x691.jpeg 1536w, https:\/\/www2.unifap.br\/educacaodocampo\/files\/2024\/10\/WhatsApp-Image-2024-10-04-at-08.45.23.jpeg 1600w\" sizes=\"(max-width: 300px) 100vw, 300px\" \/><\/a><\/p>\n<p align=\"justify\"><a href=\"http:\/\/www2.unifap.br\/educacaodocampo\/files\/2024\/10\/WhatsApp-Image-2024-10-04-at-08.45.22.jpeg\"><img loading=\"lazy\" decoding=\"async\" class=\"alignnone size-medium wp-image-4497\" src=\"http:\/\/www2.unifap.br\/educacaodocampo\/files\/2024\/10\/WhatsApp-Image-2024-10-04-at-08.45.22-300x135.jpeg\" alt=\"\" width=\"300\" height=\"135\" srcset=\"https:\/\/www2.unifap.br\/educacaodocampo\/files\/2024\/10\/WhatsApp-Image-2024-10-04-at-08.45.22-300x135.jpeg 300w, https:\/\/www2.unifap.br\/educacaodocampo\/files\/2024\/10\/WhatsApp-Image-2024-10-04-at-08.45.22-1024x461.jpeg 1024w, https:\/\/www2.unifap.br\/educacaodocampo\/files\/2024\/10\/WhatsApp-Image-2024-10-04-at-08.45.22-768x346.jpeg 768w, https:\/\/www2.unifap.br\/educacaodocampo\/files\/2024\/10\/WhatsApp-Image-2024-10-04-at-08.45.22-1536x691.jpeg 1536w, https:\/\/www2.unifap.br\/educacaodocampo\/files\/2024\/10\/WhatsApp-Image-2024-10-04-at-08.45.22.jpeg 1600w\" sizes=\"(max-width: 300px) 100vw, 300px\" \/><\/a> <a href=\"http:\/\/www2.unifap.br\/educacaodocampo\/files\/2024\/10\/WhatsApp-Image-2024-10-04-at-08.45.20.jpeg\"><img loading=\"lazy\" decoding=\"async\" class=\"alignnone size-medium wp-image-4498\" src=\"http:\/\/www2.unifap.br\/educacaodocampo\/files\/2024\/10\/WhatsApp-Image-2024-10-04-at-08.45.20-300x135.jpeg\" alt=\"\" width=\"300\" height=\"135\" srcset=\"https:\/\/www2.unifap.br\/educacaodocampo\/files\/2024\/10\/WhatsApp-Image-2024-10-04-at-08.45.20-300x135.jpeg 300w, https:\/\/www2.unifap.br\/educacaodocampo\/files\/2024\/10\/WhatsApp-Image-2024-10-04-at-08.45.20-1024x461.jpeg 1024w, https:\/\/www2.unifap.br\/educacaodocampo\/files\/2024\/10\/WhatsApp-Image-2024-10-04-at-08.45.20-768x346.jpeg 768w, https:\/\/www2.unifap.br\/educacaodocampo\/files\/2024\/10\/WhatsApp-Image-2024-10-04-at-08.45.20-1536x691.jpeg 1536w, https:\/\/www2.unifap.br\/educacaodocampo\/files\/2024\/10\/WhatsApp-Image-2024-10-04-at-08.45.20.jpeg 1600w\" sizes=\"(max-width: 300px) 100vw, 300px\" \/><\/a> <a href=\"http:\/\/www2.unifap.br\/educacaodocampo\/files\/2024\/10\/WhatsApp-Image-2024-10-04-at-08.45.02.jpeg\"><img loading=\"lazy\" decoding=\"async\" class=\"alignnone size-medium wp-image-4499\" src=\"http:\/\/www2.unifap.br\/educacaodocampo\/files\/2024\/10\/WhatsApp-Image-2024-10-04-at-08.45.02-300x135.jpeg\" alt=\"\" width=\"300\" height=\"135\" srcset=\"https:\/\/www2.unifap.br\/educacaodocampo\/files\/2024\/10\/WhatsApp-Image-2024-10-04-at-08.45.02-300x135.jpeg 300w, https:\/\/www2.unifap.br\/educacaodocampo\/files\/2024\/10\/WhatsApp-Image-2024-10-04-at-08.45.02-1024x461.jpeg 1024w, https:\/\/www2.unifap.br\/educacaodocampo\/files\/2024\/10\/WhatsApp-Image-2024-10-04-at-08.45.02-768x346.jpeg 768w, https:\/\/www2.unifap.br\/educacaodocampo\/files\/2024\/10\/WhatsApp-Image-2024-10-04-at-08.45.02-1536x691.jpeg 1536w, https:\/\/www2.unifap.br\/educacaodocampo\/files\/2024\/10\/WhatsApp-Image-2024-10-04-at-08.45.02.jpeg 1600w\" sizes=\"(max-width: 300px) 100vw, 300px\" \/><\/a><\/p>\n<p align=\"justify\"><a href=\"http:\/\/www2.unifap.br\/educacaodocampo\/files\/2024\/10\/WhatsApp-Image-2024-10-04-at-08.43.52-scaled.jpeg\"><img loading=\"lazy\" decoding=\"async\" class=\"alignnone size-medium wp-image-4500\" src=\"http:\/\/www2.unifap.br\/educacaodocampo\/files\/2024\/10\/WhatsApp-Image-2024-10-04-at-08.43.52-138x300.jpeg\" alt=\"\" width=\"138\" height=\"300\" srcset=\"https:\/\/www2.unifap.br\/educacaodocampo\/files\/2024\/10\/WhatsApp-Image-2024-10-04-at-08.43.52-138x300.jpeg 138w, https:\/\/www2.unifap.br\/educacaodocampo\/files\/2024\/10\/WhatsApp-Image-2024-10-04-at-08.43.52-472x1024.jpeg 472w, https:\/\/www2.unifap.br\/educacaodocampo\/files\/2024\/10\/WhatsApp-Image-2024-10-04-at-08.43.52-768x1667.jpeg 768w, https:\/\/www2.unifap.br\/educacaodocampo\/files\/2024\/10\/WhatsApp-Image-2024-10-04-at-08.43.52-708x1536.jpeg 708w, https:\/\/www2.unifap.br\/educacaodocampo\/files\/2024\/10\/WhatsApp-Image-2024-10-04-at-08.43.52-944x2048.jpeg 944w, https:\/\/www2.unifap.br\/educacaodocampo\/files\/2024\/10\/WhatsApp-Image-2024-10-04-at-08.43.52-scaled.jpeg 1180w\" sizes=\"(max-width: 138px) 100vw, 138px\" \/><\/a> <a href=\"http:\/\/www2.unifap.br\/educacaodocampo\/files\/2024\/10\/WhatsApp-Image-2024-10-04-at-08.43.51-scaled.jpeg\"><img loading=\"lazy\" decoding=\"async\" class=\"alignnone size-medium wp-image-4501\" src=\"http:\/\/www2.unifap.br\/educacaodocampo\/files\/2024\/10\/WhatsApp-Image-2024-10-04-at-08.43.51-169x300.jpeg\" alt=\"\" width=\"169\" height=\"300\" srcset=\"https:\/\/www2.unifap.br\/educacaodocampo\/files\/2024\/10\/WhatsApp-Image-2024-10-04-at-08.43.51-169x300.jpeg 169w, https:\/\/www2.unifap.br\/educacaodocampo\/files\/2024\/10\/WhatsApp-Image-2024-10-04-at-08.43.51-576x1024.jpeg 576w, https:\/\/www2.unifap.br\/educacaodocampo\/files\/2024\/10\/WhatsApp-Image-2024-10-04-at-08.43.51-768x1365.jpeg 768w, https:\/\/www2.unifap.br\/educacaodocampo\/files\/2024\/10\/WhatsApp-Image-2024-10-04-at-08.43.51-864x1536.jpeg 864w, https:\/\/www2.unifap.br\/educacaodocampo\/files\/2024\/10\/WhatsApp-Image-2024-10-04-at-08.43.51-1152x2048.jpeg 1152w, https:\/\/www2.unifap.br\/educacaodocampo\/files\/2024\/10\/WhatsApp-Image-2024-10-04-at-08.43.51-scaled.jpeg 1440w\" sizes=\"(max-width: 169px) 100vw, 169px\" \/><\/a> <a href=\"http:\/\/www2.unifap.br\/educacaodocampo\/files\/2024\/10\/WhatsApp-Image-2024-10-04-at-08.42.06.jpeg\"><img loading=\"lazy\" decoding=\"async\" class=\"alignnone size-medium wp-image-4502\" src=\"http:\/\/www2.unifap.br\/educacaodocampo\/files\/2024\/10\/WhatsApp-Image-2024-10-04-at-08.42.06-138x300.jpeg\" alt=\"\" width=\"138\" height=\"300\" srcset=\"https:\/\/www2.unifap.br\/educacaodocampo\/files\/2024\/10\/WhatsApp-Image-2024-10-04-at-08.42.06-138x300.jpeg 138w, https:\/\/www2.unifap.br\/educacaodocampo\/files\/2024\/10\/WhatsApp-Image-2024-10-04-at-08.42.06-472x1024.jpeg 472w, https:\/\/www2.unifap.br\/educacaodocampo\/files\/2024\/10\/WhatsApp-Image-2024-10-04-at-08.42.06-708x1536.jpeg 708w, https:\/\/www2.unifap.br\/educacaodocampo\/files\/2024\/10\/WhatsApp-Image-2024-10-04-at-08.42.06.jpeg 738w\" sizes=\"(max-width: 138px) 100vw, 138px\" \/><\/a> <a href=\"http:\/\/www2.unifap.br\/educacaodocampo\/files\/2024\/10\/WhatsApp-Image-2024-10-04-at-08.42.03.jpeg\"><img loading=\"lazy\" decoding=\"async\" class=\"alignnone size-medium wp-image-4503\" src=\"http:\/\/www2.unifap.br\/educacaodocampo\/files\/2024\/10\/WhatsApp-Image-2024-10-04-at-08.42.03-138x300.jpeg\" alt=\"\" width=\"138\" height=\"300\" srcset=\"https:\/\/www2.unifap.br\/educacaodocampo\/files\/2024\/10\/WhatsApp-Image-2024-10-04-at-08.42.03-138x300.jpeg 138w, https:\/\/www2.unifap.br\/educacaodocampo\/files\/2024\/10\/WhatsApp-Image-2024-10-04-at-08.42.03-472x1024.jpeg 472w, https:\/\/www2.unifap.br\/educacaodocampo\/files\/2024\/10\/WhatsApp-Image-2024-10-04-at-08.42.03-708x1536.jpeg 708w, https:\/\/www2.unifap.br\/educacaodocampo\/files\/2024\/10\/WhatsApp-Image-2024-10-04-at-08.42.03.jpeg 737w\" sizes=\"(max-width: 138px) 100vw, 138px\" \/><\/a> <a href=\"http:\/\/www2.unifap.br\/educacaodocampo\/files\/2024\/10\/WhatsApp-Image-2024-10-04-at-08.41.59.jpeg\"><img loading=\"lazy\" decoding=\"async\" class=\"alignnone size-medium wp-image-4504\" src=\"http:\/\/www2.unifap.br\/educacaodocampo\/files\/2024\/10\/WhatsApp-Image-2024-10-04-at-08.41.59-138x300.jpeg\" alt=\"\" width=\"138\" height=\"300\" srcset=\"https:\/\/www2.unifap.br\/educacaodocampo\/files\/2024\/10\/WhatsApp-Image-2024-10-04-at-08.41.59-138x300.jpeg 138w, https:\/\/www2.unifap.br\/educacaodocampo\/files\/2024\/10\/WhatsApp-Image-2024-10-04-at-08.41.59-470x1024.jpeg 470w, https:\/\/www2.unifap.br\/educacaodocampo\/files\/2024\/10\/WhatsApp-Image-2024-10-04-at-08.41.59.jpeg 588w\" sizes=\"(max-width: 138px) 100vw, 138px\" \/><\/a><\/p>\n","protected":false},"excerpt":{"rendered":"<p>Normas de Seguran\u00e7a do Laborat\u00f3rio de Entomologia Agr\u00edcola Normativas de Funcionamento Laborat\u00f3rio de Entomologia Agr\u00edcola Pesquisador do Laborat\u00f3rio de Entomologia agr\u00edcola da UNIFAP, Campus Mazag\u00e3o em parceria com pesquisadores da Embrapa Amap\u00e1, da Esalq-USP e Instituto Biol\u00f3gico de S\u00e3o Paulo,&hellip; <\/p>\n<p><a href=\"https:\/\/www2.unifap.br\/educacaodocampo\/nea-unifapmzg\/laboratorio-de-entomologia-agricola-unifap-campus-mazagao-ap\/\" class=\"readmore-button\">Continue Reading<\/a><\/p>\n","protected":false},"author":3997,"featured_media":0,"parent":119,"menu_order":0,"comment_status":"closed","ping_status":"closed","template":"","meta":{"inline_featured_image":false,"ngg_post_thumbnail":0,"footnotes":""},"class_list":["post-4495","page","type-page","status-publish","hentry"],"_links":{"self":[{"href":"https:\/\/www2.unifap.br\/educacaodocampo\/wp-json\/wp\/v2\/pages\/4495","targetHints":{"allow":["GET"]}}],"collection":[{"href":"https:\/\/www2.unifap.br\/educacaodocampo\/wp-json\/wp\/v2\/pages"}],"about":[{"href":"https:\/\/www2.unifap.br\/educacaodocampo\/wp-json\/wp\/v2\/types\/page"}],"author":[{"embeddable":true,"href":"https:\/\/www2.unifap.br\/educacaodocampo\/wp-json\/wp\/v2\/users\/3997"}],"replies":[{"embeddable":true,"href":"https:\/\/www2.unifap.br\/educacaodocampo\/wp-json\/wp\/v2\/comments?post=4495"}],"version-history":[{"count":6,"href":"https:\/\/www2.unifap.br\/educacaodocampo\/wp-json\/wp\/v2\/pages\/4495\/revisions"}],"predecessor-version":[{"id":4593,"href":"https:\/\/www2.unifap.br\/educacaodocampo\/wp-json\/wp\/v2\/pages\/4495\/revisions\/4593"}],"up":[{"embeddable":true,"href":"https:\/\/www2.unifap.br\/educacaodocampo\/wp-json\/wp\/v2\/pages\/119"}],"wp:attachment":[{"href":"https:\/\/www2.unifap.br\/educacaodocampo\/wp-json\/wp\/v2\/media?parent=4495"}],"curies":[{"name":"wp","href":"https:\/\/api.w.org\/{rel}","templated":true}]}}