{"id":4553,"date":"2024-10-07T07:58:34","date_gmt":"2024-10-07T10:58:34","guid":{"rendered":"https:\/\/www2.unifap.br\/educacaodocampo\/?page_id=4553"},"modified":"2024-10-09T20:13:42","modified_gmt":"2024-10-09T23:13:42","slug":"laboratorio-de-biologia-e-ecologia-vegetal-da-universidade-federal-do-amapa-campus-mazagao-florem","status":"publish","type":"page","link":"https:\/\/www2.unifap.br\/educacaodocampo\/nea-unifapmzg\/laboratorio-de-biologia-e-ecologia-vegetal-da-universidade-federal-do-amapa-campus-mazagao-florem\/","title":{"rendered":"Laborat\u00f3rio de Biologia e Ecologia Vegetal da Universidade Federal do Amap\u00e1 Campus Mazag\u00e3o &#8211; FLOREM"},"content":{"rendered":"<p style=\"text-align: left\"><span style=\"font-weight: 400\">O Laborat\u00f3rio de Biologia e Ecologia Vegetal (FLOREM) tem como foco o desenvolvimento de estudos sobre aspectos biol\u00f3gicos b\u00e1sicos, flor\u00edsticos e ecol\u00f3gicos de plantas, em especial quanto \u00e0 reprodu\u00e7\u00e3o &#8211; poliniza\u00e7\u00e3o e dispers\u00e3o. Como laborat\u00f3rio interdisciplinar busca ainda auxiliar nas atividades de disciplinas relacionadas \u00e0 Bot\u00e2nica. Ao longo de quase 10 anos, seus integrantes t\u00eam desenvolvido, al\u00e9m de projetos de pesquisa, projetos de extens\u00e3o em escolas de campo, junto \u00e0 popula\u00e7\u00e3o campesina, p\u00fablico-alvo do Curso de Educa\u00e7\u00e3o do Campo. Alguns destes projetos receberam financiamento de \u00f3rg\u00e3os de fomento, seja atrav\u00e9s de bolsas aos discentes, aux\u00edlio a coletas de campo e\/ou para participa\u00e7\u00e3o em eventos, e que geraram Trabalhos de Conclus\u00e3o de Curso e publica\u00e7\u00f5es.<\/span><\/p>\n<p>&nbsp;<\/p>\n<p style=\"text-align: center\"><strong>DOCENTE RESPONS\u00c1VEL<\/strong><\/p>\n<p style=\"text-align: center\"><span style=\"font-weight: 400\">Mellissa Sobrinho &#8211; CV: https:\/\/lattes.cnpq.br\/5815663270393648<\/span><\/p>\n<p style=\"text-align: center\">&nbsp;<\/p>\n<p style=\"text-align: center\"><strong>DISCENTES INTEGRANTES<\/strong><\/p>\n<p style=\"text-align: center\"><span style=\"font-weight: 400\">Adaize Oliveira &#8211; bolsista PIBIC\/UNIFAP (egressa)<\/span><\/p>\n<p style=\"text-align: center\"><span style=\"font-weight: 400\">Elizete Calazans &#8211; bolsista PIBEX\/UNIFAP (egressa)<\/span><\/p>\n<p style=\"text-align: center\"><span style=\"font-weight: 400\">Daniela Flexa &#8211; gradua\u00e7\u00e3o e p\u00f3s-gradua\u00e7\u00e3o (egressa)<\/span><\/p>\n<p style=\"text-align: center\"><span style=\"font-weight: 400\">Ang\u00e9lica Costa&nbsp; &#8211; bolsista PIBEX\/UNIFAP; gradua\u00e7\u00e3o e p\u00f3s-gradua\u00e7\u00e3o (egressa)<\/span><\/p>\n<p style=\"text-align: center\"><span style=\"font-weight: 400\">Daniele Costa&nbsp; &#8211; bolsista PIBEX\/UNIFAP; gradua\u00e7\u00e3o e p\u00f3s-gradua\u00e7\u00e3o (egressa)<\/span><\/p>\n<p style=\"text-align: center\"><span style=\"font-weight: 400\">Cleycidalva Ataide &#8211; bolsista IC\/CNPq e PIBEX\/UNIFAP (egressa)<\/span><\/p>\n<p style=\"text-align: center\"><span style=\"font-weight: 400\">Ivan dos Reis &#8211; bolsista PIBEX\/UNIFAP<\/span><\/p>\n<p style=\"text-align: center\"><span style=\"font-weight: 400\">Nat\u00e1lia Amoras &#8211; PROBIC<\/span><\/p>\n<p style=\"text-align: center\"><span style=\"font-weight: 400\">Vanessa Pinheiro &#8211; bolsista PIBIT\/CNPq<\/span><\/p>\n<p style=\"text-align: center\"><span style=\"font-weight: 400\">Renata Azevedo<\/span><\/p>\n<p style=\"text-align: center\"><span style=\"font-weight: 400\">\u00c1dria Santos &#8211; bolsista IC\/CNPq &#8211; Ensino M\u00e9dio<\/span><\/p>\n<p style=\"text-align: center\">&nbsp;<\/p>\n<p style=\"text-align: center\"><strong><a href=\"http:\/\/www2.unifap.br\/educacaodocampo\/files\/2024\/10\/Normativa-Lab-Florem.pdf\">Normativa do Laborat\u00f3rio FLOREM<\/a><\/strong><\/p>\n<p style=\"text-align: center\"><strong><a href=\"https:\/\/www2.unifap.br\/educacaodocampo\/?page_id=4564&amp;preview=true\">Registro de a\u00e7\u00f5es<\/a><\/strong><\/p>\n<p style=\"text-align: center\"><a href=\"http:\/\/www2.unifap.br\/educacaodocampo\/files\/2024\/10\/Novoa-Texto-OpenDocument_page-0001.jpg\"><img fetchpriority=\"high\" decoding=\"async\" class=\"size-medium wp-image-4560 aligncenter\" src=\"http:\/\/www2.unifap.br\/educacaodocampo\/files\/2024\/10\/Novoa-Texto-OpenDocument_page-0001-300x277.jpg\" alt=\"\" width=\"300\" height=\"277\" srcset=\"https:\/\/www2.unifap.br\/educacaodocampo\/files\/2024\/10\/Novoa-Texto-OpenDocument_page-0001-300x277.jpg 300w, https:\/\/www2.unifap.br\/educacaodocampo\/files\/2024\/10\/Novoa-Texto-OpenDocument_page-0001-768x708.jpg 768w, https:\/\/www2.unifap.br\/educacaodocampo\/files\/2024\/10\/Novoa-Texto-OpenDocument_page-0001.jpg 998w\" sizes=\"(max-width: 300px) 100vw, 300px\" \/><\/a><\/p>\n","protected":false},"excerpt":{"rendered":"<p>O Laborat\u00f3rio de Biologia e Ecologia Vegetal (FLOREM) tem como foco o desenvolvimento de estudos sobre aspectos biol\u00f3gicos b\u00e1sicos, flor\u00edsticos e ecol\u00f3gicos de plantas, em especial quanto \u00e0 reprodu\u00e7\u00e3o &#8211; poliniza\u00e7\u00e3o e dispers\u00e3o. Como laborat\u00f3rio interdisciplinar busca ainda auxiliar nas&hellip; <\/p>\n<p><a href=\"https:\/\/www2.unifap.br\/educacaodocampo\/nea-unifapmzg\/laboratorio-de-biologia-e-ecologia-vegetal-da-universidade-federal-do-amapa-campus-mazagao-florem\/\" class=\"readmore-button\">Continue Reading<\/a><\/p>\n","protected":false},"author":3997,"featured_media":0,"parent":119,"menu_order":0,"comment_status":"closed","ping_status":"closed","template":"","meta":{"inline_featured_image":false,"ngg_post_thumbnail":0,"footnotes":""},"class_list":["post-4553","page","type-page","status-publish","hentry"],"_links":{"self":[{"href":"https:\/\/www2.unifap.br\/educacaodocampo\/wp-json\/wp\/v2\/pages\/4553","targetHints":{"allow":["GET"]}}],"collection":[{"href":"https:\/\/www2.unifap.br\/educacaodocampo\/wp-json\/wp\/v2\/pages"}],"about":[{"href":"https:\/\/www2.unifap.br\/educacaodocampo\/wp-json\/wp\/v2\/types\/page"}],"author":[{"embeddable":true,"href":"https:\/\/www2.unifap.br\/educacaodocampo\/wp-json\/wp\/v2\/users\/3997"}],"replies":[{"embeddable":true,"href":"https:\/\/www2.unifap.br\/educacaodocampo\/wp-json\/wp\/v2\/comments?post=4553"}],"version-history":[{"count":12,"href":"https:\/\/www2.unifap.br\/educacaodocampo\/wp-json\/wp\/v2\/pages\/4553\/revisions"}],"predecessor-version":[{"id":4694,"href":"https:\/\/www2.unifap.br\/educacaodocampo\/wp-json\/wp\/v2\/pages\/4553\/revisions\/4694"}],"up":[{"embeddable":true,"href":"https:\/\/www2.unifap.br\/educacaodocampo\/wp-json\/wp\/v2\/pages\/119"}],"wp:attachment":[{"href":"https:\/\/www2.unifap.br\/educacaodocampo\/wp-json\/wp\/v2\/media?parent=4553"}],"curies":[{"name":"wp","href":"https:\/\/api.w.org\/{rel}","templated":true}]}}