{"id":4623,"date":"2024-10-08T12:05:44","date_gmt":"2024-10-08T15:05:44","guid":{"rendered":"https:\/\/www2.unifap.br\/educacaodocampo\/?page_id=4623"},"modified":"2024-10-16T10:50:13","modified_gmt":"2024-10-16T13:50:13","slug":"egressos","status":"publish","type":"page","link":"https:\/\/www2.unifap.br\/educacaodocampo\/egressos\/","title":{"rendered":"Egressos"},"content":{"rendered":"<div style=\"width: 480px;\" class=\"wp-video\"><!--[if lt IE 9]><script>document.createElement('video');<\/script><![endif]-->\n<video class=\"wp-video-shortcode\" id=\"video-4623-1\" width=\"480\" height=\"848\" preload=\"metadata\" controls=\"controls\"><source type=\"video\/mp4\" src=\"http:\/\/www2.unifap.br\/educacaodocampo\/files\/2024\/10\/WhatsApp-Video-2024-10-10-at-17.00.49-1.mp4?_=1\" \/><a href=\"http:\/\/www2.unifap.br\/educacaodocampo\/files\/2024\/10\/WhatsApp-Video-2024-10-10-at-17.00.49-1.mp4\">http:\/\/www2.unifap.br\/educacaodocampo\/files\/2024\/10\/WhatsApp-Video-2024-10-10-at-17.00.49-1.mp4<\/a><\/video><\/div>\n<p><strong>Danilo Fabriciano<\/strong><br \/>\n<strong>Egresso LEDOC &#8211; Turma 2014<\/strong><br \/>\n<strong>Diretor Escola Fam\u00edlia Agr\u00edcola do Carv\u00e3o<\/strong><\/p>\n<div style=\"width: 480px;\" class=\"wp-video\"><video class=\"wp-video-shortcode\" id=\"video-4623-2\" width=\"480\" height=\"480\" preload=\"metadata\" controls=\"controls\"><source type=\"video\/mp4\" src=\"http:\/\/www2.unifap.br\/educacaodocampo\/files\/2024\/10\/WhatsApp-Video-2024-10-10-at-17.00.49.mp4?_=2\" \/><a href=\"http:\/\/www2.unifap.br\/educacaodocampo\/files\/2024\/10\/WhatsApp-Video-2024-10-10-at-17.00.49.mp4\">http:\/\/www2.unifap.br\/educacaodocampo\/files\/2024\/10\/WhatsApp-Video-2024-10-10-at-17.00.49.mp4<\/a><\/video><\/div>\n<div style=\"width: 480px;\" class=\"wp-video\"><video class=\"wp-video-shortcode\" id=\"video-4623-3\" width=\"480\" height=\"480\" preload=\"metadata\" controls=\"controls\"><source type=\"video\/mp4\" src=\"http:\/\/www2.unifap.br\/educacaodocampo\/files\/2024\/10\/WhatsApp-Video-2024-10-16-at-10.44.56.mp4?_=3\" \/><a href=\"http:\/\/www2.unifap.br\/educacaodocampo\/files\/2024\/10\/WhatsApp-Video-2024-10-16-at-10.44.56.mp4\">http:\/\/www2.unifap.br\/educacaodocampo\/files\/2024\/10\/WhatsApp-Video-2024-10-16-at-10.44.56.mp4<\/a><\/video><\/div>\n<p><strong>Luana Ara\u00fajo<\/strong><br \/>\n<strong>Egressa LEDOC &#8211; Turma 2018<\/strong><br \/>\n<strong>Professor da rede municipal &#8211; Mazag\u00e3o<\/strong><br \/>\n<strong>Mestranda PPGED UNIFAP<\/strong><br \/>\n<strong>Diretora da AMPAFOZ<\/strong><\/p>\n<div style=\"width: 478px;\" class=\"wp-video\"><video class=\"wp-video-shortcode\" id=\"video-4623-4\" width=\"478\" height=\"850\" preload=\"metadata\" controls=\"controls\"><source type=\"video\/mp4\" src=\"http:\/\/www2.unifap.br\/educacaodocampo\/files\/2024\/10\/Manoel.mp4?_=4\" \/><a href=\"http:\/\/www2.unifap.br\/educacaodocampo\/files\/2024\/10\/Manoel.mp4\">http:\/\/www2.unifap.br\/educacaodocampo\/files\/2024\/10\/Manoel.mp4<\/a><\/video><\/div>\n<p><strong>Manoel Rivelino<\/strong><br \/>\n<strong>Egressa LEDOC &#8211; Turma 2015<\/strong><br \/>\n<strong>Extrativista Comunidade Foz do Rio Ajuruxi &#8211; Mazag\u00e3o<\/strong><\/p>\n<div style=\"width: 478px;\" class=\"wp-video\"><video class=\"wp-video-shortcode\" id=\"video-4623-5\" width=\"478\" height=\"850\" preload=\"metadata\" controls=\"controls\"><source type=\"video\/mp4\" src=\"http:\/\/www2.unifap.br\/educacaodocampo\/files\/2024\/10\/Josiane.mp4?_=5\" \/><a href=\"http:\/\/www2.unifap.br\/educacaodocampo\/files\/2024\/10\/Josiane.mp4\">http:\/\/www2.unifap.br\/educacaodocampo\/files\/2024\/10\/Josiane.mp4<\/a><\/video><\/div>\n<p><strong>Josiane dos Santos<\/strong><br \/>\n<strong>Egressa LEDOC &#8211; Turma 2018<\/strong><br \/>\n<strong>Professor da rede municipal &#8211; Santana<\/strong><\/p>\n<div style=\"width: 478px;\" class=\"wp-video\"><video class=\"wp-video-shortcode\" id=\"video-4623-6\" width=\"478\" height=\"850\" preload=\"metadata\" controls=\"controls\"><source type=\"video\/mp4\" src=\"http:\/\/www2.unifap.br\/educacaodocampo\/files\/2024\/10\/Dilma.mp4?_=6\" \/><a href=\"http:\/\/www2.unifap.br\/educacaodocampo\/files\/2024\/10\/Dilma.mp4\">http:\/\/www2.unifap.br\/educacaodocampo\/files\/2024\/10\/Dilma.mp4<\/a><\/video><\/div>\n<p><strong>Dilma Marques<\/strong><br \/>\n<strong>Egressa LEDOC &#8211; Turma 2014<\/strong><br \/>\n<strong>Doutoranda UFGD\/MT<\/strong><\/p>\n<div style=\"width: 478px;\" class=\"wp-video\"><video class=\"wp-video-shortcode\" id=\"video-4623-7\" width=\"478\" height=\"850\" preload=\"metadata\" controls=\"controls\"><source type=\"video\/mp4\" src=\"http:\/\/www2.unifap.br\/educacaodocampo\/files\/2024\/10\/Wilis.mp4?_=7\" \/><a href=\"http:\/\/www2.unifap.br\/educacaodocampo\/files\/2024\/10\/Wilis.mp4\">http:\/\/www2.unifap.br\/educacaodocampo\/files\/2024\/10\/Wilis.mp4<\/a><\/video><\/div>\n<p><strong>Willis Penha<\/strong><br \/>\n<strong>Egresso LEDOC &#8211; Turma 2015<\/strong><br \/>\n<strong>Professor da rede municipal &#8211; Vit\u00f3ria do Jari<\/strong><\/p>\n<div style=\"width: 640px;\" class=\"wp-video\"><video class=\"wp-video-shortcode\" id=\"video-4623-8\" width=\"640\" height=\"362\" preload=\"metadata\" controls=\"controls\"><source type=\"video\/mp4\" src=\"http:\/\/www2.unifap.br\/educacaodocampo\/files\/2024\/10\/Janilson.mp4?_=8\" \/><a href=\"http:\/\/www2.unifap.br\/educacaodocampo\/files\/2024\/10\/Janilson.mp4\">http:\/\/www2.unifap.br\/educacaodocampo\/files\/2024\/10\/Janilson.mp4<\/a><\/video><\/div>\n<p><strong>Janilson Le\u00e3o<\/strong><br \/>\n<strong>Egresso LEDOC &#8211; Turma 2015<\/strong><br \/>\n<strong>Professor Escola Fam\u00edlia Agr\u00edcola do Carv\u00e3o<\/strong><\/p>\n<div style=\"width: 480px;\" class=\"wp-video\"><video class=\"wp-video-shortcode\" id=\"video-4623-9\" width=\"480\" height=\"848\" preload=\"metadata\" controls=\"controls\"><source type=\"video\/mp4\" src=\"http:\/\/www2.unifap.br\/educacaodocampo\/files\/2024\/10\/Zenaide.mp4?_=9\" \/><a href=\"http:\/\/www2.unifap.br\/educacaodocampo\/files\/2024\/10\/Zenaide.mp4\">http:\/\/www2.unifap.br\/educacaodocampo\/files\/2024\/10\/Zenaide.mp4<\/a><\/video><\/div>\n<div style=\"width: 640px;\" class=\"wp-video\"><video class=\"wp-video-shortcode\" id=\"video-4623-10\" width=\"640\" height=\"362\" preload=\"metadata\" controls=\"controls\"><source type=\"video\/mp4\" src=\"http:\/\/www2.unifap.br\/educacaodocampo\/files\/2024\/10\/WhatsApp-Video-2024-10-16-at-10.41.47.mp4?_=10\" \/><a href=\"http:\/\/www2.unifap.br\/educacaodocampo\/files\/2024\/10\/WhatsApp-Video-2024-10-16-at-10.41.47.mp4\">http:\/\/www2.unifap.br\/educacaodocampo\/files\/2024\/10\/WhatsApp-Video-2024-10-16-at-10.41.47.mp4<\/a><\/video><\/div>\n<p><strong>Zenaide Teles<\/strong><br \/>\n<strong>Egressa LEDOC &#8211; Turma 2014<\/strong><br \/>\n<strong>Doutoranda INEAF UFPA\u200b<\/strong><\/p>\n","protected":false},"excerpt":{"rendered":"<p>Danilo Fabriciano Egresso LEDOC &#8211; Turma 2014 Diretor Escola Fam\u00edlia Agr\u00edcola do Carv\u00e3o Luana Ara\u00fajo Egressa LEDOC &#8211; Turma 2018 Professor da rede municipal &#8211; Mazag\u00e3o Mestranda PPGED UNIFAP Diretora da AMPAFOZ Manoel Rivelino Egressa LEDOC &#8211; Turma 2015 Extrativista&hellip; <\/p>\n<p><a href=\"https:\/\/www2.unifap.br\/educacaodocampo\/egressos\/\" class=\"readmore-button\">Continue Reading<\/a><\/p>\n","protected":false},"author":3997,"featured_media":0,"parent":0,"menu_order":0,"comment_status":"closed","ping_status":"closed","template":"","meta":{"inline_featured_image":false,"ngg_post_thumbnail":0,"footnotes":""},"class_list":["post-4623","page","type-page","status-publish","hentry"],"_links":{"self":[{"href":"https:\/\/www2.unifap.br\/educacaodocampo\/wp-json\/wp\/v2\/pages\/4623","targetHints":{"allow":["GET"]}}],"collection":[{"href":"https:\/\/www2.unifap.br\/educacaodocampo\/wp-json\/wp\/v2\/pages"}],"about":[{"href":"https:\/\/www2.unifap.br\/educacaodocampo\/wp-json\/wp\/v2\/types\/page"}],"author":[{"embeddable":true,"href":"https:\/\/www2.unifap.br\/educacaodocampo\/wp-json\/wp\/v2\/users\/3997"}],"replies":[{"embeddable":true,"href":"https:\/\/www2.unifap.br\/educacaodocampo\/wp-json\/wp\/v2\/comments?post=4623"}],"version-history":[{"count":4,"href":"https:\/\/www2.unifap.br\/educacaodocampo\/wp-json\/wp\/v2\/pages\/4623\/revisions"}],"predecessor-version":[{"id":4711,"href":"https:\/\/www2.unifap.br\/educacaodocampo\/wp-json\/wp\/v2\/pages\/4623\/revisions\/4711"}],"wp:attachment":[{"href":"https:\/\/www2.unifap.br\/educacaodocampo\/wp-json\/wp\/v2\/media?parent=4623"}],"curies":[{"name":"wp","href":"https:\/\/api.w.org\/{rel}","templated":true}]}}