{"id":4645,"date":"2024-10-09T09:12:12","date_gmt":"2024-10-09T12:12:12","guid":{"rendered":"https:\/\/www2.unifap.br\/educacaodocampo\/?page_id=4645"},"modified":"2024-10-09T10:58:12","modified_gmt":"2024-10-09T13:58:12","slug":"2024-2","status":"publish","type":"page","link":"https:\/\/www2.unifap.br\/educacaodocampo\/pesquisa\/2024-2\/","title":{"rendered":"2024"},"content":{"rendered":"<p><strong><a href=\"https:\/\/www2.unifap.br\/educacaodocampo\/pesquisa\/2024-2\/grupo-de-estudos-e-pesquisa-em-agricultura-e-biodiversidade-na-amazonia-aba-da-universidade-federal-do-amapa-campus-mazagao\/\">Grupo de Estudos e Pesquisa em Agricultura e Biodiversidade na Amaz\u00f4nia \u2013 ABA<\/a><\/strong><\/p>\n<p><strong><a href=\"https:\/\/www2.unifap.br\/educacaodocampo\/pesquisa\/2024-2\/juventude-rural-educacao-do-campo-e-movimentos-sociais-na-amazonia-jurema\/\">Juventude Rural, Educa\u00e7\u00e3o do Campo e Movimentos Sociais na Amaz\u00f4nia \u2013 JUREMA<\/a><\/strong><\/p>\n","protected":false},"excerpt":{"rendered":"<p>Grupo de Estudos e Pesquisa em Agricultura e Biodiversidade na Amaz\u00f4nia \u2013 ABA Juventude Rural, Educa\u00e7\u00e3o do Campo e Movimentos Sociais na Amaz\u00f4nia \u2013 JUREMA<\/p>\n","protected":false},"author":3997,"featured_media":0,"parent":29,"menu_order":0,"comment_status":"closed","ping_status":"closed","template":"","meta":{"inline_featured_image":false,"ngg_post_thumbnail":0,"footnotes":""},"class_list":["post-4645","page","type-page","status-publish","hentry"],"_links":{"self":[{"href":"https:\/\/www2.unifap.br\/educacaodocampo\/wp-json\/wp\/v2\/pages\/4645","targetHints":{"allow":["GET"]}}],"collection":[{"href":"https:\/\/www2.unifap.br\/educacaodocampo\/wp-json\/wp\/v2\/pages"}],"about":[{"href":"https:\/\/www2.unifap.br\/educacaodocampo\/wp-json\/wp\/v2\/types\/page"}],"author":[{"embeddable":true,"href":"https:\/\/www2.unifap.br\/educacaodocampo\/wp-json\/wp\/v2\/users\/3997"}],"replies":[{"embeddable":true,"href":"https:\/\/www2.unifap.br\/educacaodocampo\/wp-json\/wp\/v2\/comments?post=4645"}],"version-history":[{"count":6,"href":"https:\/\/www2.unifap.br\/educacaodocampo\/wp-json\/wp\/v2\/pages\/4645\/revisions"}],"predecessor-version":[{"id":4669,"href":"https:\/\/www2.unifap.br\/educacaodocampo\/wp-json\/wp\/v2\/pages\/4645\/revisions\/4669"}],"up":[{"embeddable":true,"href":"https:\/\/www2.unifap.br\/educacaodocampo\/wp-json\/wp\/v2\/pages\/29"}],"wp:attachment":[{"href":"https:\/\/www2.unifap.br\/educacaodocampo\/wp-json\/wp\/v2\/media?parent=4645"}],"curies":[{"name":"wp","href":"https:\/\/api.w.org\/{rel}","templated":true}]}}