{"id":4647,"date":"2024-10-09T09:32:03","date_gmt":"2024-10-09T12:32:03","guid":{"rendered":"https:\/\/www2.unifap.br\/educacaodocampo\/?page_id=4647"},"modified":"2024-10-09T09:32:03","modified_gmt":"2024-10-09T12:32:03","slug":"grupo-de-estudos-e-pesquisa-em-agricultura-e-biodiversidade-na-amazonia-aba-da-universidade-federal-do-amapa-campus-mazagao","status":"publish","type":"page","link":"https:\/\/www2.unifap.br\/educacaodocampo\/pesquisa\/2024-2\/grupo-de-estudos-e-pesquisa-em-agricultura-e-biodiversidade-na-amazonia-aba-da-universidade-federal-do-amapa-campus-mazagao\/","title":{"rendered":"Grupo de Estudos e Pesquisa em Agricultura e Biodiversidade na Amaz\u00f4nia \u2013 ABA da Universidade Federal do Amap\u00e1 &#8211; Campus Mazag\u00e3o"},"content":{"rendered":"<p><span style=\"font-weight: 400\">O Grupo de Estudos e Pesquisa em Agricultura e Biodiversidade na Amaz\u00f4nia \u2013ABA cadastrado no Diret\u00f3rio dos Grupos de Pesquisa do Brasil &#8211; CNPq, est\u00e1 sob a coordena\u00e7\u00e3o da profa. Dra. Flaviana Gon\u00e7alves da Silva.<\/span><span style=\"font-weight: 400\"><br \/>\n<\/span><span style=\"font-weight: 400\"><br \/>\n<\/span><span style=\"font-weight: 400\">Atua juntamente com o prof. Dr. Janivan Fernandes Suassuna, pesquisadores de outras institui\u00e7\u00f5es de pesquisa e ensino (Embrapa Amap\u00e1 e IFAP), e discentes do curso de Educa\u00e7\u00e3o do Campo nas linhas de pesquisa em fitossanidade, produ\u00e7\u00e3o e fisiologia vegetal.<\/span><span style=\"font-weight: 400\"><br \/>\n<\/span><span style=\"font-weight: 400\"><br \/>\n<\/span><span style=\"font-weight: 400\">Na linha de fitossanidade, s\u00e3o desenvolvidas pesquisas sobre as comunidades de cigarrinhas potencialmente vetoras de fitoplasmas que causam o amarelecimento letal (AL), praga quarenten\u00e1ria ausente, em palmeiras, bem como a investiga\u00e7\u00e3o das plantas hospedeiras secund\u00e1rias que hospedam os insetos vetores de fitoplasmas durante a sua fase reprodutiva.<\/span><span style=\"font-weight: 400\"><br \/>\n<\/span><span style=\"font-weight: 400\"><br \/>\n<\/span><span style=\"font-weight: 400\">Na linha de pesquisa Produ\u00e7\u00e3o Vegetal, pesquisa-se sobre a prospec\u00e7\u00e3o e avalia\u00e7\u00e3o de bact\u00e9rias promotoras de crescimento vegetal associadas \u00e0s culturas agr\u00edcolas, que possuem potencial biotecnol\u00f3gico para desenvolvimento de inoculante agr\u00edcola a ser utilizado na agricultura.<\/span><span style=\"font-weight: 400\"><br \/>\n<\/span><span style=\"font-weight: 400\"><br \/>\n<\/span><span style=\"font-weight: 400\">Busca-se a compreens\u00e3o da produ\u00e7\u00e3o vegetal associada a fatores ambientais, na perspectiva dos estudos da fisiologia da planta em respostas a fatores ed\u00e1ficos e clim\u00e1ticos, visando otimizar a aplica\u00e7\u00e3o de t\u00e9cnicas adequadas na agricultura que promovam a sustentabilidade ambiental, social, cultural e econ\u00f4mica.<\/span><\/p>\n<p><a href=\"http:\/\/www2.unifap.br\/educacaodocampo\/files\/2024\/10\/1-1.jpeg\"><img fetchpriority=\"high\" decoding=\"async\" class=\"alignnone size-medium wp-image-4650\" src=\"http:\/\/www2.unifap.br\/educacaodocampo\/files\/2024\/10\/1-1-225x300.jpeg\" alt=\"\" width=\"225\" height=\"300\" srcset=\"https:\/\/www2.unifap.br\/educacaodocampo\/files\/2024\/10\/1-1-225x300.jpeg 225w, https:\/\/www2.unifap.br\/educacaodocampo\/files\/2024\/10\/1-1-768x1024.jpeg 768w, https:\/\/www2.unifap.br\/educacaodocampo\/files\/2024\/10\/1-1.jpeg 960w\" sizes=\"(max-width: 225px) 100vw, 225px\" \/><\/a> <a href=\"http:\/\/www2.unifap.br\/educacaodocampo\/files\/2024\/10\/2-1.jpeg\"><img decoding=\"async\" class=\"alignnone size-medium wp-image-4651\" src=\"http:\/\/www2.unifap.br\/educacaodocampo\/files\/2024\/10\/2-1-226x300.jpeg\" alt=\"\" width=\"226\" height=\"300\" srcset=\"https:\/\/www2.unifap.br\/educacaodocampo\/files\/2024\/10\/2-1-226x300.jpeg 226w, https:\/\/www2.unifap.br\/educacaodocampo\/files\/2024\/10\/2-1-771x1024.jpeg 771w, https:\/\/www2.unifap.br\/educacaodocampo\/files\/2024\/10\/2-1-768x1021.jpeg 768w, https:\/\/www2.unifap.br\/educacaodocampo\/files\/2024\/10\/2-1-1156x1536.jpeg 1156w, https:\/\/www2.unifap.br\/educacaodocampo\/files\/2024\/10\/2-1.jpeg 1204w\" sizes=\"(max-width: 226px) 100vw, 226px\" \/><\/a> <a href=\"http:\/\/www2.unifap.br\/educacaodocampo\/files\/2024\/10\/3-1.jpeg\"><img decoding=\"async\" class=\"alignnone size-medium wp-image-4652\" src=\"http:\/\/www2.unifap.br\/educacaodocampo\/files\/2024\/10\/3-1-300x300.jpeg\" alt=\"\" width=\"300\" height=\"300\" srcset=\"https:\/\/www2.unifap.br\/educacaodocampo\/files\/2024\/10\/3-1-300x300.jpeg 300w, https:\/\/www2.unifap.br\/educacaodocampo\/files\/2024\/10\/3-1-1024x1024.jpeg 1024w, https:\/\/www2.unifap.br\/educacaodocampo\/files\/2024\/10\/3-1-150x150.jpeg 150w, https:\/\/www2.unifap.br\/educacaodocampo\/files\/2024\/10\/3-1-768x768.jpeg 768w, https:\/\/www2.unifap.br\/educacaodocampo\/files\/2024\/10\/3-1-70x70.jpeg 70w, https:\/\/www2.unifap.br\/educacaodocampo\/files\/2024\/10\/3-1.jpeg 1387w\" sizes=\"(max-width: 300px) 100vw, 300px\" \/><\/a> <a href=\"http:\/\/www2.unifap.br\/educacaodocampo\/files\/2024\/10\/4-1.jpeg\"><img loading=\"lazy\" decoding=\"async\" class=\"alignnone size-medium wp-image-4653\" src=\"http:\/\/www2.unifap.br\/educacaodocampo\/files\/2024\/10\/4-1-300x169.jpeg\" alt=\"\" width=\"300\" height=\"169\" srcset=\"https:\/\/www2.unifap.br\/educacaodocampo\/files\/2024\/10\/4-1-300x169.jpeg 300w, https:\/\/www2.unifap.br\/educacaodocampo\/files\/2024\/10\/4-1-1024x576.jpeg 1024w, https:\/\/www2.unifap.br\/educacaodocampo\/files\/2024\/10\/4-1-768x432.jpeg 768w, https:\/\/www2.unifap.br\/educacaodocampo\/files\/2024\/10\/4-1-1536x864.jpeg 1536w, https:\/\/www2.unifap.br\/educacaodocampo\/files\/2024\/10\/4-1.jpeg 1600w\" sizes=\"(max-width: 300px) 100vw, 300px\" \/><\/a><\/p>\n","protected":false},"excerpt":{"rendered":"<p>O Grupo de Estudos e Pesquisa em Agricultura e Biodiversidade na Amaz\u00f4nia \u2013ABA cadastrado no Diret\u00f3rio dos Grupos de Pesquisa do Brasil &#8211; CNPq, est\u00e1 sob a coordena\u00e7\u00e3o da profa. Dra. Flaviana Gon\u00e7alves da Silva. Atua juntamente com o prof.&hellip; <\/p>\n<p><a href=\"https:\/\/www2.unifap.br\/educacaodocampo\/pesquisa\/2024-2\/grupo-de-estudos-e-pesquisa-em-agricultura-e-biodiversidade-na-amazonia-aba-da-universidade-federal-do-amapa-campus-mazagao\/\" class=\"readmore-button\">Continue Reading<\/a><\/p>\n","protected":false},"author":3997,"featured_media":0,"parent":4645,"menu_order":0,"comment_status":"closed","ping_status":"closed","template":"","meta":{"inline_featured_image":false,"ngg_post_thumbnail":0,"footnotes":""},"class_list":["post-4647","page","type-page","status-publish","hentry"],"_links":{"self":[{"href":"https:\/\/www2.unifap.br\/educacaodocampo\/wp-json\/wp\/v2\/pages\/4647","targetHints":{"allow":["GET"]}}],"collection":[{"href":"https:\/\/www2.unifap.br\/educacaodocampo\/wp-json\/wp\/v2\/pages"}],"about":[{"href":"https:\/\/www2.unifap.br\/educacaodocampo\/wp-json\/wp\/v2\/types\/page"}],"author":[{"embeddable":true,"href":"https:\/\/www2.unifap.br\/educacaodocampo\/wp-json\/wp\/v2\/users\/3997"}],"replies":[{"embeddable":true,"href":"https:\/\/www2.unifap.br\/educacaodocampo\/wp-json\/wp\/v2\/comments?post=4647"}],"version-history":[{"count":1,"href":"https:\/\/www2.unifap.br\/educacaodocampo\/wp-json\/wp\/v2\/pages\/4647\/revisions"}],"predecessor-version":[{"id":4654,"href":"https:\/\/www2.unifap.br\/educacaodocampo\/wp-json\/wp\/v2\/pages\/4647\/revisions\/4654"}],"up":[{"embeddable":true,"href":"https:\/\/www2.unifap.br\/educacaodocampo\/wp-json\/wp\/v2\/pages\/4645"}],"wp:attachment":[{"href":"https:\/\/www2.unifap.br\/educacaodocampo\/wp-json\/wp\/v2\/media?parent=4647"}],"curies":[{"name":"wp","href":"https:\/\/api.w.org\/{rel}","templated":true}]}}