{"id":4665,"date":"2024-10-09T10:56:38","date_gmt":"2024-10-09T13:56:38","guid":{"rendered":"https:\/\/www2.unifap.br\/educacaodocampo\/?page_id=4665"},"modified":"2024-10-09T10:57:14","modified_gmt":"2024-10-09T13:57:14","slug":"juventude-rural-educacao-do-campo-e-movimentos-sociais-na-amazonia-jurema","status":"publish","type":"page","link":"https:\/\/www2.unifap.br\/educacaodocampo\/pesquisa\/2024-2\/juventude-rural-educacao-do-campo-e-movimentos-sociais-na-amazonia-jurema\/","title":{"rendered":"Juventude Rural, Educa\u00e7\u00e3o do Campo e Movimentos Sociais na Amaz\u00f4nia &#8211; JUREMA"},"content":{"rendered":"<p>O Grupo de Pesquisa Juventude Rural, Educa\u00e7\u00e3o do Campo e Movimentos Sociais na Amaz\u00f4nia &#8211; JUREMA&nbsp; cadastrado no Diret\u00f3rio dos Grupos de Pesquisa do Brasil &#8211; CNPq, est\u00e1 sob a coordena\u00e7\u00e3o da profa. Dra. D\u00e9bora Mate Mendes. O presente trabalho discute as possibilidades de reprodu\u00e7\u00e3o dos modos de vida extrativista, ribeirinho, quilombola na realidade da sucess\u00e3o heredit\u00e1ria nas reservas extrativistas, no campo, nos rios e florestas do Amap\u00e1. A pesquisa caracteriza os\/as Jovens e a rela\u00e7\u00e3o que os\/as mesmos\/as estabelecem com a educa\u00e7\u00e3o\/forma\u00e7\u00e3o, a participa\u00e7\u00e3o em organiza\u00e7\u00f5es sociais, a gest\u00e3o da unidade produtiva e perfil de renda e as imbrica\u00e7\u00f5es destes elementos com as op\u00e7\u00f5es dos\/as Jovens em permanecer ou n\u00e3o no campo.<\/p>\n<p>&nbsp;<\/p>\n<p><a href=\"http:\/\/www2.unifap.br\/educacaodocampo\/files\/2024\/10\/jurema.png\"><img fetchpriority=\"high\" decoding=\"async\" class=\"size-medium wp-image-4666 aligncenter\" src=\"http:\/\/www2.unifap.br\/educacaodocampo\/files\/2024\/10\/jurema-300x280.png\" alt=\"\" width=\"300\" height=\"280\" srcset=\"https:\/\/www2.unifap.br\/educacaodocampo\/files\/2024\/10\/jurema-300x280.png 300w, https:\/\/www2.unifap.br\/educacaodocampo\/files\/2024\/10\/jurema.png 627w\" sizes=\"(max-width: 300px) 100vw, 300px\" \/><\/a><\/p>\n","protected":false},"excerpt":{"rendered":"<p>O Grupo de Pesquisa Juventude Rural, Educa\u00e7\u00e3o do Campo e Movimentos Sociais na Amaz\u00f4nia &#8211; JUREMA&nbsp; cadastrado no Diret\u00f3rio dos Grupos de Pesquisa do Brasil &#8211; CNPq, est\u00e1 sob a coordena\u00e7\u00e3o da profa. Dra. D\u00e9bora Mate Mendes. O presente trabalho&hellip; <\/p>\n<p><a href=\"https:\/\/www2.unifap.br\/educacaodocampo\/pesquisa\/2024-2\/juventude-rural-educacao-do-campo-e-movimentos-sociais-na-amazonia-jurema\/\" class=\"readmore-button\">Continue Reading<\/a><\/p>\n","protected":false},"author":3997,"featured_media":0,"parent":4645,"menu_order":0,"comment_status":"closed","ping_status":"closed","template":"","meta":{"inline_featured_image":false,"ngg_post_thumbnail":0,"footnotes":""},"class_list":["post-4665","page","type-page","status-publish","hentry"],"_links":{"self":[{"href":"https:\/\/www2.unifap.br\/educacaodocampo\/wp-json\/wp\/v2\/pages\/4665","targetHints":{"allow":["GET"]}}],"collection":[{"href":"https:\/\/www2.unifap.br\/educacaodocampo\/wp-json\/wp\/v2\/pages"}],"about":[{"href":"https:\/\/www2.unifap.br\/educacaodocampo\/wp-json\/wp\/v2\/types\/page"}],"author":[{"embeddable":true,"href":"https:\/\/www2.unifap.br\/educacaodocampo\/wp-json\/wp\/v2\/users\/3997"}],"replies":[{"embeddable":true,"href":"https:\/\/www2.unifap.br\/educacaodocampo\/wp-json\/wp\/v2\/comments?post=4665"}],"version-history":[{"count":1,"href":"https:\/\/www2.unifap.br\/educacaodocampo\/wp-json\/wp\/v2\/pages\/4665\/revisions"}],"predecessor-version":[{"id":4667,"href":"https:\/\/www2.unifap.br\/educacaodocampo\/wp-json\/wp\/v2\/pages\/4665\/revisions\/4667"}],"up":[{"embeddable":true,"href":"https:\/\/www2.unifap.br\/educacaodocampo\/wp-json\/wp\/v2\/pages\/4645"}],"wp:attachment":[{"href":"https:\/\/www2.unifap.br\/educacaodocampo\/wp-json\/wp\/v2\/media?parent=4665"}],"curies":[{"name":"wp","href":"https:\/\/api.w.org\/{rel}","templated":true}]}}