{"id":4829,"date":"2025-04-24T09:20:36","date_gmt":"2025-04-24T12:20:36","guid":{"rendered":"https:\/\/www2.unifap.br\/educacaodocampo\/?page_id=4829"},"modified":"2025-06-11T14:24:36","modified_gmt":"2025-06-11T17:24:36","slug":"ecab","status":"publish","type":"page","link":"https:\/\/www2.unifap.br\/educacaodocampo\/ecab\/","title":{"rendered":"ESPECIALIZA\u00c7\u00c3O EM EDUCA\u00c7\u00c3O DO CAMPO E AGROBIODIVERSIDADE \u2013 ECAB"},"content":{"rendered":"<h1 class=\"western\"><span style=\"color: #000000\"><span style=\"font-family: Arial, sans-serif\"><b><span style=\"font-size: medium\">EDITAL DE SELEC\u0327A\u0303O PARA O CURSO DE ESPECIALIZAC\u0327A\u0303O EM EDUCA\u00c7\u00c3O DO CAMPO E AGROBIODIVERSIDADE \u2013 ECAB<\/span><\/b><\/span><\/span><\/h1>\n<p><span style=\"font-family: Arial, sans-serif\"><span style=\"font-size: medium\"><span style=\"color: #000000\">A Coordenac\u0327a\u0303o do Programa de P\u00f3s-gradua\u00e7\u00e3o em Educa\u00e7\u00e3o do Campo e Agrobiodiversidade, vinculada ao Curso de Gradua\u00e7\u00e3o em Educa\u00e7\u00e3o do Campo \u2013 Ci\u00eancias Agr\u00e1rias e Biologia, da Universidade Federal do Amapa\u0301, <\/span><\/span><span style=\"font-size: medium\"><i>Campus <\/i><\/span><span style=\"font-size: medium\">Mazag\u00e3o, torna pu\u0301blico o Edital de Selec\u0327a\u0303o para o Curso de <\/span><span style=\"font-size: medium\"><b>Especializac\u0327a\u0303o em Educa\u00e7\u00e3o do Campo e Agrobiodiversidade \u2013 ECAB <\/b><\/span><span style=\"font-size: medium\">(aprovado pela Resoluc\u0327a\u0303o n. 29\/2023 CONSU\/UNIFAP), com inscric\u0327o\u0303es de candidatos no peri\u0301odo de <\/span><span style=\"font-size: medium\">0<\/span><span style=\"font-size: medium\"><b>9 a 30\/03\/2025<\/b><\/span><span style=\"font-size: medium\">, para ingresso no 1\u00ba Semestre de 2025. A ECAB e\u0301 um curso presencial, na modalidade de altern\u00e2ncia, sediado no Campus Mazag\u00e3o.<\/span><\/span><\/p>\n<p><a href=\"http:\/\/www2.unifap.br\/educacaodocampo\/files\/2025\/03\/EDITAL-N.-012025-ECABDPGUNIFAP.pdf\">EDITAL N. 012025 &#8211; ECABDPGUNIFAP<\/a><\/p>\n<p><a href=\"http:\/\/www2.unifap.br\/educacaodocampo\/files\/2025\/03\/Formulario-de-Inscricao.pdf\">Formul\u00e1rio de Inscri\u00e7\u00e3o<\/a><\/p>\n<p><a href=\"http:\/\/www2.unifap.br\/educacaodocampo\/files\/2025\/03\/Formulario-de-Inscricao.docx\">Formul\u00e1rio de Inscri\u00e7\u00e3o<\/a><\/p>\n<p><a href=\"http:\/\/www2.unifap.br\/educacaodocampo\/files\/2025\/03\/Anexo-A.pdf\">Anexo A<\/a><\/p>\n<p><a href=\"http:\/\/www2.unifap.br\/educacaodocampo\/files\/2025\/03\/Anexo-B.pdf\">Anexo B<\/a><\/p>\n<p><a href=\"http:\/\/www2.unifap.br\/educacaodocampo\/files\/2025\/03\/Anexo-C.pdf\">Anexo C<\/a><\/p>\n<p><a href=\"http:\/\/www2.unifap.br\/educacaodocampo\/files\/2025\/03\/Anexo-D.pdf\">Anexo D<\/a><\/p>\n<p><a href=\"http:\/\/www2.unifap.br\/educacaodocampo\/files\/2025\/03\/Anexo-E.pdf\">Anexo E<\/a><\/p>\n<p><a href=\"http:\/\/www2.unifap.br\/educacaodocampo\/files\/2025\/03\/Resolua\u0303o-292023-CONSUUNIFAP.pdf\">Resolua\u0303o 292023 &#8211; CONSUUNIFAP<\/a><\/p>\n<p><a href=\"http:\/\/www2.unifap.br\/educacaodocampo\/files\/2025\/03\/PPC-da-Especializac\u0327a\u0303o-em-Educac\u0327a\u0303o-do-Campo-e-Agrobiodiversidade.pdf\">PPC da Especializac\u0327a\u0303o em Educac\u0327a\u0303o do Campo e Agrobiodiversidade<\/a><\/p>\n<h1 class=\"western\"><span style=\"color: #2e3944\"><span style=\"font-family: Open Sans Condensed, sans-serif\"><b><span style=\"color: #000000\"><span style=\"font-family: Arial, sans-serif\"><span style=\"font-size: medium\">PRORROGA\u00c7\u00c3O DAS INSCRI\u00c7\u00d5ES DO PS DA ECAB<\/span><\/span><\/span><\/b><\/span><\/span><\/h1>\n<p><span style=\"color: #000000\"><span style=\"font-family: Arial, sans-serif\"><span style=\"font-size: medium\">A Coordena\u00e7\u00e3o do Programa de P\u00f3s-gradua\u00e7\u00e3o em Educa\u00e7\u00e3o do Campo e Agrobiodiversidade, vinculada ao Curso de Gradua\u00e7\u00e3o em Educa\u00e7\u00e3o do Campo \u2013 Ci\u00eancias Agr\u00e1rias e Biologia, da Universidade Federal do Amapa\u0301, informa que as inscri\u00e7\u00f5es do Processo Seletivo foram prorrogadas at\u00e9 o dia 09\/04\/2025. A ECAB e\u0301 um curso presencial, na modalidade de altern\u00e2ncia, que ofertar\u00e1 suas disciplinas em um \u00fanico final de semana por m\u00eas (2 ou tr\u00eas dias consecutivos), no Campus Mazag\u00e3o.<\/span><b> <\/b><\/span><\/span><\/p>\n<p><a href=\"http:\/\/www2.unifap.br\/educacaodocampo\/files\/2025\/03\/INSCRIC\u0327O\u0303ES-PRORROGADAS-_-ECAB.pdf\">INSCRIC\u0327O\u0303ES PRORROGADAS _ ECAB<\/a><\/p>\n<p>&nbsp;<\/p>\n<p><span style=\"color: #2e3944\"><span style=\"font-family: Arial, sans-serif\"><span style=\"font-size: medium\"><strong><span style=\"color: #000000\">INSCRI\u00c7\u00d5ES DO PS DA ECAB PRORROGADAS AT\u00c9 16\/04\/2025<\/span><\/strong> <\/span><\/span><\/span><\/p>\n<p><span style=\"color: #000000\"><span style=\"font-family: Arial, sans-serif\"><span style=\"font-size: medium\">A Coordena\u00e7\u00e3o do Programa de P\u00f3s-gradua\u00e7\u00e3o em Educa\u00e7\u00e3o do Campo e Agrobiodiversidade, vinculada ao Curso de Gradua\u00e7\u00e3o em Educa\u00e7\u00e3o do Campo \u2013 Ci\u00eancias Agr\u00e1rias e Biologia, da Universidade Federal do Amapa\u0301, informa que as inscri\u00e7\u00f5es do Processo Seletivo foram prorrogadas at\u00e9 o dia 16\/04\/2025. A ECAB e\u0301 um curso presencial, na modalidade de altern\u00e2ncia, que ofertar\u00e1 suas disciplinas em um \u00fanico final de semana por m\u00eas (2 ou tr\u00eas dias consecutivos), no Campus Mazag\u00e3o.<\/span><\/span><\/span><\/p>\n<p><span style=\"color: #000000\"><span style=\"font-family: Arial, sans-serif\"><span style=\"font-size: medium\">Confira o cronograma atualizado<\/span><\/span><\/span><\/p>\n<p><a href=\"http:\/\/www2.unifap.br\/educacaodocampo\/files\/2025\/04\/INSCRICOES_PRORROGADAS___ECAB_160425.pdf\">INSCRICOES_PRORROGADAS___ECAB_160425<\/a><\/p>\n<p>&nbsp;<\/p>\n<p><span style=\"color: #2e3944\"><span style=\"font-family: Arial, sans-serif\"><span style=\"font-size: medium\"><strong><span style=\"color: #000000\">LISTA PROVIS\u00d3RIA DE INSCRITOS NA ECAB<\/span><\/strong><\/span><\/span><\/span><\/p>\n<p><span style=\"color: #000000\"><span style=\"font-family: Arial, sans-serif\">A Coordena\u00e7\u00e3o do Programa de P\u00f3s-gradua\u00e7\u00e3o em Educa\u00e7\u00e3o do Campo e Agrobiodiversidade, vinculada ao Curso de Gradua\u00e7\u00e3o em Educa\u00e7\u00e3o do Campo \u2013 Ci\u00eancias Agr\u00e1rias e Biologia, da Universidade Federal do Amapa\u0301, divulga a lista provis\u00f3ria de inscritos na Especializa\u00e7\u00e3o. Acompanhe:<\/span><\/span><\/p>\n<p><a href=\"http:\/\/www2.unifap.br\/educacaodocampo\/files\/2025\/04\/INSCRIC\u0327O\u0303ES-HOMOLOGADAS-LISTA-PROVISO\u0301RIA_ECAB.pdf\">INSCRIC\u0327O\u0303ES HOMOLOGADAS &#8211; LISTA PROVISO\u0301RIA_ECAB<\/a><\/p>\n<p>&nbsp;<\/p>\n<p><span style=\"font-family: Arial, sans-serif\"><span style=\"font-size: medium\"><span style=\"color: #000000\"><b>LISTA DEFINITIVA DE CANDIDATAS(OS) COM A INSCRI<\/b><\/span><span style=\"color: #000000\">C\u0327A\u0303<\/span><span style=\"color: #000000\"><b>O HOMOLOGADA<\/b><\/span><\/span><\/span><\/p>\n<p><span style=\"color: #000000\"><span style=\"font-family: Arial, sans-serif\">A Coordena\u00e7\u00e3o do Programa de P\u00f3s-gradua\u00e7\u00e3o em Educa\u00e7\u00e3o do Campo e Agrobiodiversidade, vinculada ao Curso de Gradua\u00e7\u00e3o em Educa\u00e7\u00e3o do Campo \u2013 Ci\u00eancias Agr\u00e1rias e Biologia, da Universidade Federal do Amapa\u0301, divulga a lista provis\u00f3ria de inscritos na Especializa\u00e7\u00e3o.<\/span><\/span><\/p>\n<p><span style=\"color: #000000\"><span style=\"font-family: Arial, sans-serif\">Acompanhe:<\/span><\/span><\/p>\n<p><a href=\"http:\/\/www2.unifap.br\/educacaodocampo\/files\/2025\/04\/INSCRIC\u0327O\u0303ES-HOMOLOGADAS-LISTA-DEFINITIVA_ECAB.pdf\">INSCRIC\u0327O\u0303ES HOMOLOGADAS-LISTA DEFINITIVA_ECAB<\/a><\/p>\n<p>&nbsp;<\/p>\n<p><span style=\"font-family: Arial, sans-serif\"><span style=\"font-size: medium\"><span style=\"color: #000000\"><b>INSCRI<\/b><strong>\u00c7\u00d5ES PRORROGADAS PARA VAGAS REMANESCENTE<\/strong><\/span><\/span><\/span><\/p>\n<p><span style=\"color: #000000\"><span style=\"font-family: Arial, sans-serif\">A Coordena\u00e7\u00e3o do Programa de P\u00f3s-gradua\u00e7\u00e3o em Educa\u00e7\u00e3o do Campo e Agrobiodiversidade, vinculada ao Curso de Gradua\u00e7\u00e3o em Educa\u00e7\u00e3o do Campo \u2013 Ci\u00eancias Agr\u00e1rias e Biologia, da Universidade Federal do Amapa\u0301, <\/span><\/span><span style=\"color: #000000\"><span style=\"font-family: Arial, sans-serif\"><span style=\"font-size: medium\">informa que est\u00e3o abertas novas inscri\u00e7\u00f5es para o preenchimento de nove (9) vagas para a ECAB, conforme cronograma abaixo. As vagas s\u00e3o destinadas, preferencialmente, para interessados na \u00c1rea de Agrobiodiversidade.<\/span><\/span><\/span><\/p>\n<p><a href=\"http:\/\/www2.unifap.br\/educacaodocampo\/files\/2025\/05\/INSCRICOES-PRORROGADAS-PARA-VAGAS-REMANESCENTES_ECAB.pdf\">INSCRICOES PRORROGADAS PARA VAGAS REMANESCENTES_ECAB<\/a><\/p>\n<p>&nbsp;<\/p>\n<p><strong>LISTA PROVIS\u00d3RIA DAS INSCRI\u00c7\u00d5ES HOMOLOGADAS &nbsp;NA CHAMADA PARA VAGAS REMANESCENTES DA ECAB<\/strong><\/p>\n<p><span style=\"color: #000000\"><span style=\"font-family: Arial, sans-serif\">A Coordena\u00e7\u00e3o do Programa de P\u00f3s-gradua\u00e7\u00e3o em Educa\u00e7\u00e3o do Campo e Agrobiodiversidade, vinculada ao Curso de Gradua\u00e7\u00e3o em Educa\u00e7\u00e3o do Campo \u2013 Ci\u00eancias Agr\u00e1rias e Biologia, da Universidade Federal do Amapa\u0301, divulga a lista provis\u00f3ria das inscri\u00e7\u00f5es homologadas na chamada para as vagas remanescente da Especializa\u00e7\u00e3o.<\/span><\/span><\/p>\n<p style=\"text-align: left\"><a href=\"http:\/\/www2.unifap.br\/educacaodocampo\/files\/2025\/05\/INSCRICOES_HOMOLOGADAS_-_LISTA_PROVISORIA_VAGAS_REMANESCENTES___ECAB.pdf\">INSCRICOES_HOMOLOGADAS_-_LISTA_PROVISORIA_VAGAS_REMANESCENTES___ECAB<\/a><\/p>\n<p>&nbsp;<\/p>\n<p><strong>LISTA DEFINITIVA DE CANDIDATAS(OS) COM A INSCRIC\u0327A\u0303O HOMOLOGADAS PARA AS&nbsp; VAGAS REMANESCENTES DA ECAB<\/strong><\/p>\n<p><span style=\"color: #000000\"><span style=\"font-family: Arial, sans-serif\"> Coordena\u00e7\u00e3o do Programa de P\u00f3s-gradua\u00e7\u00e3o em Educa\u00e7\u00e3o do Campo e Agrobiodiversidade, vinculada ao Curso de Gradua\u00e7\u00e3o em Educa\u00e7\u00e3o do Campo \u2013 Ci\u00eancias Agr\u00e1rias e Biologia, da Universidade Federal do Amapa\u0301, divulga a lista definitiva das inscri\u00e7\u00f5es homologadas na chamada para as vagas remanescente da Especializa\u00e7\u00e3o. Acompanhe no link abaixo:<\/span><\/span><\/p>\n<p><a href=\"http:\/\/www2.unifap.br\/educacaodocampo\/files\/2025\/05\/INSCRIC\u0327O\u0303ES_HOMOLOGADAS_-_LISTA_DEFINITIVA_VAGAS_REMANESCENTES___ECAB.pdf\">INSCRIC\u0327O\u0303ES_HOMOLOGADAS_-_LISTA_DEFINITIVA_VAGAS_REMANESCENTES___ECAB<\/a><\/p>\n<p>&nbsp;<\/p>\n<p><strong>RESULTADO DO PROCESSO SELETIVO ECAB 2025<\/strong><\/p>\n<p><span style=\"color: #000000\"><span style=\"font-family: Arial, sans-serif\">Coordena\u00e7\u00e3o do Programa de P\u00f3s-gradua\u00e7\u00e3o em Educa\u00e7\u00e3o do Campo e Agrobiodiversidade, vinculada ao Curso de Gradua\u00e7\u00e3o em Educa\u00e7\u00e3o do Campo \u2013 Ci\u00eancias Agr\u00e1rias e Biologia, da Universidade Federal do Amapa\u0301, divulga o resultado do Processo Seletivo da Especializa\u00e7\u00e3o emEduca\u00e7\u00e3o do Campo e Agrobiodiversidade. Acompanhe no link abaixo:<\/span><\/span><\/p>\n<p><a href=\"http:\/\/www2.unifap.br\/educacaodocampo\/files\/2025\/06\/RESULTADO_ECAB_2025.pdf\">RESULTADO_ECAB_2025<\/a><\/p>\n<p><strong><span style=\"font-size: medium\">CONVOCA\u00c7\u00c3O PARA HABILITA\u00c7\u00c3O E MATR\u00cdCULA DOS CANDIDATOS APROVADOS NO ECAB 2025.<\/span><\/strong><\/p>\n<p><span style=\"color: #000000\"><span style=\"font-family: Arial, sans-serif\">Coordena\u00e7\u00e3o do Programa de P\u00f3s-gradua\u00e7\u00e3o em Educa\u00e7\u00e3o do Campo e Agrobiodiversidade, vinculada ao Curso de Gradua\u00e7\u00e3o em Educa\u00e7\u00e3o do Campo \u2013 Ci\u00eancias Agr\u00e1rias e Biologia, da Universidade Federal do Amapa\u0301, convoca os aprovados no Processo Seletivo da Especializa\u00e7\u00e3o emEduca\u00e7\u00e3o do Campo e Agrobiodiversidade, para matr\u00edcula.&nbsp; Acompanhe no link abaixo:<\/span><\/span><\/p>\n<p><a href=\"http:\/\/www2.unifap.br\/educacaodocampo\/files\/2025\/06\/CONVOCACAO-PARA-HABILITACAO-E-MATRICULA-DOS-CANDIDATOS-APROVADOS-NO-PROCESSO-SELETIVO-PARA-INGRESSO-NAS-VAGAS-DA-ESPECIALIZACAO-EM-EDUCACAO-DO-CAMPO-E-AGROBIODIVERSIDADE-T2025.pdf\">CONVOCA\u00c7\u00c3O PARA HABILITA\u00c7\u00c3O E MATR\u00cdCULA Turma 2025<\/a><\/p>\n","protected":false},"excerpt":{"rendered":"<p>EDITAL DE SELEC\u0327A\u0303O PARA O CURSO DE ESPECIALIZAC\u0327A\u0303O EM EDUCA\u00c7\u00c3O DO CAMPO E AGROBIODIVERSIDADE \u2013 ECAB A Coordenac\u0327a\u0303o do Programa de P\u00f3s-gradua\u00e7\u00e3o em Educa\u00e7\u00e3o do Campo e Agrobiodiversidade, vinculada ao Curso de Gradua\u00e7\u00e3o em Educa\u00e7\u00e3o do Campo \u2013 Ci\u00eancias Agr\u00e1rias&hellip; <\/p>\n<p><a href=\"https:\/\/www2.unifap.br\/educacaodocampo\/ecab\/\" class=\"readmore-button\">Continue Reading<\/a><\/p>\n","protected":false},"author":3997,"featured_media":0,"parent":0,"menu_order":0,"comment_status":"closed","ping_status":"closed","template":"","meta":{"inline_featured_image":false,"ngg_post_thumbnail":0,"footnotes":""},"class_list":["post-4829","page","type-page","status-publish","hentry"],"_links":{"self":[{"href":"https:\/\/www2.unifap.br\/educacaodocampo\/wp-json\/wp\/v2\/pages\/4829","targetHints":{"allow":["GET"]}}],"collection":[{"href":"https:\/\/www2.unifap.br\/educacaodocampo\/wp-json\/wp\/v2\/pages"}],"about":[{"href":"https:\/\/www2.unifap.br\/educacaodocampo\/wp-json\/wp\/v2\/types\/page"}],"author":[{"embeddable":true,"href":"https:\/\/www2.unifap.br\/educacaodocampo\/wp-json\/wp\/v2\/users\/3997"}],"replies":[{"embeddable":true,"href":"https:\/\/www2.unifap.br\/educacaodocampo\/wp-json\/wp\/v2\/comments?post=4829"}],"version-history":[{"count":10,"href":"https:\/\/www2.unifap.br\/educacaodocampo\/wp-json\/wp\/v2\/pages\/4829\/revisions"}],"predecessor-version":[{"id":4911,"href":"https:\/\/www2.unifap.br\/educacaodocampo\/wp-json\/wp\/v2\/pages\/4829\/revisions\/4911"}],"wp:attachment":[{"href":"https:\/\/www2.unifap.br\/educacaodocampo\/wp-json\/wp\/v2\/media?parent=4829"}],"curies":[{"name":"wp","href":"https:\/\/api.w.org\/{rel}","templated":true}]}}