{"id":5093,"date":"2025-10-14T19:54:17","date_gmt":"2025-10-14T22:54:17","guid":{"rendered":"https:\/\/www2.unifap.br\/educacaodocampo\/?page_id=5093"},"modified":"2026-02-25T10:11:11","modified_gmt":"2026-02-25T13:11:11","slug":"album-de-fotos","status":"publish","type":"page","link":"https:\/\/www2.unifap.br\/educacaodocampo\/album-de-fotos\/","title":{"rendered":"\u00c1LBUM DE FOTOS"},"content":{"rendered":"<p><a href=\"https:\/\/www2.unifap.br\/educacaodocampo\/socializacao-das-atividades-realizadas-no-tempo-comunidade\/\">SOCIALIZA\u00c7\u00c3O DAS ATIVIDADE REALIZADAS NO TEMPO COMUNIDADE 2026<\/a><\/p>\n<p><a href=\"https:\/\/www2.unifap.br\/educacaodocampo\/5563-2\/\">CELEBRA\u00c7\u00c3O DO DIA DA CONSCI\u00caNCIA NEGRA&nbsp;<\/a><\/p>\n<p><a href=\"https:\/\/www2.unifap.br\/educacaodocampo\/semana-nacional-de-ciencias-e-tecnologia\/\">22\u00aa EDI\u00c7\u00c3O DA SEMANA NACIONAL DE CI\u00caNCIA E TECNOLOGIA<\/a><\/p>\n<p><a href=\"https:\/\/www2.unifap.br\/educacaodocampo\/?page_id=5423&amp;preview=true\">EXPOFIT&nbsp;<\/a><\/p>\n<p><a href=\"https:\/\/www2.unifap.br\/educacaodocampo\/2025\/11\/05\/formatura-2025\/\">FORMATURA 2025<\/a><\/p>\n<p><a href=\"https:\/\/www2.unifap.br\/educacaodocampo\/socializacao-do-tempo-comunidade-2025-1\/\">SOCIALIZA\u00c7\u00c3O DO TEMPO COMUNIDADE 2025<\/a><\/p>\n<p><a href=\"https:\/\/www2.unifap.br\/educacaodocampo\/expofeira-2025\/\">EXPOFEIRA 2025<\/a><\/p>\n<p><a href=\"https:\/\/www2.unifap.br\/educacaodocampo\/?page_id=5410&amp;preview=true\">I FESTIVAL RA\u00cdZES<\/a><\/p>\n<p><a href=\"https:\/\/www2.unifap.br\/educacaodocampo\/2025\/05\/10\/semana-do-calouro-2025\/\">SEMANA ACAD\u00caMICA<\/a><\/p>\n<p><a href=\"https:\/\/www2.unifap.br\/educacaodocampo\/2024\/10\/14\/discentes-da-ledoc-concorrem-ao-premio-destaque-de-iniciacao-cientifica-2024\/\">DISCENTES DA LEDOC CONCORREM AO PR\u00caMIO DESTAQUE DE INICIA\u00c7\u00c3O CIENTIFICA 2024<\/a><\/p>\n<p><a href=\"https:\/\/www2.unifap.br\/educacaodocampo\/pesquisa\/2024-2\/grupo-de-estudos-e-pesquisa-em-agricultura-e-biodiversidade-na-amazonia-aba-da-universidade-federal-do-amapa-campus-mazagao\/\">GRUPO DE ESTUDOS E PESQUISA EM AGRICULTURA E BIODIVERSIDADE NA AMAZ\u00d4NIA &#8211; ABA DA UNIVERSIDADE FEDERAL DO AMAP\u00c1 <em>CAMPUS<\/em> MAZAG\u00c3O<\/a><\/p>\n<p><a href=\"https:\/\/www2.unifap.br\/educacaodocampo\/nea-unifapmzg\/laboratorio-de-entomologia-agricola-unifap-campus-mazagao-ap\/\">LABORAT\u00d3RIO DE ENTOMOLOGIA AGR\u00cdCOLA &#8211; UNIFAP\/<em>CAMPUS<\/em> MAZAG\u00c3O-AP<\/a><\/p>\n<p><a href=\"https:\/\/www2.unifap.br\/educacaodocampo\/2023\/10\/26\/bolsista-de-ic-do-curso-de-educacao-do-campo-e-contemplado-no-premio-destaque-da-iniciacao-cientifica-unifap-2023\/\">BOLSISTA DE IC DO CURSO DE EDUCA\u00c7\u00c3O DO CAMPO \u00c9 CONTEMPLADO NO PR\u00caMIO DESTAQUE&nbsp; DA INICIA\u00c7\u00c3O CIENT\u00cdFICA UNIFAP 2023<\/a>&nbsp;<\/p>\n<p><a href=\"https:\/\/www2.unifap.br\/educacaodocampo\/2023\/10\/16\/bolsista-de-ic-do-curso-de-educacao-do-campo-esta-concorrendo-ao-premio-destaque-da-iniciacao-cientifica-unifap-2023\/\">BOLSISTA DE IC DO CURSO DE EDUCA\u00c7\u00c3O DO CAMPO EST\u00c1 CONCORRENDO AO PR\u00caMIO DESTAQUE DA INICIA\u00c7\u00c3O CIENT\u00cdFICA UNIFAP 2023<\/a><\/p>\n<p><a href=\"https:\/\/www2.unifap.br\/educacaodocampo\/2023\/10\/13\/academicos-do-curso-de-educacao-do-campo-participam-de-evento-cientifico-internacional\/\">ACAD\u00caMICOS DO CURSO DE EDUCA\u00c7\u00c3O DO CAMPO PARTICIPAM DE EVENTO CIENT\u00cdFICO INTERNACIONAL&nbsp;<\/a><\/p>\n<p><a href=\"https:\/\/www2.unifap.br\/educacaodocampo\/2023\/10\/09\/1833\/\">UNIFAP <em>CAMPUS<\/em> MAZAG\u00c3O PARTICIPA DA 52\u00aa EDI\u00c7\u00c3O DA EXPOFEIRA<\/a><\/p>\n<p><a href=\"https:\/\/www2.unifap.br\/educacaodocampo\/2023\/08\/29\/alunos-de-graduacao-colam-grau-em-cerimonia-conjunta\/\">ALUNOS DE GRADUA\u00c7\u00c3O COLAM GRAU EM CERIM\u00d4NIA CONJUNTA<\/a><\/p>\n<p><a href=\"https:\/\/www2.unifap.br\/educacaodocampo\/2023\/05\/11\/egresso-da-licenciatura-em-educacao-do-campo-e-finalista-nacional-do-premio-educador-transformador-2023-e-teve-seu-projeto-entre-os-dez-primeiros-do-brasil\/\">EGRESSO DA LICENCIATURA EM EDUCA\u00c7\u00c3O DO CAMPO \u00c9 FINALISTA NACIONAL DO PR\u00caMIO EDUCADOR TRANSFORMADOR 2023, E TEVE SEU PROJETO ENTRE OS DEZ PRIMEIROS DO BRASIL<\/a><\/p>\n<p><a href=\"https:\/\/www2.unifap.br\/educacaodocampo\/2019\/09\/26\/discentes-da-unifap-campus-mazagao-apresentam-trabalhos-cientificos-em-evento-nacional\/\">DISCENTES DA UNIFAP <em>CAMPUS<\/em> MAZAG\u00c3O APRESENTAM TRABALHOS CIENT\u00cdFICOS EM ENCONTRO NACIONAL<\/a><\/p>\n<p><a href=\"https:\/\/www2.unifap.br\/educacaodocampo\/i-mostra-maquete-das-instalacoes-agricolas\/\">I MOSTRA MAQUETE DAS INSTALA\u00c7\u00d5ES AGR\u00cdCOLAS<\/a><\/p>\n<p><a href=\"http:\/\/www2.unifap.br\/educacaodocampo\/2018-2\/\">JUVENTUDE EM FOCO<\/a><\/p>\n<p><a href=\"http:\/\/www2.unifap.br\/educacaodocampo\/2017-3\/\">HORTA ESCOLAR COMO FERRAMENTA INTERDISCIPLINAR PARA A EDUCA\u00c7\u00c3O AMBIENTAL, ALIMENTAR E DA SA\u00daDE EM ESCOLAS P\u00daBLICAS<\/a><\/p>\n<p><a href=\"http:\/\/www2.unifap.br\/educacaodocampo\/2015-3\/\">JUVENTUDE DA FLORESTA<\/a><\/p>\n<p><a href=\"https:\/\/www2.unifap.br\/educacaodocampo\/nea-unifapmzg\/laboratorio-de-ensino\/\">AULAS PR\u00c1TICAS NO LABORAT\u00d3RIO DE ENSINO DA UNIVERSIDADE FEDERAL DO AMAP\u00c1- UNIFAP &#8211; <em>CAMPUS<\/em> MAZAG\u00c3O<\/a><\/p>\n<p><a href=\"https:\/\/www2.unifap.br\/educacaodocampo\/i-mostra-maquete-das-instalacoes-agricolas\/\">I MOSTRA MAQUETE DAS INSTALA\u00c7\u00d5ES AGR\u00cdCOLAS<\/a><\/p>\n","protected":false},"excerpt":{"rendered":"<p>SOCIALIZA\u00c7\u00c3O DAS ATIVIDADE REALIZADAS NO TEMPO COMUNIDADE 2026 CELEBRA\u00c7\u00c3O DO DIA DA CONSCI\u00caNCIA NEGRA&nbsp; 22\u00aa EDI\u00c7\u00c3O DA SEMANA NACIONAL DE CI\u00caNCIA E TECNOLOGIA EXPOFIT&nbsp; FORMATURA 2025 SOCIALIZA\u00c7\u00c3O DO TEMPO COMUNIDADE 2025 EXPOFEIRA 2025 I FESTIVAL RA\u00cdZES SEMANA ACAD\u00caMICA DISCENTES DA&hellip; <\/p>\n<p><a href=\"https:\/\/www2.unifap.br\/educacaodocampo\/album-de-fotos\/\" class=\"readmore-button\">Continue Reading<\/a><\/p>\n","protected":false},"author":3997,"featured_media":0,"parent":0,"menu_order":0,"comment_status":"closed","ping_status":"closed","template":"","meta":{"inline_featured_image":false,"ngg_post_thumbnail":0,"footnotes":""},"class_list":["post-5093","page","type-page","status-publish","hentry"],"_links":{"self":[{"href":"https:\/\/www2.unifap.br\/educacaodocampo\/wp-json\/wp\/v2\/pages\/5093","targetHints":{"allow":["GET"]}}],"collection":[{"href":"https:\/\/www2.unifap.br\/educacaodocampo\/wp-json\/wp\/v2\/pages"}],"about":[{"href":"https:\/\/www2.unifap.br\/educacaodocampo\/wp-json\/wp\/v2\/types\/page"}],"author":[{"embeddable":true,"href":"https:\/\/www2.unifap.br\/educacaodocampo\/wp-json\/wp\/v2\/users\/3997"}],"replies":[{"embeddable":true,"href":"https:\/\/www2.unifap.br\/educacaodocampo\/wp-json\/wp\/v2\/comments?post=5093"}],"version-history":[{"count":140,"href":"https:\/\/www2.unifap.br\/educacaodocampo\/wp-json\/wp\/v2\/pages\/5093\/revisions"}],"predecessor-version":[{"id":5767,"href":"https:\/\/www2.unifap.br\/educacaodocampo\/wp-json\/wp\/v2\/pages\/5093\/revisions\/5767"}],"wp:attachment":[{"href":"https:\/\/www2.unifap.br\/educacaodocampo\/wp-json\/wp\/v2\/media?parent=5093"}],"curies":[{"name":"wp","href":"https:\/\/api.w.org\/{rel}","templated":true}]}}