{"id":5423,"date":"2025-11-05T10:25:11","date_gmt":"2025-11-05T13:25:11","guid":{"rendered":"https:\/\/www2.unifap.br\/educacaodocampo\/?page_id=5423"},"modified":"2025-11-05T10:25:11","modified_gmt":"2025-11-05T13:25:11","slug":"i-exposicao-de-fitossanidade-didatica-expofit%f0%9f%8d%83","status":"publish","type":"page","link":"https:\/\/www2.unifap.br\/educacaodocampo\/i-exposicao-de-fitossanidade-didatica-expofit%f0%9f%8d%83\/","title":{"rendered":"I EXPOSI\u00c7\u00c3O DE FITOSSANIDADE DID\u00c1TICA \u2013 EXPOFIT\ud83c\udf43"},"content":{"rendered":"<p><strong>I EXPOSI\u00c7\u00c3O DE FITOSSANIDADE DID\u00c1TICA \u2013 EXPOFIT<\/strong>\ud83c\udf43<br \/>\n\ud83d\udd0d Venha explorar o universo da sanidade vegetal de forma interativa e educativa!<\/p>\n<p>\ud83d\udcc5 Data: 17 de setembro de 2025<br \/>\n\ud83d\udd58 Hor\u00e1rio: 09h \u00e0s 12h<br \/>\n\ud83d\udccd Local: Escola Estadual Dom Pedro \u2013 Mazag\u00e3o, AP<br \/>\n\ud83c\udfaf Evento gratuito e aberto ao p\u00fablico!<\/p>\n<p>\ud83d\udc65 P\u00fablico-alvo: Alunos do Ensino B\u00e1sico e Superior, agricultores, T\u00e9cnicos\/Profissionais das Ci\u00eancias Agr\u00e1rias e comunidade em geral.<\/p>\n<p>\ud83e\uddd1\u200d\ud83c\udfeb Realiza\u00e7\u00e3o: Discentes do 5\u00ba e 7\u00ba per\u00edodo do Curso de Licenciatura em Educa\u00e7\u00e3o do Campo e o Grupo de Estudos e Pesquisa em Agricultura e Biodiversidade na Amaz\u00f4nia, Campus Mazag\u00e3o, Universidade Federal do Amap\u00e1 (UNIFAP).<\/p>\n<p>\u27a1\ufe0f A EXPOFIT contar\u00e1 com sess\u00f5es tem\u00e1ticas abordando sobre insetos na agricultura, doen\u00e7as de plantas, jogos did\u00e1ticos e muito mais!\ud83d\udc1e\ud83c\udf31<\/p>\n<p>\u27a1\ufe0f Uma oportunidade \u00fanica de aprender sobre sanidade vegetal e contribuir com o desenvolvimento da agricultura na Amaz\u00f4nia.\ud83c\udf43<\/p>\n<p>#Fitossanidadedid\u00e1tica #Fitossanidadedescomplicada #Defesavegetal #Manejopreventivo #Manejodepragas<\/p>\n<p><a href=\"http:\/\/www2.unifap.br\/educacaodocampo\/files\/2025\/11\/fab504b4-91e6-4e70-b248-dfe27a5bf17b.jpeg\"><img fetchpriority=\"high\" decoding=\"async\" class=\"alignnone  wp-image-5424\" src=\"http:\/\/www2.unifap.br\/educacaodocampo\/files\/2025\/11\/fab504b4-91e6-4e70-b248-dfe27a5bf17b.jpeg\" alt=\"\" width=\"509\" height=\"509\" srcset=\"https:\/\/www2.unifap.br\/educacaodocampo\/files\/2025\/11\/fab504b4-91e6-4e70-b248-dfe27a5bf17b.jpeg 1080w, https:\/\/www2.unifap.br\/educacaodocampo\/files\/2025\/11\/fab504b4-91e6-4e70-b248-dfe27a5bf17b-300x300.jpeg 300w, https:\/\/www2.unifap.br\/educacaodocampo\/files\/2025\/11\/fab504b4-91e6-4e70-b248-dfe27a5bf17b-1024x1024.jpeg 1024w, https:\/\/www2.unifap.br\/educacaodocampo\/files\/2025\/11\/fab504b4-91e6-4e70-b248-dfe27a5bf17b-150x150.jpeg 150w, https:\/\/www2.unifap.br\/educacaodocampo\/files\/2025\/11\/fab504b4-91e6-4e70-b248-dfe27a5bf17b-768x768.jpeg 768w, https:\/\/www2.unifap.br\/educacaodocampo\/files\/2025\/11\/fab504b4-91e6-4e70-b248-dfe27a5bf17b-70x70.jpeg 70w\" sizes=\"(max-width: 509px) 100vw, 509px\" \/><\/a><\/p>\n<p>Em nome das turmas de Entomologia Agr\u00edcola, Fitopatologia e o Grupo de Estudo e Pesquisa em Agricultura e Biodiversidade na Amaz\u00f4nia, gostar\u00edamos de agradecer a participa\u00e7\u00e3o e apoio do nosso Coordenador de Campus, nossa Coordenadora de Curso, demais Docentes, T\u00e9cnicos, Motoristas e Alunos das demais turmas da LEDOC que se fizeram presente na I Exposi\u00e7\u00e3o de Fitossanidade Did\u00e1tica na Escola Dom Pedro. \ud83c\udf43\ud83c\udf43\ud83c\udf31\ud83c\udf43 \ud83e\udd70 A contribui\u00e7\u00e3o\/apoio de cada um foi essencial para a realiza\u00e7\u00e3o e sucesso dessa a\u00e7\u00e3o de extens\u00e3o. Gratid\u00e3o! \ud83d\ude4f\ud83c\udffd<\/p>\n<p><a href=\"http:\/\/www2.unifap.br\/educacaodocampo\/files\/2025\/11\/3e9ef019-611f-4519-ac84-a2e5d50108d8-scaled.jpg\"><img decoding=\"async\" class=\"alignnone  wp-image-5425\" src=\"http:\/\/www2.unifap.br\/educacaodocampo\/files\/2025\/11\/3e9ef019-611f-4519-ac84-a2e5d50108d8-scaled.jpg\" alt=\"\" width=\"999\" height=\"562\" srcset=\"https:\/\/www2.unifap.br\/educacaodocampo\/files\/2025\/11\/3e9ef019-611f-4519-ac84-a2e5d50108d8-scaled.jpg 2560w, https:\/\/www2.unifap.br\/educacaodocampo\/files\/2025\/11\/3e9ef019-611f-4519-ac84-a2e5d50108d8-300x169.jpg 300w, https:\/\/www2.unifap.br\/educacaodocampo\/files\/2025\/11\/3e9ef019-611f-4519-ac84-a2e5d50108d8-1024x576.jpg 1024w, https:\/\/www2.unifap.br\/educacaodocampo\/files\/2025\/11\/3e9ef019-611f-4519-ac84-a2e5d50108d8-768x432.jpg 768w, https:\/\/www2.unifap.br\/educacaodocampo\/files\/2025\/11\/3e9ef019-611f-4519-ac84-a2e5d50108d8-1536x864.jpg 1536w, https:\/\/www2.unifap.br\/educacaodocampo\/files\/2025\/11\/3e9ef019-611f-4519-ac84-a2e5d50108d8-2048x1152.jpg 2048w\" sizes=\"(max-width: 999px) 100vw, 999px\" \/><\/a><\/p>\n<p><a href=\"http:\/\/www2.unifap.br\/educacaodocampo\/files\/2025\/11\/b8bf0254-f1e7-428b-8138-f000260c1664.jpg\"><img decoding=\"async\" class=\"alignnone  wp-image-5426\" src=\"http:\/\/www2.unifap.br\/educacaodocampo\/files\/2025\/11\/b8bf0254-f1e7-428b-8138-f000260c1664.jpg\" alt=\"\" width=\"996\" height=\"664\" srcset=\"https:\/\/www2.unifap.br\/educacaodocampo\/files\/2025\/11\/b8bf0254-f1e7-428b-8138-f000260c1664.jpg 1296w, https:\/\/www2.unifap.br\/educacaodocampo\/files\/2025\/11\/b8bf0254-f1e7-428b-8138-f000260c1664-300x200.jpg 300w, https:\/\/www2.unifap.br\/educacaodocampo\/files\/2025\/11\/b8bf0254-f1e7-428b-8138-f000260c1664-1024x683.jpg 1024w, https:\/\/www2.unifap.br\/educacaodocampo\/files\/2025\/11\/b8bf0254-f1e7-428b-8138-f000260c1664-768x512.jpg 768w\" sizes=\"(max-width: 996px) 100vw, 996px\" \/><\/a><\/p>\n<p><a href=\"http:\/\/www2.unifap.br\/educacaodocampo\/files\/2025\/11\/a653d3ce-a381-4d6a-8e1d-42cb2d4ca3fa.jpg\"><img loading=\"lazy\" decoding=\"async\" class=\"alignnone  wp-image-5427\" src=\"http:\/\/www2.unifap.br\/educacaodocampo\/files\/2025\/11\/a653d3ce-a381-4d6a-8e1d-42cb2d4ca3fa.jpg\" alt=\"\" width=\"997\" height=\"664\" srcset=\"https:\/\/www2.unifap.br\/educacaodocampo\/files\/2025\/11\/a653d3ce-a381-4d6a-8e1d-42cb2d4ca3fa.jpg 1296w, https:\/\/www2.unifap.br\/educacaodocampo\/files\/2025\/11\/a653d3ce-a381-4d6a-8e1d-42cb2d4ca3fa-300x200.jpg 300w, https:\/\/www2.unifap.br\/educacaodocampo\/files\/2025\/11\/a653d3ce-a381-4d6a-8e1d-42cb2d4ca3fa-1024x683.jpg 1024w, https:\/\/www2.unifap.br\/educacaodocampo\/files\/2025\/11\/a653d3ce-a381-4d6a-8e1d-42cb2d4ca3fa-768x512.jpg 768w\" sizes=\"(max-width: 997px) 100vw, 997px\" \/><\/a><\/p>\n","protected":false},"excerpt":{"rendered":"<p>I EXPOSI\u00c7\u00c3O DE FITOSSANIDADE DID\u00c1TICA \u2013 EXPOFIT\ud83c\udf43 \ud83d\udd0d Venha explorar o universo da sanidade vegetal de forma interativa e educativa! \ud83d\udcc5 Data: 17 de setembro de 2025 \ud83d\udd58 Hor\u00e1rio: 09h \u00e0s 12h \ud83d\udccd Local: Escola Estadual Dom Pedro \u2013 Mazag\u00e3o,&hellip; <\/p>\n<p><a href=\"https:\/\/www2.unifap.br\/educacaodocampo\/i-exposicao-de-fitossanidade-didatica-expofit%f0%9f%8d%83\/\" class=\"readmore-button\">Continue Reading<\/a><\/p>\n","protected":false},"author":3997,"featured_media":0,"parent":0,"menu_order":0,"comment_status":"closed","ping_status":"closed","template":"","meta":{"inline_featured_image":false,"ngg_post_thumbnail":0,"footnotes":""},"class_list":["post-5423","page","type-page","status-publish","hentry"],"_links":{"self":[{"href":"https:\/\/www2.unifap.br\/educacaodocampo\/wp-json\/wp\/v2\/pages\/5423","targetHints":{"allow":["GET"]}}],"collection":[{"href":"https:\/\/www2.unifap.br\/educacaodocampo\/wp-json\/wp\/v2\/pages"}],"about":[{"href":"https:\/\/www2.unifap.br\/educacaodocampo\/wp-json\/wp\/v2\/types\/page"}],"author":[{"embeddable":true,"href":"https:\/\/www2.unifap.br\/educacaodocampo\/wp-json\/wp\/v2\/users\/3997"}],"replies":[{"embeddable":true,"href":"https:\/\/www2.unifap.br\/educacaodocampo\/wp-json\/wp\/v2\/comments?post=5423"}],"version-history":[{"count":1,"href":"https:\/\/www2.unifap.br\/educacaodocampo\/wp-json\/wp\/v2\/pages\/5423\/revisions"}],"predecessor-version":[{"id":5428,"href":"https:\/\/www2.unifap.br\/educacaodocampo\/wp-json\/wp\/v2\/pages\/5423\/revisions\/5428"}],"wp:attachment":[{"href":"https:\/\/www2.unifap.br\/educacaodocampo\/wp-json\/wp\/v2\/media?parent=5423"}],"curies":[{"name":"wp","href":"https:\/\/api.w.org\/{rel}","templated":true}]}}