{"id":5444,"date":"2025-11-05T10:52:43","date_gmt":"2025-11-05T13:52:43","guid":{"rendered":"https:\/\/www2.unifap.br\/educacaodocampo\/?page_id=5444"},"modified":"2025-11-05T10:52:43","modified_gmt":"2025-11-05T13:52:43","slug":"formatura-2025","status":"publish","type":"page","link":"https:\/\/www2.unifap.br\/educacaodocampo\/formatura-2025\/","title":{"rendered":"FORMATURA 2025"},"content":{"rendered":"<p><span style=\"color: #2e3944\"><span style=\"font-family: Open Sans Condensed, sans-serif\"><span style=\"font-size: medium\">No dia 12 de setembro de 2025, discentes do curso de Licenciatura em Educa\u00e7\u00e3o do Campo (LEDOC) celebraram a outorga de grau, em uma cerim\u00f4nia realizada no F\u00f3rum de Mazag\u00e3o, com recep\u00e7\u00e3o na Universidade Federal do Amap\u00e1 (UNIFAP) \u2013 Campus Mazag\u00e3o.<\/span><\/span><\/span><\/p>\n<p><span style=\"color: #2e3944\"><span style=\"font-family: Open Sans Condensed, sans-serif\"><span style=\"font-size: medium\">O evento foi marcado por momentos de emo\u00e7\u00e3o e alegria, reunindo familiares, amigos, docentes e gestores para celebrar a forma\u00e7\u00e3o dos novos profissionais da educa\u00e7\u00e3o. A solenidade refor\u00e7a o compromisso da LEDOC em preparar educadores comprometidos com o desenvolvimento do campo e a valoriza\u00e7\u00e3o dos saberes das comunidades rurais.<\/span><\/span><\/span><\/p>\n<p><a href=\"http:\/\/www2.unifap.br\/educacaodocampo\/files\/2025\/11\/536ced92-2789-424b-9201-da42171940ab.jpg\"><img fetchpriority=\"high\" decoding=\"async\" class=\"wp-image-5433 aligncenter\" src=\"http:\/\/www2.unifap.br\/educacaodocampo\/files\/2025\/11\/536ced92-2789-424b-9201-da42171940ab.jpg\" alt=\"\" width=\"753\" height=\"502\" srcset=\"https:\/\/www2.unifap.br\/educacaodocampo\/files\/2025\/11\/536ced92-2789-424b-9201-da42171940ab.jpg 1280w, https:\/\/www2.unifap.br\/educacaodocampo\/files\/2025\/11\/536ced92-2789-424b-9201-da42171940ab-300x200.jpg 300w, https:\/\/www2.unifap.br\/educacaodocampo\/files\/2025\/11\/536ced92-2789-424b-9201-da42171940ab-1024x683.jpg 1024w, https:\/\/www2.unifap.br\/educacaodocampo\/files\/2025\/11\/536ced92-2789-424b-9201-da42171940ab-768x512.jpg 768w\" sizes=\"(max-width: 753px) 100vw, 753px\" \/><\/a><\/p>\n<p><a href=\"http:\/\/www2.unifap.br\/educacaodocampo\/files\/2025\/11\/db29fa05-2a9b-4853-866d-deb4e49e1bd0.jpg\"><img decoding=\"async\" class=\"wp-image-5434 aligncenter\" src=\"http:\/\/www2.unifap.br\/educacaodocampo\/files\/2025\/11\/db29fa05-2a9b-4853-866d-deb4e49e1bd0.jpg\" alt=\"\" width=\"760\" height=\"507\" srcset=\"https:\/\/www2.unifap.br\/educacaodocampo\/files\/2025\/11\/db29fa05-2a9b-4853-866d-deb4e49e1bd0.jpg 1280w, https:\/\/www2.unifap.br\/educacaodocampo\/files\/2025\/11\/db29fa05-2a9b-4853-866d-deb4e49e1bd0-300x200.jpg 300w, https:\/\/www2.unifap.br\/educacaodocampo\/files\/2025\/11\/db29fa05-2a9b-4853-866d-deb4e49e1bd0-1024x683.jpg 1024w, https:\/\/www2.unifap.br\/educacaodocampo\/files\/2025\/11\/db29fa05-2a9b-4853-866d-deb4e49e1bd0-768x512.jpg 768w\" sizes=\"(max-width: 760px) 100vw, 760px\" \/><\/a><\/p>\n<p><a href=\"http:\/\/www2.unifap.br\/educacaodocampo\/files\/2025\/11\/WhatsApp-Image-2025-10-06-at-11.12.08.jpeg\"><img decoding=\"async\" class=\"wp-image-5435 aligncenter\" src=\"http:\/\/www2.unifap.br\/educacaodocampo\/files\/2025\/11\/WhatsApp-Image-2025-10-06-at-11.12.08.jpeg\" alt=\"\" width=\"771\" height=\"464\" srcset=\"https:\/\/www2.unifap.br\/educacaodocampo\/files\/2025\/11\/WhatsApp-Image-2025-10-06-at-11.12.08.jpeg 1600w, https:\/\/www2.unifap.br\/educacaodocampo\/files\/2025\/11\/WhatsApp-Image-2025-10-06-at-11.12.08-300x180.jpeg 300w, https:\/\/www2.unifap.br\/educacaodocampo\/files\/2025\/11\/WhatsApp-Image-2025-10-06-at-11.12.08-1024x616.jpeg 1024w, https:\/\/www2.unifap.br\/educacaodocampo\/files\/2025\/11\/WhatsApp-Image-2025-10-06-at-11.12.08-768x462.jpeg 768w, https:\/\/www2.unifap.br\/educacaodocampo\/files\/2025\/11\/WhatsApp-Image-2025-10-06-at-11.12.08-1536x924.jpeg 1536w\" sizes=\"(max-width: 771px) 100vw, 771px\" \/><\/a><\/p>\n<p>&nbsp;<\/p>\n","protected":false},"excerpt":{"rendered":"<p>No dia 12 de setembro de 2025, discentes do curso de Licenciatura em Educa\u00e7\u00e3o do Campo (LEDOC) celebraram a outorga de grau, em uma cerim\u00f4nia realizada no F\u00f3rum de Mazag\u00e3o, com recep\u00e7\u00e3o na Universidade Federal do Amap\u00e1 (UNIFAP) \u2013 Campus&hellip; <\/p>\n<p><a href=\"https:\/\/www2.unifap.br\/educacaodocampo\/formatura-2025\/\" class=\"readmore-button\">Continue Reading<\/a><\/p>\n","protected":false},"author":3997,"featured_media":0,"parent":0,"menu_order":0,"comment_status":"closed","ping_status":"closed","template":"","meta":{"inline_featured_image":false,"ngg_post_thumbnail":0,"footnotes":""},"class_list":["post-5444","page","type-page","status-publish","hentry"],"_links":{"self":[{"href":"https:\/\/www2.unifap.br\/educacaodocampo\/wp-json\/wp\/v2\/pages\/5444","targetHints":{"allow":["GET"]}}],"collection":[{"href":"https:\/\/www2.unifap.br\/educacaodocampo\/wp-json\/wp\/v2\/pages"}],"about":[{"href":"https:\/\/www2.unifap.br\/educacaodocampo\/wp-json\/wp\/v2\/types\/page"}],"author":[{"embeddable":true,"href":"https:\/\/www2.unifap.br\/educacaodocampo\/wp-json\/wp\/v2\/users\/3997"}],"replies":[{"embeddable":true,"href":"https:\/\/www2.unifap.br\/educacaodocampo\/wp-json\/wp\/v2\/comments?post=5444"}],"version-history":[{"count":1,"href":"https:\/\/www2.unifap.br\/educacaodocampo\/wp-json\/wp\/v2\/pages\/5444\/revisions"}],"predecessor-version":[{"id":5445,"href":"https:\/\/www2.unifap.br\/educacaodocampo\/wp-json\/wp\/v2\/pages\/5444\/revisions\/5445"}],"wp:attachment":[{"href":"https:\/\/www2.unifap.br\/educacaodocampo\/wp-json\/wp\/v2\/media?parent=5444"}],"curies":[{"name":"wp","href":"https:\/\/api.w.org\/{rel}","templated":true}]}}