{"id":5447,"date":"2025-11-05T11:06:48","date_gmt":"2025-11-05T14:06:48","guid":{"rendered":"https:\/\/www2.unifap.br\/educacaodocampo\/?page_id=5447"},"modified":"2025-11-05T11:06:48","modified_gmt":"2025-11-05T14:06:48","slug":"socializacao-do-tempo-comunidade-2025-1","status":"publish","type":"page","link":"https:\/\/www2.unifap.br\/educacaodocampo\/socializacao-do-tempo-comunidade-2025-1\/","title":{"rendered":"Socializa\u00e7\u00e3o do Tempo Comunidade 2025.1"},"content":{"rendered":"<p><span style=\"color: #2e3944\"><span style=\"font-family: Open Sans Condensed, sans-serif\"><span style=\"font-size: medium\">Nos dias 08 e 09 de setembro, os acad\u00eamicos do curso de Licenciatura em Educa\u00e7\u00e3o do Campo (LEDOC) participaram da Socializa\u00e7\u00e3o das Pr\u00e1ticas Pedag\u00f3gicas referentes ao semestre 2025.1.<\/span><\/span><\/span><\/p>\n<p><span style=\"color: #2e3944\"><span style=\"font-family: Open Sans Condensed, sans-serif\"><span style=\"font-size: medium\">Durante o evento, foram apresentados os trabalhos desenvolvidos no per\u00edodo de Tempo Comunidade, momento em que os estudantes vivenciam experi\u00eancias formativas diretamente nas comunidades rurais, aplicando na pr\u00e1tica os conhecimentos adquiridos na universidade.<\/span><\/span><\/span><\/p>\n<p><span style=\"color: #2e3944\"><span style=\"font-family: Open Sans Condensed, sans-serif\"><span style=\"font-size: medium\">A atividade refor\u00e7a o compromisso da LEDOC\/UNIFAP em articular teoria e pr\u00e1tica, fortalecendo a forma\u00e7\u00e3o de professores comprometidos com o desenvolvimento local e a valoriza\u00e7\u00e3o dos saberes do campo.<\/span><\/span><\/span><\/p>\n<p><a href=\"http:\/\/www2.unifap.br\/educacaodocampo\/files\/2025\/11\/0e4f052a-a8e1-422e-a53a-8cf4d69f3392.jpg\"><img fetchpriority=\"high\" decoding=\"async\" class=\"wp-image-5449 aligncenter\" src=\"http:\/\/www2.unifap.br\/educacaodocampo\/files\/2025\/11\/0e4f052a-a8e1-422e-a53a-8cf4d69f3392.jpg\" alt=\"\" width=\"706\" height=\"316\" srcset=\"https:\/\/www2.unifap.br\/educacaodocampo\/files\/2025\/11\/0e4f052a-a8e1-422e-a53a-8cf4d69f3392.jpg 1280w, https:\/\/www2.unifap.br\/educacaodocampo\/files\/2025\/11\/0e4f052a-a8e1-422e-a53a-8cf4d69f3392-300x135.jpg 300w, https:\/\/www2.unifap.br\/educacaodocampo\/files\/2025\/11\/0e4f052a-a8e1-422e-a53a-8cf4d69f3392-1024x458.jpg 1024w, https:\/\/www2.unifap.br\/educacaodocampo\/files\/2025\/11\/0e4f052a-a8e1-422e-a53a-8cf4d69f3392-768x344.jpg 768w\" sizes=\"(max-width: 706px) 100vw, 706px\" \/><\/a><\/p>\n<p><a href=\"http:\/\/www2.unifap.br\/educacaodocampo\/files\/2025\/11\/e6fa65a8-f88b-4a68-a1f9-827631e29fd7.jpg\"><img decoding=\"async\" class=\"wp-image-5450 aligncenter\" src=\"http:\/\/www2.unifap.br\/educacaodocampo\/files\/2025\/11\/e6fa65a8-f88b-4a68-a1f9-827631e29fd7.jpg\" alt=\"\" width=\"701\" height=\"525\" srcset=\"https:\/\/www2.unifap.br\/educacaodocampo\/files\/2025\/11\/e6fa65a8-f88b-4a68-a1f9-827631e29fd7.jpg 1280w, https:\/\/www2.unifap.br\/educacaodocampo\/files\/2025\/11\/e6fa65a8-f88b-4a68-a1f9-827631e29fd7-300x225.jpg 300w, https:\/\/www2.unifap.br\/educacaodocampo\/files\/2025\/11\/e6fa65a8-f88b-4a68-a1f9-827631e29fd7-1024x768.jpg 1024w, https:\/\/www2.unifap.br\/educacaodocampo\/files\/2025\/11\/e6fa65a8-f88b-4a68-a1f9-827631e29fd7-768x576.jpg 768w\" sizes=\"(max-width: 701px) 100vw, 701px\" \/><\/a><\/p>\n<p><a href=\"http:\/\/www2.unifap.br\/educacaodocampo\/files\/2025\/11\/ca3ac02f-592e-4c57-91a5-d91b96f587ff.jpg\"><img decoding=\"async\" class=\"wp-image-5451 aligncenter\" src=\"http:\/\/www2.unifap.br\/educacaodocampo\/files\/2025\/11\/ca3ac02f-592e-4c57-91a5-d91b96f587ff.jpg\" alt=\"\" width=\"702\" height=\"314\" srcset=\"https:\/\/www2.unifap.br\/educacaodocampo\/files\/2025\/11\/ca3ac02f-592e-4c57-91a5-d91b96f587ff.jpg 1280w, https:\/\/www2.unifap.br\/educacaodocampo\/files\/2025\/11\/ca3ac02f-592e-4c57-91a5-d91b96f587ff-300x135.jpg 300w, https:\/\/www2.unifap.br\/educacaodocampo\/files\/2025\/11\/ca3ac02f-592e-4c57-91a5-d91b96f587ff-1024x458.jpg 1024w, https:\/\/www2.unifap.br\/educacaodocampo\/files\/2025\/11\/ca3ac02f-592e-4c57-91a5-d91b96f587ff-768x344.jpg 768w\" sizes=\"(max-width: 702px) 100vw, 702px\" \/><\/a><\/p>\n<p><a href=\"http:\/\/www2.unifap.br\/educacaodocampo\/files\/2025\/11\/75245275-071f-44f9-9fa6-6ad2beaeb04e.jpg\"><img loading=\"lazy\" decoding=\"async\" class=\"wp-image-5452 aligncenter\" src=\"http:\/\/www2.unifap.br\/educacaodocampo\/files\/2025\/11\/75245275-071f-44f9-9fa6-6ad2beaeb04e.jpg\" alt=\"\" width=\"698\" height=\"393\" srcset=\"https:\/\/www2.unifap.br\/educacaodocampo\/files\/2025\/11\/75245275-071f-44f9-9fa6-6ad2beaeb04e.jpg 1600w, https:\/\/www2.unifap.br\/educacaodocampo\/files\/2025\/11\/75245275-071f-44f9-9fa6-6ad2beaeb04e-300x169.jpg 300w, https:\/\/www2.unifap.br\/educacaodocampo\/files\/2025\/11\/75245275-071f-44f9-9fa6-6ad2beaeb04e-1024x576.jpg 1024w, https:\/\/www2.unifap.br\/educacaodocampo\/files\/2025\/11\/75245275-071f-44f9-9fa6-6ad2beaeb04e-768x432.jpg 768w, https:\/\/www2.unifap.br\/educacaodocampo\/files\/2025\/11\/75245275-071f-44f9-9fa6-6ad2beaeb04e-1536x864.jpg 1536w\" sizes=\"(max-width: 698px) 100vw, 698px\" \/><\/a><\/p>\n<p><a href=\"http:\/\/www2.unifap.br\/educacaodocampo\/files\/2025\/11\/9bc9670f-27f6-4ec1-8dd1-64607fbaa958.jpg\"><img loading=\"lazy\" decoding=\"async\" class=\"wp-image-5454 aligncenter\" src=\"http:\/\/www2.unifap.br\/educacaodocampo\/files\/2025\/11\/9bc9670f-27f6-4ec1-8dd1-64607fbaa958.jpg\" alt=\"\" width=\"695\" height=\"313\" srcset=\"https:\/\/www2.unifap.br\/educacaodocampo\/files\/2025\/11\/9bc9670f-27f6-4ec1-8dd1-64607fbaa958.jpg 1600w, https:\/\/www2.unifap.br\/educacaodocampo\/files\/2025\/11\/9bc9670f-27f6-4ec1-8dd1-64607fbaa958-300x135.jpg 300w, https:\/\/www2.unifap.br\/educacaodocampo\/files\/2025\/11\/9bc9670f-27f6-4ec1-8dd1-64607fbaa958-1024x461.jpg 1024w, https:\/\/www2.unifap.br\/educacaodocampo\/files\/2025\/11\/9bc9670f-27f6-4ec1-8dd1-64607fbaa958-768x346.jpg 768w, https:\/\/www2.unifap.br\/educacaodocampo\/files\/2025\/11\/9bc9670f-27f6-4ec1-8dd1-64607fbaa958-1536x691.jpg 1536w\" sizes=\"(max-width: 695px) 100vw, 695px\" \/><\/a><\/p>\n<p><a href=\"http:\/\/www2.unifap.br\/educacaodocampo\/files\/2025\/11\/2dd83ffb-ab5c-4f70-81a2-3588f40bb986.jpg\"><img loading=\"lazy\" decoding=\"async\" class=\"wp-image-5455 aligncenter\" src=\"http:\/\/www2.unifap.br\/educacaodocampo\/files\/2025\/11\/2dd83ffb-ab5c-4f70-81a2-3588f40bb986.jpg\" alt=\"\" width=\"696\" height=\"391\" srcset=\"https:\/\/www2.unifap.br\/educacaodocampo\/files\/2025\/11\/2dd83ffb-ab5c-4f70-81a2-3588f40bb986.jpg 1600w, https:\/\/www2.unifap.br\/educacaodocampo\/files\/2025\/11\/2dd83ffb-ab5c-4f70-81a2-3588f40bb986-300x169.jpg 300w, https:\/\/www2.unifap.br\/educacaodocampo\/files\/2025\/11\/2dd83ffb-ab5c-4f70-81a2-3588f40bb986-1024x576.jpg 1024w, https:\/\/www2.unifap.br\/educacaodocampo\/files\/2025\/11\/2dd83ffb-ab5c-4f70-81a2-3588f40bb986-768x432.jpg 768w, https:\/\/www2.unifap.br\/educacaodocampo\/files\/2025\/11\/2dd83ffb-ab5c-4f70-81a2-3588f40bb986-1536x864.jpg 1536w\" sizes=\"(max-width: 696px) 100vw, 696px\" \/><\/a><\/p>\n<p>&nbsp;<\/p>\n","protected":false},"excerpt":{"rendered":"<p>Nos dias 08 e 09 de setembro, os acad\u00eamicos do curso de Licenciatura em Educa\u00e7\u00e3o do Campo (LEDOC) participaram da Socializa\u00e7\u00e3o das Pr\u00e1ticas Pedag\u00f3gicas referentes ao semestre 2025.1. Durante o evento, foram apresentados os trabalhos desenvolvidos no per\u00edodo de Tempo&hellip; <\/p>\n<p><a href=\"https:\/\/www2.unifap.br\/educacaodocampo\/socializacao-do-tempo-comunidade-2025-1\/\" class=\"readmore-button\">Continue Reading<\/a><\/p>\n","protected":false},"author":3997,"featured_media":0,"parent":0,"menu_order":0,"comment_status":"closed","ping_status":"closed","template":"","meta":{"inline_featured_image":false,"ngg_post_thumbnail":0,"footnotes":""},"class_list":["post-5447","page","type-page","status-publish","hentry"],"_links":{"self":[{"href":"https:\/\/www2.unifap.br\/educacaodocampo\/wp-json\/wp\/v2\/pages\/5447","targetHints":{"allow":["GET"]}}],"collection":[{"href":"https:\/\/www2.unifap.br\/educacaodocampo\/wp-json\/wp\/v2\/pages"}],"about":[{"href":"https:\/\/www2.unifap.br\/educacaodocampo\/wp-json\/wp\/v2\/types\/page"}],"author":[{"embeddable":true,"href":"https:\/\/www2.unifap.br\/educacaodocampo\/wp-json\/wp\/v2\/users\/3997"}],"replies":[{"embeddable":true,"href":"https:\/\/www2.unifap.br\/educacaodocampo\/wp-json\/wp\/v2\/comments?post=5447"}],"version-history":[{"count":1,"href":"https:\/\/www2.unifap.br\/educacaodocampo\/wp-json\/wp\/v2\/pages\/5447\/revisions"}],"predecessor-version":[{"id":5456,"href":"https:\/\/www2.unifap.br\/educacaodocampo\/wp-json\/wp\/v2\/pages\/5447\/revisions\/5456"}],"wp:attachment":[{"href":"https:\/\/www2.unifap.br\/educacaodocampo\/wp-json\/wp\/v2\/media?parent=5447"}],"curies":[{"name":"wp","href":"https:\/\/api.w.org\/{rel}","templated":true}]}}