{"id":5466,"date":"2025-11-05T11:24:04","date_gmt":"2025-11-05T14:24:04","guid":{"rendered":"https:\/\/www2.unifap.br\/educacaodocampo\/?page_id=5466"},"modified":"2025-11-05T11:24:04","modified_gmt":"2025-11-05T14:24:04","slug":"expofeira-2025","status":"publish","type":"page","link":"https:\/\/www2.unifap.br\/educacaodocampo\/expofeira-2025\/","title":{"rendered":"EXPOFEIRA 2025"},"content":{"rendered":"<p><span style=\"color: #2e3944\"><span style=\"font-family: Open Sans Condensed, sans-serif\"><span style=\"font-size: medium\">Nos dias 06 e 07 de setembro, os acad\u00eamicos do curso de Licenciatura em Educa\u00e7\u00e3o do Campo (LEDOC) da Universidade Federal do Amap\u00e1 (UNIFAP) participaram ativamente da 54\u00aa Expofeira, levando ao p\u00fablico produ\u00e7\u00f5es acad\u00eamicas e trabalhos desenvolvidos ao longo do curso.<\/span><\/span><\/span><\/p>\n<p><span style=\"color: #2e3944\"><span style=\"font-family: Open Sans Condensed, sans-serif\"><span style=\"font-size: medium\">No primeiro dia, os discentes do 7\u00ba semestre (turma 2022) apresentaram maquetes zoot\u00e9cnicas voltadas ao manejo e cria\u00e7\u00e3o de animais, fruto das atividades acad\u00eamicas da disciplina, sob a orienta\u00e7\u00e3o das professoras Dra. Elizabeth Machado e Dra. Kalyne Brito.<\/span><\/span><\/span><\/p>\n<p>&nbsp;<\/p>\n<p><a href=\"http:\/\/www2.unifap.br\/educacaodocampo\/files\/2025\/10\/WhatsApp-Image-2025-10-06-at-10.21.09-6.jpeg\"><img fetchpriority=\"high\" decoding=\"async\" class=\"wp-image-5012 aligncenter\" src=\"http:\/\/www2.unifap.br\/educacaodocampo\/files\/2025\/10\/WhatsApp-Image-2025-10-06-at-10.21.09-6.jpeg\" alt=\"\" width=\"614\" height=\"461\" srcset=\"https:\/\/www2.unifap.br\/educacaodocampo\/files\/2025\/10\/WhatsApp-Image-2025-10-06-at-10.21.09-6.jpeg 1600w, https:\/\/www2.unifap.br\/educacaodocampo\/files\/2025\/10\/WhatsApp-Image-2025-10-06-at-10.21.09-6-300x225.jpeg 300w, https:\/\/www2.unifap.br\/educacaodocampo\/files\/2025\/10\/WhatsApp-Image-2025-10-06-at-10.21.09-6-1024x768.jpeg 1024w, https:\/\/www2.unifap.br\/educacaodocampo\/files\/2025\/10\/WhatsApp-Image-2025-10-06-at-10.21.09-6-768x576.jpeg 768w, https:\/\/www2.unifap.br\/educacaodocampo\/files\/2025\/10\/WhatsApp-Image-2025-10-06-at-10.21.09-6-1536x1152.jpeg 1536w\" sizes=\"(max-width: 614px) 100vw, 614px\" \/><\/a><\/p>\n<p><a href=\"http:\/\/www2.unifap.br\/educacaodocampo\/files\/2025\/10\/WhatsApp-Image-2025-10-06-at-10.21.09-1-5.jpeg\"><img decoding=\"async\" class=\"wp-image-5005 aligncenter\" src=\"http:\/\/www2.unifap.br\/educacaodocampo\/files\/2025\/10\/WhatsApp-Image-2025-10-06-at-10.21.09-1-5.jpeg\" alt=\"\" width=\"273\" height=\"610\" srcset=\"https:\/\/www2.unifap.br\/educacaodocampo\/files\/2025\/10\/WhatsApp-Image-2025-10-06-at-10.21.09-1-5.jpeg 573w, https:\/\/www2.unifap.br\/educacaodocampo\/files\/2025\/10\/WhatsApp-Image-2025-10-06-at-10.21.09-1-5-134x300.jpeg 134w, https:\/\/www2.unifap.br\/educacaodocampo\/files\/2025\/10\/WhatsApp-Image-2025-10-06-at-10.21.09-1-5-458x1024.jpeg 458w\" sizes=\"(max-width: 273px) 100vw, 273px\" \/><\/a><\/p>\n<p><a href=\"http:\/\/www2.unifap.br\/educacaodocampo\/files\/2025\/10\/WhatsApp-Image-2025-10-06-at-10.21.11-2-3.jpeg\"><img decoding=\"async\" class=\"wp-image-4998 aligncenter\" src=\"http:\/\/www2.unifap.br\/educacaodocampo\/files\/2025\/10\/WhatsApp-Image-2025-10-06-at-10.21.11-2-3.jpeg\" alt=\"\" width=\"274\" height=\"611\" srcset=\"https:\/\/www2.unifap.br\/educacaodocampo\/files\/2025\/10\/WhatsApp-Image-2025-10-06-at-10.21.11-2-3.jpeg 717w, https:\/\/www2.unifap.br\/educacaodocampo\/files\/2025\/10\/WhatsApp-Image-2025-10-06-at-10.21.11-2-3-134x300.jpeg 134w, https:\/\/www2.unifap.br\/educacaodocampo\/files\/2025\/10\/WhatsApp-Image-2025-10-06-at-10.21.11-2-3-459x1024.jpeg 459w, https:\/\/www2.unifap.br\/educacaodocampo\/files\/2025\/10\/WhatsApp-Image-2025-10-06-at-10.21.11-2-3-688x1536.jpeg 688w\" sizes=\"(max-width: 274px) 100vw, 274px\" \/><\/a><\/p>\n<p><a href=\"http:\/\/www2.unifap.br\/educacaodocampo\/files\/2025\/10\/WhatsApp-Image-2025-10-06-at-10.21.12-5.jpeg\"><img loading=\"lazy\" decoding=\"async\" class=\"wp-image-5016 aligncenter\" src=\"http:\/\/www2.unifap.br\/educacaodocampo\/files\/2025\/10\/WhatsApp-Image-2025-10-06-at-10.21.12-5.jpeg\" alt=\"\" width=\"644\" height=\"288\" srcset=\"https:\/\/www2.unifap.br\/educacaodocampo\/files\/2025\/10\/WhatsApp-Image-2025-10-06-at-10.21.12-5.jpeg 1280w, https:\/\/www2.unifap.br\/educacaodocampo\/files\/2025\/10\/WhatsApp-Image-2025-10-06-at-10.21.12-5-300x135.jpeg 300w, https:\/\/www2.unifap.br\/educacaodocampo\/files\/2025\/10\/WhatsApp-Image-2025-10-06-at-10.21.12-5-1024x458.jpeg 1024w, https:\/\/www2.unifap.br\/educacaodocampo\/files\/2025\/10\/WhatsApp-Image-2025-10-06-at-10.21.12-5-768x344.jpeg 768w\" sizes=\"(max-width: 644px) 100vw, 644px\" \/><\/a><\/p>\n<p><a href=\"http:\/\/www2.unifap.br\/educacaodocampo\/files\/2025\/10\/WhatsApp-Image-2025-10-06-at-10.21.08-4.jpeg\"><img loading=\"lazy\" decoding=\"async\" class=\"wp-image-5013 aligncenter\" src=\"http:\/\/www2.unifap.br\/educacaodocampo\/files\/2025\/10\/WhatsApp-Image-2025-10-06-at-10.21.08-4.jpeg\" alt=\"\" width=\"643\" height=\"482\" srcset=\"https:\/\/www2.unifap.br\/educacaodocampo\/files\/2025\/10\/WhatsApp-Image-2025-10-06-at-10.21.08-4.jpeg 1600w, https:\/\/www2.unifap.br\/educacaodocampo\/files\/2025\/10\/WhatsApp-Image-2025-10-06-at-10.21.08-4-300x225.jpeg 300w, https:\/\/www2.unifap.br\/educacaodocampo\/files\/2025\/10\/WhatsApp-Image-2025-10-06-at-10.21.08-4-1024x768.jpeg 1024w, https:\/\/www2.unifap.br\/educacaodocampo\/files\/2025\/10\/WhatsApp-Image-2025-10-06-at-10.21.08-4-768x576.jpeg 768w, https:\/\/www2.unifap.br\/educacaodocampo\/files\/2025\/10\/WhatsApp-Image-2025-10-06-at-10.21.08-4-1536x1152.jpeg 1536w\" sizes=\"(max-width: 643px) 100vw, 643px\" \/><\/a><\/p>\n<p><span style=\"color: #2e3944\"><span style=\"font-family: Open Sans Condensed, sans-serif\"><span style=\"font-size: medium\">J\u00e1 no segundo dia, foi a vez dos alunos do 3\u00ba e 5\u00ba semestres exporem maquetes produzidas na universidade, al\u00e9m de compartilharem os resultados da oficina \u201cRa\u00edzes\u201d, realizada em Mazag\u00e3o Velho como parte das pr\u00e1ticas pedag\u00f3gicas do curso. Os trabalhos apresentaram n\u00e3o apenas conceitos te\u00f3ricos aplicados, mas tamb\u00e9m experi\u00eancias de campo e atividades artesanais desenvolvidas durante a forma\u00e7\u00e3o.<\/span><\/span><\/span><\/p>\n<p><span style=\"color: #2e3944\"><span style=\"font-family: Open Sans Condensed, sans-serif\"><span style=\"font-size: medium\">A participa\u00e7\u00e3o dos alunos na Expofeira refor\u00e7a o compromisso da LEDOC\/UNIFAP em integrar o conhecimento acad\u00eamico \u00e0 realidade local, promovendo educa\u00e7\u00e3o contextualizada e valorizando saberes que fortalecem o desenvolvimento rural e sustent\u00e1vel da regi\u00e3o.<\/span><\/span><\/span><\/p>\n<p><a href=\"http:\/\/www2.unifap.br\/educacaodocampo\/files\/2025\/10\/WhatsApp-Image-2025-10-06-at-10.21.11-1-3.jpeg\"><img loading=\"lazy\" decoding=\"async\" class=\"wp-image-5019 aligncenter\" src=\"http:\/\/www2.unifap.br\/educacaodocampo\/files\/2025\/10\/WhatsApp-Image-2025-10-06-at-10.21.11-1-3.jpeg\" alt=\"\" width=\"664\" height=\"297\" srcset=\"https:\/\/www2.unifap.br\/educacaodocampo\/files\/2025\/10\/WhatsApp-Image-2025-10-06-at-10.21.11-1-3.jpeg 1600w, https:\/\/www2.unifap.br\/educacaodocampo\/files\/2025\/10\/WhatsApp-Image-2025-10-06-at-10.21.11-1-3-300x135.jpeg 300w, https:\/\/www2.unifap.br\/educacaodocampo\/files\/2025\/10\/WhatsApp-Image-2025-10-06-at-10.21.11-1-3-1024x458.jpeg 1024w, https:\/\/www2.unifap.br\/educacaodocampo\/files\/2025\/10\/WhatsApp-Image-2025-10-06-at-10.21.11-1-3-768x344.jpeg 768w, https:\/\/www2.unifap.br\/educacaodocampo\/files\/2025\/10\/WhatsApp-Image-2025-10-06-at-10.21.11-1-3-1536x687.jpeg 1536w\" sizes=\"(max-width: 664px) 100vw, 664px\" \/><\/a><\/p>\n<p><a href=\"http:\/\/www2.unifap.br\/educacaodocampo\/files\/2025\/11\/3db3301d-a126-49fa-8335-85c288073a5f.jpg\"><img loading=\"lazy\" decoding=\"async\" class=\"wp-image-5467 aligncenter\" src=\"http:\/\/www2.unifap.br\/educacaodocampo\/files\/2025\/11\/3db3301d-a126-49fa-8335-85c288073a5f.jpg\" alt=\"\" width=\"661\" height=\"296\" srcset=\"https:\/\/www2.unifap.br\/educacaodocampo\/files\/2025\/11\/3db3301d-a126-49fa-8335-85c288073a5f.jpg 1280w, https:\/\/www2.unifap.br\/educacaodocampo\/files\/2025\/11\/3db3301d-a126-49fa-8335-85c288073a5f-300x135.jpg 300w, https:\/\/www2.unifap.br\/educacaodocampo\/files\/2025\/11\/3db3301d-a126-49fa-8335-85c288073a5f-1024x458.jpg 1024w, https:\/\/www2.unifap.br\/educacaodocampo\/files\/2025\/11\/3db3301d-a126-49fa-8335-85c288073a5f-768x344.jpg 768w\" sizes=\"(max-width: 661px) 100vw, 661px\" \/><\/a><\/p>\n<p><a href=\"http:\/\/www2.unifap.br\/educacaodocampo\/files\/2025\/11\/5ef7be25-d38f-4b9f-a557-8c84fab679bf.jpg\"><img loading=\"lazy\" decoding=\"async\" class=\"wp-image-5468 aligncenter\" src=\"http:\/\/www2.unifap.br\/educacaodocampo\/files\/2025\/11\/5ef7be25-d38f-4b9f-a557-8c84fab679bf.jpg\" alt=\"\" width=\"662\" height=\"296\" srcset=\"https:\/\/www2.unifap.br\/educacaodocampo\/files\/2025\/11\/5ef7be25-d38f-4b9f-a557-8c84fab679bf.jpg 1280w, https:\/\/www2.unifap.br\/educacaodocampo\/files\/2025\/11\/5ef7be25-d38f-4b9f-a557-8c84fab679bf-300x135.jpg 300w, https:\/\/www2.unifap.br\/educacaodocampo\/files\/2025\/11\/5ef7be25-d38f-4b9f-a557-8c84fab679bf-1024x458.jpg 1024w, https:\/\/www2.unifap.br\/educacaodocampo\/files\/2025\/11\/5ef7be25-d38f-4b9f-a557-8c84fab679bf-768x344.jpg 768w\" sizes=\"(max-width: 662px) 100vw, 662px\" \/><\/a><\/p>\n","protected":false},"excerpt":{"rendered":"<p>Nos dias 06 e 07 de setembro, os acad\u00eamicos do curso de Licenciatura em Educa\u00e7\u00e3o do Campo (LEDOC) da Universidade Federal do Amap\u00e1 (UNIFAP) participaram ativamente da 54\u00aa Expofeira, levando ao p\u00fablico produ\u00e7\u00f5es acad\u00eamicas e trabalhos desenvolvidos ao longo do&hellip; <\/p>\n<p><a href=\"https:\/\/www2.unifap.br\/educacaodocampo\/expofeira-2025\/\" class=\"readmore-button\">Continue Reading<\/a><\/p>\n","protected":false},"author":3997,"featured_media":0,"parent":0,"menu_order":0,"comment_status":"closed","ping_status":"closed","template":"","meta":{"inline_featured_image":false,"ngg_post_thumbnail":0,"footnotes":""},"class_list":["post-5466","page","type-page","status-publish","hentry"],"_links":{"self":[{"href":"https:\/\/www2.unifap.br\/educacaodocampo\/wp-json\/wp\/v2\/pages\/5466","targetHints":{"allow":["GET"]}}],"collection":[{"href":"https:\/\/www2.unifap.br\/educacaodocampo\/wp-json\/wp\/v2\/pages"}],"about":[{"href":"https:\/\/www2.unifap.br\/educacaodocampo\/wp-json\/wp\/v2\/types\/page"}],"author":[{"embeddable":true,"href":"https:\/\/www2.unifap.br\/educacaodocampo\/wp-json\/wp\/v2\/users\/3997"}],"replies":[{"embeddable":true,"href":"https:\/\/www2.unifap.br\/educacaodocampo\/wp-json\/wp\/v2\/comments?post=5466"}],"version-history":[{"count":1,"href":"https:\/\/www2.unifap.br\/educacaodocampo\/wp-json\/wp\/v2\/pages\/5466\/revisions"}],"predecessor-version":[{"id":5469,"href":"https:\/\/www2.unifap.br\/educacaodocampo\/wp-json\/wp\/v2\/pages\/5466\/revisions\/5469"}],"wp:attachment":[{"href":"https:\/\/www2.unifap.br\/educacaodocampo\/wp-json\/wp\/v2\/media?parent=5466"}],"curies":[{"name":"wp","href":"https:\/\/api.w.org\/{rel}","templated":true}]}}