{"id":5479,"date":"2025-11-06T10:19:35","date_gmt":"2025-11-06T13:19:35","guid":{"rendered":"https:\/\/www2.unifap.br\/educacaodocampo\/?page_id=5479"},"modified":"2025-11-27T12:43:00","modified_gmt":"2025-11-27T15:43:00","slug":"eventos-2","status":"publish","type":"page","link":"https:\/\/www2.unifap.br\/educacaodocampo\/eventos-2\/","title":{"rendered":"EVENTOS"},"content":{"rendered":"\t\t<div data-elementor-type=\"wp-page\" data-elementor-id=\"5479\" class=\"elementor elementor-5479\">\n\t\t\t\t\t\t<section class=\"elementor-section elementor-top-section elementor-element elementor-element-29499a66 elementor-section-boxed elementor-section-height-default elementor-section-height-default\" data-id=\"29499a66\" data-element_type=\"section\" data-e-type=\"section\">\n\t\t\t\t\t\t<div class=\"elementor-container elementor-column-gap-default\">\n\t\t\t\t\t<div class=\"elementor-column elementor-col-100 elementor-top-column elementor-element elementor-element-20cd135c\" data-id=\"20cd135c\" data-element_type=\"column\" data-e-type=\"column\">\n\t\t\t<div class=\"elementor-widget-wrap elementor-element-populated\">\n\t\t\t\t\t\t<div class=\"elementor-element elementor-element-23e82bd5 elementor-widget__width-initial elementor-widget elementor-widget-text-editor\" data-id=\"23e82bd5\" data-element_type=\"widget\" data-e-type=\"widget\" data-widget_type=\"text-editor.default\">\n\t\t\t\t<div class=\"elementor-widget-container\">\n\t\t\t\t\t\t\t\t\t<p><a href=\"https:\/\/www2.unifap.br\/educacaodocampo\/5563-2\/\">CELEBRA\u00c7\u00c3O DO DIA DA CONSCI\u00caNCIA NEGRA<\/a><\/p><p><a href=\"https:\/\/www2.unifap.br\/educacaodocampo\/semana-nacional-de-ciencia-e-tecnologia-2\/\">22\u00aa EDI\u00c7\u00c3O DA SEMANA NACIONAL DE CI\u00caNCIA E TECNOLOGIA<\/a><\/p>\t\t\t\t\t\t\t\t<\/div>\n\t\t\t\t<\/div>\n\t\t\t\t\t<\/div>\n\t\t<\/div>\n\t\t\t\t\t<\/div>\n\t\t<\/section>\n\t\t\t\t<\/div>\n\t\t","protected":false},"excerpt":{"rendered":"<p>CELEBRA\u00c7\u00c3O DO DIA DA CONSCI\u00caNCIA NEGRA 22\u00aa EDI\u00c7\u00c3O DA SEMANA NACIONAL DE CI\u00caNCIA E TECNOLOGIA<\/p>\n","protected":false},"author":3997,"featured_media":0,"parent":0,"menu_order":0,"comment_status":"closed","ping_status":"closed","template":"","meta":{"inline_featured_image":false,"ngg_post_thumbnail":0,"footnotes":""},"class_list":["post-5479","page","type-page","status-publish","hentry"],"_links":{"self":[{"href":"https:\/\/www2.unifap.br\/educacaodocampo\/wp-json\/wp\/v2\/pages\/5479","targetHints":{"allow":["GET"]}}],"collection":[{"href":"https:\/\/www2.unifap.br\/educacaodocampo\/wp-json\/wp\/v2\/pages"}],"about":[{"href":"https:\/\/www2.unifap.br\/educacaodocampo\/wp-json\/wp\/v2\/types\/page"}],"author":[{"embeddable":true,"href":"https:\/\/www2.unifap.br\/educacaodocampo\/wp-json\/wp\/v2\/users\/3997"}],"replies":[{"embeddable":true,"href":"https:\/\/www2.unifap.br\/educacaodocampo\/wp-json\/wp\/v2\/comments?post=5479"}],"version-history":[{"count":19,"href":"https:\/\/www2.unifap.br\/educacaodocampo\/wp-json\/wp\/v2\/pages\/5479\/revisions"}],"predecessor-version":[{"id":5581,"href":"https:\/\/www2.unifap.br\/educacaodocampo\/wp-json\/wp\/v2\/pages\/5479\/revisions\/5581"}],"wp:attachment":[{"href":"https:\/\/www2.unifap.br\/educacaodocampo\/wp-json\/wp\/v2\/media?parent=5479"}],"curies":[{"name":"wp","href":"https:\/\/api.w.org\/{rel}","templated":true}]}}