{"id":5521,"date":"2025-11-07T09:53:55","date_gmt":"2025-11-07T12:53:55","guid":{"rendered":"https:\/\/www2.unifap.br\/educacaodocampo\/?page_id=5521"},"modified":"2025-11-13T11:44:46","modified_gmt":"2025-11-13T14:44:46","slug":"semana-nacional-de-ciencia-e-tecnologia-2","status":"publish","type":"page","link":"https:\/\/www2.unifap.br\/educacaodocampo\/semana-nacional-de-ciencia-e-tecnologia-2\/","title":{"rendered":"22\u00aa Edi\u00e7\u00e3o da Semana Nacional de Ci\u00eancia e Tecnologia"},"content":{"rendered":"<p>Nossos acad\u00eamicos se organizando para apresentar seus trabalhos, na 22\u00aa edi\u00e7\u00e3o da Semana Nacional de Ci\u00eancia e Tecnologia, no <em>Campus<\/em> Marco Zero.<\/p>\n<p><a href=\"http:\/\/www2.unifap.br\/educacaodocampo\/files\/2025\/11\/58d1c897-9109-45a4-8d6e-0004721bb5c3-2.jpeg\"><img fetchpriority=\"high\" decoding=\"async\" class=\"wp-image-5511 aligncenter\" src=\"http:\/\/www2.unifap.br\/educacaodocampo\/files\/2025\/11\/58d1c897-9109-45a4-8d6e-0004721bb5c3-2.jpeg\" alt=\"\" width=\"449\" height=\"336\" srcset=\"https:\/\/www2.unifap.br\/educacaodocampo\/files\/2025\/11\/58d1c897-9109-45a4-8d6e-0004721bb5c3-2.jpeg 1600w, https:\/\/www2.unifap.br\/educacaodocampo\/files\/2025\/11\/58d1c897-9109-45a4-8d6e-0004721bb5c3-2-300x224.jpeg 300w, https:\/\/www2.unifap.br\/educacaodocampo\/files\/2025\/11\/58d1c897-9109-45a4-8d6e-0004721bb5c3-2-1024x766.jpeg 1024w, https:\/\/www2.unifap.br\/educacaodocampo\/files\/2025\/11\/58d1c897-9109-45a4-8d6e-0004721bb5c3-2-768x575.jpeg 768w, https:\/\/www2.unifap.br\/educacaodocampo\/files\/2025\/11\/58d1c897-9109-45a4-8d6e-0004721bb5c3-2-1536x1149.jpeg 1536w\" sizes=\"(max-width: 449px) 100vw, 449px\" \/><\/a><\/p>\n<p><a href=\"http:\/\/www2.unifap.br\/educacaodocampo\/files\/2025\/11\/85035e6e-f1c5-4607-8313-379b5d5a5f3a.jpeg\"><img decoding=\"async\" class=\"wp-image-5512 aligncenter\" src=\"http:\/\/www2.unifap.br\/educacaodocampo\/files\/2025\/11\/85035e6e-f1c5-4607-8313-379b5d5a5f3a.jpeg\" alt=\"\" width=\"450\" height=\"600\" srcset=\"https:\/\/www2.unifap.br\/educacaodocampo\/files\/2025\/11\/85035e6e-f1c5-4607-8313-379b5d5a5f3a.jpeg 1200w, https:\/\/www2.unifap.br\/educacaodocampo\/files\/2025\/11\/85035e6e-f1c5-4607-8313-379b5d5a5f3a-225x300.jpeg 225w, https:\/\/www2.unifap.br\/educacaodocampo\/files\/2025\/11\/85035e6e-f1c5-4607-8313-379b5d5a5f3a-768x1024.jpeg 768w, https:\/\/www2.unifap.br\/educacaodocampo\/files\/2025\/11\/85035e6e-f1c5-4607-8313-379b5d5a5f3a-1152x1536.jpeg 1152w\" sizes=\"(max-width: 450px) 100vw, 450px\" \/><\/a><\/p>\n<p><a href=\"http:\/\/www2.unifap.br\/educacaodocampo\/files\/2025\/11\/c859c254-fadb-4a36-a027-7bd445f7243b.jpeg\"><img decoding=\"async\" class=\"wp-image-5514 aligncenter\" src=\"http:\/\/www2.unifap.br\/educacaodocampo\/files\/2025\/11\/c859c254-fadb-4a36-a027-7bd445f7243b.jpeg\" alt=\"\" width=\"447\" height=\"598\" srcset=\"https:\/\/www2.unifap.br\/educacaodocampo\/files\/2025\/11\/c859c254-fadb-4a36-a027-7bd445f7243b.jpeg 1197w, https:\/\/www2.unifap.br\/educacaodocampo\/files\/2025\/11\/c859c254-fadb-4a36-a027-7bd445f7243b-224x300.jpeg 224w, https:\/\/www2.unifap.br\/educacaodocampo\/files\/2025\/11\/c859c254-fadb-4a36-a027-7bd445f7243b-766x1024.jpeg 766w, https:\/\/www2.unifap.br\/educacaodocampo\/files\/2025\/11\/c859c254-fadb-4a36-a027-7bd445f7243b-768x1027.jpeg 768w, https:\/\/www2.unifap.br\/educacaodocampo\/files\/2025\/11\/c859c254-fadb-4a36-a027-7bd445f7243b-1149x1536.jpeg 1149w\" sizes=\"(max-width: 447px) 100vw, 447px\" \/><\/a><\/p>\n<p><a href=\"http:\/\/www2.unifap.br\/educacaodocampo\/files\/2025\/11\/db89fc39-19bf-4d1e-b43b-df4976c5dfde-1.jpeg\"><img loading=\"lazy\" decoding=\"async\" class=\"wp-image-5515 aligncenter\" src=\"http:\/\/www2.unifap.br\/educacaodocampo\/files\/2025\/11\/db89fc39-19bf-4d1e-b43b-df4976c5dfde-1.jpeg\" alt=\"\" width=\"445\" height=\"333\" srcset=\"https:\/\/www2.unifap.br\/educacaodocampo\/files\/2025\/11\/db89fc39-19bf-4d1e-b43b-df4976c5dfde-1.jpeg 1600w, https:\/\/www2.unifap.br\/educacaodocampo\/files\/2025\/11\/db89fc39-19bf-4d1e-b43b-df4976c5dfde-1-300x224.jpeg 300w, https:\/\/www2.unifap.br\/educacaodocampo\/files\/2025\/11\/db89fc39-19bf-4d1e-b43b-df4976c5dfde-1-1024x766.jpeg 1024w, https:\/\/www2.unifap.br\/educacaodocampo\/files\/2025\/11\/db89fc39-19bf-4d1e-b43b-df4976c5dfde-1-768x575.jpeg 768w, https:\/\/www2.unifap.br\/educacaodocampo\/files\/2025\/11\/db89fc39-19bf-4d1e-b43b-df4976c5dfde-1-1536x1149.jpeg 1536w\" sizes=\"(max-width: 445px) 100vw, 445px\" \/><\/a><\/p>\n<p><a href=\"http:\/\/www2.unifap.br\/educacaodocampo\/files\/2025\/11\/ff644945-6f3b-440c-8699-a2edf75f368e.jpeg\"><img loading=\"lazy\" decoding=\"async\" class=\"wp-image-5516 aligncenter\" src=\"http:\/\/www2.unifap.br\/educacaodocampo\/files\/2025\/11\/ff644945-6f3b-440c-8699-a2edf75f368e.jpeg\" alt=\"\" width=\"445\" height=\"595\" srcset=\"https:\/\/www2.unifap.br\/educacaodocampo\/files\/2025\/11\/ff644945-6f3b-440c-8699-a2edf75f368e.jpeg 1197w, https:\/\/www2.unifap.br\/educacaodocampo\/files\/2025\/11\/ff644945-6f3b-440c-8699-a2edf75f368e-224x300.jpeg 224w, https:\/\/www2.unifap.br\/educacaodocampo\/files\/2025\/11\/ff644945-6f3b-440c-8699-a2edf75f368e-766x1024.jpeg 766w, https:\/\/www2.unifap.br\/educacaodocampo\/files\/2025\/11\/ff644945-6f3b-440c-8699-a2edf75f368e-768x1027.jpeg 768w, https:\/\/www2.unifap.br\/educacaodocampo\/files\/2025\/11\/ff644945-6f3b-440c-8699-a2edf75f368e-1149x1536.jpeg 1149w\" sizes=\"(max-width: 445px) 100vw, 445px\" \/><\/a><\/p>\n","protected":false},"excerpt":{"rendered":"<p>Nossos acad\u00eamicos se organizando para apresentar seus trabalhos, na 22\u00aa edi\u00e7\u00e3o da Semana Nacional de Ci\u00eancia e Tecnologia, no Campus Marco Zero.<\/p>\n","protected":false},"author":3997,"featured_media":0,"parent":0,"menu_order":0,"comment_status":"closed","ping_status":"closed","template":"","meta":{"inline_featured_image":false,"ngg_post_thumbnail":0,"footnotes":""},"class_list":["post-5521","page","type-page","status-publish","hentry"],"_links":{"self":[{"href":"https:\/\/www2.unifap.br\/educacaodocampo\/wp-json\/wp\/v2\/pages\/5521","targetHints":{"allow":["GET"]}}],"collection":[{"href":"https:\/\/www2.unifap.br\/educacaodocampo\/wp-json\/wp\/v2\/pages"}],"about":[{"href":"https:\/\/www2.unifap.br\/educacaodocampo\/wp-json\/wp\/v2\/types\/page"}],"author":[{"embeddable":true,"href":"https:\/\/www2.unifap.br\/educacaodocampo\/wp-json\/wp\/v2\/users\/3997"}],"replies":[{"embeddable":true,"href":"https:\/\/www2.unifap.br\/educacaodocampo\/wp-json\/wp\/v2\/comments?post=5521"}],"version-history":[{"count":3,"href":"https:\/\/www2.unifap.br\/educacaodocampo\/wp-json\/wp\/v2\/pages\/5521\/revisions"}],"predecessor-version":[{"id":5547,"href":"https:\/\/www2.unifap.br\/educacaodocampo\/wp-json\/wp\/v2\/pages\/5521\/revisions\/5547"}],"wp:attachment":[{"href":"https:\/\/www2.unifap.br\/educacaodocampo\/wp-json\/wp\/v2\/media?parent=5521"}],"curies":[{"name":"wp","href":"https:\/\/api.w.org\/{rel}","templated":true}]}}