{"id":5563,"date":"2025-11-27T12:14:16","date_gmt":"2025-11-27T15:14:16","guid":{"rendered":"https:\/\/www2.unifap.br\/educacaodocampo\/?page_id=5563"},"modified":"2025-11-27T12:15:23","modified_gmt":"2025-11-27T15:15:23","slug":"5563-2","status":"publish","type":"page","link":"https:\/\/www2.unifap.br\/educacaodocampo\/5563-2\/","title":{"rendered":"CELEBRA\u00c7\u00c3O DO DIA DA CONSCI\u00caNCIA NEGRA"},"content":{"rendered":"<p>No dia <strong>21 de novembro de 2025<\/strong>, o <i>campus<\/i> da nossa universidade foi palco de uma programa\u00e7\u00e3o especial em homenagem ao <strong>Dia da Consci\u00eancia Negra<\/strong>, organizada pela Comiss\u00e3o Eleitoral do Centro Acad\u00eamico Licenciatura em Educa\u00e7\u00e3o do Campo &#8211; <strong>C<\/strong><strong>ALEDOC<\/strong><\/p>\n<p>O evento reuniu estudantes, docentes, colaboradores e convidados em uma jornada de reflex\u00e3o, di\u00e1logo e valoriza\u00e7\u00e3o da cultura afro-brasileira. A programa\u00e7\u00e3o contou com rodas de conversa, apresenta\u00e7\u00f5es culturais, manifesta\u00e7\u00f5es art\u00edsticas, exposi\u00e7\u00f5es, al\u00e9m de momentos de mem\u00f3ria e reconhecimento das lutas hist\u00f3ricas do povo negro.<\/p>\n<p>Foi um encontro marcado pelo respeito, pela escuta e pela celebra\u00e7\u00e3o da resist\u00eancia e das contribui\u00e7\u00f5es que fortalecem a nossa identidade enquanto comunidade acad\u00eamica e sociedade.<\/p>\n<p>Agradecemos a todos que participaram e contribu\u00edram para que este momento fosse t\u00e3o especial. Que essa conscientiza\u00e7\u00e3o siga nos inspirando diariamente na constru\u00e7\u00e3o de um ambiente mais justo, igualit\u00e1rio e antirracista.<\/p>\n<p><strong>C<\/strong><strong>ALEDOC<\/strong><strong><br \/>\n<\/strong><strong><i>Campus<\/i><\/strong><strong> Mazag\u00e3o<\/strong><strong> \u2013 2025<\/strong><\/p>\n<p style=\"text-align: center\"><a href=\"http:\/\/www2.unifap.br\/educacaodocampo\/files\/2025\/11\/3f789154-3214-4d8a-846a-5c3bbeaaec65.jpeg\"><img fetchpriority=\"high\" decoding=\"async\" class=\"wp-image-5552 aligncenter\" src=\"http:\/\/www2.unifap.br\/educacaodocampo\/files\/2025\/11\/3f789154-3214-4d8a-846a-5c3bbeaaec65.jpeg\" alt=\"\" width=\"702\" height=\"468\" srcset=\"https:\/\/www2.unifap.br\/educacaodocampo\/files\/2025\/11\/3f789154-3214-4d8a-846a-5c3bbeaaec65.jpeg 1392w, https:\/\/www2.unifap.br\/educacaodocampo\/files\/2025\/11\/3f789154-3214-4d8a-846a-5c3bbeaaec65-300x200.jpeg 300w, https:\/\/www2.unifap.br\/educacaodocampo\/files\/2025\/11\/3f789154-3214-4d8a-846a-5c3bbeaaec65-1024x683.jpeg 1024w, https:\/\/www2.unifap.br\/educacaodocampo\/files\/2025\/11\/3f789154-3214-4d8a-846a-5c3bbeaaec65-768x512.jpeg 768w\" sizes=\"(max-width: 702px) 100vw, 702px\" \/><\/a><\/p>\n<p><a href=\"http:\/\/www2.unifap.br\/educacaodocampo\/files\/2025\/11\/222cf3da-7160-4ac8-8737-02ebd5fce278.jpeg\"><img decoding=\"async\" class=\"wp-image-5553 aligncenter\" src=\"http:\/\/www2.unifap.br\/educacaodocampo\/files\/2025\/11\/222cf3da-7160-4ac8-8737-02ebd5fce278.jpeg\" alt=\"\" width=\"688\" height=\"516\" srcset=\"https:\/\/www2.unifap.br\/educacaodocampo\/files\/2025\/11\/222cf3da-7160-4ac8-8737-02ebd5fce278.jpeg 1280w, https:\/\/www2.unifap.br\/educacaodocampo\/files\/2025\/11\/222cf3da-7160-4ac8-8737-02ebd5fce278-300x225.jpeg 300w, https:\/\/www2.unifap.br\/educacaodocampo\/files\/2025\/11\/222cf3da-7160-4ac8-8737-02ebd5fce278-1024x768.jpeg 1024w, https:\/\/www2.unifap.br\/educacaodocampo\/files\/2025\/11\/222cf3da-7160-4ac8-8737-02ebd5fce278-768x576.jpeg 768w\" sizes=\"(max-width: 688px) 100vw, 688px\" \/><\/a><\/p>\n<p><a href=\"http:\/\/www2.unifap.br\/educacaodocampo\/files\/2025\/11\/0040a866-ad2e-4e60-8c69-e7a20aa75dc9.jpeg\"><img decoding=\"async\" class=\"wp-image-5554 aligncenter\" src=\"http:\/\/www2.unifap.br\/educacaodocampo\/files\/2025\/11\/0040a866-ad2e-4e60-8c69-e7a20aa75dc9.jpeg\" alt=\"\" width=\"683\" height=\"456\" srcset=\"https:\/\/www2.unifap.br\/educacaodocampo\/files\/2025\/11\/0040a866-ad2e-4e60-8c69-e7a20aa75dc9.jpeg 1040w, https:\/\/www2.unifap.br\/educacaodocampo\/files\/2025\/11\/0040a866-ad2e-4e60-8c69-e7a20aa75dc9-300x200.jpeg 300w, https:\/\/www2.unifap.br\/educacaodocampo\/files\/2025\/11\/0040a866-ad2e-4e60-8c69-e7a20aa75dc9-1024x683.jpeg 1024w, https:\/\/www2.unifap.br\/educacaodocampo\/files\/2025\/11\/0040a866-ad2e-4e60-8c69-e7a20aa75dc9-768x512.jpeg 768w\" sizes=\"(max-width: 683px) 100vw, 683px\" \/><\/a><\/p>\n<p><a href=\"http:\/\/www2.unifap.br\/educacaodocampo\/files\/2025\/11\/64963c01-41df-44b4-b09c-3f22e8b11703.jpeg\"><img loading=\"lazy\" decoding=\"async\" class=\"wp-image-5555 aligncenter\" src=\"http:\/\/www2.unifap.br\/educacaodocampo\/files\/2025\/11\/64963c01-41df-44b4-b09c-3f22e8b11703.jpeg\" alt=\"\" width=\"694\" height=\"463\" srcset=\"https:\/\/www2.unifap.br\/educacaodocampo\/files\/2025\/11\/64963c01-41df-44b4-b09c-3f22e8b11703.jpeg 1040w, https:\/\/www2.unifap.br\/educacaodocampo\/files\/2025\/11\/64963c01-41df-44b4-b09c-3f22e8b11703-300x200.jpeg 300w, https:\/\/www2.unifap.br\/educacaodocampo\/files\/2025\/11\/64963c01-41df-44b4-b09c-3f22e8b11703-1024x683.jpeg 1024w, https:\/\/www2.unifap.br\/educacaodocampo\/files\/2025\/11\/64963c01-41df-44b4-b09c-3f22e8b11703-768x512.jpeg 768w\" sizes=\"(max-width: 694px) 100vw, 694px\" \/><\/a><\/p>\n<p>&nbsp;<\/p>\n<p><a href=\"http:\/\/www2.unifap.br\/educacaodocampo\/files\/2025\/11\/a4344031-ee98-4e48-9bdb-f0d0855cd31b-1.jpeg\"><img loading=\"lazy\" decoding=\"async\" class=\"alignnone wp-image-5564 aligncenter\" src=\"http:\/\/www2.unifap.br\/educacaodocampo\/files\/2025\/11\/a4344031-ee98-4e48-9bdb-f0d0855cd31b-1.jpeg\" alt=\"\" width=\"298\" height=\"447\" srcset=\"https:\/\/www2.unifap.br\/educacaodocampo\/files\/2025\/11\/a4344031-ee98-4e48-9bdb-f0d0855cd31b-1.jpeg 694w, https:\/\/www2.unifap.br\/educacaodocampo\/files\/2025\/11\/a4344031-ee98-4e48-9bdb-f0d0855cd31b-1-200x300.jpeg 200w, https:\/\/www2.unifap.br\/educacaodocampo\/files\/2025\/11\/a4344031-ee98-4e48-9bdb-f0d0855cd31b-1-683x1024.jpeg 683w\" sizes=\"(max-width: 298px) 100vw, 298px\" \/><\/a><\/p>\n<p><a href=\"http:\/\/www2.unifap.br\/educacaodocampo\/files\/2025\/11\/999bf5cb-b26e-41cc-a6c9-1d3103b3a783-1.jpeg\"><img loading=\"lazy\" decoding=\"async\" class=\"alignnone wp-image-5565 aligncenter\" src=\"http:\/\/www2.unifap.br\/educacaodocampo\/files\/2025\/11\/999bf5cb-b26e-41cc-a6c9-1d3103b3a783-1.jpeg\" alt=\"\" width=\"297\" height=\"446\" srcset=\"https:\/\/www2.unifap.br\/educacaodocampo\/files\/2025\/11\/999bf5cb-b26e-41cc-a6c9-1d3103b3a783-1.jpeg 694w, https:\/\/www2.unifap.br\/educacaodocampo\/files\/2025\/11\/999bf5cb-b26e-41cc-a6c9-1d3103b3a783-1-200x300.jpeg 200w, https:\/\/www2.unifap.br\/educacaodocampo\/files\/2025\/11\/999bf5cb-b26e-41cc-a6c9-1d3103b3a783-1-683x1024.jpeg 683w\" sizes=\"(max-width: 297px) 100vw, 297px\" \/><\/a><\/p>\n<p><a href=\"http:\/\/www2.unifap.br\/educacaodocampo\/files\/2025\/11\/51242bb6-80ee-4adf-a9f4-708ddec9561a-2.jpeg\"><img loading=\"lazy\" decoding=\"async\" class=\"wp-image-5566 aligncenter\" src=\"http:\/\/www2.unifap.br\/educacaodocampo\/files\/2025\/11\/51242bb6-80ee-4adf-a9f4-708ddec9561a-2.jpeg\" alt=\"\" width=\"288\" height=\"432\" srcset=\"https:\/\/www2.unifap.br\/educacaodocampo\/files\/2025\/11\/51242bb6-80ee-4adf-a9f4-708ddec9561a-2.jpeg 694w, https:\/\/www2.unifap.br\/educacaodocampo\/files\/2025\/11\/51242bb6-80ee-4adf-a9f4-708ddec9561a-2-200x300.jpeg 200w, https:\/\/www2.unifap.br\/educacaodocampo\/files\/2025\/11\/51242bb6-80ee-4adf-a9f4-708ddec9561a-2-683x1024.jpeg 683w\" sizes=\"(max-width: 288px) 100vw, 288px\" \/><\/a><\/p>\n<p><a href=\"http:\/\/www2.unifap.br\/educacaodocampo\/files\/2025\/11\/66ffa4f9-acfc-466b-95c3-8e28094166cd.jpeg\"><img loading=\"lazy\" decoding=\"async\" class=\"wp-image-5567 aligncenter\" src=\"http:\/\/www2.unifap.br\/educacaodocampo\/files\/2025\/11\/66ffa4f9-acfc-466b-95c3-8e28094166cd.jpeg\" alt=\"\" width=\"302\" height=\"453\" srcset=\"https:\/\/www2.unifap.br\/educacaodocampo\/files\/2025\/11\/66ffa4f9-acfc-466b-95c3-8e28094166cd.jpeg 694w, https:\/\/www2.unifap.br\/educacaodocampo\/files\/2025\/11\/66ffa4f9-acfc-466b-95c3-8e28094166cd-200x300.jpeg 200w, https:\/\/www2.unifap.br\/educacaodocampo\/files\/2025\/11\/66ffa4f9-acfc-466b-95c3-8e28094166cd-683x1024.jpeg 683w\" sizes=\"(max-width: 302px) 100vw, 302px\" \/><\/a><\/p>\n<p>&nbsp;<\/p>\n<p><a href=\"http:\/\/www2.unifap.br\/educacaodocampo\/files\/2025\/11\/be9bfcde-b899-459d-97da-1678ca672c26.jpeg\"><img loading=\"lazy\" decoding=\"async\" class=\"wp-image-5560 aligncenter\" src=\"http:\/\/www2.unifap.br\/educacaodocampo\/files\/2025\/11\/be9bfcde-b899-459d-97da-1678ca672c26.jpeg\" alt=\"\" width=\"305\" height=\"457\" srcset=\"https:\/\/www2.unifap.br\/educacaodocampo\/files\/2025\/11\/be9bfcde-b899-459d-97da-1678ca672c26.jpeg 694w, https:\/\/www2.unifap.br\/educacaodocampo\/files\/2025\/11\/be9bfcde-b899-459d-97da-1678ca672c26-200x300.jpeg 200w, https:\/\/www2.unifap.br\/educacaodocampo\/files\/2025\/11\/be9bfcde-b899-459d-97da-1678ca672c26-683x1024.jpeg 683w\" sizes=\"(max-width: 305px) 100vw, 305px\" \/><\/a><\/p>\n<p><a href=\"http:\/\/www2.unifap.br\/educacaodocampo\/files\/2025\/11\/4065c182-5146-4ccd-8727-6863dee7e5f1.jpeg\"><img loading=\"lazy\" decoding=\"async\" class=\"wp-image-5561 aligncenter\" src=\"http:\/\/www2.unifap.br\/educacaodocampo\/files\/2025\/11\/4065c182-5146-4ccd-8727-6863dee7e5f1.jpeg\" alt=\"\" width=\"315\" height=\"472\" srcset=\"https:\/\/www2.unifap.br\/educacaodocampo\/files\/2025\/11\/4065c182-5146-4ccd-8727-6863dee7e5f1.jpeg 694w, https:\/\/www2.unifap.br\/educacaodocampo\/files\/2025\/11\/4065c182-5146-4ccd-8727-6863dee7e5f1-200x300.jpeg 200w, https:\/\/www2.unifap.br\/educacaodocampo\/files\/2025\/11\/4065c182-5146-4ccd-8727-6863dee7e5f1-683x1024.jpeg 683w\" sizes=\"(max-width: 315px) 100vw, 315px\" \/><\/a><\/p>\n<p><a href=\"http:\/\/www2.unifap.br\/educacaodocampo\/files\/2025\/11\/64963c01-41df-44b4-b09c-3f22e8b11703.jpeg\"><img loading=\"lazy\" decoding=\"async\" class=\"wp-image-5555 aligncenter\" src=\"http:\/\/www2.unifap.br\/educacaodocampo\/files\/2025\/11\/64963c01-41df-44b4-b09c-3f22e8b11703.jpeg\" alt=\"\" width=\"435\" height=\"290\" srcset=\"https:\/\/www2.unifap.br\/educacaodocampo\/files\/2025\/11\/64963c01-41df-44b4-b09c-3f22e8b11703.jpeg 1040w, https:\/\/www2.unifap.br\/educacaodocampo\/files\/2025\/11\/64963c01-41df-44b4-b09c-3f22e8b11703-300x200.jpeg 300w, https:\/\/www2.unifap.br\/educacaodocampo\/files\/2025\/11\/64963c01-41df-44b4-b09c-3f22e8b11703-1024x683.jpeg 1024w, https:\/\/www2.unifap.br\/educacaodocampo\/files\/2025\/11\/64963c01-41df-44b4-b09c-3f22e8b11703-768x512.jpeg 768w\" sizes=\"(max-width: 435px) 100vw, 435px\" \/><\/a><\/p>\n<p><a href=\"http:\/\/www2.unifap.br\/educacaodocampo\/files\/2025\/11\/6ab80e37-e1bb-4dd8-821d-44e8637ba874.jpeg\"><img loading=\"lazy\" decoding=\"async\" class=\"wp-image-5568 aligncenter\" src=\"http:\/\/www2.unifap.br\/educacaodocampo\/files\/2025\/11\/6ab80e37-e1bb-4dd8-821d-44e8637ba874.jpeg\" alt=\"\" width=\"612\" height=\"408\" srcset=\"https:\/\/www2.unifap.br\/educacaodocampo\/files\/2025\/11\/6ab80e37-e1bb-4dd8-821d-44e8637ba874.jpeg 1392w, https:\/\/www2.unifap.br\/educacaodocampo\/files\/2025\/11\/6ab80e37-e1bb-4dd8-821d-44e8637ba874-300x200.jpeg 300w, https:\/\/www2.unifap.br\/educacaodocampo\/files\/2025\/11\/6ab80e37-e1bb-4dd8-821d-44e8637ba874-1024x683.jpeg 1024w, https:\/\/www2.unifap.br\/educacaodocampo\/files\/2025\/11\/6ab80e37-e1bb-4dd8-821d-44e8637ba874-768x512.jpeg 768w\" sizes=\"(max-width: 612px) 100vw, 612px\" \/><\/a><\/p>\n","protected":false},"excerpt":{"rendered":"<p>No dia 21 de novembro de 2025, o campus da nossa universidade foi palco de uma programa\u00e7\u00e3o especial em homenagem ao Dia da Consci\u00eancia Negra, organizada pela Comiss\u00e3o Eleitoral do Centro Acad\u00eamico Licenciatura em Educa\u00e7\u00e3o do Campo &#8211; CALEDOC O&hellip; <\/p>\n<p><a href=\"https:\/\/www2.unifap.br\/educacaodocampo\/5563-2\/\" class=\"readmore-button\">Continue Reading<\/a><\/p>\n","protected":false},"author":3997,"featured_media":0,"parent":0,"menu_order":0,"comment_status":"closed","ping_status":"closed","template":"","meta":{"inline_featured_image":false,"ngg_post_thumbnail":0,"footnotes":""},"class_list":["post-5563","page","type-page","status-publish","hentry"],"_links":{"self":[{"href":"https:\/\/www2.unifap.br\/educacaodocampo\/wp-json\/wp\/v2\/pages\/5563","targetHints":{"allow":["GET"]}}],"collection":[{"href":"https:\/\/www2.unifap.br\/educacaodocampo\/wp-json\/wp\/v2\/pages"}],"about":[{"href":"https:\/\/www2.unifap.br\/educacaodocampo\/wp-json\/wp\/v2\/types\/page"}],"author":[{"embeddable":true,"href":"https:\/\/www2.unifap.br\/educacaodocampo\/wp-json\/wp\/v2\/users\/3997"}],"replies":[{"embeddable":true,"href":"https:\/\/www2.unifap.br\/educacaodocampo\/wp-json\/wp\/v2\/comments?post=5563"}],"version-history":[{"count":3,"href":"https:\/\/www2.unifap.br\/educacaodocampo\/wp-json\/wp\/v2\/pages\/5563\/revisions"}],"predecessor-version":[{"id":5572,"href":"https:\/\/www2.unifap.br\/educacaodocampo\/wp-json\/wp\/v2\/pages\/5563\/revisions\/5572"}],"wp:attachment":[{"href":"https:\/\/www2.unifap.br\/educacaodocampo\/wp-json\/wp\/v2\/media?parent=5563"}],"curies":[{"name":"wp","href":"https:\/\/api.w.org\/{rel}","templated":true}]}}