{"id":5600,"date":"2026-01-26T11:32:30","date_gmt":"2026-01-26T14:32:30","guid":{"rendered":"https:\/\/www2.unifap.br\/educacaodocampo\/?page_id=5600"},"modified":"2026-01-26T11:35:01","modified_gmt":"2026-01-26T14:35:01","slug":"edital-publicado-processo-seletivo-ledoc-2026-1","status":"publish","type":"page","link":"https:\/\/www2.unifap.br\/educacaodocampo\/edital-publicado-processo-seletivo-ledoc-2026-1\/","title":{"rendered":"EDITAL PUBLICADO \u2013 Processo Seletivo\/LEDOC 2026.1"},"content":{"rendered":"<p>\ud83d\udce2 &nbsp;EDITAL PUBLICADO \u2013 Processo Seletivo\/LEdoC 2026.1 \ud83c\udf31\ud83c\udf93<\/p>\n<p>Aten\u00e7\u00e3o, povos do campo, das \u00e1guas e das florestas!<\/p>\n<p>J\u00e1 est\u00e1 publicado o Edital do Processo Seletivo da Licenciatura em Educa\u00e7\u00e3o do Campo (LEdoC) \u2013 2026.1.<\/p>\n<p>Uma oportunidade para quem deseja uma forma\u00e7\u00e3o superior comprometida com os saberes, territ\u00f3rios e lutas dos povos do campo, das \u00e1guas e das florestas.<\/p>\n<p>\ud83d\uddd3 Inscri\u00e7\u00f5es: 26 de janeiro a 12 de fevereiro de 2026<\/p>\n<p>\ud83d\udd0e Confira o edital completo no link: https:\/\/depsec.unifap.br\/concursos\/processos\/69728c2f00a2d7e605f6d8c1<\/p>\n<p>\ud83d\udce3 \ud83c\udf3b\ud83c\udf43Compartilhe e marque quem precisa saber dessa oportunidade!<\/p>\n<p>#LEdoC #Educa\u00e7\u00e3oDoCampo #UNIFAP #ProcessoSeletivo #Campo\u00c1guasFlorestas #EnsinoSuperior #Amaz\u00f4nia<\/p>\n<p><a href=\"http:\/\/www2.unifap.br\/educacaodocampo\/files\/2026\/01\/EDITAL-PS-01-2026.pdf\">EDITAL PS 01-2026<\/a><\/p>\n<p><a href=\"http:\/\/www2.unifap.br\/educacaodocampo\/files\/2026\/01\/WhatsApp-Image-2026-01-26-at-10.48.39.jpeg\"><img fetchpriority=\"high\" decoding=\"async\" class=\"wp-image-5584 aligncenter\" src=\"http:\/\/www2.unifap.br\/educacaodocampo\/files\/2026\/01\/WhatsApp-Image-2026-01-26-at-10.48.39.jpeg\" alt=\"\" width=\"389\" height=\"551\" srcset=\"https:\/\/www2.unifap.br\/educacaodocampo\/files\/2026\/01\/WhatsApp-Image-2026-01-26-at-10.48.39.jpeg 1131w, https:\/\/www2.unifap.br\/educacaodocampo\/files\/2026\/01\/WhatsApp-Image-2026-01-26-at-10.48.39-212x300.jpeg 212w, https:\/\/www2.unifap.br\/educacaodocampo\/files\/2026\/01\/WhatsApp-Image-2026-01-26-at-10.48.39-724x1024.jpeg 724w, https:\/\/www2.unifap.br\/educacaodocampo\/files\/2026\/01\/WhatsApp-Image-2026-01-26-at-10.48.39-768x1086.jpeg 768w, https:\/\/www2.unifap.br\/educacaodocampo\/files\/2026\/01\/WhatsApp-Image-2026-01-26-at-10.48.39-1086x1536.jpeg 1086w\" sizes=\"(max-width: 389px) 100vw, 389px\" \/><\/a><\/p>\n","protected":false},"excerpt":{"rendered":"<p>\ud83d\udce2 &nbsp;EDITAL PUBLICADO \u2013 Processo Seletivo\/LEdoC 2026.1 \ud83c\udf31\ud83c\udf93 Aten\u00e7\u00e3o, povos do campo, das \u00e1guas e das florestas! J\u00e1 est\u00e1 publicado o Edital do Processo Seletivo da Licenciatura em Educa\u00e7\u00e3o do Campo (LEdoC) \u2013 2026.1. Uma oportunidade para quem deseja uma&hellip; <\/p>\n<p><a href=\"https:\/\/www2.unifap.br\/educacaodocampo\/edital-publicado-processo-seletivo-ledoc-2026-1\/\" class=\"readmore-button\">Continue Reading<\/a><\/p>\n","protected":false},"author":3997,"featured_media":0,"parent":0,"menu_order":0,"comment_status":"closed","ping_status":"closed","template":"","meta":{"inline_featured_image":false,"ngg_post_thumbnail":0,"footnotes":""},"class_list":["post-5600","page","type-page","status-publish","hentry"],"_links":{"self":[{"href":"https:\/\/www2.unifap.br\/educacaodocampo\/wp-json\/wp\/v2\/pages\/5600","targetHints":{"allow":["GET"]}}],"collection":[{"href":"https:\/\/www2.unifap.br\/educacaodocampo\/wp-json\/wp\/v2\/pages"}],"about":[{"href":"https:\/\/www2.unifap.br\/educacaodocampo\/wp-json\/wp\/v2\/types\/page"}],"author":[{"embeddable":true,"href":"https:\/\/www2.unifap.br\/educacaodocampo\/wp-json\/wp\/v2\/users\/3997"}],"replies":[{"embeddable":true,"href":"https:\/\/www2.unifap.br\/educacaodocampo\/wp-json\/wp\/v2\/comments?post=5600"}],"version-history":[{"count":3,"href":"https:\/\/www2.unifap.br\/educacaodocampo\/wp-json\/wp\/v2\/pages\/5600\/revisions"}],"predecessor-version":[{"id":5604,"href":"https:\/\/www2.unifap.br\/educacaodocampo\/wp-json\/wp\/v2\/pages\/5600\/revisions\/5604"}],"wp:attachment":[{"href":"https:\/\/www2.unifap.br\/educacaodocampo\/wp-json\/wp\/v2\/media?parent=5600"}],"curies":[{"name":"wp","href":"https:\/\/api.w.org\/{rel}","templated":true}]}}