{"id":5649,"date":"2026-02-19T11:03:27","date_gmt":"2026-02-19T14:03:27","guid":{"rendered":"https:\/\/www2.unifap.br\/educacaodocampo\/?page_id=5649"},"modified":"2026-02-20T11:04:26","modified_gmt":"2026-02-20T14:04:26","slug":"atas-ano-2025","status":"publish","type":"page","link":"https:\/\/www2.unifap.br\/educacaodocampo\/atas-de-reunioes\/atas-ano-2025\/","title":{"rendered":"ATAS &#8211; ANO 2025"},"content":{"rendered":"<p><strong>REUNI\u00c3O EXTRAORDIN\u00c1RIA DE COLEGIADO<\/strong><\/p>\n<p><strong><a href=\"http:\/\/www2.unifap.br\/educacaodocampo\/files\/2025\/02\/ata-final-16-01.pdf\">ATA 15.01.2025<\/a><\/strong><\/p>\n<p><a href=\"http:\/\/www2.unifap.br\/educacaodocampo\/files\/2025\/04\/ata-final.pdf\"><strong>ATA 12.04.2025<\/strong><\/a><\/p>\n<p><strong><a href=\"http:\/\/www2.unifap.br\/educacaodocampo\/files\/2025\/10\/ATA-09.10.2025.pdf\">ATA 09.10.2025<\/a><\/strong>&nbsp;<\/p>\n<p><strong style=\"font-size: 1em\">REUNI\u00c3O ORDIN\u00c1RIA DE COLEGIADO<\/strong><\/p>\n<p><a href=\"http:\/\/www2.unifap.br\/educacaodocampo\/files\/2025\/03\/0bcc36143774a0a05149a7131c08482e9d7f14abf892fa6b37f772015c0e11881742562684839311624313373940445.pdf\"><strong>ATA 12.02.2025<\/strong><\/a><\/p>\n<p><strong><a href=\"http:\/\/www2.unifap.br\/educacaodocampo\/files\/2025\/06\/ata-final-23-04-2025.pdf\">ATA 23 04 2025<\/a><\/strong><\/p>\n<p><strong><a href=\"http:\/\/www2.unifap.br\/educacaodocampo\/files\/2025\/10\/ATA-28.05.2025.pdf\">ATA 28.05.2025<\/a><\/strong><\/p>\n<p><strong><a href=\"http:\/\/www2.unifap.br\/educacaodocampo\/files\/2025\/10\/ATA-25.06.2025.pdf\">ATA 25.06.2025<\/a><\/strong><\/p>\n<p><strong><a href=\"http:\/\/www2.unifap.br\/educacaodocampo\/files\/2025\/10\/ATA-06.08.2025.pdf\">ATA 06.08.2025<\/a><\/strong><\/p>\n<p><a href=\"http:\/\/www2.unifap.br\/educacaodocampo\/files\/2026\/02\/Reuniao-ordinaria-19.11.pdf\"><strong>ATA 19.11.2025<\/strong><\/a><\/p>\n<p><strong>REUNI\u00c3O DE NDE<\/strong><\/p>\n<p><strong><a href=\"http:\/\/www2.unifap.br\/educacaodocampo\/files\/2025\/10\/ATA-04.06.2025.pdf\">ATA 04.06.2025<\/a>&nbsp;<br \/>\n<\/strong><\/p>\n","protected":false},"excerpt":{"rendered":"<p>REUNI\u00c3O EXTRAORDIN\u00c1RIA DE COLEGIADO ATA 15.01.2025 ATA 12.04.2025 ATA 09.10.2025&nbsp; REUNI\u00c3O ORDIN\u00c1RIA DE COLEGIADO ATA 12.02.2025 ATA 23 04 2025 ATA 28.05.2025 ATA 25.06.2025 ATA 06.08.2025 ATA 19.11.2025 REUNI\u00c3O DE NDE ATA 04.06.2025&nbsp;<\/p>\n","protected":false},"author":3997,"featured_media":0,"parent":1295,"menu_order":0,"comment_status":"closed","ping_status":"closed","template":"","meta":{"inline_featured_image":false,"ngg_post_thumbnail":0,"footnotes":""},"class_list":["post-5649","page","type-page","status-publish","hentry"],"_links":{"self":[{"href":"https:\/\/www2.unifap.br\/educacaodocampo\/wp-json\/wp\/v2\/pages\/5649","targetHints":{"allow":["GET"]}}],"collection":[{"href":"https:\/\/www2.unifap.br\/educacaodocampo\/wp-json\/wp\/v2\/pages"}],"about":[{"href":"https:\/\/www2.unifap.br\/educacaodocampo\/wp-json\/wp\/v2\/types\/page"}],"author":[{"embeddable":true,"href":"https:\/\/www2.unifap.br\/educacaodocampo\/wp-json\/wp\/v2\/users\/3997"}],"replies":[{"embeddable":true,"href":"https:\/\/www2.unifap.br\/educacaodocampo\/wp-json\/wp\/v2\/comments?post=5649"}],"version-history":[{"count":4,"href":"https:\/\/www2.unifap.br\/educacaodocampo\/wp-json\/wp\/v2\/pages\/5649\/revisions"}],"predecessor-version":[{"id":5734,"href":"https:\/\/www2.unifap.br\/educacaodocampo\/wp-json\/wp\/v2\/pages\/5649\/revisions\/5734"}],"up":[{"embeddable":true,"href":"https:\/\/www2.unifap.br\/educacaodocampo\/wp-json\/wp\/v2\/pages\/1295"}],"wp:attachment":[{"href":"https:\/\/www2.unifap.br\/educacaodocampo\/wp-json\/wp\/v2\/media?parent=5649"}],"curies":[{"name":"wp","href":"https:\/\/api.w.org\/{rel}","templated":true}]}}