{"id":5846,"date":"2026-05-04T10:05:58","date_gmt":"2026-05-04T13:05:58","guid":{"rendered":"https:\/\/www2.unifap.br\/educacaodocampo\/?page_id=5846"},"modified":"2026-05-04T10:05:58","modified_gmt":"2026-05-04T13:05:58","slug":"exposicao-potencialidade-das-frutiferas-da-amazonia-%f0%9f%8d%87%f0%9f%8c%b1","status":"publish","type":"page","link":"https:\/\/www2.unifap.br\/educacaodocampo\/exposicao-potencialidade-das-frutiferas-da-amazonia-%f0%9f%8d%87%f0%9f%8c%b1\/","title":{"rendered":"EXPOSI\u00c7\u00c3O \u2013 POTENCIALIDADE DAS FRUT\u00cdFERAS DA AMAZ\u00d4NIA! \ud83c\udf47\ud83c\udf31"},"content":{"rendered":"<p align=\"justify\">\ud83c\udf3f &nbsp;Aconteceu hoje, dia 26\/02\/2026, no <i>Campus<\/i> Mazag\u00e3o, uma exposi\u00e7\u00e3o preparada pelos discentes e pela docente doutora Flaviana Gon\u00e7alves, da disciplina de Fruticultura (Turma 2022), do Curso de Licenciatura em Educa\u00e7\u00e3o do Campo, UNIFAP.<\/p>\n<p align=\"justify\">\u2728 Foi um espa\u00e7o dedicado \u00e0 explora\u00e7\u00e3o de sabores, aromas, cores e conhecimentos sobre as frut\u00edferas que fazem parte da riqueza amaz\u00f4nica \u2014 suas potencialidades, usos e import\u00e2ncia para a regi\u00e3o.<a href=\"http:\/\/www2.unifap.br\/educacaodocampo\/files\/2026\/05\/WhatsApp-Image-2026-02-26-at-09.33.13.jpeg\"><img fetchpriority=\"high\" decoding=\"async\" class=\" wp-image-5837 aligncenter\" src=\"http:\/\/www2.unifap.br\/educacaodocampo\/files\/2026\/05\/WhatsApp-Image-2026-02-26-at-09.33.13.jpeg\" alt=\"\" width=\"526\" height=\"394\" srcset=\"https:\/\/www2.unifap.br\/educacaodocampo\/files\/2026\/05\/WhatsApp-Image-2026-02-26-at-09.33.13.jpeg 1600w, https:\/\/www2.unifap.br\/educacaodocampo\/files\/2026\/05\/WhatsApp-Image-2026-02-26-at-09.33.13-300x225.jpeg 300w, https:\/\/www2.unifap.br\/educacaodocampo\/files\/2026\/05\/WhatsApp-Image-2026-02-26-at-09.33.13-1024x768.jpeg 1024w, https:\/\/www2.unifap.br\/educacaodocampo\/files\/2026\/05\/WhatsApp-Image-2026-02-26-at-09.33.13-768x576.jpeg 768w, https:\/\/www2.unifap.br\/educacaodocampo\/files\/2026\/05\/WhatsApp-Image-2026-02-26-at-09.33.13-1536x1152.jpeg 1536w\" sizes=\"(max-width: 526px) 100vw, 526px\" \/><\/a><a href=\"http:\/\/www2.unifap.br\/educacaodocampo\/files\/2026\/05\/WhatsApp-Image-2026-02-26-at-09.45.09-1.jpeg\"><img decoding=\"async\" class=\"wp-image-5838 aligncenter\" src=\"http:\/\/www2.unifap.br\/educacaodocampo\/files\/2026\/05\/WhatsApp-Image-2026-02-26-at-09.45.09-1.jpeg\" alt=\"\" width=\"527\" height=\"395\" srcset=\"https:\/\/www2.unifap.br\/educacaodocampo\/files\/2026\/05\/WhatsApp-Image-2026-02-26-at-09.45.09-1.jpeg 1600w, https:\/\/www2.unifap.br\/educacaodocampo\/files\/2026\/05\/WhatsApp-Image-2026-02-26-at-09.45.09-1-300x225.jpeg 300w, https:\/\/www2.unifap.br\/educacaodocampo\/files\/2026\/05\/WhatsApp-Image-2026-02-26-at-09.45.09-1-1024x768.jpeg 1024w, https:\/\/www2.unifap.br\/educacaodocampo\/files\/2026\/05\/WhatsApp-Image-2026-02-26-at-09.45.09-1-768x576.jpeg 768w, https:\/\/www2.unifap.br\/educacaodocampo\/files\/2026\/05\/WhatsApp-Image-2026-02-26-at-09.45.09-1-1536x1152.jpeg 1536w\" sizes=\"(max-width: 527px) 100vw, 527px\" \/><\/a><a href=\"http:\/\/www2.unifap.br\/educacaodocampo\/files\/2026\/05\/WhatsApp-Image-2026-02-26-at-09.46.40-1.jpeg\"><img decoding=\"async\" class=\"wp-image-5841 aligncenter\" src=\"http:\/\/www2.unifap.br\/educacaodocampo\/files\/2026\/05\/WhatsApp-Image-2026-02-26-at-09.46.40-1.jpeg\" alt=\"\" width=\"531\" height=\"398\" srcset=\"https:\/\/www2.unifap.br\/educacaodocampo\/files\/2026\/05\/WhatsApp-Image-2026-02-26-at-09.46.40-1.jpeg 1600w, https:\/\/www2.unifap.br\/educacaodocampo\/files\/2026\/05\/WhatsApp-Image-2026-02-26-at-09.46.40-1-300x225.jpeg 300w, https:\/\/www2.unifap.br\/educacaodocampo\/files\/2026\/05\/WhatsApp-Image-2026-02-26-at-09.46.40-1-1024x768.jpeg 1024w, https:\/\/www2.unifap.br\/educacaodocampo\/files\/2026\/05\/WhatsApp-Image-2026-02-26-at-09.46.40-1-768x576.jpeg 768w, https:\/\/www2.unifap.br\/educacaodocampo\/files\/2026\/05\/WhatsApp-Image-2026-02-26-at-09.46.40-1-1536x1152.jpeg 1536w\" sizes=\"(max-width: 531px) 100vw, 531px\" \/><\/a><a href=\"http:\/\/www2.unifap.br\/educacaodocampo\/files\/2026\/05\/WhatsApp-Image-2026-02-26-at-09.45.09-2.jpeg\"><img loading=\"lazy\" decoding=\"async\" class=\"wp-image-5847 aligncenter\" src=\"http:\/\/www2.unifap.br\/educacaodocampo\/files\/2026\/05\/WhatsApp-Image-2026-02-26-at-09.45.09-2.jpeg\" alt=\"\" width=\"520\" height=\"390\" srcset=\"https:\/\/www2.unifap.br\/educacaodocampo\/files\/2026\/05\/WhatsApp-Image-2026-02-26-at-09.45.09-2.jpeg 1600w, https:\/\/www2.unifap.br\/educacaodocampo\/files\/2026\/05\/WhatsApp-Image-2026-02-26-at-09.45.09-2-300x225.jpeg 300w, https:\/\/www2.unifap.br\/educacaodocampo\/files\/2026\/05\/WhatsApp-Image-2026-02-26-at-09.45.09-2-1024x768.jpeg 1024w, https:\/\/www2.unifap.br\/educacaodocampo\/files\/2026\/05\/WhatsApp-Image-2026-02-26-at-09.45.09-2-768x576.jpeg 768w, https:\/\/www2.unifap.br\/educacaodocampo\/files\/2026\/05\/WhatsApp-Image-2026-02-26-at-09.45.09-2-1536x1152.jpeg 1536w\" sizes=\"(max-width: 520px) 100vw, 520px\" \/><\/a><a href=\"http:\/\/www2.unifap.br\/educacaodocampo\/files\/2026\/05\/WhatsApp-Image-2026-02-26-at-09.46.40.jpeg\"><img loading=\"lazy\" decoding=\"async\" class=\"wp-image-5840 aligncenter\" src=\"http:\/\/www2.unifap.br\/educacaodocampo\/files\/2026\/05\/WhatsApp-Image-2026-02-26-at-09.46.40.jpeg\" alt=\"\" width=\"521\" height=\"391\" srcset=\"https:\/\/www2.unifap.br\/educacaodocampo\/files\/2026\/05\/WhatsApp-Image-2026-02-26-at-09.46.40.jpeg 1600w, https:\/\/www2.unifap.br\/educacaodocampo\/files\/2026\/05\/WhatsApp-Image-2026-02-26-at-09.46.40-300x225.jpeg 300w, https:\/\/www2.unifap.br\/educacaodocampo\/files\/2026\/05\/WhatsApp-Image-2026-02-26-at-09.46.40-1024x768.jpeg 1024w, https:\/\/www2.unifap.br\/educacaodocampo\/files\/2026\/05\/WhatsApp-Image-2026-02-26-at-09.46.40-768x576.jpeg 768w, https:\/\/www2.unifap.br\/educacaodocampo\/files\/2026\/05\/WhatsApp-Image-2026-02-26-at-09.46.40-1536x1152.jpeg 1536w\" sizes=\"(max-width: 521px) 100vw, 521px\" \/><\/a><\/p>\n","protected":false},"excerpt":{"rendered":"<p>\ud83c\udf3f &nbsp;Aconteceu hoje, dia 26\/02\/2026, no Campus Mazag\u00e3o, uma exposi\u00e7\u00e3o preparada pelos discentes e pela docente doutora Flaviana Gon\u00e7alves, da disciplina de Fruticultura (Turma 2022), do Curso de Licenciatura em Educa\u00e7\u00e3o do Campo, UNIFAP. \u2728 Foi um espa\u00e7o dedicado \u00e0&hellip; <\/p>\n<p><a href=\"https:\/\/www2.unifap.br\/educacaodocampo\/exposicao-potencialidade-das-frutiferas-da-amazonia-%f0%9f%8d%87%f0%9f%8c%b1\/\" class=\"readmore-button\">Continue Reading<\/a><\/p>\n","protected":false},"author":3997,"featured_media":0,"parent":0,"menu_order":0,"comment_status":"closed","ping_status":"closed","template":"","meta":{"inline_featured_image":false,"ngg_post_thumbnail":0,"footnotes":""},"class_list":["post-5846","page","type-page","status-publish","hentry"],"_links":{"self":[{"href":"https:\/\/www2.unifap.br\/educacaodocampo\/wp-json\/wp\/v2\/pages\/5846","targetHints":{"allow":["GET"]}}],"collection":[{"href":"https:\/\/www2.unifap.br\/educacaodocampo\/wp-json\/wp\/v2\/pages"}],"about":[{"href":"https:\/\/www2.unifap.br\/educacaodocampo\/wp-json\/wp\/v2\/types\/page"}],"author":[{"embeddable":true,"href":"https:\/\/www2.unifap.br\/educacaodocampo\/wp-json\/wp\/v2\/users\/3997"}],"replies":[{"embeddable":true,"href":"https:\/\/www2.unifap.br\/educacaodocampo\/wp-json\/wp\/v2\/comments?post=5846"}],"version-history":[{"count":1,"href":"https:\/\/www2.unifap.br\/educacaodocampo\/wp-json\/wp\/v2\/pages\/5846\/revisions"}],"predecessor-version":[{"id":5848,"href":"https:\/\/www2.unifap.br\/educacaodocampo\/wp-json\/wp\/v2\/pages\/5846\/revisions\/5848"}],"wp:attachment":[{"href":"https:\/\/www2.unifap.br\/educacaodocampo\/wp-json\/wp\/v2\/media?parent=5846"}],"curies":[{"name":"wp","href":"https:\/\/api.w.org\/{rel}","templated":true}]}}