{"id":5852,"date":"2026-05-04T10:51:06","date_gmt":"2026-05-04T13:51:06","guid":{"rendered":"https:\/\/www2.unifap.br\/educacaodocampo\/?page_id=5852"},"modified":"2026-05-04T10:51:06","modified_gmt":"2026-05-04T13:51:06","slug":"calourada-2026-1","status":"publish","type":"page","link":"https:\/\/www2.unifap.br\/educacaodocampo\/calourada-2026-1\/","title":{"rendered":"CALOURADA &#8211; 2026.1"},"content":{"rendered":"<p class=\"isSelectedEnd\">\ud83c\udf89 CALOURADA 2026.1 \ud83c\udf89<\/p>\n<p class=\"isSelectedEnd\">E a nossa Calourada 2026.1 foi simplesmente inesquec\u00edvel! \ud83d\udd25\ud83d\udc83\ud83d\udd7a<\/p>\n<p class=\"isSelectedEnd\">Vivemos momentos incr\u00edveis, cheios de energia, integra\u00e7\u00e3o e muita alegria. Foi a recep\u00e7\u00e3o perfeita para dar as boas-vindas aos novos alunos e celebrar o in\u00edcio de mais uma jornada acad\u00eamica.<\/p>\n<p class=\"isSelectedEnd\">Agradecemos a todos que participaram e fizeram desse evento um verdadeiro sucesso \u2014 voc\u00eas fizeram a diferen\u00e7a! \ud83d\udc99<\/p>\n<p>Que venham mais momentos como esse ao longo do semestre!<\/p>\n<p><a href=\"http:\/\/www2.unifap.br\/educacaodocampo\/files\/2026\/05\/WhatsApp-Image-2026-03-24-at-19.18.44.jpeg\"><img fetchpriority=\"high\" decoding=\"async\" class=\"wp-image-5853 alignleft\" src=\"http:\/\/www2.unifap.br\/educacaodocampo\/files\/2026\/05\/WhatsApp-Image-2026-03-24-at-19.18.44.jpeg\" alt=\"\" width=\"387\" height=\"688\" srcset=\"https:\/\/www2.unifap.br\/educacaodocampo\/files\/2026\/05\/WhatsApp-Image-2026-03-24-at-19.18.44.jpeg 900w, https:\/\/www2.unifap.br\/educacaodocampo\/files\/2026\/05\/WhatsApp-Image-2026-03-24-at-19.18.44-169x300.jpeg 169w, https:\/\/www2.unifap.br\/educacaodocampo\/files\/2026\/05\/WhatsApp-Image-2026-03-24-at-19.18.44-576x1024.jpeg 576w, https:\/\/www2.unifap.br\/educacaodocampo\/files\/2026\/05\/WhatsApp-Image-2026-03-24-at-19.18.44-768x1365.jpeg 768w, https:\/\/www2.unifap.br\/educacaodocampo\/files\/2026\/05\/WhatsApp-Image-2026-03-24-at-19.18.44-864x1536.jpeg 864w\" sizes=\"(max-width: 387px) 100vw, 387px\" \/><\/a><a href=\"http:\/\/www2.unifap.br\/educacaodocampo\/files\/2026\/04\/WhatsApp-Image-2026-03-24-at-19.19.10.jpeg\"><img decoding=\"async\" class=\"wp-image-5826 alignleft\" src=\"http:\/\/www2.unifap.br\/educacaodocampo\/files\/2026\/04\/WhatsApp-Image-2026-03-24-at-19.19.10.jpeg\" alt=\"\" width=\"594\" height=\"334\" srcset=\"https:\/\/www2.unifap.br\/educacaodocampo\/files\/2026\/04\/WhatsApp-Image-2026-03-24-at-19.19.10.jpeg 1600w, https:\/\/www2.unifap.br\/educacaodocampo\/files\/2026\/04\/WhatsApp-Image-2026-03-24-at-19.19.10-300x169.jpeg 300w, https:\/\/www2.unifap.br\/educacaodocampo\/files\/2026\/04\/WhatsApp-Image-2026-03-24-at-19.19.10-1024x576.jpeg 1024w, https:\/\/www2.unifap.br\/educacaodocampo\/files\/2026\/04\/WhatsApp-Image-2026-03-24-at-19.19.10-768x432.jpeg 768w, https:\/\/www2.unifap.br\/educacaodocampo\/files\/2026\/04\/WhatsApp-Image-2026-03-24-at-19.19.10-1536x864.jpeg 1536w\" sizes=\"(max-width: 594px) 100vw, 594px\" \/><\/a><a href=\"http:\/\/www2.unifap.br\/educacaodocampo\/files\/2026\/04\/WhatsApp-Image-2026-03-24-at-19.20.59.jpeg\"><img decoding=\"async\" class=\"wp-image-5825 alignleft\" src=\"http:\/\/www2.unifap.br\/educacaodocampo\/files\/2026\/04\/WhatsApp-Image-2026-03-24-at-19.20.59.jpeg\" alt=\"\" width=\"603\" height=\"339\" srcset=\"https:\/\/www2.unifap.br\/educacaodocampo\/files\/2026\/04\/WhatsApp-Image-2026-03-24-at-19.20.59.jpeg 1600w, https:\/\/www2.unifap.br\/educacaodocampo\/files\/2026\/04\/WhatsApp-Image-2026-03-24-at-19.20.59-300x169.jpeg 300w, https:\/\/www2.unifap.br\/educacaodocampo\/files\/2026\/04\/WhatsApp-Image-2026-03-24-at-19.20.59-1024x576.jpeg 1024w, https:\/\/www2.unifap.br\/educacaodocampo\/files\/2026\/04\/WhatsApp-Image-2026-03-24-at-19.20.59-768x432.jpeg 768w, https:\/\/www2.unifap.br\/educacaodocampo\/files\/2026\/04\/WhatsApp-Image-2026-03-24-at-19.20.59-1536x864.jpeg 1536w\" sizes=\"(max-width: 603px) 100vw, 603px\" \/><\/a><a href=\"http:\/\/www2.unifap.br\/educacaodocampo\/files\/2026\/04\/WhatsApp-Image-2026-03-24-at-19.21.19.jpeg\"><img loading=\"lazy\" decoding=\"async\" class=\"wp-image-5824 alignleft\" src=\"http:\/\/www2.unifap.br\/educacaodocampo\/files\/2026\/04\/WhatsApp-Image-2026-03-24-at-19.21.19.jpeg\" alt=\"\" width=\"999\" height=\"562\" srcset=\"https:\/\/www2.unifap.br\/educacaodocampo\/files\/2026\/04\/WhatsApp-Image-2026-03-24-at-19.21.19.jpeg 1600w, https:\/\/www2.unifap.br\/educacaodocampo\/files\/2026\/04\/WhatsApp-Image-2026-03-24-at-19.21.19-300x169.jpeg 300w, https:\/\/www2.unifap.br\/educacaodocampo\/files\/2026\/04\/WhatsApp-Image-2026-03-24-at-19.21.19-1024x576.jpeg 1024w, https:\/\/www2.unifap.br\/educacaodocampo\/files\/2026\/04\/WhatsApp-Image-2026-03-24-at-19.21.19-768x432.jpeg 768w, https:\/\/www2.unifap.br\/educacaodocampo\/files\/2026\/04\/WhatsApp-Image-2026-03-24-at-19.21.19-1536x864.jpeg 1536w\" sizes=\"(max-width: 999px) 100vw, 999px\" \/><\/a><a href=\"http:\/\/www2.unifap.br\/educacaodocampo\/files\/2026\/04\/WhatsApp-Image-2026-03-24-at-19.20.35.jpeg\"><img loading=\"lazy\" decoding=\"async\" class=\"wp-image-5823 alignnone\" src=\"http:\/\/www2.unifap.br\/educacaodocampo\/files\/2026\/04\/WhatsApp-Image-2026-03-24-at-19.20.35.jpeg\" alt=\"\" width=\"606\" height=\"341\" srcset=\"https:\/\/www2.unifap.br\/educacaodocampo\/files\/2026\/04\/WhatsApp-Image-2026-03-24-at-19.20.35.jpeg 1600w, https:\/\/www2.unifap.br\/educacaodocampo\/files\/2026\/04\/WhatsApp-Image-2026-03-24-at-19.20.35-300x169.jpeg 300w, https:\/\/www2.unifap.br\/educacaodocampo\/files\/2026\/04\/WhatsApp-Image-2026-03-24-at-19.20.35-1024x576.jpeg 1024w, https:\/\/www2.unifap.br\/educacaodocampo\/files\/2026\/04\/WhatsApp-Image-2026-03-24-at-19.20.35-768x432.jpeg 768w, https:\/\/www2.unifap.br\/educacaodocampo\/files\/2026\/04\/WhatsApp-Image-2026-03-24-at-19.20.35-1536x864.jpeg 1536w\" sizes=\"(max-width: 606px) 100vw, 606px\" \/><\/a><a href=\"http:\/\/www2.unifap.br\/educacaodocampo\/files\/2026\/05\/WhatsApp-Image-2026-05-04-at-10.45.51.jpeg\"><img loading=\"lazy\" decoding=\"async\" class=\"wp-image-5854 alignleft\" src=\"http:\/\/www2.unifap.br\/educacaodocampo\/files\/2026\/05\/WhatsApp-Image-2026-05-04-at-10.45.51.jpeg\" alt=\"\" width=\"643\" height=\"342\" srcset=\"https:\/\/www2.unifap.br\/educacaodocampo\/files\/2026\/05\/WhatsApp-Image-2026-05-04-at-10.45.51.jpeg 720w, https:\/\/www2.unifap.br\/educacaodocampo\/files\/2026\/05\/WhatsApp-Image-2026-05-04-at-10.45.51-300x160.jpeg 300w\" sizes=\"(max-width: 643px) 100vw, 643px\" \/><\/a><\/p>\n","protected":false},"excerpt":{"rendered":"<p>\ud83c\udf89 CALOURADA 2026.1 \ud83c\udf89 E a nossa Calourada 2026.1 foi simplesmente inesquec\u00edvel! \ud83d\udd25\ud83d\udc83\ud83d\udd7a Vivemos momentos incr\u00edveis, cheios de energia, integra\u00e7\u00e3o e muita alegria. Foi a recep\u00e7\u00e3o perfeita para dar as boas-vindas aos novos alunos e celebrar o in\u00edcio de mais&hellip; <\/p>\n<p><a href=\"https:\/\/www2.unifap.br\/educacaodocampo\/calourada-2026-1\/\" class=\"readmore-button\">Continue Reading<\/a><\/p>\n","protected":false},"author":3997,"featured_media":0,"parent":0,"menu_order":0,"comment_status":"closed","ping_status":"closed","template":"","meta":{"inline_featured_image":false,"ngg_post_thumbnail":0,"footnotes":""},"class_list":["post-5852","page","type-page","status-publish","hentry"],"_links":{"self":[{"href":"https:\/\/www2.unifap.br\/educacaodocampo\/wp-json\/wp\/v2\/pages\/5852","targetHints":{"allow":["GET"]}}],"collection":[{"href":"https:\/\/www2.unifap.br\/educacaodocampo\/wp-json\/wp\/v2\/pages"}],"about":[{"href":"https:\/\/www2.unifap.br\/educacaodocampo\/wp-json\/wp\/v2\/types\/page"}],"author":[{"embeddable":true,"href":"https:\/\/www2.unifap.br\/educacaodocampo\/wp-json\/wp\/v2\/users\/3997"}],"replies":[{"embeddable":true,"href":"https:\/\/www2.unifap.br\/educacaodocampo\/wp-json\/wp\/v2\/comments?post=5852"}],"version-history":[{"count":1,"href":"https:\/\/www2.unifap.br\/educacaodocampo\/wp-json\/wp\/v2\/pages\/5852\/revisions"}],"predecessor-version":[{"id":5855,"href":"https:\/\/www2.unifap.br\/educacaodocampo\/wp-json\/wp\/v2\/pages\/5852\/revisions\/5855"}],"wp:attachment":[{"href":"https:\/\/www2.unifap.br\/educacaodocampo\/wp-json\/wp\/v2\/media?parent=5852"}],"curies":[{"name":"wp","href":"https:\/\/api.w.org\/{rel}","templated":true}]}}