{"id":5859,"date":"2026-05-04T11:30:26","date_gmt":"2026-05-04T14:30:26","guid":{"rendered":"https:\/\/www2.unifap.br\/educacaodocampo\/?page_id=5859"},"modified":"2026-05-04T11:30:26","modified_gmt":"2026-05-04T14:30:26","slug":"mulheres-universidade-e-vida-experiencias-que-constroem-caminhos","status":"publish","type":"page","link":"https:\/\/www2.unifap.br\/educacaodocampo\/mulheres-universidade-e-vida-experiencias-que-constroem-caminhos\/","title":{"rendered":"MULHERES UNIVERSIDADE E VIDA: EXPERI\u00caNCIAS QUE CONSTROEM CAMINHOS"},"content":{"rendered":"<p data-start=\"0\" data-end=\"163\">Hoje 27\/03\/2026, pela manh\u00e3, houve uma programa\u00e7\u00e3o especial voltada \u00e0s mulheres, com mesa de conversa e diversos servi\u00e7os, como vacina\u00e7\u00e3o, teste r\u00e1pido, maquiagem e lanche.<\/p>\n<p data-start=\"165\" data-end=\"206\">Toda a comunidade acad\u00eamica participou.<\/p>\n<p data-start=\"208\" data-end=\"272\" data-is-last-node=\"\" data-is-only-node=\"\">A atividade foi organizada pela professora doutora Kalyne Brito.&nbsp;<\/p>\n<p data-start=\"208\" data-end=\"272\" data-is-last-node=\"\" data-is-only-node=\"\"><a href=\"http:\/\/www2.unifap.br\/educacaodocampo\/files\/2026\/05\/WhatsApp-Image-2026-03-26-at-15.55.47.jpeg\"><img fetchpriority=\"high\" decoding=\"async\" class=\"wp-image-5860 alignleft\" src=\"http:\/\/www2.unifap.br\/educacaodocampo\/files\/2026\/05\/WhatsApp-Image-2026-03-26-at-15.55.47.jpeg\" alt=\"\" width=\"531\" height=\"664\" srcset=\"https:\/\/www2.unifap.br\/educacaodocampo\/files\/2026\/05\/WhatsApp-Image-2026-03-26-at-15.55.47.jpeg 1080w, https:\/\/www2.unifap.br\/educacaodocampo\/files\/2026\/05\/WhatsApp-Image-2026-03-26-at-15.55.47-240x300.jpeg 240w, https:\/\/www2.unifap.br\/educacaodocampo\/files\/2026\/05\/WhatsApp-Image-2026-03-26-at-15.55.47-819x1024.jpeg 819w, https:\/\/www2.unifap.br\/educacaodocampo\/files\/2026\/05\/WhatsApp-Image-2026-03-26-at-15.55.47-768x960.jpeg 768w\" sizes=\"(max-width: 531px) 100vw, 531px\" \/><\/a><\/p>\n<p data-start=\"208\" data-end=\"272\" data-is-last-node=\"\" data-is-only-node=\"\"><a href=\"http:\/\/www2.unifap.br\/educacaodocampo\/files\/2026\/05\/WhatsApp-Image-2026-03-27-at-19.55.12.jpeg\"><img decoding=\"async\" class=\"wp-image-5861 aligncenter\" src=\"http:\/\/www2.unifap.br\/educacaodocampo\/files\/2026\/05\/WhatsApp-Image-2026-03-27-at-19.55.12.jpeg\" alt=\"\" width=\"618\" height=\"412\" srcset=\"https:\/\/www2.unifap.br\/educacaodocampo\/files\/2026\/05\/WhatsApp-Image-2026-03-27-at-19.55.12.jpeg 1600w, https:\/\/www2.unifap.br\/educacaodocampo\/files\/2026\/05\/WhatsApp-Image-2026-03-27-at-19.55.12-300x200.jpeg 300w, https:\/\/www2.unifap.br\/educacaodocampo\/files\/2026\/05\/WhatsApp-Image-2026-03-27-at-19.55.12-1024x682.jpeg 1024w, https:\/\/www2.unifap.br\/educacaodocampo\/files\/2026\/05\/WhatsApp-Image-2026-03-27-at-19.55.12-768x512.jpeg 768w, https:\/\/www2.unifap.br\/educacaodocampo\/files\/2026\/05\/WhatsApp-Image-2026-03-27-at-19.55.12-1536x1023.jpeg 1536w\" sizes=\"(max-width: 618px) 100vw, 618px\" \/><\/a><\/p>\n<p data-start=\"208\" data-end=\"272\" data-is-last-node=\"\" data-is-only-node=\"\"><a href=\"http:\/\/www2.unifap.br\/educacaodocampo\/files\/2026\/05\/4344388f-b26a-43b4-8011-9ec91ec8d47c-scaled.jpg\"><img decoding=\"async\" class=\"wp-image-5862 aligncenter\" src=\"http:\/\/www2.unifap.br\/educacaodocampo\/files\/2026\/05\/4344388f-b26a-43b4-8011-9ec91ec8d47c-scaled.jpg\" alt=\"\" width=\"614\" height=\"409\" srcset=\"https:\/\/www2.unifap.br\/educacaodocampo\/files\/2026\/05\/4344388f-b26a-43b4-8011-9ec91ec8d47c-scaled.jpg 2560w, https:\/\/www2.unifap.br\/educacaodocampo\/files\/2026\/05\/4344388f-b26a-43b4-8011-9ec91ec8d47c-300x200.jpg 300w, https:\/\/www2.unifap.br\/educacaodocampo\/files\/2026\/05\/4344388f-b26a-43b4-8011-9ec91ec8d47c-1024x682.jpg 1024w, https:\/\/www2.unifap.br\/educacaodocampo\/files\/2026\/05\/4344388f-b26a-43b4-8011-9ec91ec8d47c-768x512.jpg 768w, https:\/\/www2.unifap.br\/educacaodocampo\/files\/2026\/05\/4344388f-b26a-43b4-8011-9ec91ec8d47c-1536x1024.jpg 1536w, https:\/\/www2.unifap.br\/educacaodocampo\/files\/2026\/05\/4344388f-b26a-43b4-8011-9ec91ec8d47c-2048x1365.jpg 2048w\" sizes=\"(max-width: 614px) 100vw, 614px\" \/><\/a><a href=\"http:\/\/www2.unifap.br\/educacaodocampo\/files\/2026\/05\/84537a6b-6501-4d2c-aa78-c32358b31196.jpg\"><img loading=\"lazy\" decoding=\"async\" class=\"wp-image-5864 alignleft\" src=\"http:\/\/www2.unifap.br\/educacaodocampo\/files\/2026\/05\/84537a6b-6501-4d2c-aa78-c32358b31196.jpg\" alt=\"\" width=\"566\" height=\"377\" srcset=\"https:\/\/www2.unifap.br\/educacaodocampo\/files\/2026\/05\/84537a6b-6501-4d2c-aa78-c32358b31196.jpg 1600w, https:\/\/www2.unifap.br\/educacaodocampo\/files\/2026\/05\/84537a6b-6501-4d2c-aa78-c32358b31196-300x200.jpg 300w, https:\/\/www2.unifap.br\/educacaodocampo\/files\/2026\/05\/84537a6b-6501-4d2c-aa78-c32358b31196-1024x682.jpg 1024w, https:\/\/www2.unifap.br\/educacaodocampo\/files\/2026\/05\/84537a6b-6501-4d2c-aa78-c32358b31196-768x512.jpg 768w, https:\/\/www2.unifap.br\/educacaodocampo\/files\/2026\/05\/84537a6b-6501-4d2c-aa78-c32358b31196-1536x1023.jpg 1536w\" sizes=\"(max-width: 566px) 100vw, 566px\" \/><\/a><a href=\"http:\/\/www2.unifap.br\/educacaodocampo\/files\/2026\/05\/94973ecd-4943-4ffa-8e4c-dd7117eb5f1b.jpg\"><img loading=\"lazy\" decoding=\"async\" class=\"wp-image-5865 aligncenter\" src=\"http:\/\/www2.unifap.br\/educacaodocampo\/files\/2026\/05\/94973ecd-4943-4ffa-8e4c-dd7117eb5f1b.jpg\" alt=\"\" width=\"611\" height=\"407\" srcset=\"https:\/\/www2.unifap.br\/educacaodocampo\/files\/2026\/05\/94973ecd-4943-4ffa-8e4c-dd7117eb5f1b.jpg 1600w, https:\/\/www2.unifap.br\/educacaodocampo\/files\/2026\/05\/94973ecd-4943-4ffa-8e4c-dd7117eb5f1b-300x200.jpg 300w, https:\/\/www2.unifap.br\/educacaodocampo\/files\/2026\/05\/94973ecd-4943-4ffa-8e4c-dd7117eb5f1b-1024x682.jpg 1024w, https:\/\/www2.unifap.br\/educacaodocampo\/files\/2026\/05\/94973ecd-4943-4ffa-8e4c-dd7117eb5f1b-768x512.jpg 768w, https:\/\/www2.unifap.br\/educacaodocampo\/files\/2026\/05\/94973ecd-4943-4ffa-8e4c-dd7117eb5f1b-1536x1023.jpg 1536w\" sizes=\"(max-width: 611px) 100vw, 611px\" \/><\/a><a href=\"http:\/\/www2.unifap.br\/educacaodocampo\/files\/2026\/05\/dddf992e-e51b-463c-ade7-bec069f0161d.jpg\"><img loading=\"lazy\" decoding=\"async\" class=\"wp-image-5866 alignleft\" src=\"http:\/\/www2.unifap.br\/educacaodocampo\/files\/2026\/05\/dddf992e-e51b-463c-ade7-bec069f0161d.jpg\" alt=\"\" width=\"578\" height=\"385\" srcset=\"https:\/\/www2.unifap.br\/educacaodocampo\/files\/2026\/05\/dddf992e-e51b-463c-ade7-bec069f0161d.jpg 1600w, https:\/\/www2.unifap.br\/educacaodocampo\/files\/2026\/05\/dddf992e-e51b-463c-ade7-bec069f0161d-300x200.jpg 300w, https:\/\/www2.unifap.br\/educacaodocampo\/files\/2026\/05\/dddf992e-e51b-463c-ade7-bec069f0161d-1024x682.jpg 1024w, https:\/\/www2.unifap.br\/educacaodocampo\/files\/2026\/05\/dddf992e-e51b-463c-ade7-bec069f0161d-768x512.jpg 768w, https:\/\/www2.unifap.br\/educacaodocampo\/files\/2026\/05\/dddf992e-e51b-463c-ade7-bec069f0161d-1536x1023.jpg 1536w\" sizes=\"(max-width: 578px) 100vw, 578px\" \/><\/a><a href=\"http:\/\/www2.unifap.br\/educacaodocampo\/files\/2026\/05\/f6f84261-5f76-4c0f-b487-2a93d45426c9.jpg\"><img loading=\"lazy\" decoding=\"async\" class=\"wp-image-5867 aligncenter\" src=\"http:\/\/www2.unifap.br\/educacaodocampo\/files\/2026\/05\/f6f84261-5f76-4c0f-b487-2a93d45426c9.jpg\" alt=\"\" width=\"600\" height=\"399\" srcset=\"https:\/\/www2.unifap.br\/educacaodocampo\/files\/2026\/05\/f6f84261-5f76-4c0f-b487-2a93d45426c9.jpg 1600w, https:\/\/www2.unifap.br\/educacaodocampo\/files\/2026\/05\/f6f84261-5f76-4c0f-b487-2a93d45426c9-300x200.jpg 300w, https:\/\/www2.unifap.br\/educacaodocampo\/files\/2026\/05\/f6f84261-5f76-4c0f-b487-2a93d45426c9-1024x682.jpg 1024w, https:\/\/www2.unifap.br\/educacaodocampo\/files\/2026\/05\/f6f84261-5f76-4c0f-b487-2a93d45426c9-768x512.jpg 768w, https:\/\/www2.unifap.br\/educacaodocampo\/files\/2026\/05\/f6f84261-5f76-4c0f-b487-2a93d45426c9-1536x1023.jpg 1536w\" sizes=\"(max-width: 600px) 100vw, 600px\" \/><\/a><\/p>\n","protected":false},"excerpt":{"rendered":"<p>Hoje 27\/03\/2026, pela manh\u00e3, houve uma programa\u00e7\u00e3o especial voltada \u00e0s mulheres, com mesa de conversa e diversos servi\u00e7os, como vacina\u00e7\u00e3o, teste r\u00e1pido, maquiagem e lanche. Toda a comunidade acad\u00eamica participou. A atividade foi organizada pela professora doutora Kalyne Brito.&nbsp;<\/p>\n","protected":false},"author":3997,"featured_media":0,"parent":0,"menu_order":0,"comment_status":"closed","ping_status":"closed","template":"","meta":{"inline_featured_image":false,"ngg_post_thumbnail":0,"footnotes":""},"class_list":["post-5859","page","type-page","status-publish","hentry"],"_links":{"self":[{"href":"https:\/\/www2.unifap.br\/educacaodocampo\/wp-json\/wp\/v2\/pages\/5859","targetHints":{"allow":["GET"]}}],"collection":[{"href":"https:\/\/www2.unifap.br\/educacaodocampo\/wp-json\/wp\/v2\/pages"}],"about":[{"href":"https:\/\/www2.unifap.br\/educacaodocampo\/wp-json\/wp\/v2\/types\/page"}],"author":[{"embeddable":true,"href":"https:\/\/www2.unifap.br\/educacaodocampo\/wp-json\/wp\/v2\/users\/3997"}],"replies":[{"embeddable":true,"href":"https:\/\/www2.unifap.br\/educacaodocampo\/wp-json\/wp\/v2\/comments?post=5859"}],"version-history":[{"count":1,"href":"https:\/\/www2.unifap.br\/educacaodocampo\/wp-json\/wp\/v2\/pages\/5859\/revisions"}],"predecessor-version":[{"id":5868,"href":"https:\/\/www2.unifap.br\/educacaodocampo\/wp-json\/wp\/v2\/pages\/5859\/revisions\/5868"}],"wp:attachment":[{"href":"https:\/\/www2.unifap.br\/educacaodocampo\/wp-json\/wp\/v2\/media?parent=5859"}],"curies":[{"name":"wp","href":"https:\/\/api.w.org\/{rel}","templated":true}]}}