{"id":77,"date":"2018-04-01T09:59:19","date_gmt":"2018-04-01T12:59:19","guid":{"rendered":"http:\/\/www2.unifap.br\/educacaodocampo\/?page_id=77"},"modified":"2026-03-25T11:01:22","modified_gmt":"2026-03-25T14:01:22","slug":"tcc","status":"publish","type":"page","link":"https:\/\/www2.unifap.br\/educacaodocampo\/ensino\/tcc\/","title":{"rendered":"TCC"},"content":{"rendered":"<p><strong>TCC SEM D\u00daVIDA<\/strong><\/p>\n<p><a href=\"http:\/\/www2.unifap.br\/educacaodocampo\/files\/2022\/03\/NORMATIVA_TCC_LEdoC_REVISADA_P\u00d3S_COLEGIADO_07_02_2022.pdf\">NORMATIVA_TCC_LEdoC<\/a><\/p>\n<p><a href=\"http:\/\/www2.unifap.br\/educacaodocampo\/files\/2022\/03\/MANUAL__TCC_LEDOC_APROVADO_PELO_COLEGIADO_pdf.pdf\">MANUAL__TCC_LEDOC<\/a><\/p>\n<p><a href=\"http:\/\/www2.unifap.br\/educacaodocampo\/files\/2022\/03\/CARTILHA-TCC-SEM-D\u00daVIDAS.pdf\">CARTILHA &#8216;TCC SEM D\u00daVIDAS&#8217;<\/a><\/p>\n<p><strong>NOTAS<\/strong><\/p>\n<p><a href=\"http:\/\/www2.unifap.br\/educacaodocampo\/files\/2023\/12\/NOTA-SOBRE-ATUALIZACAO-DA-NORMA-ABNT-NBR-10520.pdf\">NOTA SOBRE ATUALIZA\u00c7\u00c3O DA NORMA ABNT NBR 10520<\/a><\/p>\n<p><a href=\"http:\/\/www2.unifap.br\/educacaodocampo\/files\/2023\/12\/NOTA-SOBRE-ATUALIZACAO-DE-NORMA-6023.pdf\">NOTA SOBRE ATUALIZA\u00c7\u00c3O DE NORMA 6023<\/a><\/p>\n<p><a href=\"http:\/\/www2.unifap.br\/educacaodocampo\/files\/2023\/12\/NOTA-SOBRE-ATUALIZACAO-DE-NORMA-6028.pdf\">NOTA SOBRE ATUALIZA\u00c7\u00c3O DE NORMA 6028<\/a><\/p>\n<p><a href=\"http:\/\/www2.unifap.br\/educacaodocampo\/files\/2025\/03\/Nota_Orientacao_Sobre_Atualizacao_da_ABNT_NBR_14724_Trabalhos_Academicos.docx.pdf\">NOTA SOBRE ATUALIZA\u00c7\u00c3O DE NORMA_14724<\/a><\/p>\n<p><b>DOCUMENTOS<\/b><\/p>\n<p><a href=\"http:\/\/www2.unifap.br\/educacaodocampo\/files\/2022\/03\/A-Formul\u00e1rio-de-inscri\u00e7\u00e3o-do-projeto-de-TCC.docx\">A<\/a><a href=\"http:\/\/www2.unifap.br\/educacaodocampo\/files\/2022\/03\/A-Formul\u00e1rio-de-inscri\u00e7\u00e3o-do-projeto-de-TCC.docx\"> &#8211; <\/a><a href=\"http:\/\/www2.unifap.br\/educacaodocampo\/files\/2022\/03\/A-Formul\u00e1rio-de-inscri\u00e7\u00e3o-do-projeto-de-TCC.docx\">Formul\u00e1rio<\/a><a href=\"http:\/\/www2.unifap.br\/educacaodocampo\/files\/2022\/03\/A-Formul\u00e1rio-de-inscri\u00e7\u00e3o-do-projeto-de-TCC.docx\"> de inscri\u00e7\u00e3o do projeto de TCC<\/a><\/p>\n<p><a href=\"http:\/\/www2.unifap.br\/educacaodocampo\/files\/2022\/03\/B-\u2013-Termo-de-compromisso-de-orienta\u00e7\u00e3o.docx\">B \u2013 Termo de compromisso de orienta\u00e7\u00e3o<\/a><\/p>\n<p><a href=\"http:\/\/www2.unifap.br\/educacaodocampo\/files\/2022\/03\/C-\u2013-Formul\u00e1rio-de-credenciamento-de-orienta\u00e7\u00e3o-externa.docx\">C \u2013 Formul\u00e1rio de credenciamento de orienta\u00e7\u00e3o externa<\/a><\/p>\n<p><a href=\"http:\/\/www2.unifap.br\/educacaodocampo\/files\/2022\/03\/D-\u2013-Requerimento-de-rescis\u00e3o-de-orienta\u00e7\u00e3o.docx\">D \u2013 Requerimento de rescis\u00e3o de orienta\u00e7\u00e3o<\/a><\/p>\n<p><a href=\"http:\/\/www2.unifap.br\/educacaodocampo\/files\/2022\/03\/E-\u2013-Termo-de-rescis\u00e3o-de-orienta\u00e7\u00e3o.docx\">E \u2013 Termo de rescis\u00e3o de orienta\u00e7\u00e3o<\/a><\/p>\n<p><a href=\"http:\/\/www2.unifap.br\/educacaodocampo\/files\/2022\/03\/F-Ficha-de-acompanhamento-da-produ\u00e7\u00e3o-do-TCC.docx\">F &#8211; Ficha de acompanhamento da produ\u00e7\u00e3o do TCC<\/a><\/p>\n<p><a href=\"http:\/\/www2.unifap.br\/educacaodocampo\/files\/2022\/03\/G-\u2013-Carta-de-agendamento-de-defesa-e-indica\u00e7\u00e3o-de-banca-de-TCC.docx\">G \u2013 Carta de agendamento de defesa e indica\u00e7\u00e3o de banca de TCC<\/a><\/p>\n<p><a href=\"http:\/\/www2.unifap.br\/educacaodocampo\/files\/2022\/03\/H-\u2013-Termo-de-autoriza\u00e7\u00e3o-de-submiss\u00e3o-de-trabalho-\u00e0-banca-quando-o-trabalho-for-enviado-pelos-discentes.docx\">H \u2013 Termo de autoriza\u00e7\u00e3o de submiss\u00e3o de trabalho \u00e0 banca (quando o trabalho for enviado pelo(s) discente(s)<\/a><\/p>\n<p><a href=\"http:\/\/www2.unifap.br\/educacaodocampo\/files\/2022\/03\/I-Modelo-edit\u00e1vel-de-TCLE.docx\">I -Modelo-edit\u00e1vel-de-TCLE<\/a><\/p>\n<p><a href=\"http:\/\/www2.unifap.br\/educacaodocampo\/files\/2022\/03\/J-\u2013-Termo-de-autoriza\u00e7\u00e3o-de-entrega-da-vers\u00e3o-final.docx\">J \u2013 Termo de autoriza\u00e7\u00e3o de entrega da vers\u00e3o final<\/a><\/p>\n<p><a href=\"http:\/\/www2.unifap.br\/educacaodocampo\/files\/2026\/02\/DECLARAO-DE-AUTORIA-E-AUTORIZAO-PARA-PUBLICAO_ATUAL_1.pdf\">K &#8211; DECLARAO-DE-AUTORIA-E-AUTORIZAO-PARA-PUBLICAO_ATUAL_1<\/a><\/p>\n<p><a href=\"http:\/\/www2.unifap.br\/educacaodocampo\/files\/2022\/03\/L-MODELO_EDIT\u00c1VEL-DE-MONOGRAFIA-APROVADO-PELO-COLEGIADO_autom\u00e1tico-1.docx\">L-MODELO_EDIT\u00c1VEL-DE-MONOGRAFIA-APROVADO-PELO-COLEGIADO_autom\u00e1tico (1)<\/a><\/p>\n<p><a href=\"http:\/\/www2.unifap.br\/educacaodocampo\/files\/2022\/03\/M-MODELO_EDIT\u00c1VEL_DE_PROJETO_DE_TCC_autom\u00e1tico-1.docx\">M-MODELO_EDIT\u00c1VEL_DE_PROJETO_DE_TCC<\/a><\/p>\n<p style=\"text-align: left\"><a href=\"http:\/\/www2.unifap.br\/educacaodocampo\/files\/2022\/03\/N-\u2013-Justificativa-para-mudan\u00e7a-de-projeto.docx\">N \u2013 Justificativa para mudan\u00e7a de projeto<\/a><\/p>\n<p><strong>SOLICITA\u00c7\u00c3O DE FICHA CATALOGR\u00c1FICA<\/strong><\/p>\n<p>bibliotecacentral@unifap.br<\/p>\n<p><a href=\"http:\/\/www2.unifap.br\/educacaodocampo\/files\/2021\/07\/Anexo-I-Termo-de-autoriza\u00e7\u00e3o-para-elabora\u00e7\u00e3o-de-ficha-catalogr\u00e1fica.pdf\">Anexo I &#8211; Termo de autoriza\u00e7\u00e3o para elabora\u00e7\u00e3o de ficha catalogr\u00e1fica<\/a><\/p>\n<p><strong>TUTORIAL PARA PRODU\u00c7\u00c3O DE ARQUIVO COM VERS\u00c3O FINAL DO TCC A SER GRAVADA EM CD<\/strong><\/p>\n<p><a href=\"http:\/\/www2.unifap.br\/educacaodocampo\/files\/2019\/06\/TUTORIAL-PARA-PRODU\u00c7\u00c3O-DE-ARQUIVO-COM-VERS\u00c3O-FINAL-DO-TCC-A-SER-GRAVADA-EM-CD.pdf\">Tutorial para produ\u00e7\u00e3o de arquivo com vers\u00e3o final do tcc a ser gravada em CD<\/a><\/p>\n<p><strong>ORIENTADORES:<\/strong><\/p>\n<p><a href=\"http:\/\/www2.unifap.br\/educacaodocampo\/tcc\/orientadores-externos-credenciados\/\" target=\"_blank\" rel=\"noopener noreferrer\">ORIENTADORES EXTERNOS CREDENCIADOS<\/a><\/p>\n<p><strong>DATAS PARA TCC I E II 2023.2:<\/strong><\/p>\n<p><a href=\"http:\/\/www2.unifap.br\/educacaodocampo\/files\/2023\/10\/SUGESTAO-DE-CALENDARIO-PARA-TCC_2023_2.pdf\">SUGEST\u00c3O DE CALEND\u00c1RIO PARA TCC_2023_2<\/a><\/p>\n<p><strong>DATAS PARA TCC II 2024.1<\/strong><\/p>\n<p><a href=\"http:\/\/www2.unifap.br\/educacaodocampo\/files\/2024\/04\/CALENDARIO-PARA-TCC_2024_1PDF.pdf\">CALEND\u00c1RIO PARA TCC_2024_1PDF<\/a><\/p>\n<p><strong>CRONOGRAMA DE DEFESAS DE TRABALHO DE CONCLUS\u00c3O DE CURSO &#8211; TCC II 2024.1<\/strong><\/p>\n<p><a href=\"http:\/\/www2.unifap.br\/educacaodocampo\/files\/2024\/11\/CRONOGRAMA-DE-DEFESAS-DE-TCC-II-2024_1.pdf\">CRONOGRAMA DE DEFESAS DE TCC II 2024_1<\/a><\/p>\n<p><strong>DATAS PARA TCC II 2024.2<\/strong><\/p>\n<p><a href=\"http:\/\/www2.unifap.br\/educacaodocampo\/files\/2024\/12\/CALENDARIO-TCC-\u2013-SEMESTRE-2024.2.pdf\">CALENDARIO TCC \u2013 SEMESTRE 2024.2<\/a><\/p>\n<p><strong>CRONOGRAMA DE DEFESAS DE TRABALHO DE CONCLUS\u00c3O DE CURSO &#8211; TCC II 2024.2<\/strong><\/p>\n<p><a href=\"http:\/\/www2.unifap.br\/educacaodocampo\/files\/2025\/04\/CRONOGRAMA-DE-DEFESAS-DE-TCC-II-2024_2.pdf\">CRONOGRAMA DE DEFESAS DE TCC II 2024_2<\/a><\/p>\n<p><strong>DATAS PARA TCC I E TCC II 2025.1<\/strong><\/p>\n<p><a href=\"http:\/\/www2.unifap.br\/educacaodocampo\/files\/2025\/05\/CALENDARIO-PARA-TCC_2025_1.pdf\">CALEND\u00c1RIO PARA TCC_2025_1<\/a><\/p>\n<p><strong>DATAS PARA TCC II 2025.2<\/strong><\/p>\n<p><a href=\"http:\/\/www2.unifap.br\/educacaodocampo\/files\/2026\/02\/CALENDARIO-PARA-TCC_2025_2.pdf\">CALEND\u00c1RIO PARA TCC_2025_2<\/a><\/p>\n<p><strong>CRONOGRAMA DE DEFESAS DE TRABALHO DE CONCLUS\u00c3O DE CURSO &#8211; TCC II 2025.2<\/strong><\/p>\n<p><a href=\"http:\/\/www2.unifap.br\/educacaodocampo\/files\/2026\/02\/CRONOGRAMA-DE-DEFESAS-DE-TCC-II-2025_2-copia.pdf\">CRONOGRAMA DE DEFESAS DE TCC II 2025.2<\/a><\/p>\n<p><strong>DATAS PARA TCC I E TCC II 2026.1<\/strong><\/p>\n<p><a href=\"http:\/\/www2.unifap.br\/educacaodocampo\/files\/2026\/03\/CALENDARIO-PARA-TCC_2026_1.pdf\">CALEND\u00c1RIO PARA TCC_2026_1<\/a><\/p>\n","protected":false},"excerpt":{"rendered":"<p>TCC SEM D\u00daVIDA NORMATIVA_TCC_LEdoC MANUAL__TCC_LEDOC CARTILHA &#8216;TCC SEM D\u00daVIDAS&#8217; NOTAS NOTA SOBRE ATUALIZA\u00c7\u00c3O DA NORMA ABNT NBR 10520 NOTA SOBRE ATUALIZA\u00c7\u00c3O DE NORMA 6023 NOTA SOBRE ATUALIZA\u00c7\u00c3O DE NORMA 6028 NOTA SOBRE ATUALIZA\u00c7\u00c3O DE NORMA_14724 DOCUMENTOS A &#8211; Formul\u00e1rio de&hellip; <\/p>\n<p><a href=\"https:\/\/www2.unifap.br\/educacaodocampo\/ensino\/tcc\/\" class=\"readmore-button\">Continue Reading<\/a><\/p>\n","protected":false},"author":3829,"featured_media":0,"parent":36,"menu_order":0,"comment_status":"open","ping_status":"closed","template":"","meta":{"inline_featured_image":false,"ngg_post_thumbnail":0,"footnotes":""},"class_list":["post-77","page","type-page","status-publish","hentry"],"_links":{"self":[{"href":"https:\/\/www2.unifap.br\/educacaodocampo\/wp-json\/wp\/v2\/pages\/77","targetHints":{"allow":["GET"]}}],"collection":[{"href":"https:\/\/www2.unifap.br\/educacaodocampo\/wp-json\/wp\/v2\/pages"}],"about":[{"href":"https:\/\/www2.unifap.br\/educacaodocampo\/wp-json\/wp\/v2\/types\/page"}],"author":[{"embeddable":true,"href":"https:\/\/www2.unifap.br\/educacaodocampo\/wp-json\/wp\/v2\/users\/3829"}],"replies":[{"embeddable":true,"href":"https:\/\/www2.unifap.br\/educacaodocampo\/wp-json\/wp\/v2\/comments?post=77"}],"version-history":[{"count":45,"href":"https:\/\/www2.unifap.br\/educacaodocampo\/wp-json\/wp\/v2\/pages\/77\/revisions"}],"predecessor-version":[{"id":5782,"href":"https:\/\/www2.unifap.br\/educacaodocampo\/wp-json\/wp\/v2\/pages\/77\/revisions\/5782"}],"up":[{"embeddable":true,"href":"https:\/\/www2.unifap.br\/educacaodocampo\/wp-json\/wp\/v2\/pages\/36"}],"wp:attachment":[{"href":"https:\/\/www2.unifap.br\/educacaodocampo\/wp-json\/wp\/v2\/media?parent=77"}],"curies":[{"name":"wp","href":"https:\/\/api.w.org\/{rel}","templated":true}]}}