{"id":79,"date":"2018-04-01T10:00:05","date_gmt":"2018-04-01T13:00:05","guid":{"rendered":"http:\/\/www2.unifap.br\/educacaodocampo\/?page_id=79"},"modified":"2023-01-12T11:22:18","modified_gmt":"2023-01-12T14:22:18","slug":"estagio-supervisionado","status":"publish","type":"page","link":"https:\/\/www2.unifap.br\/educacaodocampo\/ensino\/estagio-supervisionado\/","title":{"rendered":"Est\u00e1gio Supervisionado"},"content":{"rendered":"<p>Disciplina o Est\u00e1gio Obrigat\u00f3rio e N\u00e3o Obrigat\u00f3rio, previstos no Projeto Pedag\u00f3gico do Curso de Licenciatura em Educa\u00e7\u00e3o do Campo: Agronomia e Biologia, da Universidade Federal do Amap\u00e1\/UNIFAP \u2013 <em>Campus<\/em> Mazag\u00e3o.<\/p>\n<p><a href=\"http:\/\/www2.unifap.br\/educacaodocampo\/files\/2019\/03\/NORMATIVA_EST\u00c1GIO.pdf\">NORMATIVA_EST\u00c1GIO<\/a><\/p>\n<p><a href=\"http:\/\/www2.unifap.br\/educacaodocampo\/files\/2018\/04\/FORMUL\u00c1RIO-DE-AVALIA\u00c7\u00c3O-DO-ESTAGI\u00c1RIO.pdf\">FORMUL\u00c1RIO DE AVALIA\u00c7\u00c3O<\/a><\/p>\n<p><a href=\"http:\/\/www2.unifap.br\/educacaodocampo\/files\/2018\/04\/Termo-de-Compromisso_Est\u00e1gio.pdf\">TERMO DE COMPROMISSO<\/a><\/p>\n<p>&nbsp;<\/p>\n","protected":false},"excerpt":{"rendered":"<p>Disciplina o Est\u00e1gio Obrigat\u00f3rio e N\u00e3o Obrigat\u00f3rio, previstos no Projeto Pedag\u00f3gico do Curso de Licenciatura em Educa\u00e7\u00e3o do Campo: Agronomia e Biologia, da Universidade Federal do Amap\u00e1\/UNIFAP \u2013 Campus Mazag\u00e3o. NORMATIVA_EST\u00c1GIO FORMUL\u00c1RIO DE AVALIA\u00c7\u00c3O TERMO DE COMPROMISSO &nbsp;<\/p>\n","protected":false},"author":2426,"featured_media":0,"parent":36,"menu_order":0,"comment_status":"open","ping_status":"open","template":"","meta":{"inline_featured_image":false,"ngg_post_thumbnail":0,"footnotes":""},"class_list":["post-79","page","type-page","status-publish","hentry"],"_links":{"self":[{"href":"https:\/\/www2.unifap.br\/educacaodocampo\/wp-json\/wp\/v2\/pages\/79","targetHints":{"allow":["GET"]}}],"collection":[{"href":"https:\/\/www2.unifap.br\/educacaodocampo\/wp-json\/wp\/v2\/pages"}],"about":[{"href":"https:\/\/www2.unifap.br\/educacaodocampo\/wp-json\/wp\/v2\/types\/page"}],"author":[{"embeddable":true,"href":"https:\/\/www2.unifap.br\/educacaodocampo\/wp-json\/wp\/v2\/users\/2426"}],"replies":[{"embeddable":true,"href":"https:\/\/www2.unifap.br\/educacaodocampo\/wp-json\/wp\/v2\/comments?post=79"}],"version-history":[{"count":5,"href":"https:\/\/www2.unifap.br\/educacaodocampo\/wp-json\/wp\/v2\/pages\/79\/revisions"}],"predecessor-version":[{"id":315,"href":"https:\/\/www2.unifap.br\/educacaodocampo\/wp-json\/wp\/v2\/pages\/79\/revisions\/315"}],"up":[{"embeddable":true,"href":"https:\/\/www2.unifap.br\/educacaodocampo\/wp-json\/wp\/v2\/pages\/36"}],"wp:attachment":[{"href":"https:\/\/www2.unifap.br\/educacaodocampo\/wp-json\/wp\/v2\/media?parent=79"}],"curies":[{"name":"wp","href":"https:\/\/api.w.org\/{rel}","templated":true}]}}