{"id":84,"date":"2018-04-01T10:02:44","date_gmt":"2018-04-01T13:02:44","guid":{"rendered":"http:\/\/www2.unifap.br\/educacaodocampo\/?page_id=84"},"modified":"2023-01-12T11:14:56","modified_gmt":"2023-01-12T14:14:56","slug":"acc","status":"publish","type":"page","link":"https:\/\/www2.unifap.br\/educacaodocampo\/ensino\/acc\/","title":{"rendered":"ACC"},"content":{"rendered":"<p>As atividades complementares (AC) de que trata este documento se constituem como componente curricular obrigat\u00f3rio do Curso de Licenciatura em Educa\u00e7\u00e3o do Campo: Agronomia e Biologia e&nbsp;apresenta as diretrizes das AC , considerando as especificidades socioculturais e socioeducacionais de seus discentes, os princ\u00edpios filos\u00f3fico-educacionais da Educa\u00e7\u00e3o do Campo e os condicionantes burocr\u00e1ticos da UNIFAP, sobretudo em rela\u00e7\u00e3o \u00e0 Resolu\u00e7\u00e3o N. 24\/2008-CONSU\/UNIFAP e ao Projeto Pedag\u00f3gico do Curso.<\/p>\n<p><a href=\"http:\/\/www2.unifap.br\/educacaodocampo\/files\/2019\/03\/NORMATIVA_ATIVIDADE_COMPLEMENTAR.pdf\">NORMATIVA_ATIVIDADE_COMPLEMENTAR<\/a><\/p>\n","protected":false},"excerpt":{"rendered":"<p>As atividades complementares (AC) de que trata este documento se constituem como componente curricular obrigat\u00f3rio do Curso de Licenciatura em Educa\u00e7\u00e3o do Campo: Agronomia e Biologia e&nbsp;apresenta as diretrizes das AC , considerando as especificidades socioculturais e socioeducacionais de seus&hellip; <\/p>\n<p><a href=\"https:\/\/www2.unifap.br\/educacaodocampo\/ensino\/acc\/\" class=\"readmore-button\">Continue Reading<\/a><\/p>\n","protected":false},"author":2426,"featured_media":0,"parent":36,"menu_order":0,"comment_status":"open","ping_status":"open","template":"","meta":{"inline_featured_image":false,"ngg_post_thumbnail":0,"footnotes":""},"class_list":["post-84","page","type-page","status-publish","hentry"],"_links":{"self":[{"href":"https:\/\/www2.unifap.br\/educacaodocampo\/wp-json\/wp\/v2\/pages\/84","targetHints":{"allow":["GET"]}}],"collection":[{"href":"https:\/\/www2.unifap.br\/educacaodocampo\/wp-json\/wp\/v2\/pages"}],"about":[{"href":"https:\/\/www2.unifap.br\/educacaodocampo\/wp-json\/wp\/v2\/types\/page"}],"author":[{"embeddable":true,"href":"https:\/\/www2.unifap.br\/educacaodocampo\/wp-json\/wp\/v2\/users\/2426"}],"replies":[{"embeddable":true,"href":"https:\/\/www2.unifap.br\/educacaodocampo\/wp-json\/wp\/v2\/comments?post=84"}],"version-history":[{"count":6,"href":"https:\/\/www2.unifap.br\/educacaodocampo\/wp-json\/wp\/v2\/pages\/84\/revisions"}],"predecessor-version":[{"id":758,"href":"https:\/\/www2.unifap.br\/educacaodocampo\/wp-json\/wp\/v2\/pages\/84\/revisions\/758"}],"up":[{"embeddable":true,"href":"https:\/\/www2.unifap.br\/educacaodocampo\/wp-json\/wp\/v2\/pages\/36"}],"wp:attachment":[{"href":"https:\/\/www2.unifap.br\/educacaodocampo\/wp-json\/wp\/v2\/media?parent=84"}],"curies":[{"name":"wp","href":"https:\/\/api.w.org\/{rel}","templated":true}]}}